{"id":548,"date":"2015-11-26T18:10:47","date_gmt":"2015-11-26T17:10:47","guid":{"rendered":"http:\/\/serveiseducatius.xtec.cat\/vallesoriental4\/?page_id=548"},"modified":"2025-10-22T15:16:53","modified_gmt":"2025-10-22T13:16:53","slug":"zona-formadors","status":"publish","type":"page","link":"https:\/\/serveiseducatius.xtec.cat\/vallesoriental4\/formacio\/zona-formadors\/","title":{"rendered":"Zona formadors"},"content":{"rendered":"<p>Benvinguts! En primer lloc, agra\u00efm la col\u00b7laboraci\u00f3 i desitgem que gaudiu de l&#8217;experi\u00e8ncia com a persones formadores. Per a qualsevol gesti\u00f3 relacionada amb el GTAF podeu consultar els enlla\u00e7os seg\u00fcents:<\/p>\n<p style=\"padding-left: 40px;\"><span style=\"color: #11b8b8;\"><strong><a style=\"color: #11b8b8;\" href=\"https:\/\/drive.google.com\/file\/d\/1CX_SvByud3gRIwRwr_QqAuTMpEoG6UkL\/view?usp=sharing\" target=\"_blank\" rel=\"noopener\">\ud83d\udca1\u00a0 GTAF &#8211; Guia per a formadors <\/a><\/strong><a style=\"color: #11b8b8;\" href=\"https:\/\/drive.google.com\/file\/d\/1CX_SvByud3gRIwRwr_QqAuTMpEoG6UkL\/view?usp=sharing\" target=\"_blank\" rel=\"noopener\">(Instruccions pdf)<\/a><\/span><\/p>\n<p style=\"padding-left: 40px;\"><span style=\"color: #11b8b8;\"><strong><a style=\"color: #11b8b8;\" href=\"https:\/\/sites.google.com\/xtec.cat\/gestidelaformaci-bl6\/inici\"> \ud83d\udca1\u00a0 GTAF &#8211; Gesti\u00f3 de la formaci\u00f3 <\/a><\/strong><\/span><a href=\"https:\/\/sites.google.com\/xtec.cat\/gestidelaformaci-bl6\/inici\"><span style=\"color: #11b8b8;\">(SITES del SE Baix Llobregat VI)<\/span><\/a><\/p>\n<p style=\"padding-left: 80px;\"><strong><a href=\"https:\/\/aplicacions.gestioeducativa.gencat.cat\/pls\/gtaf\/inici\"><span style=\"color: #11b8b8;\"> \u27a1\u00a0 Acc\u00e9s al GTAF\u00a0<\/span><\/a><\/strong><\/p>\n<p><img loading=\"lazy\" decoding=\"async\" class=\"aligncenter size-full wp-image-22791\" src=\"https:\/\/serveiseducatius.xtec.cat\/vallesoriental4\/wp-content\/uploads\/usu1133\/2024\/12\/formador.png\" alt=\"\" width=\"1058\" height=\"400\" srcset=\"https:\/\/serveiseducatius.xtec.cat\/vallesoriental4\/wp-content\/uploads\/usu1133\/2024\/12\/formador.png 1058w, https:\/\/serveiseducatius.xtec.cat\/vallesoriental4\/wp-content\/uploads\/usu1133\/2024\/12\/formador-300x113.png 300w, https:\/\/serveiseducatius.xtec.cat\/vallesoriental4\/wp-content\/uploads\/usu1133\/2024\/12\/formador-1024x387.png 1024w, https:\/\/serveiseducatius.xtec.cat\/vallesoriental4\/wp-content\/uploads\/usu1133\/2024\/12\/formador-768x290.png 768w\" sizes=\"auto, (max-width: 1058px) 100vw, 1058px\" \/><\/p>\n<p>Si teniu algun dubte, podeu contactar amb el servei educatiu del Vall\u00e8s Oriental IV mitjan\u00e7ant el correu electr\u00f2nic <a href=\"mailto:crp-vallesoriental4@xtec.cat\">crp-vallesoriental4@xtec.cat<\/a>\u00a0o trucant al tel\u00e8fon 93.863.80.24.<\/p>\n<p style=\"text-align: left;\">\n","protected":false},"excerpt":{"rendered":"<p>Benvinguts! En primer lloc, agra\u00efm la col\u00b7laboraci\u00f3 i desitgem que gaudiu de l&#8217;experi\u00e8ncia com a persones formadores. Per a qualsevol gesti\u00f3 relacionada amb el GTAF podeu consultar els enlla\u00e7os seg\u00fcents: \ud83d\udca1\u00a0 GTAF &#8211; Guia per a formadors (Instruccions pdf) \ud83d\udca1\u00a0 GTAF &#8211; Gesti\u00f3 de la formaci\u00f3 (SITES del SE Baix Llobregat VI) \u27a1\u00a0 Acc\u00e9s al [&hellip;]<\/p>\n","protected":false},"author":1,"featured_media":0,"parent":416,"menu_order":1,"comment_status":"closed","ping_status":"closed","template":"","meta":{"_bbp_topic_count":0,"_bbp_reply_count":0,"_bbp_total_topic_count":0,"_bbp_total_reply_count":0,"_bbp_voice_count":0,"_bbp_anonymous_reply_count":0,"_bbp_topic_count_hidden":0,"_bbp_reply_count_hidden":0,"_bbp_forum_subforum_count":0,"site-sidebar-layout":"default","site-content-layout":"","ast-site-content-layout":"default","site-content-style":"default","site-sidebar-style":"default","ast-global-header-display":"","ast-banner-title-visibility":"","ast-main-header-display":"","ast-hfb-above-header-display":"","ast-hfb-below-header-display":"","ast-hfb-mobile-header-display":"","site-post-title":"","ast-breadcrumbs-content":"","ast-featured-img":"","footer-sml-layout":"","theme-transparent-header-meta":"","adv-header-id-meta":"","stick-header-meta":"","header-above-stick-meta":"","header-main-stick-meta":"","header-below-stick-meta":"","astra-migrate-meta-layouts":"set","ast-page-background-enabled":"default","ast-page-background-meta":{"desktop":{"background-color":"var(--ast-global-color-4)","background-image":"","background-repeat":"repeat","background-position":"center center","background-size":"auto","background-attachment":"scroll","background-type":"","background-media":"","overlay-type":"","overlay-color":"","overlay-opacity":"","overlay-gradient":""},"tablet":{"background-color":"","background-image":"","background-repeat":"repeat","background-position":"center center","background-size":"auto","background-attachment":"scroll","background-type":"","background-media":"","overlay-type":"","overlay-color":"","overlay-opacity":"","overlay-gradient":""},"mobile":{"background-color":"","background-image":"","background-repeat":"repeat","background-position":"center center","background-size":"auto","background-attachment":"scroll","background-type":"","background-media":"","overlay-type":"","overlay-color":"","overlay-opacity":"","overlay-gradient":""}},"ast-content-background-meta":{"desktop":{"background-color":"var(--ast-global-color-5)","background-image":"","background-repeat":"repeat","background-position":"center center","background-size":"auto","background-attachment":"scroll","background-type":"","background-media":"","overlay-type":"","overlay-color":"","overlay-opacity":"","overlay-gradient":""},"tablet":{"background-color":"var(--ast-global-color-5)","background-image":"","background-repeat":"repeat","background-position":"center center","background-size":"auto","background-attachment":"scroll","background-type":"","background-media":"","overlay-type":"","overlay-color":"","overlay-opacity":"","overlay-gradient":""},"mobile":{"background-color":"var(--ast-global-color-5)","background-image":"","background-repeat":"repeat","background-position":"center center","background-size":"auto","background-attachment":"scroll","background-type":"","background-media":"","overlay-type":"","overlay-color":"","overlay-opacity":"","overlay-gradient":""}},"footnotes":""},"class_list":["post-548","page","type-page","status-publish","hentry"],"post_mailing_queue_ids":[],"_links":{"self":[{"href":"https:\/\/serveiseducatius.xtec.cat\/vallesoriental4\/wp-json\/wp\/v2\/pages\/548","targetHints":{"allow":["GET"]}}],"collection":[{"href":"https:\/\/serveiseducatius.xtec.cat\/vallesoriental4\/wp-json\/wp\/v2\/pages"}],"about":[{"href":"https:\/\/serveiseducatius.xtec.cat\/vallesoriental4\/wp-json\/wp\/v2\/types\/page"}],"author":[{"embeddable":true,"href":"https:\/\/serveiseducatius.xtec.cat\/vallesoriental4\/wp-json\/wp\/v2\/users\/1"}],"replies":[{"embeddable":true,"href":"https:\/\/serveiseducatius.xtec.cat\/vallesoriental4\/wp-json\/wp\/v2\/comments?post=548"}],"version-history":[{"count":6,"href":"https:\/\/serveiseducatius.xtec.cat\/vallesoriental4\/wp-json\/wp\/v2\/pages\/548\/revisions"}],"predecessor-version":[{"id":23866,"href":"https:\/\/serveiseducatius.xtec.cat\/vallesoriental4\/wp-json\/wp\/v2\/pages\/548\/revisions\/23866"}],"up":[{"embeddable":true,"href":"https:\/\/serveiseducatius.xtec.cat\/vallesoriental4\/wp-json\/wp\/v2\/pages\/416"}],"wp:attachment":[{"href":"https:\/\/serveiseducatius.xtec.cat\/vallesoriental4\/wp-json\/wp\/v2\/media?parent=548"}],"curies":[{"name":"wp","href":"https:\/\/api.w.org\/{rel}","templated":true}]}}