{"id":338,"date":"2015-11-24T18:40:49","date_gmt":"2015-11-24T17:40:49","guid":{"rendered":"http:\/\/serveiseducatius.xtec.cat\/vallesoriental4\/?page_id=338"},"modified":"2025-10-22T16:25:16","modified_gmt":"2025-10-22T14:25:16","slug":"centres-educatius","status":"publish","type":"page","link":"https:\/\/serveiseducatius.xtec.cat\/vallesoriental4\/comunitat\/centres-educatius\/","title":{"rendered":"Centres educatius"},"content":{"rendered":"<p style=\"text-align: justify;\">A la zona de 10 municipis hi ha un total de 34 centres educatius, entre els quals hi ha 19 centres p\u00fablics d\u2019educaci\u00f3 infantil i prim\u00e0ria (escoles), 9 centres p\u00fablics d\u2019educaci\u00f3 secund\u00e0ria (instituts), 3 centres concertats d\u2019educaci\u00f3 prim\u00e0ria i secund\u00e0ria, 1 centre privat, 12 escoles bressol municipals i 2 CFA municipals.<\/p>\n<ul>\n<li><span style=\"color: #11b8b8;\"><a style=\"color: #11b8b8;\" href=\"https:\/\/serveiseducatius.xtec.cat\/vallesoriental4\/comunitat\/escoles-bressol\/\">Enlla\u00e7 a les webs de les Escoles Bressol<\/a><\/span><\/li>\n<\/ul>\n<ul>\n<li><span style=\"color: #11b8b8;\"><a style=\"color: #11b8b8;\" href=\"https:\/\/serveiseducatius.xtec.cat\/vallesoriental4\/comunitat\/centres-dinfantil-primaria-i-secundaria\/\">Enlla\u00e7 a les webs dels centres educatius d&#8217;infantil, prim\u00e0ria i secund\u00e0ria<\/a><\/span><\/li>\n<\/ul>\n<ul>\n<li><span style=\"color: #11b8b8;\"><a style=\"color: #11b8b8;\" href=\"https:\/\/serveiseducatius.xtec.cat\/vallesoriental4\/comunitat\/cfa-i-escoles-dadults\/\">Enlla\u00e7 a les webs de les CFA<\/a><\/span> (centres municipals)<\/li>\n<\/ul>\n<ul>\n<li><span style=\"color: #11b8b8;\"><a style=\"color: #11b8b8;\" href=\"https:\/\/serveiseducatius.xtec.cat\/vallesoriental4\/comunitat\/oferta-post-obligatoria\/\">Oferta postobligat\u00f2ria<\/a><\/span><\/li>\n<\/ul>\n<p><img loading=\"lazy\" decoding=\"async\" class=\"wp-image-20554 aligncenter\" src=\"https:\/\/serveiseducatius.xtec.cat\/vallesoriental4\/wp-content\/uploads\/usu1133\/2023\/11\/valles-oriental-300x217.png\" alt=\"\" width=\"359\" height=\"260\" srcset=\"https:\/\/serveiseducatius.xtec.cat\/vallesoriental4\/wp-content\/uploads\/usu1133\/2023\/11\/valles-oriental-300x217.png 300w, https:\/\/serveiseducatius.xtec.cat\/vallesoriental4\/wp-content\/uploads\/usu1133\/2023\/11\/valles-oriental.png 591w\" sizes=\"auto, (max-width: 359px) 100vw, 359px\" \/><\/p>\n","protected":false},"excerpt":{"rendered":"<p>A la zona de 10 municipis hi ha un total de 34 centres educatius, entre els quals hi ha 19 centres p\u00fablics d\u2019educaci\u00f3 infantil i prim\u00e0ria (escoles), 9 centres p\u00fablics d\u2019educaci\u00f3 secund\u00e0ria (instituts), 3 centres concertats d\u2019educaci\u00f3 prim\u00e0ria i secund\u00e0ria, 1 centre privat, 12 escoles bressol municipals i 2 CFA municipals. Enlla\u00e7 a les webs [&hellip;]<\/p>\n","protected":false},"author":1,"featured_media":0,"parent":341,"menu_order":0,"comment_status":"closed","ping_status":"closed","template":"","meta":{"_bbp_topic_count":0,"_bbp_reply_count":0,"_bbp_total_topic_count":0,"_bbp_total_reply_count":0,"_bbp_voice_count":0,"_bbp_anonymous_reply_count":0,"_bbp_topic_count_hidden":0,"_bbp_reply_count_hidden":0,"_bbp_forum_subforum_count":0,"site-sidebar-layout":"default","site-content-layout":"","ast-site-content-layout":"default","site-content-style":"default","site-sidebar-style":"default","ast-global-header-display":"","ast-banner-title-visibility":"","ast-main-header-display":"","ast-hfb-above-header-display":"","ast-hfb-below-header-display":"","ast-hfb-mobile-header-display":"","site-post-title":"","ast-breadcrumbs-content":"","ast-featured-img":"","footer-sml-layout":"","theme-transparent-header-meta":"","adv-header-id-meta":"","stick-header-meta":"","header-above-stick-meta":"","header-main-stick-meta":"","header-below-stick-meta":"","astra-migrate-meta-layouts":"set","ast-page-background-enabled":"default","ast-page-background-meta":{"desktop":{"background-color":"var(--ast-global-color-4)","background-image":"","background-repeat":"repeat","background-position":"center center","background-size":"auto","background-attachment":"scroll","background-type":"","background-media":"","overlay-type":"","overlay-color":"","overlay-opacity":"","overlay-gradient":""},"tablet":{"background-color":"","background-image":"","background-repeat":"repeat","background-position":"center center","background-size":"auto","background-attachment":"scroll","background-type":"","background-media":"","overlay-type":"","overlay-color":"","overlay-opacity":"","overlay-gradient":""},"mobile":{"background-color":"","background-image":"","background-repeat":"repeat","background-position":"center center","background-size":"auto","background-attachment":"scroll","background-type":"","background-media":"","overlay-type":"","overlay-color":"","overlay-opacity":"","overlay-gradient":""}},"ast-content-background-meta":{"desktop":{"background-color":"var(--ast-global-color-5)","background-image":"","background-repeat":"repeat","background-position":"center center","background-size":"auto","background-attachment":"scroll","background-type":"","background-media":"","overlay-type":"","overlay-color":"","overlay-opacity":"","overlay-gradient":""},"tablet":{"background-color":"var(--ast-global-color-5)","background-image":"","background-repeat":"repeat","background-position":"center center","background-size":"auto","background-attachment":"scroll","background-type":"","background-media":"","overlay-type":"","overlay-color":"","overlay-opacity":"","overlay-gradient":""},"mobile":{"background-color":"var(--ast-global-color-5)","background-image":"","background-repeat":"repeat","background-position":"center center","background-size":"auto","background-attachment":"scroll","background-type":"","background-media":"","overlay-type":"","overlay-color":"","overlay-opacity":"","overlay-gradient":""}},"footnotes":""},"class_list":["post-338","page","type-page","status-publish","hentry"],"post_mailing_queue_ids":[],"_links":{"self":[{"href":"https:\/\/serveiseducatius.xtec.cat\/vallesoriental4\/wp-json\/wp\/v2\/pages\/338","targetHints":{"allow":["GET"]}}],"collection":[{"href":"https:\/\/serveiseducatius.xtec.cat\/vallesoriental4\/wp-json\/wp\/v2\/pages"}],"about":[{"href":"https:\/\/serveiseducatius.xtec.cat\/vallesoriental4\/wp-json\/wp\/v2\/types\/page"}],"author":[{"embeddable":true,"href":"https:\/\/serveiseducatius.xtec.cat\/vallesoriental4\/wp-json\/wp\/v2\/users\/1"}],"replies":[{"embeddable":true,"href":"https:\/\/serveiseducatius.xtec.cat\/vallesoriental4\/wp-json\/wp\/v2\/comments?post=338"}],"version-history":[{"count":6,"href":"https:\/\/serveiseducatius.xtec.cat\/vallesoriental4\/wp-json\/wp\/v2\/pages\/338\/revisions"}],"predecessor-version":[{"id":23871,"href":"https:\/\/serveiseducatius.xtec.cat\/vallesoriental4\/wp-json\/wp\/v2\/pages\/338\/revisions\/23871"}],"up":[{"embeddable":true,"href":"https:\/\/serveiseducatius.xtec.cat\/vallesoriental4\/wp-json\/wp\/v2\/pages\/341"}],"wp:attachment":[{"href":"https:\/\/serveiseducatius.xtec.cat\/vallesoriental4\/wp-json\/wp\/v2\/media?parent=338"}],"curies":[{"name":"wp","href":"https:\/\/api.w.org\/{rel}","templated":true}]}}