{"id":23931,"date":"2025-11-05T10:01:41","date_gmt":"2025-11-05T09:01:41","guid":{"rendered":"https:\/\/serveiseducatius.xtec.cat\/vallesoriental4\/?page_id=23931"},"modified":"2025-11-06T11:30:47","modified_gmt":"2025-11-06T10:30:47","slug":"actes-i-concursos","status":"publish","type":"page","link":"https:\/\/serveiseducatius.xtec.cat\/vallesoriental4\/actes-i-concursos\/","title":{"rendered":"Actes i concursos"},"content":{"rendered":"\n<p>En aquest apartat trobareu informaci\u00f3 sobre diferents actes i concursos que organitzem a la zona: <\/p>\n\n\n\n<ul class=\"wp-block-list\">\n<li>Fira de mostres de rob\u00f2tica i steam: \n<ul class=\"wp-block-list\">\n<li>Bigues i Riells del Fai. Curs 2022-23<\/li>\n\n\n\n<li>Lli\u00e7\u00e0 de Vall. Curs 2023-24<\/li>\n\n\n\n<li>Lli\u00e7\u00e0 d&#8217;Amunt. Curs 2024-25<\/li>\n\n\n\n<li>Santa Eul\u00e0lia de Ron\u00e7ana. Curs 2025-26<\/li>\n<\/ul>\n<\/li>\n\n\n\n<li>Fem Dansa: aquest curs 2025-26 \u00e9s la 6a edici\u00f3. La ballada es fa un curs a l&#8217;Ametlla del Vall\u00e8s i al seg\u00fcent, a La Garriga. Col.laboraci\u00f3 amb Factoria Mascar\u00f3. <\/li>\n\n\n\n<li>Certamen Lectura en Veu Alta: actualment es realitza al Casino de Caldes de Montbui. <\/li>\n\n\n\n<li>English Day: seminari de zona on es preparen els materials per a dinamitzar diferents activitats i jocs per aprendre l&#8217;angl\u00e8s. Cada centre decideix si ho celebra a nivell intern, amb els centres del seu municipi o b\u00e9 amb altres municipis. <\/li>\n<\/ul>\n\n\n\n<p>Altres iniciatives impulsades des del Departament: <\/p>\n\n\n\n<ul class=\"wp-block-list\">\n<li>Jocs Florals: compet\u00e8ncia expressi\u00f3 escrita<\/li>\n\n\n\n<li>Proves Cangur: compet\u00e8ncia matem\u00e0tica<\/li>\n<\/ul>\n\n\n\n<p><\/p>\n","protected":false},"excerpt":{"rendered":"<p>En aquest apartat trobareu informaci\u00f3 sobre diferents actes i concursos que organitzem a la zona: Altres iniciatives impulsades des del Departament:<\/p>\n","protected":false},"author":1,"featured_media":0,"parent":0,"menu_order":0,"comment_status":"closed","ping_status":"close","template":"","meta":{"_bbp_topic_count":0,"_bbp_reply_count":0,"_bbp_total_topic_count":0,"_bbp_total_reply_count":0,"_bbp_voice_count":0,"_bbp_anonymous_reply_count":0,"_bbp_topic_count_hidden":0,"_bbp_reply_count_hidden":0,"_bbp_forum_subforum_count":0,"site-sidebar-layout":"default","site-content-layout":"","ast-site-content-layout":"default","site-content-style":"default","site-sidebar-style":"default","ast-global-header-display":"","ast-banner-title-visibility":"","ast-main-header-display":"","ast-hfb-above-header-display":"","ast-hfb-below-header-display":"","ast-hfb-mobile-header-display":"","site-post-title":"","ast-breadcrumbs-content":"","ast-featured-img":"","footer-sml-layout":"","theme-transparent-header-meta":"","adv-header-id-meta":"","stick-header-meta":"","header-above-stick-meta":"","header-main-stick-meta":"","header-below-stick-meta":"","astra-migrate-meta-layouts":"set","ast-page-background-enabled":"default","ast-page-background-meta":{"desktop":{"background-color":"var(--ast-global-color-4)","background-image":"","background-repeat":"repeat","background-position":"center center","background-size":"auto","background-attachment":"scroll","background-type":"","background-media":"","overlay-type":"","overlay-color":"","overlay-opacity":"","overlay-gradient":""},"tablet":{"background-color":"","background-image":"","background-repeat":"repeat","background-position":"center center","background-size":"auto","background-attachment":"scroll","background-type":"","background-media":"","overlay-type":"","overlay-color":"","overlay-opacity":"","overlay-gradient":""},"mobile":{"background-color":"","background-image":"","background-repeat":"repeat","background-position":"center center","background-size":"auto","background-attachment":"scroll","background-type":"","background-media":"","overlay-type":"","overlay-color":"","overlay-opacity":"","overlay-gradient":""}},"ast-content-background-meta":{"desktop":{"background-color":"var(--ast-global-color-5)","background-image":"","background-repeat":"repeat","background-position":"center center","background-size":"auto","background-attachment":"scroll","background-type":"","background-media":"","overlay-type":"","overlay-color":"","overlay-opacity":"","overlay-gradient":""},"tablet":{"background-color":"var(--ast-global-color-5)","background-image":"","background-repeat":"repeat","background-position":"center center","background-size":"auto","background-attachment":"scroll","background-type":"","background-media":"","overlay-type":"","overlay-color":"","overlay-opacity":"","overlay-gradient":""},"mobile":{"background-color":"var(--ast-global-color-5)","background-image":"","background-repeat":"repeat","background-position":"center center","background-size":"auto","background-attachment":"scroll","background-type":"","background-media":"","overlay-type":"","overlay-color":"","overlay-opacity":"","overlay-gradient":""}},"footnotes":""},"class_list":["post-23931","page","type-page","status-publish","hentry"],"post_mailing_queue_ids":[],"_links":{"self":[{"href":"https:\/\/serveiseducatius.xtec.cat\/vallesoriental4\/wp-json\/wp\/v2\/pages\/23931","targetHints":{"allow":["GET"]}}],"collection":[{"href":"https:\/\/serveiseducatius.xtec.cat\/vallesoriental4\/wp-json\/wp\/v2\/pages"}],"about":[{"href":"https:\/\/serveiseducatius.xtec.cat\/vallesoriental4\/wp-json\/wp\/v2\/types\/page"}],"author":[{"embeddable":true,"href":"https:\/\/serveiseducatius.xtec.cat\/vallesoriental4\/wp-json\/wp\/v2\/users\/1"}],"replies":[{"embeddable":true,"href":"https:\/\/serveiseducatius.xtec.cat\/vallesoriental4\/wp-json\/wp\/v2\/comments?post=23931"}],"version-history":[{"count":3,"href":"https:\/\/serveiseducatius.xtec.cat\/vallesoriental4\/wp-json\/wp\/v2\/pages\/23931\/revisions"}],"predecessor-version":[{"id":23987,"href":"https:\/\/serveiseducatius.xtec.cat\/vallesoriental4\/wp-json\/wp\/v2\/pages\/23931\/revisions\/23987"}],"wp:attachment":[{"href":"https:\/\/serveiseducatius.xtec.cat\/vallesoriental4\/wp-json\/wp\/v2\/media?parent=23931"}],"curies":[{"name":"wp","href":"https:\/\/api.w.org\/{rel}","templated":true}]}}