{"id":23929,"date":"2025-11-05T10:01:27","date_gmt":"2025-11-05T09:01:27","guid":{"rendered":"https:\/\/serveiseducatius.xtec.cat\/vallesoriental4\/?page_id=23929"},"modified":"2025-11-06T11:28:05","modified_gmt":"2025-11-06T10:28:05","slug":"acompanyament-a-centres","status":"publish","type":"page","link":"https:\/\/serveiseducatius.xtec.cat\/vallesoriental4\/acompanyament-a-centres\/","title":{"rendered":"Acompanyament a centres"},"content":{"rendered":"\n<p>En aquest apartat trobareu informaci\u00f3 sobre quins espais dinamitzem per acompanyar a docents i centres educatius: <\/p>\n\n\n\n<ul class=\"wp-block-list\">\n<li>Seminaris d&#8217;equips directius: directors\/es, cap d&#8217;estudis i secretaris.<\/li>\n\n\n\n<li>Seminaris de coordinaci\u00f3 prim\u00e0ria-secund\u00e0ria: a 8 municipis (Caldes de Montbui, La Garriga, L&#8217;Ametlla del Vall\u00e8s, Bigues i Riells del Fai, Santa Eul\u00e0lia de Ron\u00e7ana, Sant Feliu de Codines, Lli\u00e7\u00e0 d&#8217;Amunt i Lli\u00e7\u00e0 de Vall). <\/li>\n\n\n\n<li>Xarxa Territorial de Cultura Digital: Subxarxa Coordinaci\u00f3 Digital, i aquest curs, grup de treball per a referents maker i fabricaci\u00f3 digital.<\/li>\n\n\n\n<li>Referents COCOBE: seminari dinamitzat per l&#8217;EAP on tamb\u00e9 col.labora inspecci\u00f3 de zona. <\/li>\n\n\n\n<li>Biblioteca escolar: seminari adre\u00e7at a docents motivats\/es pel gust per la lectura. <\/li>\n\n\n\n<li>Xarxa de Compet\u00e8ncia Lectora: hi participen 8 escoles, 4 de primer any i 4, de segon. Dinamitzat per les companyes ELIC.<\/li>\n\n\n\n<li>Pla Educatiu d&#8217;Entorn PEE: a Sant Feliu de Codines. Hi participa l&#8217;EAP i l&#8217;ELIC.<\/li>\n\n\n\n<li>Seminaris adre\u00e7ats a docents especialistes: \n<ul class=\"wp-block-list\">\n<li>Educaci\u00f3 f\u00edsica: esport i inclusi\u00f3. Es treballen jocs cooperatius i esports alternatius. <\/li>\n\n\n\n<li>M\u00fasica: aquest curs, percussi\u00f3 corporal amb en Santi Serratosa.  <\/li>\n\n\n\n<li>Angl\u00e8s: seminari adre\u00e7at a docents d&#8217;infantil, prim\u00e0ria i secund\u00e0ria d&#8217;angl\u00e8s. <\/li>\n\n\n\n<li>Mesi: taller centrat en les estrat\u00e8gies per donar resposta a les dificultats de comunicaci\u00f3 i llenguatge. Dinamitzat per l&#8217;EAP.<\/li>\n\n\n\n<li>POE: seminari de zona dinamitzat per l&#8217;EAP. <\/li>\n<\/ul>\n<\/li>\n<\/ul>\n\n\n\n<p><\/p>\n","protected":false},"excerpt":{"rendered":"<p>En aquest apartat trobareu informaci\u00f3 sobre quins espais dinamitzem per acompanyar a docents i centres educatius:<\/p>\n","protected":false},"author":1,"featured_media":0,"parent":0,"menu_order":0,"comment_status":"closed","ping_status":"close","template":"","meta":{"_bbp_topic_count":0,"_bbp_reply_count":0,"_bbp_total_topic_count":0,"_bbp_total_reply_count":0,"_bbp_voice_count":0,"_bbp_anonymous_reply_count":0,"_bbp_topic_count_hidden":0,"_bbp_reply_count_hidden":0,"_bbp_forum_subforum_count":0,"site-sidebar-layout":"default","site-content-layout":"","ast-site-content-layout":"default","site-content-style":"default","site-sidebar-style":"default","ast-global-header-display":"","ast-banner-title-visibility":"","ast-main-header-display":"","ast-hfb-above-header-display":"","ast-hfb-below-header-display":"","ast-hfb-mobile-header-display":"","site-post-title":"","ast-breadcrumbs-content":"","ast-featured-img":"","footer-sml-layout":"","theme-transparent-header-meta":"","adv-header-id-meta":"","stick-header-meta":"","header-above-stick-meta":"","header-main-stick-meta":"","header-below-stick-meta":"","astra-migrate-meta-layouts":"set","ast-page-background-enabled":"default","ast-page-background-meta":{"desktop":{"background-color":"var(--ast-global-color-4)","background-image":"","background-repeat":"repeat","background-position":"center center","background-size":"auto","background-attachment":"scroll","background-type":"","background-media":"","overlay-type":"","overlay-color":"","overlay-opacity":"","overlay-gradient":""},"tablet":{"background-color":"","background-image":"","background-repeat":"repeat","background-position":"center center","background-size":"auto","background-attachment":"scroll","background-type":"","background-media":"","overlay-type":"","overlay-color":"","overlay-opacity":"","overlay-gradient":""},"mobile":{"background-color":"","background-image":"","background-repeat":"repeat","background-position":"center center","background-size":"auto","background-attachment":"scroll","background-type":"","background-media":"","overlay-type":"","overlay-color":"","overlay-opacity":"","overlay-gradient":""}},"ast-content-background-meta":{"desktop":{"background-color":"var(--ast-global-color-5)","background-image":"","background-repeat":"repeat","background-position":"center center","background-size":"auto","background-attachment":"scroll","background-type":"","background-media":"","overlay-type":"","overlay-color":"","overlay-opacity":"","overlay-gradient":""},"tablet":{"background-color":"var(--ast-global-color-5)","background-image":"","background-repeat":"repeat","background-position":"center center","background-size":"auto","background-attachment":"scroll","background-type":"","background-media":"","overlay-type":"","overlay-color":"","overlay-opacity":"","overlay-gradient":""},"mobile":{"background-color":"var(--ast-global-color-5)","background-image":"","background-repeat":"repeat","background-position":"center center","background-size":"auto","background-attachment":"scroll","background-type":"","background-media":"","overlay-type":"","overlay-color":"","overlay-opacity":"","overlay-gradient":""}},"footnotes":""},"class_list":["post-23929","page","type-page","status-publish","hentry"],"post_mailing_queue_ids":[],"_links":{"self":[{"href":"https:\/\/serveiseducatius.xtec.cat\/vallesoriental4\/wp-json\/wp\/v2\/pages\/23929","targetHints":{"allow":["GET"]}}],"collection":[{"href":"https:\/\/serveiseducatius.xtec.cat\/vallesoriental4\/wp-json\/wp\/v2\/pages"}],"about":[{"href":"https:\/\/serveiseducatius.xtec.cat\/vallesoriental4\/wp-json\/wp\/v2\/types\/page"}],"author":[{"embeddable":true,"href":"https:\/\/serveiseducatius.xtec.cat\/vallesoriental4\/wp-json\/wp\/v2\/users\/1"}],"replies":[{"embeddable":true,"href":"https:\/\/serveiseducatius.xtec.cat\/vallesoriental4\/wp-json\/wp\/v2\/comments?post=23929"}],"version-history":[{"count":3,"href":"https:\/\/serveiseducatius.xtec.cat\/vallesoriental4\/wp-json\/wp\/v2\/pages\/23929\/revisions"}],"predecessor-version":[{"id":23986,"href":"https:\/\/serveiseducatius.xtec.cat\/vallesoriental4\/wp-json\/wp\/v2\/pages\/23929\/revisions\/23986"}],"wp:attachment":[{"href":"https:\/\/serveiseducatius.xtec.cat\/vallesoriental4\/wp-json\/wp\/v2\/media?parent=23929"}],"curies":[{"name":"wp","href":"https:\/\/api.w.org\/{rel}","templated":true}]}}