{"id":23825,"date":"2025-10-22T09:18:34","date_gmt":"2025-10-22T07:18:34","guid":{"rendered":"https:\/\/serveiseducatius.xtec.cat\/vallesoriental4\/?page_id=23825"},"modified":"2025-11-06T10:54:09","modified_gmt":"2025-11-06T09:54:09","slug":"recursos-audiovisuals","status":"publish","type":"page","link":"https:\/\/serveiseducatius.xtec.cat\/vallesoriental4\/recursos-audiovisuals\/","title":{"rendered":"Recursos audiovisuals"},"content":{"rendered":"\n<p>En aquest apartat trobareu material relacionat amb l&#8217;\u00e0mbit de Recursos audiovisuals:<\/p>\n\n\n\n<p class=\"has-ast-global-color-1-color has-text-color has-link-color wp-elements-aca3dc5dcd28acf8e3f5e0c54b24ff00\"><a href=\"https:\/\/docs.google.com\/spreadsheets\/d\/1x3fg49uDZmDIVh6q2OhwU3bCuMXm4zruPNv3o5fZfsk\/edit?gid=504592995#gid=504592995\" target=\"_blank\" rel=\"noreferrer noopener\">Enlla\u00e7 directe al servei de pr\u00e9stec<\/a><\/p>\n\n\n\n<ul class=\"wp-block-list\">\n<li>Projector 1<\/li>\n\n\n\n<li>Projector 2<\/li>\n\n\n\n<li>Tauleta CRP V043<\/li>\n\n\n\n<li>Tauleta CRP V044<\/li>\n\n\n\n<li>Tauleta CRP V045<\/li>\n<\/ul>\n\n\n\n<figure class=\"wp-block-table alignwide is-style-stripes\"><table><thead><tr><th class=\"has-text-align-center\" data-align=\"center\">Imatge<\/th><th>Descripci\u00f3 del recurs<\/th><\/tr><\/thead><tbody><tr><td class=\"has-text-align-center\" data-align=\"center\"><\/td><td><\/td><\/tr><tr><td class=\"has-text-align-center\" data-align=\"center\"><\/td><td><\/td><\/tr><tr><td class=\"has-text-align-center\" data-align=\"center\"><\/td><td><\/td><\/tr><tr><td class=\"has-text-align-center\" data-align=\"center\"><\/td><td><\/td><\/tr><tr><td class=\"has-text-align-center\" data-align=\"center\"><\/td><td><\/td><\/tr><tr><td class=\"has-text-align-center\" data-align=\"center\"><\/td><td><\/td><\/tr><tr><td class=\"has-text-align-center\" data-align=\"center\"><\/td><td><\/td><\/tr><tr><td class=\"has-text-align-center\" data-align=\"center\"><\/td><td><\/td><\/tr><tr><td class=\"has-text-align-center\" data-align=\"center\"><\/td><td><\/td><\/tr><tr><td class=\"has-text-align-center\" data-align=\"center\"><\/td><td><\/td><\/tr><tr><td class=\"has-text-align-center\" data-align=\"center\"><\/td><td><\/td><\/tr><\/tbody><\/table><\/figure>\n\n\n\n<p><\/p>\n","protected":false},"excerpt":{"rendered":"<p>En aquest apartat trobareu material relacionat amb l&#8217;\u00e0mbit de Recursos audiovisuals: Enlla\u00e7 directe al servei de pr\u00e9stec Imatge Descripci\u00f3 del recurs<\/p>\n","protected":false},"author":1,"featured_media":0,"parent":0,"menu_order":0,"comment_status":"closed","ping_status":"close","template":"","meta":{"_bbp_topic_count":0,"_bbp_reply_count":0,"_bbp_total_topic_count":0,"_bbp_total_reply_count":0,"_bbp_voice_count":0,"_bbp_anonymous_reply_count":0,"_bbp_topic_count_hidden":0,"_bbp_reply_count_hidden":0,"_bbp_forum_subforum_count":0,"site-sidebar-layout":"default","site-content-layout":"","ast-site-content-layout":"default","site-content-style":"default","site-sidebar-style":"default","ast-global-header-display":"","ast-banner-title-visibility":"","ast-main-header-display":"","ast-hfb-above-header-display":"","ast-hfb-below-header-display":"","ast-hfb-mobile-header-display":"","site-post-title":"","ast-breadcrumbs-content":"","ast-featured-img":"","footer-sml-layout":"","theme-transparent-header-meta":"","adv-header-id-meta":"","stick-header-meta":"","header-above-stick-meta":"","header-main-stick-meta":"","header-below-stick-meta":"","astra-migrate-meta-layouts":"set","ast-page-background-enabled":"default","ast-page-background-meta":{"desktop":{"background-color":"var(--ast-global-color-4)","background-image":"","background-repeat":"repeat","background-position":"center center","background-size":"auto","background-attachment":"scroll","background-type":"","background-media":"","overlay-type":"","overlay-color":"","overlay-opacity":"","overlay-gradient":""},"tablet":{"background-color":"","background-image":"","background-repeat":"repeat","background-position":"center center","background-size":"auto","background-attachment":"scroll","background-type":"","background-media":"","overlay-type":"","overlay-color":"","overlay-opacity":"","overlay-gradient":""},"mobile":{"background-color":"","background-image":"","background-repeat":"repeat","background-position":"center center","background-size":"auto","background-attachment":"scroll","background-type":"","background-media":"","overlay-type":"","overlay-color":"","overlay-opacity":"","overlay-gradient":""}},"ast-content-background-meta":{"desktop":{"background-color":"var(--ast-global-color-5)","background-image":"","background-repeat":"repeat","background-position":"center center","background-size":"auto","background-attachment":"scroll","background-type":"","background-media":"","overlay-type":"","overlay-color":"","overlay-opacity":"","overlay-gradient":""},"tablet":{"background-color":"var(--ast-global-color-5)","background-image":"","background-repeat":"repeat","background-position":"center center","background-size":"auto","background-attachment":"scroll","background-type":"","background-media":"","overlay-type":"","overlay-color":"","overlay-opacity":"","overlay-gradient":""},"mobile":{"background-color":"var(--ast-global-color-5)","background-image":"","background-repeat":"repeat","background-position":"center center","background-size":"auto","background-attachment":"scroll","background-type":"","background-media":"","overlay-type":"","overlay-color":"","overlay-opacity":"","overlay-gradient":""}},"footnotes":""},"class_list":["post-23825","page","type-page","status-publish","hentry"],"post_mailing_queue_ids":[],"_links":{"self":[{"href":"https:\/\/serveiseducatius.xtec.cat\/vallesoriental4\/wp-json\/wp\/v2\/pages\/23825","targetHints":{"allow":["GET"]}}],"collection":[{"href":"https:\/\/serveiseducatius.xtec.cat\/vallesoriental4\/wp-json\/wp\/v2\/pages"}],"about":[{"href":"https:\/\/serveiseducatius.xtec.cat\/vallesoriental4\/wp-json\/wp\/v2\/types\/page"}],"author":[{"embeddable":true,"href":"https:\/\/serveiseducatius.xtec.cat\/vallesoriental4\/wp-json\/wp\/v2\/users\/1"}],"replies":[{"embeddable":true,"href":"https:\/\/serveiseducatius.xtec.cat\/vallesoriental4\/wp-json\/wp\/v2\/comments?post=23825"}],"version-history":[{"count":5,"href":"https:\/\/serveiseducatius.xtec.cat\/vallesoriental4\/wp-json\/wp\/v2\/pages\/23825\/revisions"}],"predecessor-version":[{"id":23980,"href":"https:\/\/serveiseducatius.xtec.cat\/vallesoriental4\/wp-json\/wp\/v2\/pages\/23825\/revisions\/23980"}],"wp:attachment":[{"href":"https:\/\/serveiseducatius.xtec.cat\/vallesoriental4\/wp-json\/wp\/v2\/media?parent=23825"}],"curies":[{"name":"wp","href":"https:\/\/api.w.org\/{rel}","templated":true}]}}