{"id":23811,"date":"2025-10-21T16:23:46","date_gmt":"2025-10-21T14:23:46","guid":{"rendered":"https:\/\/serveiseducatius.xtec.cat\/vallesoriental4\/?page_id=23811"},"modified":"2025-11-06T10:55:03","modified_gmt":"2025-11-06T09:55:03","slug":"matematiques-i-ciencies","status":"publish","type":"page","link":"https:\/\/serveiseducatius.xtec.cat\/vallesoriental4\/matematiques-i-ciencies\/","title":{"rendered":"Matem\u00e0tiques i ci\u00e8ncies"},"content":{"rendered":"\n<p>En aquest apartat trobareu material relacionat amb l&#8217;\u00e0mbit de Matem\u00e0tiques i ci\u00e8ncies:<\/p>\n\n\n\n<p class=\"has-ast-global-color-1-color has-text-color has-link-color wp-elements-0a88b4047d75845cd98c86c2384b134c\"><a href=\"https:\/\/docs.google.com\/spreadsheets\/d\/1x3fg49uDZmDIVh6q2OhwU3bCuMXm4zruPNv3o5fZfsk\/edit?gid=1293153884#gid=1293153884\" target=\"_blank\" rel=\"noreferrer noopener\">Enlla\u00e7 directe al servei de pr\u00e9stec<\/a><\/p>\n\n\n\n<ul class=\"wp-block-list\">\n<li class=\"has-ast-global-color-2-color has-text-color has-link-color wp-elements-742eefa02553aac45e66aaba43bfc662\"><a href=\"https:\/\/sites.google.com\/xtec.cat\/cesire-matematiques-campanyes\/laboratori-de-matem%C3%A0tiques\" target=\"_blank\" rel=\"noreferrer noopener\">Maleta Laboratori de matem\u00e0tiques<\/a> (<a href=\"https:\/\/sites.google.com\/xtec.cat\/cesire-matematiques-campanyes\/laboratori-de-matem%C3%A0tiques\" target=\"_blank\" rel=\"noreferrer noopener\">CESIRE<\/a>)<\/li>\n\n\n\n<li class=\"has-ast-global-color-2-color has-text-color has-link-color wp-elements-14d235a724e03ed81cc1a3ad0820c6e7\"><a href=\"https:\/\/mmaca.cat\/recursos\/m4\/\" target=\"_blank\" rel=\"noreferrer noopener\">MATEM\u00c0TIQUES MMACA (Cicle Superior i 1r cicle ESO)<\/a><\/li>\n\n\n\n<li class=\"has-ast-global-color-2-color has-text-color has-link-color wp-elements-124df468c10b9bb3ab09667bc4a2a17b\">Maleta suport vital 2 torsos i 1 DEA (Secund\u00e0ria)<\/li>\n\n\n\n<li>Incubadora<\/li>\n\n\n\n<li class=\"has-ast-global-color-2-color has-text-color has-link-color wp-elements-2a8d7720c126f7a3d7160e11eff959de\"><a href=\"https:\/\/nanoeduca.cat\/ca\/nanokit\/\" target=\"_blank\" rel=\"noreferrer noopener\">N<\/a>anokit <a href=\"https:\/\/nanoeduca.cat\/ca\/nanokit\/\" target=\"_blank\" rel=\"noreferrer noopener\">(Secund\u00e0ria)<\/a><\/li>\n\n\n\n<li class=\"has-ast-global-color-2-color has-text-color has-link-color wp-elements-af516c925f0e68caa3cbe22794b946dd\"><a href=\"https:\/\/drive.google.com\/drive\/folders\/1aytiUH5jVS8ekRZYjP1SZBu35-0whtq7\" target=\"_blank\" rel=\"noreferrer noopener\">Motxilla bioclim\u00e0tica (secund\u00e0ria)<\/a><\/li>\n\n\n\n<li class=\"has-ast-global-color-2-color has-text-color has-link-color wp-elements-da9872cd0f9cbba7dec86fb625367143\"><a href=\"https:\/\/serveiseducatius.xtec.cat\/riberadebre\/general\/kit-esero-deteccio-exoplanetes\/\" target=\"_blank\" rel=\"noreferrer noopener\">Kit Esero<\/a>  (detectiu d&#8217;exoplanetes)<\/li>\n\n\n\n<li class=\"has-ast-global-color-2-color has-text-color has-link-color wp-elements-f8c9f6e1b8405863957bdcc0558f8c8c\"><a href=\"https:\/\/serveiseducatius.xtec.cat\/vallesoriental1\/mediateca\/kit-esero-enginyeria-dastronaus\/\" target=\"_blank\" rel=\"noreferrer noopener\">Kit Esero<\/a> (enginyer d&#8217;astronaus)<\/li>\n<\/ul>\n\n\n\n<figure class=\"wp-block-table alignwide is-style-stripes\"><table><thead><tr><th class=\"has-text-align-center\" data-align=\"center\">Imatge<\/th><th>Descripci\u00f3 del recurs<\/th><\/tr><\/thead><tbody><tr><td class=\"has-text-align-center\" data-align=\"center\"><\/td><td><\/td><\/tr><tr><td class=\"has-text-align-center\" data-align=\"center\"><\/td><td><\/td><\/tr><tr><td class=\"has-text-align-center\" data-align=\"center\"><\/td><td><\/td><\/tr><tr><td class=\"has-text-align-center\" data-align=\"center\"><\/td><td><\/td><\/tr><tr><td class=\"has-text-align-center\" data-align=\"center\"><\/td><td><\/td><\/tr><tr><td class=\"has-text-align-center\" data-align=\"center\"><\/td><td><\/td><\/tr><tr><td class=\"has-text-align-center\" data-align=\"center\"><\/td><td><\/td><\/tr><tr><td class=\"has-text-align-center\" data-align=\"center\"><\/td><td><\/td><\/tr><tr><td class=\"has-text-align-center\" data-align=\"center\"><\/td><td><\/td><\/tr><tr><td class=\"has-text-align-center\" data-align=\"center\"><\/td><td><\/td><\/tr><tr><td class=\"has-text-align-center\" data-align=\"center\"><\/td><td><\/td><\/tr><\/tbody><\/table><\/figure>\n\n\n\n<p><\/p>\n","protected":false},"excerpt":{"rendered":"<p>En aquest apartat trobareu material relacionat amb l&#8217;\u00e0mbit de Matem\u00e0tiques i ci\u00e8ncies: Enlla\u00e7 directe al servei de pr\u00e9stec Imatge Descripci\u00f3 del recurs<\/p>\n","protected":false},"author":1,"featured_media":0,"parent":0,"menu_order":0,"comment_status":"closed","ping_status":"close","template":"","meta":{"_bbp_topic_count":0,"_bbp_reply_count":0,"_bbp_total_topic_count":0,"_bbp_total_reply_count":0,"_bbp_voice_count":0,"_bbp_anonymous_reply_count":0,"_bbp_topic_count_hidden":0,"_bbp_reply_count_hidden":0,"_bbp_forum_subforum_count":0,"site-sidebar-layout":"default","site-content-layout":"","ast-site-content-layout":"default","site-content-style":"default","site-sidebar-style":"default","ast-global-header-display":"","ast-banner-title-visibility":"","ast-main-header-display":"","ast-hfb-above-header-display":"","ast-hfb-below-header-display":"","ast-hfb-mobile-header-display":"","site-post-title":"","ast-breadcrumbs-content":"","ast-featured-img":"","footer-sml-layout":"","theme-transparent-header-meta":"","adv-header-id-meta":"","stick-header-meta":"","header-above-stick-meta":"","header-main-stick-meta":"","header-below-stick-meta":"","astra-migrate-meta-layouts":"set","ast-page-background-enabled":"default","ast-page-background-meta":{"desktop":{"background-color":"var(--ast-global-color-4)","background-image":"","background-repeat":"repeat","background-position":"center center","background-size":"auto","background-attachment":"scroll","background-type":"","background-media":"","overlay-type":"","overlay-color":"","overlay-opacity":"","overlay-gradient":""},"tablet":{"background-color":"","background-image":"","background-repeat":"repeat","background-position":"center center","background-size":"auto","background-attachment":"scroll","background-type":"","background-media":"","overlay-type":"","overlay-color":"","overlay-opacity":"","overlay-gradient":""},"mobile":{"background-color":"","background-image":"","background-repeat":"repeat","background-position":"center center","background-size":"auto","background-attachment":"scroll","background-type":"","background-media":"","overlay-type":"","overlay-color":"","overlay-opacity":"","overlay-gradient":""}},"ast-content-background-meta":{"desktop":{"background-color":"var(--ast-global-color-5)","background-image":"","background-repeat":"repeat","background-position":"center center","background-size":"auto","background-attachment":"scroll","background-type":"","background-media":"","overlay-type":"","overlay-color":"","overlay-opacity":"","overlay-gradient":""},"tablet":{"background-color":"var(--ast-global-color-5)","background-image":"","background-repeat":"repeat","background-position":"center center","background-size":"auto","background-attachment":"scroll","background-type":"","background-media":"","overlay-type":"","overlay-color":"","overlay-opacity":"","overlay-gradient":""},"mobile":{"background-color":"var(--ast-global-color-5)","background-image":"","background-repeat":"repeat","background-position":"center center","background-size":"auto","background-attachment":"scroll","background-type":"","background-media":"","overlay-type":"","overlay-color":"","overlay-opacity":"","overlay-gradient":""}},"footnotes":""},"class_list":["post-23811","page","type-page","status-publish","hentry"],"post_mailing_queue_ids":[],"_links":{"self":[{"href":"https:\/\/serveiseducatius.xtec.cat\/vallesoriental4\/wp-json\/wp\/v2\/pages\/23811","targetHints":{"allow":["GET"]}}],"collection":[{"href":"https:\/\/serveiseducatius.xtec.cat\/vallesoriental4\/wp-json\/wp\/v2\/pages"}],"about":[{"href":"https:\/\/serveiseducatius.xtec.cat\/vallesoriental4\/wp-json\/wp\/v2\/types\/page"}],"author":[{"embeddable":true,"href":"https:\/\/serveiseducatius.xtec.cat\/vallesoriental4\/wp-json\/wp\/v2\/users\/1"}],"replies":[{"embeddable":true,"href":"https:\/\/serveiseducatius.xtec.cat\/vallesoriental4\/wp-json\/wp\/v2\/comments?post=23811"}],"version-history":[{"count":6,"href":"https:\/\/serveiseducatius.xtec.cat\/vallesoriental4\/wp-json\/wp\/v2\/pages\/23811\/revisions"}],"predecessor-version":[{"id":23981,"href":"https:\/\/serveiseducatius.xtec.cat\/vallesoriental4\/wp-json\/wp\/v2\/pages\/23811\/revisions\/23981"}],"wp:attachment":[{"href":"https:\/\/serveiseducatius.xtec.cat\/vallesoriental4\/wp-json\/wp\/v2\/media?parent=23811"}],"curies":[{"name":"wp","href":"https:\/\/api.w.org\/{rel}","templated":true}]}}