{"id":23783,"date":"2025-10-21T15:43:44","date_gmt":"2025-10-21T13:43:44","guid":{"rendered":"https:\/\/serveiseducatius.xtec.cat\/vallesoriental4\/?page_id=23783"},"modified":"2025-10-21T15:43:45","modified_gmt":"2025-10-21T13:43:45","slug":"mentores-4-0","status":"publish","type":"page","link":"https:\/\/serveiseducatius.xtec.cat\/vallesoriental4\/mentores-4-0\/","title":{"rendered":"MENTORES 4.0"},"content":{"rendered":"\n<p>Les mentores 4.0 assignades a la nostra zona s\u00f3n la Patricia i l&#8217;Encarna. <\/p>\n\n\n\n<p>El programa de&nbsp;<strong>Mentories 4.0<\/strong>&nbsp;t\u00e9 com a finalitat la millora de les compet\u00e8ncies digitals en l\u2019\u00e0mbit educatiu,&nbsp;en relaci\u00f3 amb les compet\u00e8ncies de l\u2019alumnat, als mitjans tecnol\u00f2gics disponibles i a la seva integraci\u00f3 efectiva i efica\u00e7 en els processos d\u2019ensenyament i aprenentatge.<\/p>\n\n\n\n<p>En concret les tasques de les persones mentores del programa Mentories 4.0 s\u00f3n les seg\u00fcents<\/p>\n\n\n\n<ol class=\"wp-block-list\">\n<li>1. Acompanyament als docents en la implementaci\u00f3 de compet\u00e8ncies referides al pensament computacional, la programaci\u00f3 i la rob\u00f2tica.<\/li>\n\n\n\n<li>2. Formacions espec\u00edfiques als centres.<\/li>\n\n\n\n<li>3. Xarxes i vincles.<\/li>\n\n\n\n<li>4. Assessorar per a l\u2019actualitzaci\u00f3 de l\u2019Estrat\u00e8gia digital de centre.<\/li>\n\n\n\n<li>5. Coordinaci\u00f3 amb el CRP per atendre les necessitats dels centres educatius.<\/li>\n<\/ol>\n\n\n\n<p><\/p>\n","protected":false},"excerpt":{"rendered":"<p>Les mentores 4.0 assignades a la nostra zona s\u00f3n la Patricia i l&#8217;Encarna. El programa de&nbsp;Mentories 4.0&nbsp;t\u00e9 com a finalitat la millora de les compet\u00e8ncies digitals en l\u2019\u00e0mbit educatiu,&nbsp;en relaci\u00f3 amb les compet\u00e8ncies de l\u2019alumnat, als mitjans tecnol\u00f2gics disponibles i a la seva integraci\u00f3 efectiva i efica\u00e7 en els processos d\u2019ensenyament i aprenentatge. En concret [&hellip;]<\/p>\n","protected":false},"author":1,"featured_media":0,"parent":0,"menu_order":0,"comment_status":"closed","ping_status":"close","template":"","meta":{"_bbp_topic_count":0,"_bbp_reply_count":0,"_bbp_total_topic_count":0,"_bbp_total_reply_count":0,"_bbp_voice_count":0,"_bbp_anonymous_reply_count":0,"_bbp_topic_count_hidden":0,"_bbp_reply_count_hidden":0,"_bbp_forum_subforum_count":0,"site-sidebar-layout":"default","site-content-layout":"","ast-site-content-layout":"default","site-content-style":"default","site-sidebar-style":"default","ast-global-header-display":"","ast-banner-title-visibility":"","ast-main-header-display":"","ast-hfb-above-header-display":"","ast-hfb-below-header-display":"","ast-hfb-mobile-header-display":"","site-post-title":"","ast-breadcrumbs-content":"","ast-featured-img":"","footer-sml-layout":"","theme-transparent-header-meta":"","adv-header-id-meta":"","stick-header-meta":"","header-above-stick-meta":"","header-main-stick-meta":"","header-below-stick-meta":"","astra-migrate-meta-layouts":"set","ast-page-background-enabled":"default","ast-page-background-meta":{"desktop":{"background-color":"var(--ast-global-color-4)","background-image":"","background-repeat":"repeat","background-position":"center center","background-size":"auto","background-attachment":"scroll","background-type":"","background-media":"","overlay-type":"","overlay-color":"","overlay-opacity":"","overlay-gradient":""},"tablet":{"background-color":"","background-image":"","background-repeat":"repeat","background-position":"center center","background-size":"auto","background-attachment":"scroll","background-type":"","background-media":"","overlay-type":"","overlay-color":"","overlay-opacity":"","overlay-gradient":""},"mobile":{"background-color":"","background-image":"","background-repeat":"repeat","background-position":"center center","background-size":"auto","background-attachment":"scroll","background-type":"","background-media":"","overlay-type":"","overlay-color":"","overlay-opacity":"","overlay-gradient":""}},"ast-content-background-meta":{"desktop":{"background-color":"var(--ast-global-color-5)","background-image":"","background-repeat":"repeat","background-position":"center center","background-size":"auto","background-attachment":"scroll","background-type":"","background-media":"","overlay-type":"","overlay-color":"","overlay-opacity":"","overlay-gradient":""},"tablet":{"background-color":"var(--ast-global-color-5)","background-image":"","background-repeat":"repeat","background-position":"center center","background-size":"auto","background-attachment":"scroll","background-type":"","background-media":"","overlay-type":"","overlay-color":"","overlay-opacity":"","overlay-gradient":""},"mobile":{"background-color":"var(--ast-global-color-5)","background-image":"","background-repeat":"repeat","background-position":"center center","background-size":"auto","background-attachment":"scroll","background-type":"","background-media":"","overlay-type":"","overlay-color":"","overlay-opacity":"","overlay-gradient":""}},"footnotes":""},"class_list":["post-23783","page","type-page","status-publish","hentry"],"post_mailing_queue_ids":[],"_links":{"self":[{"href":"https:\/\/serveiseducatius.xtec.cat\/vallesoriental4\/wp-json\/wp\/v2\/pages\/23783","targetHints":{"allow":["GET"]}}],"collection":[{"href":"https:\/\/serveiseducatius.xtec.cat\/vallesoriental4\/wp-json\/wp\/v2\/pages"}],"about":[{"href":"https:\/\/serveiseducatius.xtec.cat\/vallesoriental4\/wp-json\/wp\/v2\/types\/page"}],"author":[{"embeddable":true,"href":"https:\/\/serveiseducatius.xtec.cat\/vallesoriental4\/wp-json\/wp\/v2\/users\/1"}],"replies":[{"embeddable":true,"href":"https:\/\/serveiseducatius.xtec.cat\/vallesoriental4\/wp-json\/wp\/v2\/comments?post=23783"}],"version-history":[{"count":1,"href":"https:\/\/serveiseducatius.xtec.cat\/vallesoriental4\/wp-json\/wp\/v2\/pages\/23783\/revisions"}],"predecessor-version":[{"id":23784,"href":"https:\/\/serveiseducatius.xtec.cat\/vallesoriental4\/wp-json\/wp\/v2\/pages\/23783\/revisions\/23784"}],"wp:attachment":[{"href":"https:\/\/serveiseducatius.xtec.cat\/vallesoriental4\/wp-json\/wp\/v2\/media?parent=23783"}],"curies":[{"name":"wp","href":"https:\/\/api.w.org\/{rel}","templated":true}]}}