{"id":23753,"date":"2025-10-21T15:11:01","date_gmt":"2025-10-21T13:11:01","guid":{"rendered":"https:\/\/serveiseducatius.xtec.cat\/vallesoriental4\/?page_id=23753"},"modified":"2025-11-06T10:56:04","modified_gmt":"2025-11-06T09:56:04","slug":"cocobe","status":"publish","type":"page","link":"https:\/\/serveiseducatius.xtec.cat\/vallesoriental4\/cocobe\/","title":{"rendered":"COCOBE"},"content":{"rendered":"\n<p>En aquest apartat trobareu material relacionat amb l&#8217;\u00e0mbit COCOBE: <\/p>\n\n\n\n<p class=\"has-vivid-purple-color has-text-color has-link-color wp-elements-c91f8deee3c04b730e14abb8038927ba\"><\/p>\n\n\n\n<ul class=\"wp-block-list\">\n<li class=\"has-black-color has-text-color has-link-color wp-elements-6edc7797a63c612b7183c640086725de\"><a href=\"https:\/\/docs.google.com\/spreadsheets\/d\/1x3fg49uDZmDIVh6q2OhwU3bCuMXm4zruPNv3o5fZfsk\/edit?gid=486763574#gid=486763574\" data-type=\"link\" data-id=\"https:\/\/docs.google.com\/spreadsheets\/d\/1x3fg49uDZmDIVh6q2OhwU3bCuMXm4zruPNv3o5fZfsk\/edit?gid=486763574#gid=486763574\" target=\"_blank\" rel=\"noreferrer noopener\">Enlla\u00e7 directe al servei de pr\u00e9stec <\/a><\/li>\n<\/ul>\n\n\n\n<div class=\"wp-block-columns is-layout-flex wp-container-core-columns-is-layout-1 wp-block-columns-is-layout-flex\">\n<div class=\"wp-block-column is-layout-flow wp-block-column-is-layout-flow\" style=\"flex-basis:100%\">\n<figure class=\"wp-block-table alignwide is-style-stripes\"><table><thead><tr><th class=\"has-text-align-center\" data-align=\"center\">Imatge<\/th><th>Descripci\u00f3 del recurs<\/th><\/tr><\/thead><tbody><tr><td class=\"has-text-align-center\" data-align=\"center\"><img loading=\"lazy\" decoding=\"async\" width=\"200\" height=\"139\" class=\"wp-image-23905\" style=\"width: 200px;\" src=\"https:\/\/serveiseducatius.xtec.cat\/vallesoriental4\/wp-content\/uploads\/usu1133\/2025\/11\/Captura.jpg\" alt=\"\"><\/td><td><a href=\"https:\/\/shopapunts.org\/cat\/jocs-regals\/jocs\/kit-jocs-igualtat.html\" target=\"_blank\" rel=\"noreferrer noopener\">Jocs inclusius per la igualtat de g\u00e8nere <\/a>(1 unitat)<\/td><\/tr><tr><td class=\"has-text-align-center\" data-align=\"center\"><img loading=\"lazy\" decoding=\"async\" width=\"200\" height=\"260\" class=\"wp-image-23913\" style=\"width: 200px;\" src=\"https:\/\/serveiseducatius.xtec.cat\/vallesoriental4\/wp-content\/uploads\/usu1133\/2025\/11\/Captura-2.jpg\" alt=\"\"><a href=\"https:\/\/serveiseducatius.xtec.cat\/vallesoriental4\/wp-content\/uploads\/usu1133\/2025\/11\/Captura-3.jpg\"><\/a><\/td><td><a href=\"https:\/\/little-revolutions.com\/ca\/producto\/little-office-joc-per-a-lequitat-de-genere\/\" target=\"_blank\" rel=\"noreferrer noopener\">Joc cartes Little Office.<\/a> <a href=\"https:\/\/little-revolutions.com\/ca\/producto\/little-office-joc-per-a-lequitat-de-genere\/\" target=\"_blank\" rel=\"noreferrer noopener\">A partir de 6 anys<\/a> (1 unitat)<\/td><\/tr><tr><td class=\"has-text-align-center\" data-align=\"center\"><img loading=\"lazy\" decoding=\"async\" width=\"200\" height=\"144\" class=\"wp-image-23916\" style=\"width: 200px;\" src=\"https:\/\/serveiseducatius.xtec.cat\/vallesoriental4\/wp-content\/uploads\/usu1133\/2025\/11\/Captura-4.jpg\" alt=\"\" srcset=\"https:\/\/serveiseducatius.xtec.cat\/vallesoriental4\/wp-content\/uploads\/usu1133\/2025\/11\/Captura-4.jpg 655w, https:\/\/serveiseducatius.xtec.cat\/vallesoriental4\/wp-content\/uploads\/usu1133\/2025\/11\/Captura-4-300x216.jpg 300w\" sizes=\"auto, (max-width: 200px) 100vw, 200px\" \/><\/td><td><a href=\"https:\/\/www.sikkhonaedu.com\/kitedu\">Joc de cartes Sikkhona edu<\/a> (1 unitat)<\/td><\/tr><tr><td class=\"has-text-align-center\" data-align=\"center\"><img loading=\"lazy\" decoding=\"async\" width=\"200\" height=\"225\" class=\"wp-image-23966\" style=\"width: 200px;\" src=\"https:\/\/serveiseducatius.xtec.cat\/vallesoriental4\/wp-content\/uploads\/usu1133\/2025\/11\/Sense-titol.jpg\" alt=\"\"><\/td><td><a href=\"https:\/\/drive.google.com\/file\/d\/144vy1B2rNiylAMXmxFJ7rYfzUV9ElmM1\/view\">9 contes sobre valors i emocions EI i CI<\/a><\/td><\/tr><tr><td class=\"has-text-align-center\" data-align=\"center\"><img loading=\"lazy\" decoding=\"async\" width=\"200\" height=\"193\" class=\"wp-image-23967\" style=\"width: 200px;\" src=\"https:\/\/serveiseducatius.xtec.cat\/vallesoriental4\/wp-content\/uploads\/usu1133\/2025\/11\/Captura-5.jpg\" alt=\"\" srcset=\"https:\/\/serveiseducatius.xtec.cat\/vallesoriental4\/wp-content\/uploads\/usu1133\/2025\/11\/Captura-5.jpg 799w, https:\/\/serveiseducatius.xtec.cat\/vallesoriental4\/wp-content\/uploads\/usu1133\/2025\/11\/Captura-5-300x290.jpg 300w, https:\/\/serveiseducatius.xtec.cat\/vallesoriental4\/wp-content\/uploads\/usu1133\/2025\/11\/Captura-5-768x743.jpg 768w\" sizes=\"auto, (max-width: 200px) 100vw, 200px\" \/><\/td><td><a href=\"https:\/\/drive.google.com\/file\/d\/1Z__bS9dL8wZO-OT7e1zrfI4cAHA6w9pn\/view?usp=sharing\" target=\"_blank\" rel=\"noreferrer noopener\">Contes sobre relacions i sentiments<\/a><\/td><\/tr><tr><td class=\"has-text-align-center\" data-align=\"center\"><img loading=\"lazy\" decoding=\"async\" width=\"200\" height=\"142\" class=\"wp-image-23968\" style=\"width: 200px;\" src=\"https:\/\/serveiseducatius.xtec.cat\/vallesoriental4\/wp-content\/uploads\/usu1133\/2025\/11\/Sense-titol-1.jpg\" alt=\"\"><\/td><td><a href=\"https:\/\/mujeresconciencia.com\/2024\/04\/19\/enciclopedia-de-dones-steam\/\">Lot 4 llibres dona i STEAM<\/a><\/td><\/tr><tr><td class=\"has-text-align-center\" data-align=\"center\"><img loading=\"lazy\" decoding=\"async\" width=\"200\" height=\"219\" class=\"wp-image-23969\" style=\"width: 200px;\" src=\"https:\/\/serveiseducatius.xtec.cat\/vallesoriental4\/wp-content\/uploads\/usu1133\/2025\/11\/erg-937x1024-1.jpg\" alt=\"\" srcset=\"https:\/\/serveiseducatius.xtec.cat\/vallesoriental4\/wp-content\/uploads\/usu1133\/2025\/11\/erg-937x1024-1.jpg 937w, https:\/\/serveiseducatius.xtec.cat\/vallesoriental4\/wp-content\/uploads\/usu1133\/2025\/11\/erg-937x1024-1-275x300.jpg 275w, https:\/\/serveiseducatius.xtec.cat\/vallesoriental4\/wp-content\/uploads\/usu1133\/2025\/11\/erg-937x1024-1-768x839.jpg 768w\" sizes=\"auto, (max-width: 200px) 100vw, 200px\" \/><\/td><td><a href=\"https:\/\/projectes.xtec.cat\/alumnat\/format\/bibliografia\/\">4 guies i manuals COCOBE<\/a><\/td><\/tr><tr><td class=\"has-text-align-center\" data-align=\"center\"><img loading=\"lazy\" decoding=\"async\" width=\"200\" height=\"278\" class=\"wp-image-23970\" style=\"width: 200px;\" src=\"https:\/\/serveiseducatius.xtec.cat\/vallesoriental4\/wp-content\/uploads\/usu1133\/2025\/11\/Captura-de-pantalla-2023-09-21-a-les-12.36.47.webp\" alt=\"\" srcset=\"https:\/\/serveiseducatius.xtec.cat\/vallesoriental4\/wp-content\/uploads\/usu1133\/2025\/11\/Captura-de-pantalla-2023-09-21-a-les-12.36.47.webp 726w, https:\/\/serveiseducatius.xtec.cat\/vallesoriental4\/wp-content\/uploads\/usu1133\/2025\/11\/Captura-de-pantalla-2023-09-21-a-les-12.36.47-216x300.webp 216w\" sizes=\"auto, (max-width: 200px) 100vw, 200px\" \/><\/td><td><a href=\"https:\/\/xtec.gencat.cat\/ca\/centres\/projeducatiu\/convivencia\/una-comunitat-educativa-restaurativa-i-resilient\/petit-manual-erg-dossiers\/\">4 manuals Enfocament Restauratiu Global<\/a><\/td><\/tr><tr><td class=\"has-text-align-center\" data-align=\"center\"><img loading=\"lazy\" decoding=\"async\" width=\"200\" height=\"226\" class=\"wp-image-23917\" style=\"width: 200px;\" src=\"https:\/\/serveiseducatius.xtec.cat\/vallesoriental4\/wp-content\/uploads\/usu1133\/2025\/11\/1.jpg\" alt=\"\"><\/td><td><a href=\"http:\/\/www.xtec.cat\/crp-elprat\/caixes\/kit_valors.htm\" target=\"_blank\" rel=\"noreferrer noopener\">Kit caixa valors<\/a> <a href=\"http:\/\/www.xtec.cat\/crp-elprat\/caixes\/kit_valors.htm\" target=\"_blank\" rel=\"noreferrer noopener\">(Responsabilitat)<\/a><\/td><\/tr><tr><td class=\"has-text-align-center\" data-align=\"center\"><img loading=\"lazy\" decoding=\"async\" width=\"200\" height=\"227\" class=\"wp-image-23918\" style=\"width: 200px;\" src=\"https:\/\/serveiseducatius.xtec.cat\/vallesoriental4\/wp-content\/uploads\/usu1133\/2025\/11\/2.jpg\" alt=\"\"><\/td><td><a href=\"http:\/\/www.xtec.cat\/crp-elprat\/caixes\/kit_valors.htm\" target=\"_blank\" rel=\"noreferrer noopener\">Kit caixa valors<\/a> <a href=\"http:\/\/www.xtec.cat\/crp-elprat\/caixes\/kit_valors.htm\" target=\"_blank\" rel=\"noreferrer noopener\">(Conviv\u00e8ncia)<\/a><\/td><\/tr><tr><td class=\"has-text-align-center\" data-align=\"center\"><img loading=\"lazy\" decoding=\"async\" width=\"200\" height=\"221\" class=\"wp-image-23919\" style=\"width: 200px;\" src=\"https:\/\/serveiseducatius.xtec.cat\/vallesoriental4\/wp-content\/uploads\/usu1133\/2025\/11\/3.jpg\" alt=\"\"><\/td><td><a href=\"http:\/\/www.xtec.cat\/crp-elprat\/caixes\/kit_valors.htm\" data-type=\"link\" data-id=\"http:\/\/www.xtec.cat\/crp-elprat\/caixes\/kit_valors.htm\">Kit caixa valors (Identitat)<\/a><\/td><\/tr><\/tbody><\/table><\/figure>\n<\/div>\n<\/div>\n\n\n\n<p><\/p>\n","protected":false},"excerpt":{"rendered":"<p>En aquest apartat trobareu material relacionat amb l&#8217;\u00e0mbit COCOBE: Imatge Descripci\u00f3 del recurs Jocs inclusius per la igualtat de g\u00e8nere (1 unitat) Joc cartes Little Office. A partir de 6 anys (1 unitat) Joc de cartes Sikkhona edu (1 unitat) 9 contes sobre valors i emocions EI i CI Contes sobre relacions i sentiments Lot [&hellip;]<\/p>\n","protected":false},"author":1,"featured_media":0,"parent":0,"menu_order":0,"comment_status":"closed","ping_status":"close","template":"","meta":{"_bbp_topic_count":0,"_bbp_reply_count":0,"_bbp_total_topic_count":0,"_bbp_total_reply_count":0,"_bbp_voice_count":0,"_bbp_anonymous_reply_count":0,"_bbp_topic_count_hidden":0,"_bbp_reply_count_hidden":0,"_bbp_forum_subforum_count":0,"site-sidebar-layout":"default","site-content-layout":"","ast-site-content-layout":"default","site-content-style":"default","site-sidebar-style":"default","ast-global-header-display":"","ast-banner-title-visibility":"","ast-main-header-display":"","ast-hfb-above-header-display":"","ast-hfb-below-header-display":"","ast-hfb-mobile-header-display":"","site-post-title":"","ast-breadcrumbs-content":"","ast-featured-img":"","footer-sml-layout":"","theme-transparent-header-meta":"","adv-header-id-meta":"","stick-header-meta":"","header-above-stick-meta":"","header-main-stick-meta":"","header-below-stick-meta":"","astra-migrate-meta-layouts":"set","ast-page-background-enabled":"default","ast-page-background-meta":{"desktop":{"background-color":"var(--ast-global-color-4)","background-image":"","background-repeat":"repeat","background-position":"center center","background-size":"auto","background-attachment":"scroll","background-type":"","background-media":"","overlay-type":"","overlay-color":"","overlay-opacity":"","overlay-gradient":""},"tablet":{"background-color":"","background-image":"","background-repeat":"repeat","background-position":"center center","background-size":"auto","background-attachment":"scroll","background-type":"","background-media":"","overlay-type":"","overlay-color":"","overlay-opacity":"","overlay-gradient":""},"mobile":{"background-color":"","background-image":"","background-repeat":"repeat","background-position":"center center","background-size":"auto","background-attachment":"scroll","background-type":"","background-media":"","overlay-type":"","overlay-color":"","overlay-opacity":"","overlay-gradient":""}},"ast-content-background-meta":{"desktop":{"background-color":"var(--ast-global-color-5)","background-image":"","background-repeat":"repeat","background-position":"center center","background-size":"auto","background-attachment":"scroll","background-type":"","background-media":"","overlay-type":"","overlay-color":"","overlay-opacity":"","overlay-gradient":""},"tablet":{"background-color":"var(--ast-global-color-5)","background-image":"","background-repeat":"repeat","background-position":"center center","background-size":"auto","background-attachment":"scroll","background-type":"","background-media":"","overlay-type":"","overlay-color":"","overlay-opacity":"","overlay-gradient":""},"mobile":{"background-color":"var(--ast-global-color-5)","background-image":"","background-repeat":"repeat","background-position":"center center","background-size":"auto","background-attachment":"scroll","background-type":"","background-media":"","overlay-type":"","overlay-color":"","overlay-opacity":"","overlay-gradient":""}},"footnotes":""},"class_list":["post-23753","page","type-page","status-publish","hentry"],"post_mailing_queue_ids":[],"_links":{"self":[{"href":"https:\/\/serveiseducatius.xtec.cat\/vallesoriental4\/wp-json\/wp\/v2\/pages\/23753","targetHints":{"allow":["GET"]}}],"collection":[{"href":"https:\/\/serveiseducatius.xtec.cat\/vallesoriental4\/wp-json\/wp\/v2\/pages"}],"about":[{"href":"https:\/\/serveiseducatius.xtec.cat\/vallesoriental4\/wp-json\/wp\/v2\/types\/page"}],"author":[{"embeddable":true,"href":"https:\/\/serveiseducatius.xtec.cat\/vallesoriental4\/wp-json\/wp\/v2\/users\/1"}],"replies":[{"embeddable":true,"href":"https:\/\/serveiseducatius.xtec.cat\/vallesoriental4\/wp-json\/wp\/v2\/comments?post=23753"}],"version-history":[{"count":6,"href":"https:\/\/serveiseducatius.xtec.cat\/vallesoriental4\/wp-json\/wp\/v2\/pages\/23753\/revisions"}],"predecessor-version":[{"id":23974,"href":"https:\/\/serveiseducatius.xtec.cat\/vallesoriental4\/wp-json\/wp\/v2\/pages\/23753\/revisions\/23974"}],"wp:attachment":[{"href":"https:\/\/serveiseducatius.xtec.cat\/vallesoriental4\/wp-json\/wp\/v2\/media?parent=23753"}],"curies":[{"name":"wp","href":"https:\/\/api.w.org\/{rel}","templated":true}]}}