{"id":22490,"date":"2024-07-04T10:41:02","date_gmt":"2024-07-04T08:41:02","guid":{"rendered":"https:\/\/serveiseducatius.xtec.cat\/vallesoriental4\/?page_id=22490"},"modified":"2024-11-05T15:01:58","modified_gmt":"2024-11-05T14:01:58","slug":"valors-i-emocions","status":"publish","type":"page","link":"https:\/\/serveiseducatius.xtec.cat\/vallesoriental4\/recursos\/servei-de-prestec\/valors-i-emocions\/","title":{"rendered":"Valors, coeducaci\u00f3 i emocions"},"content":{"rendered":"<h3 style=\"text-align: center;\"><strong>\u27a1 <a href=\"https:\/\/docs.google.com\/spreadsheets\/d\/1DFQu_flzXFE8L6zQRQl1l9bApHhr76k5S0kQRCWHukw\/edit?gid=486763574#gid=486763574\">RESERVES &#8211; Curs 2024-25<\/a>\u00a0\u27a1<\/strong><\/h3>\n<p>&nbsp;<\/p>\n<table style=\"border-collapse: collapse; width: 98.3312%; height: 1786px;\">\n<tbody>\n<tr style=\"height: 32px;\">\n<td style=\"height: 44px; width: 21.3836%;\"><a style=\"font-size: 16px;\" href=\"https:\/\/serveiseducatius.xtec.cat\/vallesoriental4\/wp-content\/uploads\/usu1133\/2023\/06\/IMG_20230615_121321.jpg\"><span style=\"color: #222222;\"><img loading=\"lazy\" decoding=\"async\" class=\"wp-image-19643 aligncenter\" src=\"https:\/\/serveiseducatius.xtec.cat\/vallesoriental4\/wp-content\/uploads\/usu1133\/2023\/06\/IMG_20230615_121321.jpg\" alt=\"\" width=\"307\" height=\"230\" srcset=\"https:\/\/serveiseducatius.xtec.cat\/vallesoriental4\/wp-content\/uploads\/usu1133\/2023\/06\/IMG_20230615_121321.jpg 912w, https:\/\/serveiseducatius.xtec.cat\/vallesoriental4\/wp-content\/uploads\/usu1133\/2023\/06\/IMG_20230615_121321-300x225.jpg 300w, https:\/\/serveiseducatius.xtec.cat\/vallesoriental4\/wp-content\/uploads\/usu1133\/2023\/06\/IMG_20230615_121321-768x576.jpg 768w, https:\/\/serveiseducatius.xtec.cat\/vallesoriental4\/wp-content\/uploads\/usu1133\/2023\/06\/IMG_20230615_121321-200x150.jpg 200w\" sizes=\"auto, (max-width: 307px) 100vw, 307px\" \/><\/span><\/a><\/td>\n<td style=\"height: 44px; width: 62.9087%;\">\n<p style=\"text-align: center;\"><strong><span style=\"font-size: 16px;\">CONTES SOBRE VALORS<\/span><\/strong><\/p>\n<p><span style=\"font-size: 16px;\">Es tracta d&#8217;una caixa de nou contes infantils enfocats a treballar diferents valors. Aquests s\u00f3n els contes seleccionats:<\/span><\/p>\n<table style=\"height: 85px; width: 100%; border-collapse: collapse; border-color: #ffffff; border-style: none;\">\n<tbody>\n<tr style=\"height: 99px;\">\n<td style=\"width: 29.8292%; height: 85px; background-color: #fef0ff;\">\n<ul style=\"font-size: 14px; font-family: 'Helvetica Neue', Helvetica, Helvetica, Arial, sans-serif;\">\n<li><span style=\"font-size: 16px;\">N\u2019has fet de tots colors, Lia!<\/span><\/li>\n<li><span style=\"font-size: 16px;\">Orelles de papallona<\/span><\/li>\n<li><span style=\"font-size: 16px;\">Tinc un volc\u00e0 (0-8 anys)<\/span><\/li>\n<\/ul>\n<\/td>\n<td style=\"width: 38.9937%; height: 85px; background-color: #fef0ff;\">\n<ul style=\"font-size: 14px; font-family: 'Helvetica Neue', Helvetica, Helvetica, Arial, sans-serif;\">\n<li><span style=\"font-size: 16px;\">La Berta i les ulleres de visi\u00f3 emp\u00e0tica<\/span><\/li>\n<li><span style=\"font-size: 16px;\">El fil invisible (a partir de 4 anys)<\/span><\/li>\n<li><span style=\"font-size: 16px;\">Un amic com tu<\/span><\/li>\n<\/ul>\n<\/td>\n<td style=\"width: 31.177%; height: 85px; background-color: #fef0ff;\">\n<ul style=\"font-size: 14px; font-family: 'Helvetica Neue', Helvetica, Helvetica, Arial, sans-serif;\">\n<li><span style=\"font-size: 16px;\">Endevina com t\u2019estimo<\/span><\/li>\n<li><span style=\"font-size: 16px;\">Talpet terratr\u00e8mol<\/span><\/li>\n<li><span style=\"font-size: 16px;\">T\u2019estimo (quasi sempre)<\/span><\/li>\n<\/ul>\n<\/td>\n<\/tr>\n<\/tbody>\n<\/table>\n<ul>\n<li style=\"list-style-type: none;\">\n<ul>\n<li><a style=\"font-size: 16px;\" href=\"https:\/\/drive.google.com\/file\/d\/144vy1B2rNiylAMXmxFJ7rYfzUV9ElmM1\/view?usp=sharing\" target=\"_blank\" rel=\"noopener\"><span style=\"color: #222222;\">Contes: autor, sinopsis i valor destacat<\/span><\/a><\/li>\n<\/ul>\n<\/li>\n<\/ul>\n<\/td>\n<\/tr>\n<tr style=\"height: 99px;\">\n<td style=\"width: 84.2923%; height: 99px;\" colspan=\"2\"><span style=\"font-size: 16px;\">\u00a0<\/span><\/p>\n<p>&nbsp;<\/td>\n<\/tr>\n<tr style=\"height: 321px;\">\n<td style=\"width: 21.3836%; height: 321px;\"><span style=\"font-size: 16px;\"><img loading=\"lazy\" decoding=\"async\" class=\"aligncenter\" src=\"https:\/\/www.magranes.com\/wp-content\/uploads\/2024\/10\/portada_gaslighting-300x300.jpg\" alt=\"Botiga - Magranes\" width=\"176\" height=\"176\" \/><\/span><\/p>\n<p><img loading=\"lazy\" decoding=\"async\" class=\"aligncenter\" src=\"https:\/\/serveiseducatius.xtec.cat\/terraalta\/wp-content\/uploads\/usu1128\/2024\/10\/quan-mescolto.jpg\" alt=\"Contes d'educaci\u00f3 emocional | Servei Educatiu de la Terra Alta\" width=\"183\" height=\"185\" \/><\/p>\n<p><img loading=\"lazy\" decoding=\"async\" class=\"aligncenter\" src=\"https:\/\/serveiseducatius.xtec.cat\/terraalta\/wp-content\/uploads\/usu1128\/2024\/10\/vol.jpg\" alt=\"Contes d'educaci\u00f3 emocional | Servei Educatiu de la Terra Alta\" width=\"191\" height=\"193\" \/><\/td>\n<td style=\"width: 62.9087%; height: 321px;\">\n<p style=\"text-align: center;\"><span style=\"font-size: 16px;\"><span style=\"font-size: 16px;\"><strong>CONTES SOBRE VIOL\u00c8NCIES EMOCIONALS<\/strong>\u00a0<\/span><span style=\"font-size: 16px;\"><span style=\"color: #ff00ff;\">(Novetat 24-25!)<\/span><\/span><\/span><\/p>\n<p>La cooperativa Magranes, en el marc d\u2019una subvenci\u00f3 del Departament d\u2019Igualtat i Feminismes de la Generalitat de Catalunya, ha publicat tres contes sobre viol\u00e8ncies emocionals amb il\u00b7lustracions d&#8217;Ivonne Navarro. Tracten concretament sobre el ghosting, el gaslighting i el benching i estan adre\u00e7ats infants des de 3 fins a 12 anys.<\/p>\n<ul style=\"list-style-type: disc;\">\n<li><strong>Una nebulosa al meu pit<\/strong><\/li>\n<\/ul>\n<p>Un malent\u00e8s, fins i tot sense mala intenci\u00f3, pot provocar angoixa i confusi\u00f3 desconcertant en la persona que pateix aquesta situaci\u00f3. La Maia i l\u2019Oli ens mostren els seus sentiments i ens comparteixen aprenentatges sobre el bon tracte en la comunicaci\u00f3.<\/p>\n<ul style=\"list-style-type: disc;\">\n<li><strong>Quan m\u2019escolto<\/strong><\/li>\n<\/ul>\n<p>Quan tenim una relaci\u00f3 d\u2019amistat que ens porta m\u00e9s tristesa i neguit que il\u00b7lusi\u00f3 i alegria, potser toca revisar qu\u00e8 ens est\u00e0 passant. La hist\u00f2ria del Gael, el Marc i la Nur ens fa reflexionar sobre l\u2019amistat i el bon tracte.<\/p>\n<ul style=\"list-style-type: disc;\">\n<li><strong>El vol de la Selva<\/strong><\/li>\n<\/ul>\n<p>Quan alg\u00fa desapareix de la nostra vida i se\u2019n va sobtadament sense acomiadar-se, ens genera malestar i sensacions desagradables. La hist\u00f2ria de la Selva, l\u2019\u00c0lex i la resta de companys\/es ens mostra com ens podem sentir si ens trobem en una situaci\u00f3 aix\u00ed, i ens fa pensar en com fer-ne una bona gesti\u00f3 emocional.<\/p>\n<ul>\n<li style=\"list-style-type: none;\">\n<ul>\n<li><a href=\"https:\/\/drive.google.com\/file\/d\/1T9WutzTBnSUQoZqIw2fBymYdFBZRlait\/view?usp=drive_link\">Dossier art\u00edstic i fitxa t\u00e8cnica<\/a><\/li>\n<\/ul>\n<\/li>\n<\/ul>\n<\/td>\n<\/tr>\n<tr style=\"height: 10px;\">\n<td style=\"height: 10px; width: 84.2923%;\" colspan=\"2\"><span style=\"font-size: 16px;\">\u00a0<\/span><\/p>\n<p><span style=\"font-size: 16px;\">\u00a0<\/span><\/td>\n<\/tr>\n<tr style=\"height: 231px;\">\n<td style=\"width: 21.3836%; height: 231px;\"><img loading=\"lazy\" decoding=\"async\" class=\"aligncenter size-medium wp-image-22693\" src=\"https:\/\/serveiseducatius.xtec.cat\/vallesoriental4\/wp-content\/uploads\/usu1133\/2024\/10\/WhatsApp-Image-2024-10-07-at-13.43.02-300x215.jpeg\" alt=\"\" width=\"300\" height=\"215\" srcset=\"https:\/\/serveiseducatius.xtec.cat\/vallesoriental4\/wp-content\/uploads\/usu1133\/2024\/10\/WhatsApp-Image-2024-10-07-at-13.43.02-300x215.jpeg 300w, https:\/\/serveiseducatius.xtec.cat\/vallesoriental4\/wp-content\/uploads\/usu1133\/2024\/10\/WhatsApp-Image-2024-10-07-at-13.43.02-1024x732.jpeg 1024w, https:\/\/serveiseducatius.xtec.cat\/vallesoriental4\/wp-content\/uploads\/usu1133\/2024\/10\/WhatsApp-Image-2024-10-07-at-13.43.02-768x549.jpeg 768w, https:\/\/serveiseducatius.xtec.cat\/vallesoriental4\/wp-content\/uploads\/usu1133\/2024\/10\/WhatsApp-Image-2024-10-07-at-13.43.02.jpeg 1496w\" sizes=\"auto, (max-width: 300px) 100vw, 300px\" \/><\/td>\n<td style=\"width: 62.9087%; height: 231px;\">\n<p style=\"text-align: center;\"><span style=\"font-size: 16px;\"><strong>ENCICLOP\u00c8DIA DE DONES STEAM<\/strong> <span style=\"color: #ff00ff;\">(Novetat 24-25!)<\/span><\/span><\/p>\n<p><span style=\"font-size: 16px;\">L&#8217;Enciclop\u00e8dia de Dones STEAM (dos volums) t\u00e9 com a objectiu fomentar l&#8217;increment de la pres\u00e8ncia de dones en el sector tecnol\u00f2gic i de les TIC, donar visibilitat a les dones en la tecnologia i a continguts creats per dones, i atreure talent femen\u00ed i jove cap a les formacions STEAM del futur.<\/span><\/p>\n<p><span style=\"font-size: 16px;\">Es tracta d&#8217;un projecte de la il\u00b7lustradora i divulgadora cient\u00edfica Sandra Uve i la qu\u00edmica i directora de la Societat Catalana de Tecnologia N\u00faria Sal\u00e1n. Cada protagonista est\u00e0 acompanyada d&#8217;un retrat contextualitzat i il\u00b7lustrat amb les seves patents, publicacions o descobriments, i un breu text que resumeix fets destacats de la seva biografia.<\/span><\/td>\n<\/tr>\n<tr style=\"height: 99px;\">\n<td style=\"width: 84.2923%; height: 99px;\" colspan=\"2\"><span style=\"font-size: 16px;\">\u00a0<\/span><\/p>\n<p><span style=\"font-size: 16px;\">\u00a0<\/span><\/td>\n<\/tr>\n<tr style=\"height: 32px;\">\n<td style=\"width: 21.3836%; height: 32px;\"><img loading=\"lazy\" decoding=\"async\" class=\"aligncenter\" src=\"https:\/\/little-revolutions.com\/wp-content\/uploads\/2019\/04\/Juego-Little-Office-3-1.png\" width=\"190\" height=\"190\" \/><\/td>\n<td style=\"text-align: justify; height: 32px; width: 62.9087%;\">\n<p style=\"text-align: center;\" data-css=\"tve-u-17d4722c72c\"><strong><span style=\"font-size: 16px;\">JOC D&#8217;OFICIS PER A L&#8217;EQUITAT DE G\u00c8NERE<\/span><\/strong><\/p>\n<p data-css=\"tve-u-17d4722c72c\"><span style=\"font-size: 16px;\">Aquest joc \u00e9s una manera l\u00fadica d&#8217;educar en la igualtat, posant la mirada en el m\u00f3n de les professions per a desmuntar estereotips de g\u00e8nere i visibilitzar oficis representats per persones independentment del seu sexe\/g\u00e8nere.<\/span><\/p>\n<p data-css=\"tve-u-17d4722c72c\"><span style=\"font-size: 16px;\">Activitats: Fer parelles, usar el llenguatge no sexista, improvisar hist\u00f2ries, fer m\u00edmica o encertar les preguntes!<\/span><\/p>\n<ul>\n<li style=\"list-style-type: none;\">\n<ul>\n<li><span style=\"font-size: 16px;\">A partir de 4, 6, 7 i 9 anys (segons el joc)<\/span><\/li>\n<li><span style=\"font-size: 16px;\">5 jocs<\/span><\/li>\n<li><span style=\"color: #222222;\"><span style=\"font-size: 16px;\"><a href=\"https:\/\/www.ccbages.cat\/wp-content\/uploads\/2022\/03\/Revista-Jocs-per-la-igualtat.pdf\">Jocs per a la igualtat<\/a> (Consell Comarcal del Bages)<\/span><\/span><\/li>\n<\/ul>\n<\/li>\n<\/ul>\n<\/td>\n<\/tr>\n<tr style=\"height: 19px;\">\n<td style=\"width: 84.2923%; height: 19px;\" colspan=\"2\"><span style=\"font-size: 16px;\">\u00a0<\/span><\/p>\n<p><span style=\"font-size: 16px;\">\u00a0<\/span><\/td>\n<\/tr>\n<tr style=\"height: 56px;\">\n<td style=\"height: 96px; width: 21.3836%; text-align: center; vertical-align: middle;\"><span style=\"font-size: 16px;\"><img decoding=\"async\" src=\"http:\/\/www.xtec.cat\/crp-elprat\/caixes\/imatges\/kitval01.jpg\" \/><img loading=\"lazy\" decoding=\"async\" class=\"alignnone size-medium wp-image-21509\" src=\"https:\/\/serveiseducatius.xtec.cat\/vallesoriental4\/wp-content\/uploads\/usu1133\/2024\/02\/kitval01-131x300.jpg\" alt=\"\" width=\"131\" height=\"300\" srcset=\"https:\/\/serveiseducatius.xtec.cat\/vallesoriental4\/wp-content\/uploads\/usu1133\/2024\/02\/kitval01-131x300.jpg 131w, https:\/\/serveiseducatius.xtec.cat\/vallesoriental4\/wp-content\/uploads\/usu1133\/2024\/02\/kitval01.jpg 264w\" sizes=\"auto, (max-width: 131px) 100vw, 131px\" \/><\/span><\/td>\n<td style=\"height: 96px; width: 62.9087%;\">\n<p style=\"text-align: center;\"><strong><span style=\"font-size: 16px;\">KIT CAIXA VALORS<\/span><\/strong><\/p>\n<p style=\"text-align: justify;\"><span style=\"font-size: 16px;\">Recurs educatiu desenvolupat per l&#8217;Obra Social &#8220;La Caixa&#8221; i adre\u00e7at als mestres i alumnes de prim\u00e0ria (especialment de 8 a 12 anys) amb la voluntat de refor\u00e7ar des de l&#8217;escola els valors \u00e8tics i el comprom\u00eds social.<\/span><\/p>\n<p style=\"text-align: justify;\"><span style=\"font-size: 16px;\">El kit IDENTITAT permet treballar la valoraci\u00f3 de les qualitats personals i l&#8217;autoestima, el reconeixement de les emocions i els sentiments que acompanyen els nostres actes. Proposa exercicis per millorar la concentraci\u00f3 i aprendre a relaxar-se i t\u00e8cniques d&#8217;interioritzaci\u00f3.<\/span><\/p>\n<p style=\"text-align: justify;\"><span style=\"font-size: 16px;\">El kit CONVIV\u00c8NCIA inclou exercicis d&#8217;empatia per millorar la connexi\u00f3 i la comprensi\u00f3 dels altres, ajuda a desenvolupar el treball en col\u00b7laboraci\u00f3 i introdueix estrat\u00e8gies de resoluci\u00f3 de conflictes.<\/span><\/p>\n<p style=\"text-align: justify;\"><span style=\"font-size: 16px;\">El kit RESPONSABILITAT ens convida a reflexionar sobre els mecanismes de la responsabilitat, aborda la gesti\u00f3 de situacions d&#8217;elevada c\u00e0rrega emocional i proposa un exemple concret: la responsabilitat envers el medi ambient a partir de l&#8217;estudi del consum familiar d&#8217;aigua.<\/span><\/p>\n<ul>\n<li style=\"list-style-type: none;\">\n<ul>\n<li><a style=\"font-size: 16px;\" href=\"http:\/\/www.xtec.cat\/crp-elprat\/caixes\/Dossier_Guia.pdf\"><span style=\"color: #222222;\">Dossier guia<\/span><\/a><\/li>\n<\/ul>\n<\/li>\n<\/ul>\n<\/td>\n<\/tr>\n<tr style=\"height: 56px;\">\n<td style=\"width: 84.2923%; vertical-align: middle; height: 21px; text-align: left;\" colspan=\"2\"><span style=\"font-size: 16px;\">\u00a0<\/span><\/p>\n<p><span style=\"font-size: 16px;\">\u00a0<\/span><\/td>\n<\/tr>\n<tr style=\"height: 476px;\">\n<td style=\"width: 21.3836%; text-align: center; vertical-align: middle; height: 338px;\"><span style=\"font-size: 16px;\"><img loading=\"lazy\" decoding=\"async\" class=\"\" src=\"https:\/\/www.social.cat\/\/img\/600\/600\/12984\" alt=\"La bici de la Lola - Social.cat\" width=\"234\" height=\"351\" \/><\/span><\/td>\n<td style=\"width: 62.9087%; height: 338px;\">\n<p style=\"text-align: center;\"><span style=\"font-size: 16px;\"><strong>LA BICI DE LA LOLA<\/strong> <span style=\"color: #ff00ff;\">(Novetat 24-25!)<\/span><\/span><\/p>\n<p style=\"text-align: justify;\"><span style=\"font-size: 16px;\">La bici de la Lola \u00e9s una hist\u00f2ria que ens connecta amb els recursos propis i col\u00b7lectius de resili\u00e8ncia, que anima les petites a expressar\u2013se en cas d\u2019agressi\u00f3, i les adultes a escoltar i protegir. Es tracta d&#8217;un \u00e0lbum il\u00b7lustrat per a totes les edats i es pot consultar l&#8217;obra sencera a la p\u00e0gina web.<\/span><\/p>\n<p style=\"text-align: center;\"><span style=\"font-size: 16px;\">&#8220;Una nit de tempesta la bici de la Lola es trenca. En pocs dies la Lola desplega tots els seus recursos i imaginaci\u00f3, i repara la bicicleta. Nom\u00e9s li falta el timbre.<br \/>\nSota el mar, la bici fa sonar el timbre i avisa la Lola. Juntes troben la manera de parlar amb la mare: no volen que torni el tiet.&#8221;<\/span><\/p>\n<ul>\n<li style=\"list-style-type: none;\">\n<ul>\n<li><a style=\"font-size: 16px;\" href=\"https:\/\/la-bici-de-la-lola.mailchimpsites.com\/\"><span style=\"color: #222222;\">P\u00e0gina web<\/span><\/a><\/li>\n<li><a style=\"font-size: 16px;\" href=\"https:\/\/drive.google.com\/file\/d\/1Fi6UhHM0d9zb78bSgzPb1JrLg5sCg26h\/view\"><span style=\"color: #222222;\">Guia de lectura<\/span><\/a><\/li>\n<li><span style=\"color: #222222;\"><span style=\"font-size: 16px;\"><a href=\"https:\/\/www.youtube.com\/watch?v=hVHCXmypQ68\">V\u00eddeo autores<\/a>\u00a0(TV Sabadell Vall\u00e8s, 6&#8242;)<\/span><\/span><\/li>\n<\/ul>\n<\/li>\n<\/ul>\n<\/td>\n<\/tr>\n<tr style=\"height: 32px;\">\n<td style=\"width: 84.2923%; vertical-align: middle; height: 32px; text-align: left;\" colspan=\"2\"><span style=\"font-size: 16px;\">\u00a0<\/span><\/p>\n<p><span style=\"font-size: 16px;\">\u00a0<\/span><\/td>\n<\/tr>\n<tr style=\"height: 56px;\">\n<td style=\"height: 56px; width: 21.3836%;\"><span style=\"font-weight: 400;\"><a href=\"https:\/\/serveiseducatius.xtec.cat\/vallesoriental4\/wp-content\/uploads\/usu1133\/2020\/11\/capcalera.jpg\"><img loading=\"lazy\" decoding=\"async\" class=\"size-medium wp-image-15255 aligncenter\" src=\"https:\/\/serveiseducatius.xtec.cat\/vallesoriental4\/wp-content\/uploads\/usu1133\/2020\/11\/capcalera-300x178.jpg\" alt=\"\" width=\"300\" height=\"178\" srcset=\"https:\/\/serveiseducatius.xtec.cat\/vallesoriental4\/wp-content\/uploads\/usu1133\/2020\/11\/capcalera-300x178.jpg 300w, https:\/\/serveiseducatius.xtec.cat\/vallesoriental4\/wp-content\/uploads\/usu1133\/2020\/11\/capcalera.jpg 687w\" sizes=\"auto, (max-width: 300px) 100vw, 300px\" \/><\/a><\/span><\/td>\n<td style=\"height: 56px; width: 62.9087%;\">\n<p style=\"text-align: center;\"><strong><span style=\"font-size: 16px;\">NI M\u00c9S NI MENYS, IGUALS<\/span><\/strong><\/p>\n<p style=\"text-align: justify;\"><span style=\"font-size: 16px;\">El material did\u00e0ctic \u201cCap a una orientaci\u00f3 laboral en igualtat\u201d ofereix tot un conjunt d\u2019experi\u00e8ncies pr\u00e0ctiques que busquen visibilitzar com encara, avui dia, es continuen reproduint els rols tradicionals i com aquests interfereixen en la\u00a0lliure elecci\u00f3 dels estudis i de les opcions professionals de nois i noies.<\/span><\/p>\n<ol>\n<li style=\"text-align: justify;\"><span style=\"font-size: 16px;\">Experi\u00e8ncia: Noies i nois a l\u2019educaci\u00f3: Diagnosi d\u2019algunes difer\u00e8ncies<\/span><\/li>\n<li style=\"text-align: justify;\"><span style=\"font-size: 16px;\">Experi\u00e8ncia: Noies i nois en la societat: Existeix la igualtat?<\/span><\/li>\n<li style=\"text-align: justify;\"><span style=\"font-size: 16px;\">Experi\u00e8ncia: Noies i nois, fent cam\u00ed cap a la igualtat<\/span><\/li>\n<\/ol>\n<ul>\n<li style=\"list-style-type: none;\">\n<ul>\n<li><a style=\"font-family: inherit; font-size: 1em;\" href=\"https:\/\/www.gencat.cat\/empresaiocupacio\/nimesnimenys\/content\/nimesnimenys\/cos_accesible.html\"><span style=\"color: #222222;\"><span style=\"color: #222222;\">P\u00e0gina web<\/span><\/span><\/a><\/li>\n<li><a style=\"font-size: 16px;\" href=\"https:\/\/www.gencat.cat\/empresaiocupacio\/nimesnimenys\/content\/nimesnimenys\/pdf\/presentacio.pdf\"><span style=\"color: #222222;\">Cartell de presentaci\u00f3<\/span><\/a><\/li>\n<\/ul>\n<\/li>\n<\/ul>\n<\/td>\n<\/tr>\n<tr style=\"height: 32px;\">\n<td style=\"width: 84.2923%; height: 32px;\" colspan=\"2\"><span style=\"font-size: 16px;\">\u00a0<\/span><\/p>\n<p><span style=\"font-size: 16px;\">\u00a0<\/span><\/td>\n<\/tr>\n<tr style=\"height: 372px;\">\n<td style=\"width: 21.3836%; height: 356px;\"><span style=\"font-weight: 400;\"><img decoding=\"async\" src=\"https:\/\/static.wixstatic.com\/media\/1c9e42_73b40dfc29c948058514aa097ae01172~mv2.jpg\/v1\/fill\/w_980,h_735,al_c,q_85,usm_0.66_1.00_0.01,enc_auto\/1c9e42_73b40dfc29c948058514aa097ae01172~mv2.jpg\" alt=\"Sikkhona EDU | Sikkhona EDU\" \/><\/span><\/td>\n<td style=\"width: 62.9087%; height: 356px;\">\n<p style=\"text-align: center;\"><span style=\"font-size: 16px;\"><strong>SIKKHONA EDU<\/strong> <span style=\"color: #ff00ff;\">(Novetat 24-25!)<\/span><\/span><\/p>\n<p style=\"text-align: justify;\"><span style=\"font-size: 16px;\">El kit Sikkhona EDU \u00e9s una eina per fomentar la comunicaci\u00f3 interpersonal a l&#8217;aula i altres contextos en qu\u00e8 els infants interactuen. Pot fer-se servir en espais de tutoria grupal o individual, aix\u00ed com de forma transversal a alguna assignatura i petits equips tant d&#8217;estudiants com de la resta de la comunitat educativa (fam\u00edlies, claustres, PAS, etc.).<\/span><\/p>\n<p><span style=\"font-size: 16px;\">Parteix d&#8217;un model que identifica 6 contextos comunicatius:<\/span><img loading=\"lazy\" decoding=\"async\" class=\" wp-image-22510 alignright\" src=\"https:\/\/serveiseducatius.xtec.cat\/vallesoriental4\/wp-content\/uploads\/usu1133\/2024\/07\/sikkhona-edu.png\" alt=\"\" width=\"236\" height=\"248\" srcset=\"https:\/\/serveiseducatius.xtec.cat\/vallesoriental4\/wp-content\/uploads\/usu1133\/2024\/07\/sikkhona-edu.png 384w, https:\/\/serveiseducatius.xtec.cat\/vallesoriental4\/wp-content\/uploads\/usu1133\/2024\/07\/sikkhona-edu-287x300.png 287w\" sizes=\"auto, (max-width: 236px) 100vw, 236px\" \/><\/p>\n<ol>\n<li style=\"list-style-type: none;\">\n<ol>\n<li style=\"list-style-type: none;\">\n<ol>\n<li><span style=\"font-size: 16px;\">Trencar el gel<\/span><\/li>\n<li><span style=\"font-size: 16px;\">Descobrir talents<\/span><\/li>\n<li><span style=\"font-size: 16px;\">Harmonitzar difer\u00e8ncies<\/span><\/li>\n<li><span style=\"font-size: 16px;\">Compartir sentiments<\/span><\/li>\n<li><span style=\"font-size: 16px;\">Deixar anar<\/span><\/li>\n<li><span style=\"font-size: 16px;\">Construir vincles<\/span><\/li>\n<\/ol>\n<\/li>\n<\/ol>\n<\/li>\n<\/ol>\n<ul>\n<li style=\"list-style-type: none;\">\n<ul>\n<li><span style=\"color: #222222;\"><span style=\"font-size: 16px;\"><a href=\"https:\/\/www.sikkhonaedu.com\/\">P\u00e0gina web<\/a> (<a href=\"https:\/\/www.sikkhonaedu.com\/kitedu\">Kit EDU<\/a>)<\/span><\/span><\/li>\n<\/ul>\n<\/li>\n<\/ul>\n<\/td>\n<\/tr>\n<\/tbody>\n<\/table>\n","protected":false},"excerpt":{"rendered":"<p>\u27a1 RESERVES &#8211; Curs 2024-25\u00a0\u27a1 &nbsp; CONTES SOBRE VALORS Es tracta d&#8217;una caixa de nou contes infantils enfocats a treballar diferents valors. Aquests s\u00f3n els contes seleccionats: N\u2019has fet de tots colors, Lia! Orelles de papallona Tinc un volc\u00e0 (0-8 anys) La Berta i les ulleres de visi\u00f3 emp\u00e0tica El fil invisible (a partir de [&hellip;]<\/p>\n","protected":false},"author":1,"featured_media":0,"parent":20503,"menu_order":5,"comment_status":"closed","ping_status":"closed","template":"page-templates\/side-menu.php","meta":{"_bbp_topic_count":0,"_bbp_reply_count":0,"_bbp_total_topic_count":0,"_bbp_total_reply_count":0,"_bbp_voice_count":0,"_bbp_anonymous_reply_count":0,"_bbp_topic_count_hidden":0,"_bbp_reply_count_hidden":0,"_bbp_forum_subforum_count":0,"site-sidebar-layout":"default","site-content-layout":"","ast-site-content-layout":"","site-content-style":"default","site-sidebar-style":"default","ast-global-header-display":"","ast-banner-title-visibility":"","ast-main-header-display":"","ast-hfb-above-header-display":"","ast-hfb-below-header-display":"","ast-hfb-mobile-header-display":"","site-post-title":"","ast-breadcrumbs-content":"","ast-featured-img":"","footer-sml-layout":"","theme-transparent-header-meta":"","adv-header-id-meta":"","stick-header-meta":"","header-above-stick-meta":"","header-main-stick-meta":"","header-below-stick-meta":"","astra-migrate-meta-layouts":"default","ast-page-background-enabled":"default","ast-page-background-meta":{"desktop":{"background-color":"var(--ast-global-color-4)","background-image":"","background-repeat":"repeat","background-position":"center center","background-size":"auto","background-attachment":"scroll","background-type":"","background-media":"","overlay-type":"","overlay-color":"","overlay-opacity":"","overlay-gradient":""},"tablet":{"background-color":"","background-image":"","background-repeat":"repeat","background-position":"center center","background-size":"auto","background-attachment":"scroll","background-type":"","background-media":"","overlay-type":"","overlay-color":"","overlay-opacity":"","overlay-gradient":""},"mobile":{"background-color":"","background-image":"","background-repeat":"repeat","background-position":"center center","background-size":"auto","background-attachment":"scroll","background-type":"","background-media":"","overlay-type":"","overlay-color":"","overlay-opacity":"","overlay-gradient":""}},"ast-content-background-meta":{"desktop":{"background-color":"var(--ast-global-color-5)","background-image":"","background-repeat":"repeat","background-position":"center center","background-size":"auto","background-attachment":"scroll","background-type":"","background-media":"","overlay-type":"","overlay-color":"","overlay-opacity":"","overlay-gradient":""},"tablet":{"background-color":"var(--ast-global-color-5)","background-image":"","background-repeat":"repeat","background-position":"center center","background-size":"auto","background-attachment":"scroll","background-type":"","background-media":"","overlay-type":"","overlay-color":"","overlay-opacity":"","overlay-gradient":""},"mobile":{"background-color":"var(--ast-global-color-5)","background-image":"","background-repeat":"repeat","background-position":"center center","background-size":"auto","background-attachment":"scroll","background-type":"","background-media":"","overlay-type":"","overlay-color":"","overlay-opacity":"","overlay-gradient":""}},"footnotes":""},"class_list":["post-22490","page","type-page","status-publish","hentry"],"post_mailing_queue_ids":[],"_links":{"self":[{"href":"https:\/\/serveiseducatius.xtec.cat\/vallesoriental4\/wp-json\/wp\/v2\/pages\/22490","targetHints":{"allow":["GET"]}}],"collection":[{"href":"https:\/\/serveiseducatius.xtec.cat\/vallesoriental4\/wp-json\/wp\/v2\/pages"}],"about":[{"href":"https:\/\/serveiseducatius.xtec.cat\/vallesoriental4\/wp-json\/wp\/v2\/types\/page"}],"author":[{"embeddable":true,"href":"https:\/\/serveiseducatius.xtec.cat\/vallesoriental4\/wp-json\/wp\/v2\/users\/1"}],"replies":[{"embeddable":true,"href":"https:\/\/serveiseducatius.xtec.cat\/vallesoriental4\/wp-json\/wp\/v2\/comments?post=22490"}],"version-history":[{"count":6,"href":"https:\/\/serveiseducatius.xtec.cat\/vallesoriental4\/wp-json\/wp\/v2\/pages\/22490\/revisions"}],"predecessor-version":[{"id":22740,"href":"https:\/\/serveiseducatius.xtec.cat\/vallesoriental4\/wp-json\/wp\/v2\/pages\/22490\/revisions\/22740"}],"up":[{"embeddable":true,"href":"https:\/\/serveiseducatius.xtec.cat\/vallesoriental4\/wp-json\/wp\/v2\/pages\/20503"}],"wp:attachment":[{"href":"https:\/\/serveiseducatius.xtec.cat\/vallesoriental4\/wp-json\/wp\/v2\/media?parent=22490"}],"curies":[{"name":"wp","href":"https:\/\/api.w.org\/{rel}","templated":true}]}}