{"id":22488,"date":"2024-07-04T10:40:36","date_gmt":"2024-07-04T08:40:36","guid":{"rendered":"https:\/\/serveiseducatius.xtec.cat\/vallesoriental4\/?page_id=22488"},"modified":"2024-09-16T09:51:53","modified_gmt":"2024-09-16T07:51:53","slug":"sostenibilitat","status":"publish","type":"page","link":"https:\/\/serveiseducatius.xtec.cat\/vallesoriental4\/recursos\/servei-de-prestec\/sostenibilitat\/","title":{"rendered":"Sostenibilitat"},"content":{"rendered":"<h3 style=\"text-align: center;\"><strong>\u27a1 <a href=\"https:\/\/docs.google.com\/spreadsheets\/d\/1DFQu_flzXFE8L6zQRQl1l9bApHhr76k5S0kQRCWHukw\/edit?gid=920842986#gid=920842986\">RESERVES &#8211; Curs 2024-25<\/a>\u00a0\u27a1<\/strong><\/h3>\n<p>&nbsp;<\/p>\n<table style=\"border-collapse: collapse; width: 100%; height: 128px;\">\n<tbody>\n<tr style=\"height: 32px;\">\n<td style=\"height: 96px; width: 21.3836%; background-color: #f0f0f0;\"><img loading=\"lazy\" decoding=\"async\" class=\"aligncenter wp-image-20871 \" src=\"https:\/\/serveiseducatius.xtec.cat\/vallesoriental4\/wp-content\/uploads\/usu1133\/2023\/11\/Kit-Correcull-vista-exterior-e1701704447470-233x300.jpeg\" alt=\"\" width=\"153\" height=\"197\" srcset=\"https:\/\/serveiseducatius.xtec.cat\/vallesoriental4\/wp-content\/uploads\/usu1133\/2023\/11\/Kit-Correcull-vista-exterior-e1701704447470-233x300.jpeg 233w, https:\/\/serveiseducatius.xtec.cat\/vallesoriental4\/wp-content\/uploads\/usu1133\/2023\/11\/Kit-Correcull-vista-exterior-e1701704447470-796x1024.jpeg 796w, https:\/\/serveiseducatius.xtec.cat\/vallesoriental4\/wp-content\/uploads\/usu1133\/2023\/11\/Kit-Correcull-vista-exterior-e1701704447470-768x988.jpeg 768w, https:\/\/serveiseducatius.xtec.cat\/vallesoriental4\/wp-content\/uploads\/usu1133\/2023\/11\/Kit-Correcull-vista-exterior-e1701704447470.jpeg 1054w\" sizes=\"auto, (max-width: 153px) 100vw, 153px\" \/><\/p>\n<p><img loading=\"lazy\" decoding=\"async\" class=\"wp-image-20967 aligncenter\" src=\"https:\/\/serveiseducatius.xtec.cat\/vallesoriental4\/wp-content\/uploads\/usu1133\/2023\/12\/Kit-Correcull-vista-interior-225x300.jpeg\" alt=\"\" width=\"149\" height=\"199\" srcset=\"https:\/\/serveiseducatius.xtec.cat\/vallesoriental4\/wp-content\/uploads\/usu1133\/2023\/12\/Kit-Correcull-vista-interior-225x300.jpeg 225w, https:\/\/serveiseducatius.xtec.cat\/vallesoriental4\/wp-content\/uploads\/usu1133\/2023\/12\/Kit-Correcull-vista-interior-768x1024.jpeg 768w, https:\/\/serveiseducatius.xtec.cat\/vallesoriental4\/wp-content\/uploads\/usu1133\/2023\/12\/Kit-Correcull-vista-interior-1152x1536.jpeg 1152w, https:\/\/serveiseducatius.xtec.cat\/vallesoriental4\/wp-content\/uploads\/usu1133\/2023\/12\/Kit-Correcull-vista-interior-rotated.jpeg 1536w\" sizes=\"auto, (max-width: 149px) 100vw, 149px\" \/><\/p>\n<p><img loading=\"lazy\" decoding=\"async\" class=\"aligncenter wp-image-20867 \" src=\"https:\/\/serveiseducatius.xtec.cat\/vallesoriental4\/wp-content\/uploads\/usu1133\/2023\/11\/Bosses-individuals-amb-nansa-rotated-e1701704497931-191x300.jpeg\" alt=\"\" width=\"136\" height=\"214\" srcset=\"https:\/\/serveiseducatius.xtec.cat\/vallesoriental4\/wp-content\/uploads\/usu1133\/2023\/11\/Bosses-individuals-amb-nansa-rotated-e1701704497931-191x300.jpeg 191w, https:\/\/serveiseducatius.xtec.cat\/vallesoriental4\/wp-content\/uploads\/usu1133\/2023\/11\/Bosses-individuals-amb-nansa-rotated-e1701704497931-651x1024.jpeg 651w, https:\/\/serveiseducatius.xtec.cat\/vallesoriental4\/wp-content\/uploads\/usu1133\/2023\/11\/Bosses-individuals-amb-nansa-rotated-e1701704497931-768x1208.jpeg 768w, https:\/\/serveiseducatius.xtec.cat\/vallesoriental4\/wp-content\/uploads\/usu1133\/2023\/11\/Bosses-individuals-amb-nansa-rotated-e1701704497931-976x1536.jpeg 976w, https:\/\/serveiseducatius.xtec.cat\/vallesoriental4\/wp-content\/uploads\/usu1133\/2023\/11\/Bosses-individuals-amb-nansa-rotated-e1701704497931.jpeg 1259w\" sizes=\"auto, (max-width: 136px) 100vw, 136px\" \/><\/td>\n<td style=\"height: 96px; width: 55.1899%; background-color: #f0f0f0;\">\n<p style=\"text-align: center;\"><strong>KIT CORRECULL <span style=\"color: #ff6600;\">(Novetat 23-24!)<\/span><\/strong><\/p>\n<p>Kit de recollida de residus l\u2019objectiu del qual \u00e9s facilitar l\u2019acc\u00e9s a material reutilitzable i compartit per dur a terme alguna campanya ambiental al llarg del curs, el <a href=\"https:\/\/residus.gencat.cat\/ca\/ambits_dactuacio\/prevencio\/setmana_europea\/lets_clean_up_europe\/\">Let&#8217;s Clean Up<\/a> o el mateix projecte <a href=\"https:\/\/serveiseducatius.xtec.cat\/altemporda\/xarxa-descoles-del-pn-cap-de-creus\/correcull-ae\/\">Correcull<\/a>.<\/p>\n<table class=\" aligncenter\" style=\"height: 559px; width: 54.8155%; border-collapse: collapse;\">\n<tbody>\n<tr style=\"height: 32px;\">\n<td style=\"width: 21.4949%; text-align: right; height: 32px;\"><strong>DESCRIPTOR<\/strong><\/td>\n<td style=\"width: 52.4807%; height: 32px;\">Contenidor serigrafiat de residus amb rodes<\/td>\n<\/tr>\n<tr style=\"height: 32px;\">\n<td style=\"width: 21.4949%; text-align: right; height: 32px;\"><strong>DIMENSIONS<\/strong><\/td>\n<td style=\"width: 52.4807%; height: 32px;\">40\u202fcm * 90\u202fcm<\/td>\n<\/tr>\n<tr style=\"height: 32px;\">\n<td style=\"width: 21.4949%; text-align: right; height: 32px;\"><strong>PES<\/strong><\/td>\n<td style=\"width: 52.4807%; height: 32px;\">15\u202fkg<\/td>\n<\/tr>\n<tr style=\"height: 32px;\">\n<td style=\"width: 73.9756%; text-align: center; height: 32px;\" colspan=\"2\"><strong>LLISTAT DE MATERIAL<\/strong><\/td>\n<\/tr>\n<tr style=\"height: 32px;\">\n<td style=\"width: 21.4949%; text-align: right; height: 32px;\">Quantitat<\/td>\n<td style=\"width: 52.4807%; text-align: left; height: 32px;\">Element<\/td>\n<\/tr>\n<tr style=\"height: 415px;\">\n<td style=\"width: 21.4949%; height: 240px;\">\n<p style=\"text-align: right;\">1<\/p>\n<p style=\"text-align: right;\">15<\/p>\n<p style=\"text-align: right;\">25<\/p>\n<p style=\"text-align: right;\">40<\/p>\n<p style=\"text-align: right;\">20<\/p>\n<p style=\"text-align: right;\">20<\/p>\n<p style=\"text-align: right;\">5<\/p>\n<p style=\"text-align: right;\">10<\/p>\n<p style=\"text-align: right;\">1<\/p>\n<p style=\"text-align: right;\">1<\/p>\n<p style=\"text-align: right;\">1<\/p>\n<\/td>\n<td style=\"width: 52.4807%; height: 240px;\">Retolador no permanent<\/p>\n<p>Parells de guants S (rivet blanc)<\/p>\n<p>Parells de guants negres<\/p>\n<p>Parells de guants L (rivet groc)<\/p>\n<p>Bosses individuals transparents<\/p>\n<p>Bosses individuals de nansa<\/p>\n<p>Sacs grans per indicar tipologies de residus<\/p>\n<p>Pinces de recollida de residus<\/p>\n<p>Balan\u00e7a 30\u202fkg<\/p>\n<p>Banderola reutilitzable objectius aconseguits<\/p>\n<p>Fitxa resultats<\/td>\n<\/tr>\n<\/tbody>\n<\/table>\n<p>&nbsp;<\/p>\n<p>&nbsp;<\/p>\n<p>&nbsp;<\/p>\n<p>&nbsp;<\/p>\n<p>&nbsp;<\/p>\n<ul>\n<li style=\"list-style-type: none;\">\n<ul>\n<li><a href=\"https:\/\/serveiseducatius.xtec.cat\/vallesoriental4\/general\/el-kit-correcull-arriba-al-valles-oriental-iv\/\" target=\"_blank\" rel=\"noopener\">Fotos i descripci\u00f3 dels elements<\/a><\/li>\n<li><a href=\"https:\/\/www.youtube.com\/watch?v=LTPtG9yK5FA&amp;list=PLWQMeO43vsueEtgFxhJpuMo51exlEV0Ji\">TOP 10 residus a la natura (v\u00eddeo, 1&#8242; 30&#8221;)<\/a><\/li>\n<\/ul>\n<\/li>\n<\/ul>\n<\/td>\n<\/tr>\n<tr style=\"height: 96px;\">\n<td style=\"height: 96px; width: 21.3836%; background-color: #efffeb;\"><a href=\"https:\/\/serveiseducatius.xtec.cat\/vallesoriental4\/wp-content\/uploads\/usu1133\/2023\/06\/residu-zero-scaled-1.jpg\"><img loading=\"lazy\" decoding=\"async\" class=\"wp-image-19621 aligncenter\" src=\"https:\/\/serveiseducatius.xtec.cat\/vallesoriental4\/wp-content\/uploads\/usu1133\/2023\/06\/residu-zero-scaled-1-1024x562.jpg\" alt=\"\" width=\"353\" height=\"194\" srcset=\"https:\/\/serveiseducatius.xtec.cat\/vallesoriental4\/wp-content\/uploads\/usu1133\/2023\/06\/residu-zero-scaled-1-1024x562.jpg 1024w, https:\/\/serveiseducatius.xtec.cat\/vallesoriental4\/wp-content\/uploads\/usu1133\/2023\/06\/residu-zero-scaled-1-300x165.jpg 300w, https:\/\/serveiseducatius.xtec.cat\/vallesoriental4\/wp-content\/uploads\/usu1133\/2023\/06\/residu-zero-scaled-1-768x421.jpg 768w, https:\/\/serveiseducatius.xtec.cat\/vallesoriental4\/wp-content\/uploads\/usu1133\/2023\/06\/residu-zero-scaled-1-1536x842.jpg 1536w, https:\/\/serveiseducatius.xtec.cat\/vallesoriental4\/wp-content\/uploads\/usu1133\/2023\/06\/residu-zero-scaled-1-2048x1123.jpg 2048w\" sizes=\"auto, (max-width: 353px) 100vw, 353px\" \/><\/a><\/p>\n<p><img loading=\"lazy\" decoding=\"async\" class=\"size-medium wp-image-20976 aligncenter\" src=\"https:\/\/serveiseducatius.xtec.cat\/vallesoriental4\/wp-content\/uploads\/usu1133\/2023\/12\/residu-zero-300x225.jpg\" alt=\"\" width=\"300\" height=\"225\" srcset=\"https:\/\/serveiseducatius.xtec.cat\/vallesoriental4\/wp-content\/uploads\/usu1133\/2023\/12\/residu-zero-300x225.jpg 300w, https:\/\/serveiseducatius.xtec.cat\/vallesoriental4\/wp-content\/uploads\/usu1133\/2023\/12\/residu-zero-768x576.jpg 768w, https:\/\/serveiseducatius.xtec.cat\/vallesoriental4\/wp-content\/uploads\/usu1133\/2023\/12\/residu-zero-200x150.jpg 200w, https:\/\/serveiseducatius.xtec.cat\/vallesoriental4\/wp-content\/uploads\/usu1133\/2023\/12\/residu-zero.jpg 1000w\" sizes=\"auto, (max-width: 300px) 100vw, 300px\" \/><\/td>\n<td style=\"height: 96px; width: 55.1899%; background-color: #efffeb;\">\n<p style=\"text-align: center;\"><strong>MISSI\u00d3 ESPACIAL: RESIDU ZERO. <\/strong><span style=\"color: #000000;\">Un viatge gal\u00e0ctic a l&#8217;univers del reciclatge<\/span><\/p>\n<p style=\"text-align: justify;\">Recurs pedag\u00f2gic impulsat per l\u2019Ag\u00e8ncia de Residus de Catalunya, amb l\u2019objectiu de crear materials i continguts per al professorat per tal d\u2019explicar a l\u2019alumnat la gesti\u00f3 dels residus, comen\u00e7ant per la prevenci\u00f3 i acabant amb el reciclatge dels materials. Va dirigit especialment a infants de prim\u00e0ria. Dins la caixa hi ha:<\/p>\n<ul>\n<li style=\"text-align: justify;\">Un conte, que \u00e9s la base sobre la qual es treballen la resta de materials.<\/li>\n<li style=\"text-align: justify;\">Un cartell A3, perqu\u00e8 pengeu a l\u2019aula o a l\u2019escola.<\/li>\n<li style=\"text-align: justify;\">Una guia docent per al professorat.<\/li>\n<li style=\"text-align: justify;\">Cinc jocs diferents per incorporar i consolidar coneixements sobre els residus i la seva gesti\u00f3.<\/li>\n<\/ul>\n<p style=\"text-align: justify;\">Cada centre o docent pot adaptar els materials segons li convingui (amb l\u2019ajuda de la Guia Docent). El conte \u00e9s la base per explicar la resta de materials de la capsa i hi ha cinc jocs pensats per dividir l\u2019aula en grups i jugar-hi. Un cop s\u2019ha participat en tots els jocs, hi ha un Trivial en l\u00ednia penjat a la web que es pot jugar en els mateixos grups o b\u00e9 amb tota la classe.<\/p>\n<ul>\n<li style=\"list-style-type: none;\">\n<ul>\n<li><a href=\"https:\/\/www.missioresiduzero.cat\/wp-content\/uploads\/2023\/03\/GuiaDocentZero.pdf\">Guia docent<\/a><\/li>\n<li><a href=\"https:\/\/www.youtube.com\/watch?v=SgCdetTfnNE\">Miss\u00f3 Espacial. Residuscat<\/a> (Youtube 1&#8242;)<\/li>\n<\/ul>\n<\/li>\n<\/ul>\n<\/td>\n<\/tr>\n<tr style=\"height: 96px;\">\n<td style=\"height: 96px; width: 21.3836%; background-color: #f0f0f0;\"><img loading=\"lazy\" decoding=\"async\" class=\"alignnone size-medium wp-image-20972\" src=\"https:\/\/serveiseducatius.xtec.cat\/vallesoriental4\/wp-content\/uploads\/usu1133\/2023\/12\/motxilla1-300x285.png\" alt=\"\" width=\"300\" height=\"285\" srcset=\"https:\/\/serveiseducatius.xtec.cat\/vallesoriental4\/wp-content\/uploads\/usu1133\/2023\/12\/motxilla1-300x285.png 300w, https:\/\/serveiseducatius.xtec.cat\/vallesoriental4\/wp-content\/uploads\/usu1133\/2023\/12\/motxilla1-768x730.png 768w, https:\/\/serveiseducatius.xtec.cat\/vallesoriental4\/wp-content\/uploads\/usu1133\/2023\/12\/motxilla1.png 818w\" sizes=\"auto, (max-width: 300px) 100vw, 300px\" \/><\/td>\n<td style=\"height: 96px; width: 55.1899%; background-color: #f0f0f0;\">\n<p style=\"text-align: center;\"><strong>MOTXILLA BIOCLIM\u00c0TICA<\/strong><\/p>\n<p style=\"text-align: justify;\">Recurs educatiu que t\u00e9 com a finalitat apropar l\u2019alumnat a l\u2019aprenentatge de les ci\u00e8ncies i la tecnologia en q\u00fcestions tant rellevants socialment i significatives com s\u00f3n la limitaci\u00f3 de recursos f\u00f2ssils, la seguretat energ\u00e8tica, el canvi clim\u00e0tic i la salut, des d\u2019una \u00f2ptica experimental i vivencial. La motxilla bioclim\u00e0tica parteix del material elaborat pels professionals del camp d\u2019aprenentatge \u201cLes Obagues\u201d de Juneda.<\/p>\n<ul style=\"text-align: justify;\">\n<li>Proposta did\u00e0ctica<\/li>\n<\/ul>\n<p style=\"text-align: justify;\">Ofereix la possibilitat d\u2019aprendre a utilitzar un conjunt d\u2019aparells de mesura que permeten fer una auditoria bioclim\u00e0tica d\u2019una aula i\/o centre educatiu, relacionades amb l\u2019efici\u00e8ncia energ\u00e8tica i clim\u00e0tica, la qualitat de l\u2019aire i la salut. \u00a0El programa did\u00e0ctic \u00e9s una aportaci\u00f3 sobretot de caire metodol\u00f2gic, pensat per millorar les compet\u00e8ncies i el rendiment acad\u00e8mic en ci\u00e8ncies i tecnologia de l\u2019alumnat.<\/p>\n<ul style=\"text-align: justify;\">\n<li><a href=\"https:\/\/docs.google.com\/document\/d\/1v7NQUMlSMhMSOfy1AT6mVJcWI4Cpp4_IYfVJX8xXJv8\/edit?usp=sharing\">Aparells de mesura<\/a><\/li>\n<\/ul>\n<p style=\"text-align: justify;\">La motxilla est\u00e0 constitu\u00efda per un conjunt d\u2019aparells de mesura professionals que permeten la mesura de variables ambientals a partir de les quals es fonamenta el treball experimental i l\u2019an\u00e0lisi de resultats.<\/p>\n<ul>\n<li style=\"list-style-type: none;\">\n<ul>\n<li><a href=\"https:\/\/drive.google.com\/drive\/folders\/1aytiUH5jVS8ekRZYjP1SZBu35-0whtq7?usp=sharing\">Documents guia<\/a><\/li>\n<li><a style=\"color: #2795b6;\" href=\"https:\/\/agora.xtec.cat\/cesire\/categoria\/projectes\/motxillabio\/\">Font informaci\u00f3: CESIRE<\/a><\/li>\n<li><a href=\"http:\/\/xtec.gencat.cat\/ca\/projectes\/motxillabioclimatica\/\">M\u00e9s informaci\u00f3 (XTEC)<\/a><\/li>\n<\/ul>\n<\/li>\n<\/ul>\n<\/td>\n<\/tr>\n<tr style=\"height: 56px;\">\n<td style=\"height: 25px; width: 21.3836%; background-color: #efffeb;\"><strong><a href=\"https:\/\/serveiseducatius.xtec.cat\/vallesoriental4\/wp-content\/uploads\/usu1133\/2020\/11\/20150122_134354-e1476348530219.jpg\"><img loading=\"lazy\" decoding=\"async\" class=\"wp-image-15268 aligncenter\" src=\"https:\/\/serveiseducatius.xtec.cat\/vallesoriental4\/wp-content\/uploads\/usu1133\/2020\/11\/20150122_134354-e1476348530219.jpg\" alt=\"\" width=\"159\" height=\"119\" srcset=\"https:\/\/serveiseducatius.xtec.cat\/vallesoriental4\/wp-content\/uploads\/usu1133\/2020\/11\/20150122_134354-e1476348530219.jpg 210w, https:\/\/serveiseducatius.xtec.cat\/vallesoriental4\/wp-content\/uploads\/usu1133\/2020\/11\/20150122_134354-e1476348530219-200x150.jpg 200w\" sizes=\"auto, (max-width: 159px) 100vw, 159px\" \/><\/a><\/strong><\/td>\n<td style=\"height: 25px; width: 55.1899%; background-color: #efffeb;\">\n<p style=\"text-align: center;\"><strong>RECURSOS D&#8217;EDUCACI\u00d3 AMBIENTAL<\/strong><\/p>\n<p>Recursos d\u2019educaci\u00f3 ambiental\u00a0proporcionats des del Consorci per a la Gesti\u00f3 de Residus del Vall\u00e8s Oriental. Tenen com a finalitat treballar a l\u2019aula diferents aspectes sobre els residus.<\/td>\n<\/tr>\n<\/tbody>\n<\/table>\n<p>&nbsp;<\/p>\n<table style=\"border-collapse: collapse;\">\n<tbody>\n<tr style=\"height: 56px;\">\n<td style=\"height: 56px; width: 21.3836%; background-color: #f0f0f0;\"><span style=\"font-weight: 400;\"><a href=\"https:\/\/serveiseducatius.xtec.cat\/vallesoriental4\/wp-content\/uploads\/usu1133\/2020\/11\/hortet.png\"><img loading=\"lazy\" decoding=\"async\" class=\" wp-image-15257 aligncenter\" src=\"https:\/\/serveiseducatius.xtec.cat\/vallesoriental4\/wp-content\/uploads\/usu1133\/2020\/11\/hortet-245x300.png\" alt=\"\" width=\"201\" height=\"246\" srcset=\"https:\/\/serveiseducatius.xtec.cat\/vallesoriental4\/wp-content\/uploads\/usu1133\/2020\/11\/hortet-245x300.png 245w, https:\/\/serveiseducatius.xtec.cat\/vallesoriental4\/wp-content\/uploads\/usu1133\/2020\/11\/hortet.png 450w\" sizes=\"auto, (max-width: 201px) 100vw, 201px\" \/><\/a><\/span><\/td>\n<td style=\"height: 56px; width: 55.1899%; text-align: center; background-color: #f0f0f0;\"><strong>DE L&#8217;HORT A CASA<\/strong><\/p>\n<p style=\"text-align: justify;\">Recull de materials did\u00e0ctics adre\u00e7at a l\u2019alumnat i el professorat de prim\u00e0ria i secund\u00e0ria. L&#8217;objectiu \u00e9s desenvolupar compet\u00e8ncies orientades a fer un \u00fas responsable dels recursos naturals i tenir cura del medi ambient. Materials: HorTAC, Calendari de l\u2019hort escolar ecol\u00f2gic, Guia de les esp\u00e8cies m\u00e9s comunes d\u2019horta a Catalunya, L\u2019hort escolar ecol\u00f2gic\u2026<\/p>\n<ul>\n<li style=\"list-style-type: none;\">\n<ul>\n<li style=\"list-style-type: none;\">\n<ul>\n<li style=\"list-style-type: none;\">\n<ul>\n<li style=\"text-align: justify;\"><a href=\"https:\/\/pae.gencat.cat\/web\/.content\/al_alimentacio\/al01_pae\/05_publicacions_material_referencia\/arxius\/guia_professors.pdf\">Guia del professorat<\/a><\/li>\n<\/ul>\n<\/li>\n<\/ul>\n<\/li>\n<\/ul>\n<\/li>\n<\/ul>\n<\/td>\n<\/tr>\n<\/tbody>\n<\/table>\n","protected":false},"excerpt":{"rendered":"<p>\u27a1 RESERVES &#8211; Curs 2024-25\u00a0\u27a1 &nbsp; KIT CORRECULL (Novetat 23-24!) Kit de recollida de residus l\u2019objectiu del qual \u00e9s facilitar l\u2019acc\u00e9s a material reutilitzable i compartit per dur a terme alguna campanya ambiental al llarg del curs, el Let&#8217;s Clean Up o el mateix projecte Correcull. DESCRIPTOR Contenidor serigrafiat de residus amb rodes DIMENSIONS 40\u202fcm [&hellip;]<\/p>\n","protected":false},"author":1,"featured_media":0,"parent":20503,"menu_order":4,"comment_status":"closed","ping_status":"closed","template":"page-templates\/side-menu.php","meta":{"_bbp_topic_count":0,"_bbp_reply_count":0,"_bbp_total_topic_count":0,"_bbp_total_reply_count":0,"_bbp_voice_count":0,"_bbp_anonymous_reply_count":0,"_bbp_topic_count_hidden":0,"_bbp_reply_count_hidden":0,"_bbp_forum_subforum_count":0,"site-sidebar-layout":"default","site-content-layout":"","ast-site-content-layout":"","site-content-style":"default","site-sidebar-style":"default","ast-global-header-display":"","ast-banner-title-visibility":"","ast-main-header-display":"","ast-hfb-above-header-display":"","ast-hfb-below-header-display":"","ast-hfb-mobile-header-display":"","site-post-title":"","ast-breadcrumbs-content":"","ast-featured-img":"","footer-sml-layout":"","theme-transparent-header-meta":"","adv-header-id-meta":"","stick-header-meta":"","header-above-stick-meta":"","header-main-stick-meta":"","header-below-stick-meta":"","astra-migrate-meta-layouts":"default","ast-page-background-enabled":"default","ast-page-background-meta":{"desktop":{"background-color":"var(--ast-global-color-4)","background-image":"","background-repeat":"repeat","background-position":"center center","background-size":"auto","background-attachment":"scroll","background-type":"","background-media":"","overlay-type":"","overlay-color":"","overlay-opacity":"","overlay-gradient":""},"tablet":{"background-color":"","background-image":"","background-repeat":"repeat","background-position":"center center","background-size":"auto","background-attachment":"scroll","background-type":"","background-media":"","overlay-type":"","overlay-color":"","overlay-opacity":"","overlay-gradient":""},"mobile":{"background-color":"","background-image":"","background-repeat":"repeat","background-position":"center center","background-size":"auto","background-attachment":"scroll","background-type":"","background-media":"","overlay-type":"","overlay-color":"","overlay-opacity":"","overlay-gradient":""}},"ast-content-background-meta":{"desktop":{"background-color":"var(--ast-global-color-5)","background-image":"","background-repeat":"repeat","background-position":"center center","background-size":"auto","background-attachment":"scroll","background-type":"","background-media":"","overlay-type":"","overlay-color":"","overlay-opacity":"","overlay-gradient":""},"tablet":{"background-color":"var(--ast-global-color-5)","background-image":"","background-repeat":"repeat","background-position":"center center","background-size":"auto","background-attachment":"scroll","background-type":"","background-media":"","overlay-type":"","overlay-color":"","overlay-opacity":"","overlay-gradient":""},"mobile":{"background-color":"var(--ast-global-color-5)","background-image":"","background-repeat":"repeat","background-position":"center center","background-size":"auto","background-attachment":"scroll","background-type":"","background-media":"","overlay-type":"","overlay-color":"","overlay-opacity":"","overlay-gradient":""}},"footnotes":""},"class_list":["post-22488","page","type-page","status-publish","hentry"],"post_mailing_queue_ids":[],"_links":{"self":[{"href":"https:\/\/serveiseducatius.xtec.cat\/vallesoriental4\/wp-json\/wp\/v2\/pages\/22488","targetHints":{"allow":["GET"]}}],"collection":[{"href":"https:\/\/serveiseducatius.xtec.cat\/vallesoriental4\/wp-json\/wp\/v2\/pages"}],"about":[{"href":"https:\/\/serveiseducatius.xtec.cat\/vallesoriental4\/wp-json\/wp\/v2\/types\/page"}],"author":[{"embeddable":true,"href":"https:\/\/serveiseducatius.xtec.cat\/vallesoriental4\/wp-json\/wp\/v2\/users\/1"}],"replies":[{"embeddable":true,"href":"https:\/\/serveiseducatius.xtec.cat\/vallesoriental4\/wp-json\/wp\/v2\/comments?post=22488"}],"version-history":[{"count":6,"href":"https:\/\/serveiseducatius.xtec.cat\/vallesoriental4\/wp-json\/wp\/v2\/pages\/22488\/revisions"}],"predecessor-version":[{"id":22636,"href":"https:\/\/serveiseducatius.xtec.cat\/vallesoriental4\/wp-json\/wp\/v2\/pages\/22488\/revisions\/22636"}],"up":[{"embeddable":true,"href":"https:\/\/serveiseducatius.xtec.cat\/vallesoriental4\/wp-json\/wp\/v2\/pages\/20503"}],"wp:attachment":[{"href":"https:\/\/serveiseducatius.xtec.cat\/vallesoriental4\/wp-json\/wp\/v2\/media?parent=22488"}],"curies":[{"name":"wp","href":"https:\/\/api.w.org\/{rel}","templated":true}]}}