{"id":21549,"date":"2024-02-26T14:31:02","date_gmt":"2024-02-26T13:31:02","guid":{"rendered":"https:\/\/serveiseducatius.xtec.cat\/vallesoriental4\/?page_id=21549"},"modified":"2025-11-21T10:42:07","modified_gmt":"2025-11-21T09:42:07","slug":"cultura-emprenedora-a-lescola","status":"publish","type":"page","link":"https:\/\/serveiseducatius.xtec.cat\/vallesoriental4\/cultura-emprenedora-a-lescola\/","title":{"rendered":"Cu Em E-Cultura Emprenedora a l&#8217;Escola"},"content":{"rendered":"<header class=\"archive-header\">\n<div class=\"archive-meta\">\n<h1><a href=\"https:\/\/www.diba.cat\/ca\/web\/cueme\" target=\"_blank\" rel=\"noopener\">Cu Em E (Diputaci\u00f3 de Barcelona)<\/a><\/h1>\n<p>El programa fomenta la cultura emprenedora i les compet\u00e8ncies b\u00e0siques en el cicle superior d\u2019educaci\u00f3 prim\u00e0ria. Durant un curs escolar, l\u2019alumnat crea i \u00a0gestiona una cooperativa escolar amb el \u00a0suport de l\u2019escola, l\u2019administraci\u00f3 local, \u00a0les empreses i altres entitats de la seva localitat.<\/p>\n<p><span style=\"color: #11b8b8;\"><strong>Centres participants:<\/strong><\/span><\/p>\n<p>ESC El Colomer (Bigues i Riells del Fai)<\/p>\n<p>ESC El Tur\u00f3 (Bigues i Riells del Fai)<\/p>\n<p>ESC Els Vinyals (Lli\u00e7\u00e0 de Vall)<\/p>\n<p>ESC Les Llisses (Lli\u00e7\u00e0 de Vall)<\/p>\n<p>ESC Calder\u00ed (Caldes de Montbui)<\/p>\n<p>ESC Rosa Oriol Anguera (Lli\u00e7\u00e0 d\u2019Amunt)<\/p>\n<p>ESC Montbui (Caldes de Montbui)<\/p>\n<p><span style=\"color: #11b8b8;\"><a style=\"color: #11b8b8;\" href=\"http:\/\/Fem que les arts transformin l\u2019escola. Fem Baldiri!     INFORMACI\u00d3 I INSCRIPCIONS No sabeu si el vostre projecte \u00e9s Baldiri? Contacteu amb nosaltres per correu electr\u00f2nic o tel\u00e8fon i us assessorarem en quina categoria podria encaixar. No perdeu l\u2019oportunitat d\u2019impulsar els vostres projectes!     elsbaldiri@fundaciocarulla.cat  T. 667 150 013  De dilluns a divendres, de 9 a 14 h    La convocat\u00f2ria estar\u00e0 oberta fins al dia 26 de gener del 2026.\" data-wplink-url-error=\"true\"><strong>M\u00e9s informaci\u00f3<\/strong><\/a><\/span><\/p>\n<\/div>\n<\/header>\n","protected":false},"excerpt":{"rendered":"<p>Cu Em E (Diputaci\u00f3 de Barcelona) El programa fomenta la cultura emprenedora i les compet\u00e8ncies b\u00e0siques en el cicle superior d\u2019educaci\u00f3 prim\u00e0ria. Durant un curs escolar, l\u2019alumnat crea i \u00a0gestiona una cooperativa escolar amb el \u00a0suport de l\u2019escola, l\u2019administraci\u00f3 local, \u00a0les empreses i altres entitats de la seva localitat. Centres participants: ESC El Colomer (Bigues [&hellip;]<\/p>\n","protected":false},"author":1,"featured_media":0,"parent":0,"menu_order":0,"comment_status":"closed","ping_status":"closed","template":"","meta":{"_bbp_topic_count":0,"_bbp_reply_count":0,"_bbp_total_topic_count":0,"_bbp_total_reply_count":0,"_bbp_voice_count":0,"_bbp_anonymous_reply_count":0,"_bbp_topic_count_hidden":0,"_bbp_reply_count_hidden":0,"_bbp_forum_subforum_count":0,"site-sidebar-layout":"default","site-content-layout":"","ast-site-content-layout":"default","site-content-style":"default","site-sidebar-style":"default","ast-global-header-display":"","ast-banner-title-visibility":"","ast-main-header-display":"","ast-hfb-above-header-display":"","ast-hfb-below-header-display":"","ast-hfb-mobile-header-display":"","site-post-title":"","ast-breadcrumbs-content":"","ast-featured-img":"","footer-sml-layout":"","theme-transparent-header-meta":"","adv-header-id-meta":"","stick-header-meta":"","header-above-stick-meta":"","header-main-stick-meta":"","header-below-stick-meta":"","astra-migrate-meta-layouts":"set","ast-page-background-enabled":"default","ast-page-background-meta":{"desktop":{"background-color":"var(--ast-global-color-4)","background-image":"","background-repeat":"repeat","background-position":"center center","background-size":"auto","background-attachment":"scroll","background-type":"","background-media":"","overlay-type":"","overlay-color":"","overlay-opacity":"","overlay-gradient":""},"tablet":{"background-color":"","background-image":"","background-repeat":"repeat","background-position":"center center","background-size":"auto","background-attachment":"scroll","background-type":"","background-media":"","overlay-type":"","overlay-color":"","overlay-opacity":"","overlay-gradient":""},"mobile":{"background-color":"","background-image":"","background-repeat":"repeat","background-position":"center center","background-size":"auto","background-attachment":"scroll","background-type":"","background-media":"","overlay-type":"","overlay-color":"","overlay-opacity":"","overlay-gradient":""}},"ast-content-background-meta":{"desktop":{"background-color":"var(--ast-global-color-5)","background-image":"","background-repeat":"repeat","background-position":"center center","background-size":"auto","background-attachment":"scroll","background-type":"","background-media":"","overlay-type":"","overlay-color":"","overlay-opacity":"","overlay-gradient":""},"tablet":{"background-color":"var(--ast-global-color-5)","background-image":"","background-repeat":"repeat","background-position":"center center","background-size":"auto","background-attachment":"scroll","background-type":"","background-media":"","overlay-type":"","overlay-color":"","overlay-opacity":"","overlay-gradient":""},"mobile":{"background-color":"var(--ast-global-color-5)","background-image":"","background-repeat":"repeat","background-position":"center center","background-size":"auto","background-attachment":"scroll","background-type":"","background-media":"","overlay-type":"","overlay-color":"","overlay-opacity":"","overlay-gradient":""}},"footnotes":""},"class_list":["post-21549","page","type-page","status-publish","hentry"],"post_mailing_queue_ids":[],"_links":{"self":[{"href":"https:\/\/serveiseducatius.xtec.cat\/vallesoriental4\/wp-json\/wp\/v2\/pages\/21549","targetHints":{"allow":["GET"]}}],"collection":[{"href":"https:\/\/serveiseducatius.xtec.cat\/vallesoriental4\/wp-json\/wp\/v2\/pages"}],"about":[{"href":"https:\/\/serveiseducatius.xtec.cat\/vallesoriental4\/wp-json\/wp\/v2\/types\/page"}],"author":[{"embeddable":true,"href":"https:\/\/serveiseducatius.xtec.cat\/vallesoriental4\/wp-json\/wp\/v2\/users\/1"}],"replies":[{"embeddable":true,"href":"https:\/\/serveiseducatius.xtec.cat\/vallesoriental4\/wp-json\/wp\/v2\/comments?post=21549"}],"version-history":[{"count":6,"href":"https:\/\/serveiseducatius.xtec.cat\/vallesoriental4\/wp-json\/wp\/v2\/pages\/21549\/revisions"}],"predecessor-version":[{"id":24041,"href":"https:\/\/serveiseducatius.xtec.cat\/vallesoriental4\/wp-json\/wp\/v2\/pages\/21549\/revisions\/24041"}],"wp:attachment":[{"href":"https:\/\/serveiseducatius.xtec.cat\/vallesoriental4\/wp-json\/wp\/v2\/media?parent=21549"}],"curies":[{"name":"wp","href":"https:\/\/api.w.org\/{rel}","templated":true}]}}