{"id":21089,"date":"2023-12-18T17:21:33","date_gmt":"2023-12-18T16:21:33","guid":{"rendered":"https:\/\/serveiseducatius.xtec.cat\/vallesoriental4\/?page_id=21089"},"modified":"2025-10-29T15:29:06","modified_gmt":"2025-10-29T14:29:06","slug":"centres-dinfantil-primaria-i-secundaria","status":"publish","type":"page","link":"https:\/\/serveiseducatius.xtec.cat\/vallesoriental4\/comunitat\/centres-educatius\/centres-dinfantil-primaria-i-secundaria\/","title":{"rendered":"Centres d&#8217;infantil, prim\u00e0ria i secund\u00e0ria"},"content":{"rendered":"<p>A la nostra zona atenem un total de 34 centres educatius: 19 escoles d&#8217;infantil i prim\u00e0ria, 9 instituts, 3 centres concertats, 2 instituts-escola i 1 centre privat.<\/p>\n<table class=\" aligncenter\" style=\"width: 81.9786%; height: 627px;\">\n<tbody>\n<tr style=\"height: 33px;\">\n<td style=\"height: 33px; width: 24.6484%;\">Aiguafreda<\/td>\n<td style=\"height: 33px; width: 27.9686%;\"><a href=\"https:\/\/agora.xtec.cat\/ceip-lamuntanya-aiguafreda\/\">Escola La Muntanya<\/a><\/td>\n<td style=\"height: 132px; width: 14.0011%;\" rowspan=\"4\">Lli\u00e7\u00e0 d\u2019Amunt<\/td>\n<td style=\"height: 33px; width: 34.4367%;\"><a href=\"https:\/\/agora.xtec.cat\/ceipmiquelmartipol\/\">Institut Escola Miquel Mart\u00ed i Pol<\/a><\/td>\n<\/tr>\n<tr style=\"height: 33px;\">\n<td style=\"height: 33px; width: 24.6484%;\">Figar\u00f3-Montmany<\/td>\n<td style=\"height: 33px; width: 27.9686%;\"><a href=\"https:\/\/agora.xtec.cat\/ceip-montmany\/\">Escola Montmany<\/a><\/td>\n<td style=\"height: 33px; width: 34.4367%;\"><a href=\"https:\/\/agora.xtec.cat\/esc-elspicots\/\">Escola Els Picots<\/a><\/td>\n<\/tr>\n<tr style=\"height: 33px;\">\n<td style=\"height: 264px; width: 24.6484%;\" rowspan=\"8\">La Garriga<\/td>\n<td style=\"height: 33px; width: 27.9686%;\"><a href=\"https:\/\/agora.xtec.cat\/escola-giroi\/\">Escola Giroi<\/a><\/td>\n<td style=\"height: 33px; width: 34.4367%;\"><a href=\"https:\/\/agora.xtec.cat\/escolarosaoriol\/\">Escola Rosa Oriol Anguera<\/a><\/td>\n<\/tr>\n<tr style=\"height: 33px;\">\n<td style=\"height: 33px; width: 27.9686%;\"><a href=\"https:\/\/agora.xtec.cat\/ceippuiggracios\/\">Escola Puiggraci\u00f3s<\/a><\/td>\n<td style=\"height: 33px; width: 34.4367%;\"><a href=\"https:\/\/agora.xtec.cat\/iesllica\/\">Institut Lli\u00e7\u00e0<\/a><\/td>\n<\/tr>\n<tr style=\"height: 33px;\">\n<td style=\"height: 33px; width: 27.9686%;\"><a href=\"http:\/\/www.escolatagamanent.cat\/\">Escola Tagamament<\/a><\/td>\n<td style=\"height: 99px; width: 14.0011%;\" rowspan=\"3\">Lli\u00e7\u00e0 de Vall<\/td>\n<td style=\"height: 33px; width: 34.4367%;\"><a href=\"https:\/\/agora.xtec.cat\/escolalesllisses\/\">Escola Les Llisses<\/a><\/td>\n<\/tr>\n<tr style=\"height: 33px;\">\n<td style=\"height: 33px; width: 27.9686%;\"><a href=\"https:\/\/agora.xtec.cat\/escelspinetons\/\">Escola Pinetons<\/a><\/td>\n<td style=\"text-align: left; height: 33px; width: 34.4367%;\"><a href=\"https:\/\/agora.xtec.cat\/escolaelsvinyals\/\">Escola Vinyals<\/a><\/td>\n<\/tr>\n<tr style=\"height: 33px;\">\n<td style=\"height: 33px; width: 27.9686%;\"><a href=\"https:\/\/www.vromana.cat\/\">Institut Vil\u00b7la Romana<\/a><\/td>\n<td style=\"height: 33px; width: 34.4367%;\"><a href=\"https:\/\/agora.xtec.cat\/ses-elvern\/\">Institut El Vern<\/a><\/td>\n<\/tr>\n<tr style=\"height: 33px;\">\n<td style=\"height: 33px; width: 27.9686%;\"><a href=\"http:\/\/institutmanuelblancafort.cat\/ca\/menu\/1-qui-som\/10-on-som\/\">Institut Manuel Blancafort<\/a><\/td>\n<td style=\"height: 165px; width: 14.0011%;\" rowspan=\"5\">Caldes de Montbui<\/td>\n<td style=\"height: 33px; width: 34.4367%;\"><a href=\"https:\/\/agora.xtec.cat\/ceipelfarell\/\">Escola El Farell<\/a><\/td>\n<\/tr>\n<tr style=\"height: 33px;\">\n<td style=\"height: 33px; width: 27.9686%;\"><a href=\"https:\/\/www.escolasantlluis.cat\/web\/\">Escola Sant Llu\u00eds<\/a>\u00a0(concertada)<\/td>\n<td style=\"height: 33px; width: 34.4367%;\"><a style=\"color: #2795b6;\" href=\"https:\/\/agora.xtec.cat\/escolamontbui\/\">Escola Montbui<\/a><\/td>\n<\/tr>\n<tr style=\"height: 33px;\">\n<td style=\"height: 33px; width: 27.9686%;\"><a href=\"https:\/\/www.sek.es\/en\/\">Escola SEK\u00a0<\/a>(privada)<\/td>\n<td style=\"height: 33px; width: 34.4367%;\"><a style=\"color: #2795b6;\" href=\"https:\/\/agora.xtec.cat\/iedecaldes\/\"><span style=\"background-color: #f9f9f9;\">Institut Escola Caldes de Montbui<\/span><\/a><\/td>\n<\/tr>\n<tr style=\"height: 33px;\">\n<td style=\"height: 99px; width: 24.6484%;\" rowspan=\"3\">L\u2019Ametlla del Vall\u00e8s<\/td>\n<td style=\"height: 33px; width: 27.9686%;\"><a href=\"https:\/\/agora.xtec.cat\/ceipberti\/\">Escola Bert\u00ed<\/a><\/td>\n<td style=\"height: 33px; width: 34.4367%;\"><a style=\"color: #2795b6;\" href=\"https:\/\/agora.xtec.cat\/iesmanolohugue\/\">Institut Manolo Hugu\u00e9<\/a><\/td>\n<\/tr>\n<tr style=\"height: 33px;\">\n<td style=\"height: 33px; width: 27.9686%;\"><a href=\"https:\/\/agora.xtec.cat\/ceipelscingles\/\">Escola Els Cingles<\/a><\/td>\n<td style=\"height: 33px; width: 34.4367%;\"><a style=\"color: #2795b6;\" href=\"http:\/\/caldes.escolapia.cat\/\">Escola Pia de Caldes<\/a><span style=\"background-color: #ffffff;\">\u00a0(concertada)<\/span><\/td>\n<\/tr>\n<tr style=\"height: 33px;\">\n<td style=\"height: 33px; width: 27.9686%;\"><a href=\"https:\/\/educaciodigital.cat\/inseugenixammar\/moodle\/\">Institut Eugeni Xammar<\/a><\/td>\n<td style=\"width: 14.0011%; height: 99px;\" rowspan=\"3\">Sant Feliu de Codines<\/td>\n<td style=\"height: 33px; width: 34.4367%;\"><a style=\"color: #2795b6;\" href=\"http:\/\/www.escolajaumebalmes.org\/\">Escola Jaume Balmes<\/a><\/td>\n<\/tr>\n<tr style=\"height: 33px;\">\n<td style=\"height: 99px; width: 24.6484%;\" rowspan=\"3\">Bigues i Riells del Fai<\/td>\n<td style=\"height: 33px; width: 27.9686%;\"><a href=\"https:\/\/agora.xtec.cat\/ceipelturomontcada\/\">Escola El Tur\u00f3<\/a><\/td>\n<td style=\"height: 33px; width: 34.4367%;\"><a style=\"color: #2795b6;\" href=\"https:\/\/agora.xtec.cat\/sesmcarrascoformiguera-sfc\/\">Institut Manuel Carrasco i Formiguera<\/a><\/td>\n<\/tr>\n<tr style=\"height: 33px;\">\n<td style=\"height: 33px; width: 27.9686%;\"><a href=\"https:\/\/agora.xtec.cat\/escolaelcolomer\/\">Escola El Colomer<\/a><\/td>\n<td style=\"height: 33px; width: 34.4367%;\"><a style=\"color: #2795b6;\" href=\"http:\/\/www.fedac.cat\/santfeliu.php\">FEDAC<\/a>\u00a0(concertada)<\/td>\n<\/tr>\n<tr style=\"height: 33px;\">\n<td style=\"height: 33px; width: 27.9686%;\"><a href=\"https:\/\/agora.xtec.cat\/insmariadebell-lloc\/\">Institut Maria Bell-lloc<\/a><\/td>\n<td style=\"width: 14.0011%; height: 132px;\" colspan=\"2\" rowspan=\"4\"><img loading=\"lazy\" decoding=\"async\" class=\"aligncenter size-full wp-image-23405\" src=\"https:\/\/serveiseducatius.xtec.cat\/vallesoriental4\/wp-content\/uploads\/usu1133\/2025\/06\/LOGO-SE-transparent.png\" alt=\"\" width=\"261\" height=\"193\" srcset=\"https:\/\/serveiseducatius.xtec.cat\/vallesoriental4\/wp-content\/uploads\/usu1133\/2025\/06\/LOGO-SE-transparent.png 261w, https:\/\/serveiseducatius.xtec.cat\/vallesoriental4\/wp-content\/uploads\/usu1133\/2025\/06\/LOGO-SE-transparent-200x148.png 200w\" sizes=\"auto, (max-width: 261px) 100vw, 261px\" \/><\/td>\n<\/tr>\n<tr style=\"height: 33px;\">\n<td style=\"height: 99px; width: 24.6484%;\" rowspan=\"3\">Santa Eul\u00e0lia de Ron\u00e7ana<\/td>\n<td style=\"height: 33px; width: 27.9686%;\"><a href=\"https:\/\/agora.xtec.cat\/escolaroncana\/\">Escola Ron\u00e7ana<\/a><\/td>\n<\/tr>\n<tr style=\"height: 33px;\">\n<td style=\"height: 33px; width: 27.9686%;\"><a href=\"https:\/\/agora.xtec.cat\/esc-lasagrera\/\">Escola La Sagrera<\/a><\/td>\n<\/tr>\n<tr style=\"height: 33px;\">\n<td style=\"height: 33px; width: 27.9686%;\"><a href=\"https:\/\/agora.xtec.cat\/iesvalltenes\/\">Institut La Vall De Tenes<\/a><\/td>\n<\/tr>\n<\/tbody>\n<\/table>\n","protected":false},"excerpt":{"rendered":"<p>A la nostra zona atenem un total de 34 centres educatius: 19 escoles d&#8217;infantil i prim\u00e0ria, 9 instituts, 3 centres concertats, 2 instituts-escola i 1 centre privat. Aiguafreda Escola La Muntanya Lli\u00e7\u00e0 d\u2019Amunt Institut Escola Miquel Mart\u00ed i Pol Figar\u00f3-Montmany Escola Montmany Escola Els Picots La Garriga Escola Giroi Escola Rosa Oriol Anguera Escola Puiggraci\u00f3s [&hellip;]<\/p>\n","protected":false},"author":1,"featured_media":0,"parent":338,"menu_order":1,"comment_status":"closed","ping_status":"closed","template":"","meta":{"_bbp_topic_count":0,"_bbp_reply_count":0,"_bbp_total_topic_count":0,"_bbp_total_reply_count":0,"_bbp_voice_count":0,"_bbp_anonymous_reply_count":0,"_bbp_topic_count_hidden":0,"_bbp_reply_count_hidden":0,"_bbp_forum_subforum_count":0,"site-sidebar-layout":"default","site-content-layout":"","ast-site-content-layout":"default","site-content-style":"default","site-sidebar-style":"default","ast-global-header-display":"","ast-banner-title-visibility":"","ast-main-header-display":"","ast-hfb-above-header-display":"","ast-hfb-below-header-display":"","ast-hfb-mobile-header-display":"","site-post-title":"","ast-breadcrumbs-content":"","ast-featured-img":"","footer-sml-layout":"","theme-transparent-header-meta":"","adv-header-id-meta":"","stick-header-meta":"","header-above-stick-meta":"","header-main-stick-meta":"","header-below-stick-meta":"","astra-migrate-meta-layouts":"set","ast-page-background-enabled":"default","ast-page-background-meta":{"desktop":{"background-color":"var(--ast-global-color-4)","background-image":"","background-repeat":"repeat","background-position":"center center","background-size":"auto","background-attachment":"scroll","background-type":"","background-media":"","overlay-type":"","overlay-color":"","overlay-opacity":"","overlay-gradient":""},"tablet":{"background-color":"","background-image":"","background-repeat":"repeat","background-position":"center center","background-size":"auto","background-attachment":"scroll","background-type":"","background-media":"","overlay-type":"","overlay-color":"","overlay-opacity":"","overlay-gradient":""},"mobile":{"background-color":"","background-image":"","background-repeat":"repeat","background-position":"center center","background-size":"auto","background-attachment":"scroll","background-type":"","background-media":"","overlay-type":"","overlay-color":"","overlay-opacity":"","overlay-gradient":""}},"ast-content-background-meta":{"desktop":{"background-color":"var(--ast-global-color-5)","background-image":"","background-repeat":"repeat","background-position":"center center","background-size":"auto","background-attachment":"scroll","background-type":"","background-media":"","overlay-type":"","overlay-color":"","overlay-opacity":"","overlay-gradient":""},"tablet":{"background-color":"var(--ast-global-color-5)","background-image":"","background-repeat":"repeat","background-position":"center center","background-size":"auto","background-attachment":"scroll","background-type":"","background-media":"","overlay-type":"","overlay-color":"","overlay-opacity":"","overlay-gradient":""},"mobile":{"background-color":"var(--ast-global-color-5)","background-image":"","background-repeat":"repeat","background-position":"center center","background-size":"auto","background-attachment":"scroll","background-type":"","background-media":"","overlay-type":"","overlay-color":"","overlay-opacity":"","overlay-gradient":""}},"footnotes":""},"class_list":["post-21089","page","type-page","status-publish","hentry"],"post_mailing_queue_ids":[],"_links":{"self":[{"href":"https:\/\/serveiseducatius.xtec.cat\/vallesoriental4\/wp-json\/wp\/v2\/pages\/21089","targetHints":{"allow":["GET"]}}],"collection":[{"href":"https:\/\/serveiseducatius.xtec.cat\/vallesoriental4\/wp-json\/wp\/v2\/pages"}],"about":[{"href":"https:\/\/serveiseducatius.xtec.cat\/vallesoriental4\/wp-json\/wp\/v2\/types\/page"}],"author":[{"embeddable":true,"href":"https:\/\/serveiseducatius.xtec.cat\/vallesoriental4\/wp-json\/wp\/v2\/users\/1"}],"replies":[{"embeddable":true,"href":"https:\/\/serveiseducatius.xtec.cat\/vallesoriental4\/wp-json\/wp\/v2\/comments?post=21089"}],"version-history":[{"count":6,"href":"https:\/\/serveiseducatius.xtec.cat\/vallesoriental4\/wp-json\/wp\/v2\/pages\/21089\/revisions"}],"predecessor-version":[{"id":23884,"href":"https:\/\/serveiseducatius.xtec.cat\/vallesoriental4\/wp-json\/wp\/v2\/pages\/21089\/revisions\/23884"}],"up":[{"embeddable":true,"href":"https:\/\/serveiseducatius.xtec.cat\/vallesoriental4\/wp-json\/wp\/v2\/pages\/338"}],"wp:attachment":[{"href":"https:\/\/serveiseducatius.xtec.cat\/vallesoriental4\/wp-json\/wp\/v2\/media?parent=21089"}],"curies":[{"name":"wp","href":"https:\/\/api.w.org\/{rel}","templated":true}]}}