{"id":20503,"date":"2023-11-02T08:02:56","date_gmt":"2023-11-02T07:02:56","guid":{"rendered":"https:\/\/serveiseducatius.xtec.cat\/vallesoriental4\/?page_id=20503"},"modified":"2025-09-03T10:12:33","modified_gmt":"2025-09-03T08:12:33","slug":"servei-de-prestec","status":"publish","type":"page","link":"https:\/\/serveiseducatius.xtec.cat\/vallesoriental4\/recursos\/servei-de-prestec\/","title":{"rendered":"Servei de pr\u00e9stec"},"content":{"rendered":"<p>Des del CRP oferim material en pr\u00e9stec agrupat en les seg\u00fcents categories:<\/p>\n<div class=\"gmail_default\">Aquest nou curs hem adquirit nous materials. Els trobareu distribu\u00efts a les seg\u00fcents pestanyes:<\/div>\n<div class=\"gmail_default\">\n<ul>\n<li>COCOBE<\/li>\n<li>Metodologies actives<\/li>\n<li>Inclusi\u00f3<\/li>\n<li>Jocs d&#8217;angl\u00e8s<\/li>\n<li>Matem\u00e0tiques i ci\u00e8ncies<\/li>\n<li>Pensament computacional i rob\u00f2tica<\/li>\n<li>Sostenibilitat<\/li>\n<\/ul>\n<\/div>\n<p>Per fer una reserva, cal entrar al document i seguir les instruccions. Per a qualsevol q\u00fcesti\u00f3, no dubteu a posar-vos en contacte.<\/p>\n<h4 style=\"text-align: center;\"><strong>\u27a1 <a href=\"https:\/\/docs.google.com\/spreadsheets\/d\/1x3fg49uDZmDIVh6q2OhwU3bCuMXm4zruPNv3o5fZfsk\/edit?gid=486763574#gid=486763574\" target=\"_blank\" rel=\"noopener\">Reserves &#8211; Curs 2025-26<\/a><\/strong><\/h4>\n<p>&nbsp;<\/p>\n","protected":false},"excerpt":{"rendered":"<p>Des del CRP oferim material en pr\u00e9stec agrupat en les seg\u00fcents categories: Aquest nou curs hem adquirit nous materials. Els trobareu distribu\u00efts a les seg\u00fcents pestanyes: COCOBE Metodologies actives Inclusi\u00f3 Jocs d&#8217;angl\u00e8s Matem\u00e0tiques i ci\u00e8ncies Pensament computacional i rob\u00f2tica Sostenibilitat Per fer una reserva, cal entrar al document i seguir les instruccions. Per a qualsevol [&hellip;]<\/p>\n","protected":false},"author":1,"featured_media":0,"parent":906,"menu_order":1,"comment_status":"closed","ping_status":"closed","template":"page-templates\/side-menu.php","meta":{"_bbp_topic_count":0,"_bbp_reply_count":0,"_bbp_total_topic_count":0,"_bbp_total_reply_count":0,"_bbp_voice_count":0,"_bbp_anonymous_reply_count":0,"_bbp_topic_count_hidden":0,"_bbp_reply_count_hidden":0,"_bbp_forum_subforum_count":0,"site-sidebar-layout":"default","site-content-layout":"","ast-site-content-layout":"","site-content-style":"default","site-sidebar-style":"default","ast-global-header-display":"","ast-banner-title-visibility":"","ast-main-header-display":"","ast-hfb-above-header-display":"","ast-hfb-below-header-display":"","ast-hfb-mobile-header-display":"","site-post-title":"","ast-breadcrumbs-content":"","ast-featured-img":"","footer-sml-layout":"","theme-transparent-header-meta":"","adv-header-id-meta":"","stick-header-meta":"","header-above-stick-meta":"","header-main-stick-meta":"","header-below-stick-meta":"","astra-migrate-meta-layouts":"default","ast-page-background-enabled":"default","ast-page-background-meta":{"desktop":{"background-color":"var(--ast-global-color-4)","background-image":"","background-repeat":"repeat","background-position":"center center","background-size":"auto","background-attachment":"scroll","background-type":"","background-media":"","overlay-type":"","overlay-color":"","overlay-opacity":"","overlay-gradient":""},"tablet":{"background-color":"","background-image":"","background-repeat":"repeat","background-position":"center center","background-size":"auto","background-attachment":"scroll","background-type":"","background-media":"","overlay-type":"","overlay-color":"","overlay-opacity":"","overlay-gradient":""},"mobile":{"background-color":"","background-image":"","background-repeat":"repeat","background-position":"center center","background-size":"auto","background-attachment":"scroll","background-type":"","background-media":"","overlay-type":"","overlay-color":"","overlay-opacity":"","overlay-gradient":""}},"ast-content-background-meta":{"desktop":{"background-color":"var(--ast-global-color-5)","background-image":"","background-repeat":"repeat","background-position":"center center","background-size":"auto","background-attachment":"scroll","background-type":"","background-media":"","overlay-type":"","overlay-color":"","overlay-opacity":"","overlay-gradient":""},"tablet":{"background-color":"var(--ast-global-color-5)","background-image":"","background-repeat":"repeat","background-position":"center center","background-size":"auto","background-attachment":"scroll","background-type":"","background-media":"","overlay-type":"","overlay-color":"","overlay-opacity":"","overlay-gradient":""},"mobile":{"background-color":"var(--ast-global-color-5)","background-image":"","background-repeat":"repeat","background-position":"center center","background-size":"auto","background-attachment":"scroll","background-type":"","background-media":"","overlay-type":"","overlay-color":"","overlay-opacity":"","overlay-gradient":""}},"footnotes":""},"class_list":["post-20503","page","type-page","status-publish","hentry"],"post_mailing_queue_ids":[],"_links":{"self":[{"href":"https:\/\/serveiseducatius.xtec.cat\/vallesoriental4\/wp-json\/wp\/v2\/pages\/20503","targetHints":{"allow":["GET"]}}],"collection":[{"href":"https:\/\/serveiseducatius.xtec.cat\/vallesoriental4\/wp-json\/wp\/v2\/pages"}],"about":[{"href":"https:\/\/serveiseducatius.xtec.cat\/vallesoriental4\/wp-json\/wp\/v2\/types\/page"}],"author":[{"embeddable":true,"href":"https:\/\/serveiseducatius.xtec.cat\/vallesoriental4\/wp-json\/wp\/v2\/users\/1"}],"replies":[{"embeddable":true,"href":"https:\/\/serveiseducatius.xtec.cat\/vallesoriental4\/wp-json\/wp\/v2\/comments?post=20503"}],"version-history":[{"count":6,"href":"https:\/\/serveiseducatius.xtec.cat\/vallesoriental4\/wp-json\/wp\/v2\/pages\/20503\/revisions"}],"predecessor-version":[{"id":23577,"href":"https:\/\/serveiseducatius.xtec.cat\/vallesoriental4\/wp-json\/wp\/v2\/pages\/20503\/revisions\/23577"}],"up":[{"embeddable":true,"href":"https:\/\/serveiseducatius.xtec.cat\/vallesoriental4\/wp-json\/wp\/v2\/pages\/906"}],"wp:attachment":[{"href":"https:\/\/serveiseducatius.xtec.cat\/vallesoriental4\/wp-json\/wp\/v2\/media?parent=20503"}],"curies":[{"name":"wp","href":"https:\/\/api.w.org\/{rel}","templated":true}]}}