{"id":19564,"date":"2023-06-12T09:42:45","date_gmt":"2023-06-12T07:42:45","guid":{"rendered":"https:\/\/serveiseducatius.xtec.cat\/vallesoriental4\/?page_id=19564"},"modified":"2025-10-22T15:57:12","modified_gmt":"2025-10-22T13:57:12","slug":"programa-de-residencia-inicial-docent-sensei","status":"publish","type":"page","link":"https:\/\/serveiseducatius.xtec.cat\/vallesoriental4\/programa-de-residencia-inicial-docent-sensei\/","title":{"rendered":"Programa de resid\u00e8ncia inicial docent SENSEI"},"content":{"rendered":"<p style=\"text-align: center;\"><strong>Centres<\/strong>: ESC Els Vinyals (Lli\u00e7\u00e0 de Vall)<\/p>\n<p>El Departament d\u2019Educaci\u00f3 <span style=\"color: #11b8b8;\">(<a style=\"color: #11b8b8;\" title=\"Acord GOV\/69\/2023, de 28 de mar\u00e7,\" href=\"https:\/\/dogc.gencat.cat\/ca\/document-del-dogc\/?documentId=956282\" target=\"_blank\" rel=\"noopener\"><strong>Acord GOV\/69\/2023, de 28 de mar\u00e7<\/strong><\/a>)<\/span> crea el\u00a0<span style=\"color: #11b8b8;\"><strong><a style=\"color: #11b8b8;\" title=\"Programa experimental de resid\u00e8ncia inicial docent en centres educatius -SENSEI\" href=\"https:\/\/projectes.xtec.cat\/residencia-docent\/programa-sensei\/\" target=\"_blank\" rel=\"noopener\">Programa temporal de resid\u00e8ncia inicial docent en centres educatius -SENSEI<\/a><\/strong><\/span>&#8211; que ofereix una experi\u00e8ncia de capacitaci\u00f3 professional pensada especialment per als docents novells de primer any.<\/p>\n<p>Els prepara per ser m\u00e9s aut\u00f2noms, i els aporta les eines clau per desenvolupar la seva tasca amb m\u00e9s impacte en l\u2019alumnat i amb m\u00e9s qualitat docent al llarg de la seva vida professional. El programa est\u00e0 dissenyat per a ser desenvolupat en resid\u00e8ncia en un centre educatiu, amb l\u2019acompanyament d\u2019una mentoria, i compta amb un programa formatiu amb seminaris, experi\u00e8ncies pr\u00e0ctiques, reflexi\u00f3, codoc\u00e8ncia i feedback constant.<\/p>\n<p>Es focalitza a assentar de manera pr\u00e0ctica compet\u00e8ncies i aprenentatges considerats clau per poder cr\u00e9ixer al llarg de la seva traject\u00f2ria professional. Aquest Programa t\u00e9 un constructe basat en la recerca, que ha demostrat l\u2019impacte positiu que els programes d\u2019inducci\u00f3 tenen sobre la qualitat docent i l\u2019\u00e8xit educatiu. Dona coher\u00e8ncia i continu\u00eftat al treball fet des del Departament d\u2019Educaci\u00f3 en la formaci\u00f3 inicial dels estudiants universitaris en pr\u00e0ctiques en centres de formaci\u00f3.<\/p>\n<p style=\"text-align: center;\"><span style=\"color: #11b8b8;\"><a style=\"color: #11b8b8;\" href=\"https:\/\/xtec.gencat.cat\/ca\/formacio\/programa-de-residencia-inicial-docent-sensei\/\" target=\"_blank\" rel=\"noopener\">M\u00e9s informaci\u00f3<\/a><\/span><\/p>\n\n\n<p><\/p>\n","protected":false},"excerpt":{"rendered":"<p>Centres: ESC Els Vinyals (Lli\u00e7\u00e0 de Vall) El Departament d\u2019Educaci\u00f3 (Acord GOV\/69\/2023, de 28 de mar\u00e7) crea el\u00a0Programa temporal de resid\u00e8ncia inicial docent en centres educatius -SENSEI&#8211; que ofereix una experi\u00e8ncia de capacitaci\u00f3 professional pensada especialment per als docents novells de primer any. Els prepara per ser m\u00e9s aut\u00f2noms, i els aporta les eines clau [&hellip;]<\/p>\n","protected":false},"author":1,"featured_media":0,"parent":0,"menu_order":0,"comment_status":"closed","ping_status":"closed","template":"","meta":{"_bbp_topic_count":0,"_bbp_reply_count":0,"_bbp_total_topic_count":0,"_bbp_total_reply_count":0,"_bbp_voice_count":0,"_bbp_anonymous_reply_count":0,"_bbp_topic_count_hidden":0,"_bbp_reply_count_hidden":0,"_bbp_forum_subforum_count":0,"site-sidebar-layout":"default","site-content-layout":"","ast-site-content-layout":"default","site-content-style":"default","site-sidebar-style":"default","ast-global-header-display":"","ast-banner-title-visibility":"","ast-main-header-display":"","ast-hfb-above-header-display":"","ast-hfb-below-header-display":"","ast-hfb-mobile-header-display":"","site-post-title":"","ast-breadcrumbs-content":"","ast-featured-img":"","footer-sml-layout":"","theme-transparent-header-meta":"","adv-header-id-meta":"","stick-header-meta":"","header-above-stick-meta":"","header-main-stick-meta":"","header-below-stick-meta":"","astra-migrate-meta-layouts":"set","ast-page-background-enabled":"default","ast-page-background-meta":{"desktop":{"background-color":"var(--ast-global-color-4)","background-image":"","background-repeat":"repeat","background-position":"center center","background-size":"auto","background-attachment":"scroll","background-type":"","background-media":"","overlay-type":"","overlay-color":"","overlay-opacity":"","overlay-gradient":""},"tablet":{"background-color":"","background-image":"","background-repeat":"repeat","background-position":"center center","background-size":"auto","background-attachment":"scroll","background-type":"","background-media":"","overlay-type":"","overlay-color":"","overlay-opacity":"","overlay-gradient":""},"mobile":{"background-color":"","background-image":"","background-repeat":"repeat","background-position":"center center","background-size":"auto","background-attachment":"scroll","background-type":"","background-media":"","overlay-type":"","overlay-color":"","overlay-opacity":"","overlay-gradient":""}},"ast-content-background-meta":{"desktop":{"background-color":"var(--ast-global-color-5)","background-image":"","background-repeat":"repeat","background-position":"center center","background-size":"auto","background-attachment":"scroll","background-type":"","background-media":"","overlay-type":"","overlay-color":"","overlay-opacity":"","overlay-gradient":""},"tablet":{"background-color":"var(--ast-global-color-5)","background-image":"","background-repeat":"repeat","background-position":"center center","background-size":"auto","background-attachment":"scroll","background-type":"","background-media":"","overlay-type":"","overlay-color":"","overlay-opacity":"","overlay-gradient":""},"mobile":{"background-color":"var(--ast-global-color-5)","background-image":"","background-repeat":"repeat","background-position":"center center","background-size":"auto","background-attachment":"scroll","background-type":"","background-media":"","overlay-type":"","overlay-color":"","overlay-opacity":"","overlay-gradient":""}},"footnotes":""},"class_list":["post-19564","page","type-page","status-publish","hentry"],"post_mailing_queue_ids":[],"_links":{"self":[{"href":"https:\/\/serveiseducatius.xtec.cat\/vallesoriental4\/wp-json\/wp\/v2\/pages\/19564","targetHints":{"allow":["GET"]}}],"collection":[{"href":"https:\/\/serveiseducatius.xtec.cat\/vallesoriental4\/wp-json\/wp\/v2\/pages"}],"about":[{"href":"https:\/\/serveiseducatius.xtec.cat\/vallesoriental4\/wp-json\/wp\/v2\/types\/page"}],"author":[{"embeddable":true,"href":"https:\/\/serveiseducatius.xtec.cat\/vallesoriental4\/wp-json\/wp\/v2\/users\/1"}],"replies":[{"embeddable":true,"href":"https:\/\/serveiseducatius.xtec.cat\/vallesoriental4\/wp-json\/wp\/v2\/comments?post=19564"}],"version-history":[{"count":6,"href":"https:\/\/serveiseducatius.xtec.cat\/vallesoriental4\/wp-json\/wp\/v2\/pages\/19564\/revisions"}],"predecessor-version":[{"id":23870,"href":"https:\/\/serveiseducatius.xtec.cat\/vallesoriental4\/wp-json\/wp\/v2\/pages\/19564\/revisions\/23870"}],"wp:attachment":[{"href":"https:\/\/serveiseducatius.xtec.cat\/vallesoriental4\/wp-json\/wp\/v2\/media?parent=19564"}],"curies":[{"name":"wp","href":"https:\/\/api.w.org\/{rel}","templated":true}]}}