{"id":18921,"date":"2023-03-30T11:38:17","date_gmt":"2023-03-30T09:38:17","guid":{"rendered":"https:\/\/serveiseducatius.xtec.cat\/vallesoriental4\/?page_id=18921"},"modified":"2024-07-04T10:43:04","modified_gmt":"2024-07-04T08:43:04","slug":"llibres-de-lectura","status":"publish","type":"page","link":"https:\/\/serveiseducatius.xtec.cat\/vallesoriental4\/recursos\/servei-de-prestec\/llibres-de-lectura\/","title":{"rendered":"Llibres de lectura"},"content":{"rendered":"<h4><\/h4>\n<h4 style=\"text-align: center;\"><strong>\u27a1 Reserves al correu <\/strong>crp-vallesoriental4<span class=\"atwho-query\">@xtec.cat<\/span><\/h4>\n<p>&nbsp;<\/p>\n<table style=\"border-collapse: collapse; width: 100%; height: 2282px;\">\n<tbody>\n<tr>\n<td style=\"width: 98.0604%;\" colspan=\"4\"><\/td>\n<\/tr>\n<tr>\n<td style=\"width: 1.93988%;\"><span class=\"Y2IQFc\" lang=\"ca\">\u00a0<\/span><\/td>\n<td style=\"width: 19.9239%;\"><span class=\"Y2IQFc\" lang=\"ca\"><img loading=\"lazy\" decoding=\"async\" class=\"alignnone wp-image-20949\" src=\"https:\/\/serveiseducatius.xtec.cat\/vallesoriental4\/wp-content\/uploads\/usu1133\/2023\/12\/LA-MAGIA-DE-LENGINYERIA-251x300.jpg\" alt=\"\" width=\"191\" height=\"228\" srcset=\"https:\/\/serveiseducatius.xtec.cat\/vallesoriental4\/wp-content\/uploads\/usu1133\/2023\/12\/LA-MAGIA-DE-LENGINYERIA-251x300.jpg 251w, https:\/\/serveiseducatius.xtec.cat\/vallesoriental4\/wp-content\/uploads\/usu1133\/2023\/12\/LA-MAGIA-DE-LENGINYERIA.jpg 740w\" sizes=\"auto, (max-width: 191px) 100vw, 191px\" \/><\/span><\/td>\n<td style=\"width: 73.9939%; text-align: center;\"><strong>LA M\u00c0GIA DE L&#8217;ENGINYERIA<\/strong><\/p>\n<p style=\"text-align: justify;\">Dos germans molt curiosos, el Roc i la Clara, han de fer de detectius i resoldre un original repte que els planteja el seu nou ve\u00ed. Un viatge per indrets m\u00e0gics que els dur\u00e0 a con\u00e8ixer i explorar m\u00e9s a fons totes les aplicacions pr\u00e0ctiques d\u2019una professi\u00f3 amb un gran present i futur: l\u2019enginyeria.<\/p>\n<p style=\"text-align: justify;\">El plus: Aquest llibre de tem\u00e0tica STEAM ha estat impulsat per l\u2019Associaci\u00f3 d\u2019Enginyers Industrials de Catalunya, per celebrar el seu 160 aniversari i fomentar el coneixement i la vocaci\u00f3 de nens, i sobretot nenes, cap als \u00e0mbits de les diferents enginyeries.<\/p>\n<p style=\"text-align: justify;\">Cont\u00e9 un <a href=\"https:\/\/www.eic.cat\/lamagiadelenginyeria\/escoles\">enlla\u00e7<\/a> a materials did\u00e0ctics addicionals per treballar a l&#8217;aula.<\/p>\n<\/td>\n<td style=\"width: 2.20272%; text-align: justify;\">\n<p style=\"text-align: center;\"><em><strong>\u00a0<\/strong><\/em><\/p>\n<\/td>\n<\/tr>\n<tr>\n<td style=\"width: 1.93988%;\" colspan=\"4\">\n<p style=\"text-align: left;\"><em><strong>\u00a0<\/strong><\/em><\/p>\n<p style=\"text-align: left;\"><em><strong>\u00a0<\/strong><\/em><\/p>\n<\/td>\n<\/tr>\n<tr style=\"height: 181px;\">\n<td style=\"width: 1.93988%;\"><\/td>\n<td style=\"width: 19.9239%; height: 181px;\"><a href=\"https:\/\/serveiseducatius.xtec.cat\/vallesoriental4\/wp-content\/uploads\/usu1133\/2023\/06\/COMO-AYUDAR-A-LOS-NINOS-A-LEER-Y-ESCRIBIR.png\"><img loading=\"lazy\" decoding=\"async\" class=\"aligncenter wp-image-19662\" src=\"https:\/\/serveiseducatius.xtec.cat\/vallesoriental4\/wp-content\/uploads\/usu1133\/2023\/06\/COMO-AYUDAR-A-LOS-NINOS-A-LEER-Y-ESCRIBIR.png\" alt=\"\" width=\"200\" height=\"226\" srcset=\"https:\/\/serveiseducatius.xtec.cat\/vallesoriental4\/wp-content\/uploads\/usu1133\/2023\/06\/COMO-AYUDAR-A-LOS-NINOS-A-LEER-Y-ESCRIBIR.png 313w, https:\/\/serveiseducatius.xtec.cat\/vallesoriental4\/wp-content\/uploads\/usu1133\/2023\/06\/COMO-AYUDAR-A-LOS-NINOS-A-LEER-Y-ESCRIBIR-266x300.png 266w\" sizes=\"auto, (max-width: 200px) 100vw, 200px\" \/><\/a><\/td>\n<td style=\"width: 73.9939%; text-align: justify; height: 181px;\">\n<p style=\"text-align: center;\"><em><strong>COMO AYUDAR A LOS NI\u00d1OS A LEER Y A ESCRIBIR<\/strong><\/em><\/p>\n<p style=\"font-family: 'Helvetica Neue', Helvetica, Helvetica, Arial, sans-serif; font-size: 14px;\">S\u00f3n moltes les fam\u00edlies que presenten dubtes i inquietuds en relaci\u00f3 amb aprendre a llegir i escriure. \u00c9s important sentir-se acompanyat i compartir experi\u00e8ncies.<\/p>\n<p style=\"font-family: 'Helvetica Neue', Helvetica, Helvetica, Arial, sans-serif; font-size: 14px;\">Aquest llibre \u00e9s una guia de propostes pr\u00e0ctiques i significatives per treballar a casa i a l&#8217;escola amb l&#8217;objectiu d&#8217;acompanyar els infants en l&#8217;aventura d&#8217;aterrar a l&#8217;aprenentatge de la lectoescriptura. Un llibre d&#8217;activitats obertes i flexibles pensades per adaptar al ritme i les necessitats individuals, amb materials propers i aprofitant el mateix entorn des d&#8217;un acompanyament i una mirada respectuosa.<\/p>\n<p style=\"font-family: 'Helvetica Neue', Helvetica, Helvetica, Arial, sans-serif; font-size: 14px;\">Inclou material descarregable elaborat per l&#8217;autora, Monica Gordi.<\/p>\n<\/td>\n<td style=\"width: 2.20272%; text-align: justify;\">\n<p style=\"text-align: center;\"><strong>\u00a0<\/strong><\/p>\n<\/td>\n<\/tr>\n<tr>\n<td style=\"width: 98.0604%;\" colspan=\"4\">&nbsp;<\/p>\n<p>&nbsp;<\/td>\n<\/tr>\n<tr style=\"height: 339px;\">\n<td style=\"width: 1.93988%;\"><\/td>\n<td style=\"width: 19.9239%; height: 339px;\"><a href=\"https:\/\/serveiseducatius.xtec.cat\/vallesoriental4\/wp-content\/uploads\/usu1133\/2023\/06\/baixa-4.jpg\"><img loading=\"lazy\" decoding=\"async\" class=\" wp-image-19665 aligncenter\" src=\"https:\/\/serveiseducatius.xtec.cat\/vallesoriental4\/wp-content\/uploads\/usu1133\/2023\/06\/baixa-4.jpg\" alt=\"\" width=\"123\" height=\"185\" \/><\/a><\/td>\n<td style=\"width: 73.9939%; text-align: justify; height: 339px;\">\n<p style=\"text-align: center;\"><em><strong>WORKING TOGETHER TO IMPROVE FOREIGN LANGUAGE TEACHING IN 21ST CENTURY<\/strong><\/em><\/p>\n<p><span lang=\"CA\">Un llibre adre\u00e7at a mestres d\u2019angl\u00e8s,\u00a0<\/span>que s\u2019interessen per la metodologia del treball per projectes i per l\u2019\u00fas d\u2019eines TIC i la rob\u00f2tica a les aules. El llibre est\u00e0 escrit per formadors de mestres i mestres en exercici en escoles catalanes.<\/p>\n<table style=\"border-collapse: collapse; width: 100%;\">\n<tbody>\n<tr>\n<td style=\"width: 100%;\">\n<p style=\"font-family: 'Helvetica Neue', Helvetica, Helvetica, Arial, sans-serif; font-size: 14px;\"><em><span lang=\"EN-GB\">Tired of reading about the wonders of technology enhanced project-based learning but not knowing where to seek inspiration to start to adopt this teaching approach?<\/span><\/em><\/p>\n<p style=\"font-family: 'Helvetica Neue', Helvetica, Helvetica, Arial, sans-serif; font-size: 14px;\"><em><span lang=\"EN-GB\">Joint efforts for innovation: Working together to improve foreign language teaching in the 21st century<\/span><span lang=\"EN-GB\">, edited by Dolors Masats, Maria Mont &amp; Nathaly Gonzalez-Acevedo, is a book for the curious and passionate 21st century language teachers and teacher trainers, an invitation to be creative and to develop learning skills, literacy skills and life skills.<\/span><\/em><\/p>\n<p style=\"font-family: 'Helvetica Neue', Helvetica, Helvetica, Arial, sans-serif; font-size: 14px;\"><em><span lang=\"EN-GB\">A team of in-service teachers, teacher trainers, pre-service teachers and researchers have worked together to present a simple, engaging and practical book to offer fellow education professionals stimulating ideas for their teaching practice.<\/span><\/em><\/p>\n<\/td>\n<\/tr>\n<\/tbody>\n<\/table>\n<\/td>\n<td style=\"width: 2.20272%; text-align: justify;\">\n<p style=\"text-align: center;\"><em><strong>\u00a0<\/strong><\/em><\/p>\n<\/td>\n<\/tr>\n<tr>\n<td style=\"width: 98.0604%;\" colspan=\"4\">&nbsp;<\/p>\n<p>&nbsp;<\/td>\n<\/tr>\n<tr style=\"height: 181px;\">\n<td style=\"width: 1.93988%;\"><\/td>\n<td style=\"width: 19.9239%; height: 181px;\"><a href=\"https:\/\/serveiseducatius.xtec.cat\/vallesoriental4\/wp-content\/uploads\/usu1133\/2023\/06\/baixa-5.jpg\"><img loading=\"lazy\" decoding=\"async\" class=\"size-full wp-image-19666 aligncenter\" src=\"https:\/\/serveiseducatius.xtec.cat\/vallesoriental4\/wp-content\/uploads\/usu1133\/2023\/06\/baixa-5.jpg\" alt=\"\" width=\"250\" height=\"125\" \/><\/a><\/td>\n<td style=\"width: 73.9939%; text-align: justify; height: 181px;\">\n<p style=\"text-align: center;\"><strong>ENSE\u00d1ANDO CIENCIA CON CIENCIA<\/strong><\/p>\n<p>Publicaci\u00f3 editada conjuntament per la <a href=\"https:\/\/www.fundacionlilly.com\/\" target=\"_blank\" rel=\"noopener noreferrer\">Fundaci\u00f3n Lilly<\/a>\u00a0y la\u00a0<a href=\"https:\/\/www.fecyt.es\/\" target=\"_blank\" rel=\"noopener noreferrer\">Fundaci\u00f3n Espa\u00f1ola para la Ciencia y Tecnolog\u00eda (FECYT)<\/a>, amb l\u2019objectiu de conscienciar la ciutadania i la comunitat educativa sobre la necessitat de potenciar i impulsar l\u2019ensenyament de la ci\u00e8ncia a l\u2019escola. Ha estat confeccionada per un grup d\u2019investigadors multidisciplinari: neuroci\u00e8ncia, la psicologia de l\u2019aprenentatge, pedagogia i did\u00e0ctica de les ci\u00e8ncies.<\/p>\n<p>Autores:\u00a0David Bueno, Digna Couso, Cinta Refojo, Neus Sanmart\u00ed\u2026<\/td>\n<td style=\"width: 2.20272%; text-align: justify;\">\n<p style=\"text-align: center;\"><strong>\u00a0<\/strong><\/p>\n<\/td>\n<\/tr>\n<tr>\n<td style=\"width: 98.0604%;\" colspan=\"4\">&nbsp;<\/p>\n<p>&nbsp;<\/td>\n<\/tr>\n<tr style=\"height: 243px;\">\n<td style=\"width: 1.93988%;\"><\/td>\n<td style=\"width: 19.9239%; height: 243px;\"><img loading=\"lazy\" decoding=\"async\" class=\"aligncenter\" src=\"https:\/\/bookstore.finlandia.edu\/cdn\/shop\/products\/this_is_finland_kannet_1024x1024.jpg?v=1571718517\" alt=\"This Is Finland \u2013 North Wind Books at the Finnish American Heritage Center\" width=\"119\" height=\"148\" \/><\/td>\n<td style=\"width: 73.9939%; text-align: justify; height: 243px;\">\n<p style=\"text-align: center;\"><em><strong>THIS IS FINLAND<\/strong><\/em><\/p>\n<p>Libre amb text tradu\u00eft de l&#8217;angl\u00e8s. Finl\u00e0ndia \u00e9s un llibre infantil il\u00b7lustrat pels autors finlandesos Aino Havukainen i Sami Toivonen, i tradu\u00eft a l\u2019angl\u00e8s per Owen F. Witesman. Introdueix els infants en la hist\u00f2ria, la cultura i la geografia del pa\u00eds.<\/p>\n<p>Els dos protagonistes, els germans Oddville, Tatu i Patu, no deixen cap pedra, una sauna o ni tan sols un Pare Noel sense girar en la seva recerca per arribar al fons de Finl\u00e0ndia, la seva hist\u00f2ria, el seu paisatge natural salvatge o fins i tot els seus peculiars habitants.<\/p>\n<p>Els nois viatgen pel pa\u00eds des de la capital fins a l&#8217;extrem nord de Lap\u00f2nia i exploren quins ingredients serveixen per produir l&#8217;estranya naci\u00f3 coneguda com a Suomi. El resultat \u00e9s una recepta pr\u00e0ctica per fer una Finl\u00e0ndia tota teva!<\/td>\n<td style=\"width: 2.20272%; text-align: justify;\">\n<p style=\"text-align: center;\"><em><strong>\u00a0<\/strong><\/em><\/p>\n<\/td>\n<\/tr>\n<tr>\n<td style=\"width: 98.0604%;\" colspan=\"4\">&nbsp;<\/p>\n<p>&nbsp;<\/td>\n<\/tr>\n<tr style=\"height: 288px;\">\n<td style=\"width: 1.93988%;\"><\/td>\n<td style=\"width: 19.9239%; height: 288px;\"><a href=\"https:\/\/serveiseducatius.xtec.cat\/vallesoriental4\/wp-content\/uploads\/usu1133\/2023\/06\/baixa-3.jpg\"><img loading=\"lazy\" decoding=\"async\" class=\" wp-image-19660 aligncenter\" src=\"https:\/\/serveiseducatius.xtec.cat\/vallesoriental4\/wp-content\/uploads\/usu1133\/2023\/06\/baixa-3.jpg\" alt=\"\" width=\"104\" height=\"148\" \/><\/a><\/td>\n<td style=\"height: 288px; width: 73.9939%;\">\n<p style=\"text-align: center;\"><strong>\u00a0LA SARDANA EN EL CURR\u00cdCULUM ESCOLAR, COM FER-HO POSSIBLE?<\/strong><\/p>\n<p style=\"text-align: justify;\">Aquesta proposta did\u00e0ctica basada en un aprenentatge significatiu, inclusiu i competencial ha estat dissenyada com un treball interdisciplinari per ser desenvolupat en el cicle superior d\u2019educaci\u00f3 prim\u00e0ria, encara que la seva aplicaci\u00f3 en diferents centres educatius d\u2019algunes comarques de Ponent ha fet que sigui extensiu a altres cicles.<\/p>\n<p style=\"text-align: justify;\">L\u2019activitat d\u2019aprendre a ballar sardanes a l\u2019escola, avui encara es duu a terme en la major part de les escoles com a extraescolar o dins el mateix horari escolar per\u00f2 sense cap mena de relaci\u00f3 amb la resta de mat\u00e8ries i sempre de forma optativa. Aquesta situaci\u00f3 comporta que no sigui una activitat majorit\u00e0ria o amb una normalitzaci\u00f3 o consolidaci\u00f3 plena.<\/p>\n<p style=\"text-align: justify;\">En canvi, aquest nou enfocament, fonamentat en el repte d\u2019innovar des de la tradici\u00f3, suposa un seguit de canvis en el disseny curricular de cada centre i en l\u2019estructura organitzativa (espais, horaris, materials, recursos, sistemes d\u2019avaluaci\u00f3&#8230;) i que s\u00f3n analitzats en el decurs dels diferents apartats i cap\u00edtols. D\u2019aquesta manera s\u2019aconsegueix que la sardana vetlli per la formaci\u00f3 integral, ja que potencia el desenvolupament harm\u00f2nic de totes les dimensions de la persona.<\/p>\n<\/td>\n<td style=\"width: 2.20272%;\">\n<p style=\"text-align: center;\"><strong>\u00a0<\/strong><\/p>\n<\/td>\n<\/tr>\n<tr>\n<td style=\"width: 98.0604%;\" colspan=\"4\">&nbsp;<\/p>\n<p>&nbsp;<\/td>\n<\/tr>\n<tr style=\"height: 212px;\">\n<td style=\"width: 1.93988%;\"><\/td>\n<td style=\"width: 19.9239%; height: 212px;\"><a href=\"https:\/\/serveiseducatius.xtec.cat\/vallesoriental4\/wp-content\/uploads\/usu1133\/2020\/09\/llibre-dones-rebels.jpg\"><img loading=\"lazy\" decoding=\"async\" class=\" wp-image-15032 aligncenter\" src=\"https:\/\/serveiseducatius.xtec.cat\/vallesoriental4\/wp-content\/uploads\/usu1133\/2020\/09\/llibre-dones-rebels-300x300.jpg\" alt=\"\" width=\"196\" height=\"196\" srcset=\"https:\/\/serveiseducatius.xtec.cat\/vallesoriental4\/wp-content\/uploads\/usu1133\/2020\/09\/llibre-dones-rebels-300x300.jpg 300w, https:\/\/serveiseducatius.xtec.cat\/vallesoriental4\/wp-content\/uploads\/usu1133\/2020\/09\/llibre-dones-rebels-150x150.jpg 150w, https:\/\/serveiseducatius.xtec.cat\/vallesoriental4\/wp-content\/uploads\/usu1133\/2020\/09\/llibre-dones-rebels-768x768.jpg 768w, https:\/\/serveiseducatius.xtec.cat\/vallesoriental4\/wp-content\/uploads\/usu1133\/2020\/09\/llibre-dones-rebels.jpg 800w\" sizes=\"auto, (max-width: 196px) 100vw, 196px\" \/><\/a><\/td>\n<td style=\"height: 212px; width: 73.9939%;\">\n<p style=\"text-align: center;\"><strong>DONES REBELS<\/strong><\/p>\n<p style=\"text-align: justify;\">Aina Torres i Rexach recupera en aquest llibre el referent de vint-i-dues dones d&#8217;arreu de la nostra geografia que van prendre partit per enderrocar els murs del patriarcat. Milicianes, aviadores, matem\u00e0tiques, pintores, compositores, pol\u00edtiques, escriptores, metgesses, esportistes, sindicalistes, periodistes, mestres, activistes ve\u00efnals\u2026\u00a0 Un mosaic de narracions que, emociona i estremeix amb hist\u00f2ries de superviv\u00e8ncia, de vict\u00f2ries amagades, de somnis trencats, d&#8217;exilis for\u00e7ats, de fites invisibilitzades.<\/p>\n<\/td>\n<td style=\"width: 2.20272%;\">\n<p style=\"text-align: center;\"><strong>\u00a0<\/strong><\/p>\n<\/td>\n<\/tr>\n<tr>\n<td style=\"width: 98.0604%;\" colspan=\"4\">&nbsp;<\/p>\n<p>&nbsp;<\/td>\n<\/tr>\n<tr style=\"height: 181px;\">\n<td style=\"width: 1.93988%;\"><\/td>\n<td style=\"width: 19.9239%; height: 181px;\"><a href=\"https:\/\/serveiseducatius.xtec.cat\/vallesoriental4\/wp-content\/uploads\/usu1133\/2020\/09\/61bZTVFnDFL._SX258_BO1204203200_.jpg\"><img loading=\"lazy\" decoding=\"async\" class=\"wp-image-15056 aligncenter\" src=\"https:\/\/serveiseducatius.xtec.cat\/vallesoriental4\/wp-content\/uploads\/usu1133\/2020\/09\/61bZTVFnDFL._SX258_BO1204203200_-251x300.jpg\" alt=\"\" width=\"111\" height=\"133\" srcset=\"https:\/\/serveiseducatius.xtec.cat\/vallesoriental4\/wp-content\/uploads\/usu1133\/2020\/09\/61bZTVFnDFL._SX258_BO1204203200_-251x300.jpg 251w, https:\/\/serveiseducatius.xtec.cat\/vallesoriental4\/wp-content\/uploads\/usu1133\/2020\/09\/61bZTVFnDFL._SX258_BO1204203200_.jpg 260w\" sizes=\"auto, (max-width: 111px) 100vw, 111px\" \/><\/a><\/td>\n<td style=\"height: 181px; width: 73.9939%;\">\n<p style=\"text-align: center;\"><strong>\u00a0DONES DE CI\u00c8NCIA<\/strong><\/p>\n<p style=\"text-align: justify;\">Un llibre fascinant que posa en relleu les contribucions de cinquanta dones notables als camps de la ci\u00e8ncia, la tecnologia, l&#8217;enginyeria i les matem\u00e0tiques, des del m\u00f3n antic fins als nostres dies.<\/p>\n<p style=\"text-align: justify;\">Entre les pioneres que hi apareixen, podem trobar figures tan conegudes com Marie Curie i Jane Goodall, i d&#8217;altres no tan conegudes, com Rachel Carson, que ja a principis del segle XX va advertir sobre els efectes nocius dels pesticides en el medi ambient i la creixent contaminaci\u00f3.<\/p>\n<\/td>\n<td style=\"width: 2.20272%;\">\n<p style=\"text-align: center;\"><strong>\u00a0<\/strong><\/p>\n<\/td>\n<\/tr>\n<tr>\n<td style=\"width: 98.0604%;\" colspan=\"4\">&nbsp;<\/p>\n<p>&nbsp;<\/td>\n<\/tr>\n<tr style=\"height: 203px;\">\n<td style=\"width: 1.93988%;\"><\/td>\n<td style=\"width: 19.9239%; height: 203px;\"><img loading=\"lazy\" decoding=\"async\" class=\" wp-image-17079 aligncenter\" src=\"https:\/\/serveiseducatius.xtec.cat\/vallesoriental4\/wp-content\/uploads\/usu1133\/2021\/11\/41TA1xMMdhL._SX336_BO1204203200_-203x300.jpg\" alt=\"\" width=\"100\" height=\"148\" srcset=\"https:\/\/serveiseducatius.xtec.cat\/vallesoriental4\/wp-content\/uploads\/usu1133\/2021\/11\/41TA1xMMdhL._SX336_BO1204203200_-203x300.jpg 203w, https:\/\/serveiseducatius.xtec.cat\/vallesoriental4\/wp-content\/uploads\/usu1133\/2021\/11\/41TA1xMMdhL._SX336_BO1204203200_.jpg 338w\" sizes=\"auto, (max-width: 100px) 100vw, 100px\" \/><\/td>\n<td style=\"height: 203px; width: 73.9939%;\">\n<p style=\"text-align: center;\"><strong><em>\u00a0\u00bfQU\u00c9 ES INNOVAR EN EDUCACI\u00d3N EN EL SIGLO XXI?<\/em><\/strong><\/p>\n<p style=\"text-align: justify;\">Aquest text \u00e9s una mirada conjunta sobre la innovaci\u00f3 des del que s&#8217;anomena les 3P (Professionals, Practitioners, Policcymakers), abordant els seus aspectes m\u00e9s centrals.<\/p>\n<p style=\"text-align: justify;\">Trobarem moltes preguntes, algunes reflexions i exemples sobre l&#8217;educaci\u00f3 escolar: Quin \u00e9s el paper que juga l&#8217;Administraci\u00f3 en els processos de canvi en qu\u00e8 es troben immerses les escoles? Deixa fer, controla, prohibeix, facilita o reconeix? Quin \u00e9s realment l&#8217;objecte de la innovaci\u00f3 educativa? Com es poden avaluar les innovacions? Qu\u00e8 \u00e9s doncs una innovaci\u00f3 quan parlem d&#8217;educaci\u00f3? Com sabem que estem parlant d&#8217;innovaci\u00f3?<\/p>\n<\/td>\n<td style=\"width: 2.20272%;\">\n<p style=\"text-align: center;\"><strong><em>\u00a0<\/em><\/strong><\/p>\n<\/td>\n<\/tr>\n<tr>\n<td style=\"width: 98.0604%;\" colspan=\"4\">&nbsp;<\/p>\n<p>&nbsp;<\/td>\n<\/tr>\n<tr style=\"height: 162px;\">\n<td style=\"width: 1.93988%;\"><\/td>\n<td style=\"width: 19.9239%; height: 162px;\"><img loading=\"lazy\" decoding=\"async\" class=\" wp-image-17080 aligncenter\" src=\"https:\/\/serveiseducatius.xtec.cat\/vallesoriental4\/wp-content\/uploads\/usu1133\/2021\/11\/unnamed-1-1.jpg\" alt=\"\" width=\"97\" height=\"147\" \/><\/td>\n<td style=\"height: 162px; width: 73.9939%;\">\n<p style=\"text-align: center;\"><em><strong>EDUCACI\u00d3N EMPRENDEDORA. INICIATIVAS Y ORIENTACIONES<\/strong><\/em><\/p>\n<p style=\"text-align: justify;\">Aquest llibre explica una s\u00e8rie d&#8217;iniciatives emprenedores dutes a terme en sis pa\u00efsos diferents: totes tenen duracions molt diverses, van adre\u00e7ades a etapes educatives diferents, des de l&#8217;educaci\u00f3 infantil fins a l&#8217;educaci\u00f3 secund\u00e0ria. A partir d&#8217;aquestes experi\u00e8ncies pr\u00e0ctiques, els autors ofereixen una s\u00e8rie d&#8217;orientacions i recursos per ajudar a dissenyar i per poder implantar iniciatives emprenedores a tota classe de contextos educatius.<\/p>\n<\/td>\n<td style=\"width: 2.20272%;\">\n<p style=\"text-align: center;\"><em><strong>\u00a0<\/strong><\/em><\/p>\n<\/td>\n<\/tr>\n<tr>\n<td style=\"width: 98.0604%;\" colspan=\"4\"><\/td>\n<\/tr>\n<\/tbody>\n<\/table>\n<p style=\"text-align: justify;\">\n","protected":false},"excerpt":{"rendered":"<p>\u27a1 Reserves al correu crp-vallesoriental4@xtec.cat &nbsp; \u00a0 LA M\u00c0GIA DE L&#8217;ENGINYERIA Dos germans molt curiosos, el Roc i la Clara, han de fer de detectius i resoldre un original repte que els planteja el seu nou ve\u00ed. Un viatge per indrets m\u00e0gics que els dur\u00e0 a con\u00e8ixer i explorar m\u00e9s a fons totes les aplicacions [&hellip;]<\/p>\n","protected":false},"author":1,"featured_media":0,"parent":20503,"menu_order":6,"comment_status":"closed","ping_status":"closed","template":"page-templates\/side-menu.php","meta":{"_bbp_topic_count":0,"_bbp_reply_count":0,"_bbp_total_topic_count":0,"_bbp_total_reply_count":0,"_bbp_voice_count":0,"_bbp_anonymous_reply_count":0,"_bbp_topic_count_hidden":0,"_bbp_reply_count_hidden":0,"_bbp_forum_subforum_count":0,"site-sidebar-layout":"default","site-content-layout":"","ast-site-content-layout":"","site-content-style":"default","site-sidebar-style":"default","ast-global-header-display":"","ast-banner-title-visibility":"","ast-main-header-display":"","ast-hfb-above-header-display":"","ast-hfb-below-header-display":"","ast-hfb-mobile-header-display":"","site-post-title":"","ast-breadcrumbs-content":"","ast-featured-img":"","footer-sml-layout":"","theme-transparent-header-meta":"","adv-header-id-meta":"","stick-header-meta":"","header-above-stick-meta":"","header-main-stick-meta":"","header-below-stick-meta":"","astra-migrate-meta-layouts":"default","ast-page-background-enabled":"default","ast-page-background-meta":{"desktop":{"background-color":"var(--ast-global-color-4)","background-image":"","background-repeat":"repeat","background-position":"center center","background-size":"auto","background-attachment":"scroll","background-type":"","background-media":"","overlay-type":"","overlay-color":"","overlay-opacity":"","overlay-gradient":""},"tablet":{"background-color":"","background-image":"","background-repeat":"repeat","background-position":"center center","background-size":"auto","background-attachment":"scroll","background-type":"","background-media":"","overlay-type":"","overlay-color":"","overlay-opacity":"","overlay-gradient":""},"mobile":{"background-color":"","background-image":"","background-repeat":"repeat","background-position":"center center","background-size":"auto","background-attachment":"scroll","background-type":"","background-media":"","overlay-type":"","overlay-color":"","overlay-opacity":"","overlay-gradient":""}},"ast-content-background-meta":{"desktop":{"background-color":"var(--ast-global-color-5)","background-image":"","background-repeat":"repeat","background-position":"center center","background-size":"auto","background-attachment":"scroll","background-type":"","background-media":"","overlay-type":"","overlay-color":"","overlay-opacity":"","overlay-gradient":""},"tablet":{"background-color":"var(--ast-global-color-5)","background-image":"","background-repeat":"repeat","background-position":"center center","background-size":"auto","background-attachment":"scroll","background-type":"","background-media":"","overlay-type":"","overlay-color":"","overlay-opacity":"","overlay-gradient":""},"mobile":{"background-color":"var(--ast-global-color-5)","background-image":"","background-repeat":"repeat","background-position":"center center","background-size":"auto","background-attachment":"scroll","background-type":"","background-media":"","overlay-type":"","overlay-color":"","overlay-opacity":"","overlay-gradient":""}},"footnotes":""},"class_list":["post-18921","page","type-page","status-publish","hentry"],"post_mailing_queue_ids":[],"_links":{"self":[{"href":"https:\/\/serveiseducatius.xtec.cat\/vallesoriental4\/wp-json\/wp\/v2\/pages\/18921","targetHints":{"allow":["GET"]}}],"collection":[{"href":"https:\/\/serveiseducatius.xtec.cat\/vallesoriental4\/wp-json\/wp\/v2\/pages"}],"about":[{"href":"https:\/\/serveiseducatius.xtec.cat\/vallesoriental4\/wp-json\/wp\/v2\/types\/page"}],"author":[{"embeddable":true,"href":"https:\/\/serveiseducatius.xtec.cat\/vallesoriental4\/wp-json\/wp\/v2\/users\/1"}],"replies":[{"embeddable":true,"href":"https:\/\/serveiseducatius.xtec.cat\/vallesoriental4\/wp-json\/wp\/v2\/comments?post=18921"}],"version-history":[{"count":6,"href":"https:\/\/serveiseducatius.xtec.cat\/vallesoriental4\/wp-json\/wp\/v2\/pages\/18921\/revisions"}],"predecessor-version":[{"id":22474,"href":"https:\/\/serveiseducatius.xtec.cat\/vallesoriental4\/wp-json\/wp\/v2\/pages\/18921\/revisions\/22474"}],"up":[{"embeddable":true,"href":"https:\/\/serveiseducatius.xtec.cat\/vallesoriental4\/wp-json\/wp\/v2\/pages\/20503"}],"wp:attachment":[{"href":"https:\/\/serveiseducatius.xtec.cat\/vallesoriental4\/wp-json\/wp\/v2\/media?parent=18921"}],"curies":[{"name":"wp","href":"https:\/\/api.w.org\/{rel}","templated":true}]}}