{"id":18919,"date":"2023-03-30T11:37:39","date_gmt":"2023-03-30T09:37:39","guid":{"rendered":"https:\/\/serveiseducatius.xtec.cat\/vallesoriental4\/?page_id=18919"},"modified":"2024-07-04T10:43:14","modified_gmt":"2024-07-04T08:43:14","slug":"recursos-audiovisuals","status":"publish","type":"page","link":"https:\/\/serveiseducatius.xtec.cat\/vallesoriental4\/recursos\/servei-de-prestec\/recursos-audiovisuals\/","title":{"rendered":"Recursos audiovisuals"},"content":{"rendered":"<h4><\/h4>\n<h4 style=\"text-align: center;\"><strong>\u27a1 <a href=\"https:\/\/docs.google.com\/spreadsheets\/d\/1DFQu_flzXFE8L6zQRQl1l9bApHhr76k5S0kQRCWHukw\/edit?gid=1846709659#gid=1846709659\" target=\"_blank\" rel=\"noopener\">RESERVES &#8211; Curs 2024-25<\/a> \u27a1<\/strong><\/h4>\n<p>&nbsp;<\/p>\n<table style=\"border-collapse: collapse; width: 97.897%; height: 562px;\">\n<tbody>\n<tr style=\"height: 260px;\">\n<td style=\"width: 24.7205%; height: 260px;\">\n<p style=\"text-align: center;\"><strong style=\"font-size: 16px; text-align: center; background-color: #ffffff;\">TAULETES DIGITALS<\/strong><\/p>\n<p style=\"text-align: center;\">Sistema operatiu Android<\/p>\n<ul>\n<li style=\"text-align: left;\">3 unitats<\/li>\n<\/ul>\n<\/td>\n<td style=\"width: 25.6474%; height: 260px;\"><a href=\"https:\/\/serveiseducatius.xtec.cat\/vallesoriental4\/wp-content\/uploads\/usu1133\/2023\/09\/tablet-bq.jpg\"><img loading=\"lazy\" decoding=\"async\" class=\" wp-image-19913 aligncenter\" src=\"https:\/\/serveiseducatius.xtec.cat\/vallesoriental4\/wp-content\/uploads\/usu1133\/2023\/09\/tablet-bq.jpg\" alt=\"\" width=\"199\" height=\"143\" \/><\/a><\/td>\n<td style=\"width: 1.92593%; height: 562px; background-color: #e0e0e0;\" rowspan=\"5\">\n<p style=\"text-align: center;\"><strong style=\"font-size: 16px; text-align: center;\">\u00a0<\/strong><\/p>\n<p>&nbsp;<\/p>\n<p>&nbsp;<\/td>\n<td style=\"width: 22.2513%; height: 260px;\">\n<p style=\"text-align: center;\"><strong style=\"font-size: 16px; text-align: center;\">CHROMA<\/strong><\/p>\n<ul>\n<li style=\"text-align: left;\">Lona (1,5\u202fm x 2\u202fm)<\/li>\n<li style=\"text-align: left;\">2 peus<\/li>\n<li style=\"text-align: left;\">3 pinces<\/li>\n<\/ul>\n<\/td>\n<td style=\"width: 23.7963%; height: 260px;\"><a href=\"https:\/\/serveiseducatius.xtec.cat\/vallesoriental4\/wp-content\/uploads\/usu1133\/2023\/06\/baixa-2.jpg\"><img loading=\"lazy\" decoding=\"async\" class=\"wp-image-19648 aligncenter\" src=\"https:\/\/serveiseducatius.xtec.cat\/vallesoriental4\/wp-content\/uploads\/usu1133\/2023\/06\/baixa-2.jpg\" alt=\"\" width=\"230\" height=\"223\" \/><\/a><\/td>\n<\/tr>\n<tr style=\"height: 10px;\">\n<td style=\"width: 50.3679%; height: 10px; background-color: #e0e0e0;\" colspan=\"2\"><\/td>\n<td style=\"width: 46.0476%; height: 10px; background-color: #e0e0e0;\" colspan=\"2\"><\/td>\n<\/tr>\n<tr style=\"height: 250px;\">\n<td style=\"width: 24.7205%; height: 250px;\">\n<p style=\"text-align: center;\"><span style=\"font-size: 16px; background-color: #ffffff;\"><b>C\u00c0MERA DIGITAL<\/b><\/span><\/p>\n<p style=\"text-align: center;\">Panasonic<\/p>\n<ul>\n<li>1 unitat<\/li>\n<li>Pantalla articulada<\/li>\n<li>Detecci\u00f3 de cares<\/li>\n<li>Control remot amb tel\u00e8fon intel\u00b7ligent<\/li>\n<\/ul>\n<\/td>\n<td style=\"width: 25.6474%; height: 250px;\"><a href=\"https:\/\/serveiseducatius.xtec.cat\/vallesoriental4\/wp-content\/uploads\/usu1133\/2023\/09\/Panasonic_Lumix_DMC-ZS35.png\"><img loading=\"lazy\" decoding=\"async\" class=\"wp-image-19907 aligncenter\" src=\"https:\/\/serveiseducatius.xtec.cat\/vallesoriental4\/wp-content\/uploads\/usu1133\/2023\/09\/Panasonic_Lumix_DMC-ZS35.png\" alt=\"\" width=\"156\" height=\"111\" srcset=\"https:\/\/serveiseducatius.xtec.cat\/vallesoriental4\/wp-content\/uploads\/usu1133\/2023\/09\/Panasonic_Lumix_DMC-ZS35.png 1024w, https:\/\/serveiseducatius.xtec.cat\/vallesoriental4\/wp-content\/uploads\/usu1133\/2023\/09\/Panasonic_Lumix_DMC-ZS35-300x214.png 300w, https:\/\/serveiseducatius.xtec.cat\/vallesoriental4\/wp-content\/uploads\/usu1133\/2023\/09\/Panasonic_Lumix_DMC-ZS35-768x548.png 768w\" sizes=\"auto, (max-width: 156px) 100vw, 156px\" \/><\/a><\/td>\n<td style=\"width: 22.2513%; height: 250px;\">\n<p style=\"text-align: center;\"><a href=\"https:\/\/www.geocaching.com\/play\" target=\"_blank\" rel=\"noopener noreferrer\"><span style=\"font-size: 16px; background-color: #ffffff;\"><b>GPS GARMIN<\/b><\/span><\/a><\/p>\n<ul>\n<li>4 unitats<\/li>\n<li>Cintes per penjar al coll<\/li>\n<\/ul>\n<\/td>\n<td style=\"width: 23.7963%; height: 250px;\"><img loading=\"lazy\" decoding=\"async\" class=\"wp-image-21031 aligncenter\" style=\"background-color: #ffffff;\" src=\"https:\/\/serveiseducatius.xtec.cat\/vallesoriental4\/wp-content\/uploads\/usu1133\/2023\/12\/Garmin-e1702311929576.jpg\" alt=\"\" width=\"101\" height=\"187\" \/><\/td>\n<\/tr>\n<tr style=\"height: 10px;\">\n<td style=\"width: 50.3679%; height: 10px; background-color: #e0e0e0;\" colspan=\"2\"><\/td>\n<td style=\"width: 46.0476%; height: 10px; background-color: #e0e0e0;\" colspan=\"2\"><\/td>\n<\/tr>\n<tr style=\"height: 32px;\">\n<td style=\"width: 24.7205%; height: 32px;\">\n<p style=\"text-align: center;\"><strong style=\"font-size: 16px; text-align: center; background-color: #ffffff;\">PROJECTORS EPSON<\/strong><\/p>\n<ul>\n<li>2 unitats<\/li>\n<li>Connexi\u00f3 a l&#8217;ordinador i al corrent<\/li>\n<li>Comandament a dist\u00e0ncia<\/li>\n<li>Maleta de transport<\/li>\n<\/ul>\n<\/td>\n<td style=\"width: 25.6474%; height: 32px; text-align: center;\"><img loading=\"lazy\" decoding=\"async\" class=\"alignnone wp-image-19656 size-full\" src=\"https:\/\/serveiseducatius.xtec.cat\/vallesoriental4\/wp-content\/uploads\/usu1133\/2023\/06\/baixa-2-1-e1702312199213.jpg\" alt=\"\" width=\"215\" height=\"97\" \/><\/td>\n<td style=\"width: 22.2513%; text-align: center; height: 32px;\">\n<p style=\"font-family: 'Helvetica Neue', Helvetica, Helvetica, Arial, sans-serif; font-size: 14px; text-align: center; background-color: #ffffff;\"><strong style=\"font-size: 16px; text-align: center;\">TR\u00cdPODE PER A M\u00d2BIL<\/strong><\/p>\n<p>Polarduck<\/p>\n<ul>\n<li style=\"font-family: 'Helvetica Neue', Helvetica, Helvetica, Arial, sans-serif; font-size: 14px; text-align: start; background-color: #ffffff;\">Model 51 Inch<\/li>\n<li style=\"font-family: 'Helvetica Neue', Helvetica, Helvetica, Arial, sans-serif; font-size: 14px; text-align: start; background-color: #ffffff;\">130\u202fcm d&#8217;alt com a m\u00e0xim<\/li>\n<li style=\"font-family: 'Helvetica Neue', Helvetica, Helvetica, Arial, sans-serif; font-size: 14px; text-align: start; background-color: #ffffff;\">38\u202fcm d&#8217;alt com a m\u00ednim<\/li>\n<\/ul>\n<\/td>\n<td style=\"width: 23.7963%; text-align: center; height: 32px;\"><a href=\"https:\/\/serveiseducatius.xtec.cat\/vallesoriental4\/wp-content\/uploads\/usu1133\/2023\/09\/tripode.jpg\"><img loading=\"lazy\" decoding=\"async\" class=\"wp-image-19914 aligncenter\" src=\"https:\/\/serveiseducatius.xtec.cat\/vallesoriental4\/wp-content\/uploads\/usu1133\/2023\/09\/tripode-1024x1024.jpg\" alt=\"\" width=\"199\" height=\"199\" srcset=\"https:\/\/serveiseducatius.xtec.cat\/vallesoriental4\/wp-content\/uploads\/usu1133\/2023\/09\/tripode-1024x1024.jpg 1024w, https:\/\/serveiseducatius.xtec.cat\/vallesoriental4\/wp-content\/uploads\/usu1133\/2023\/09\/tripode-300x300.jpg 300w, https:\/\/serveiseducatius.xtec.cat\/vallesoriental4\/wp-content\/uploads\/usu1133\/2023\/09\/tripode-150x150.jpg 150w, https:\/\/serveiseducatius.xtec.cat\/vallesoriental4\/wp-content\/uploads\/usu1133\/2023\/09\/tripode-768x768.jpg 768w, https:\/\/serveiseducatius.xtec.cat\/vallesoriental4\/wp-content\/uploads\/usu1133\/2023\/09\/tripode-1536x1536.jpg 1536w, https:\/\/serveiseducatius.xtec.cat\/vallesoriental4\/wp-content\/uploads\/usu1133\/2023\/09\/tripode-2048x2048.jpg 2048w\" sizes=\"auto, (max-width: 199px) 100vw, 199px\" \/><\/a><\/td>\n<\/tr>\n<\/tbody>\n<\/table>\n<p>&nbsp;<\/p>\n","protected":false},"excerpt":{"rendered":"<p>\u27a1 RESERVES &#8211; Curs 2024-25 \u27a1 &nbsp; TAULETES DIGITALS Sistema operatiu Android 3 unitats \u00a0 &nbsp; &nbsp; CHROMA Lona (1,5\u202fm x 2\u202fm) 2 peus 3 pinces C\u00c0MERA DIGITAL Panasonic 1 unitat Pantalla articulada Detecci\u00f3 de cares Control remot amb tel\u00e8fon intel\u00b7ligent GPS GARMIN 4 unitats Cintes per penjar al coll PROJECTORS EPSON 2 unitats Connexi\u00f3 [&hellip;]<\/p>\n","protected":false},"author":1,"featured_media":0,"parent":20503,"menu_order":5,"comment_status":"closed","ping_status":"closed","template":"page-templates\/side-menu.php","meta":{"_bbp_topic_count":0,"_bbp_reply_count":0,"_bbp_total_topic_count":0,"_bbp_total_reply_count":0,"_bbp_voice_count":0,"_bbp_anonymous_reply_count":0,"_bbp_topic_count_hidden":0,"_bbp_reply_count_hidden":0,"_bbp_forum_subforum_count":0,"site-sidebar-layout":"default","site-content-layout":"","ast-site-content-layout":"","site-content-style":"default","site-sidebar-style":"default","ast-global-header-display":"","ast-banner-title-visibility":"","ast-main-header-display":"","ast-hfb-above-header-display":"","ast-hfb-below-header-display":"","ast-hfb-mobile-header-display":"","site-post-title":"","ast-breadcrumbs-content":"","ast-featured-img":"","footer-sml-layout":"","theme-transparent-header-meta":"","adv-header-id-meta":"","stick-header-meta":"","header-above-stick-meta":"","header-main-stick-meta":"","header-below-stick-meta":"","astra-migrate-meta-layouts":"default","ast-page-background-enabled":"default","ast-page-background-meta":{"desktop":{"background-color":"var(--ast-global-color-4)","background-image":"","background-repeat":"repeat","background-position":"center center","background-size":"auto","background-attachment":"scroll","background-type":"","background-media":"","overlay-type":"","overlay-color":"","overlay-opacity":"","overlay-gradient":""},"tablet":{"background-color":"","background-image":"","background-repeat":"repeat","background-position":"center center","background-size":"auto","background-attachment":"scroll","background-type":"","background-media":"","overlay-type":"","overlay-color":"","overlay-opacity":"","overlay-gradient":""},"mobile":{"background-color":"","background-image":"","background-repeat":"repeat","background-position":"center center","background-size":"auto","background-attachment":"scroll","background-type":"","background-media":"","overlay-type":"","overlay-color":"","overlay-opacity":"","overlay-gradient":""}},"ast-content-background-meta":{"desktop":{"background-color":"var(--ast-global-color-5)","background-image":"","background-repeat":"repeat","background-position":"center center","background-size":"auto","background-attachment":"scroll","background-type":"","background-media":"","overlay-type":"","overlay-color":"","overlay-opacity":"","overlay-gradient":""},"tablet":{"background-color":"var(--ast-global-color-5)","background-image":"","background-repeat":"repeat","background-position":"center center","background-size":"auto","background-attachment":"scroll","background-type":"","background-media":"","overlay-type":"","overlay-color":"","overlay-opacity":"","overlay-gradient":""},"mobile":{"background-color":"var(--ast-global-color-5)","background-image":"","background-repeat":"repeat","background-position":"center center","background-size":"auto","background-attachment":"scroll","background-type":"","background-media":"","overlay-type":"","overlay-color":"","overlay-opacity":"","overlay-gradient":""}},"footnotes":""},"class_list":["post-18919","page","type-page","status-publish","hentry"],"post_mailing_queue_ids":[],"_links":{"self":[{"href":"https:\/\/serveiseducatius.xtec.cat\/vallesoriental4\/wp-json\/wp\/v2\/pages\/18919","targetHints":{"allow":["GET"]}}],"collection":[{"href":"https:\/\/serveiseducatius.xtec.cat\/vallesoriental4\/wp-json\/wp\/v2\/pages"}],"about":[{"href":"https:\/\/serveiseducatius.xtec.cat\/vallesoriental4\/wp-json\/wp\/v2\/types\/page"}],"author":[{"embeddable":true,"href":"https:\/\/serveiseducatius.xtec.cat\/vallesoriental4\/wp-json\/wp\/v2\/users\/1"}],"replies":[{"embeddable":true,"href":"https:\/\/serveiseducatius.xtec.cat\/vallesoriental4\/wp-json\/wp\/v2\/comments?post=18919"}],"version-history":[{"count":6,"href":"https:\/\/serveiseducatius.xtec.cat\/vallesoriental4\/wp-json\/wp\/v2\/pages\/18919\/revisions"}],"predecessor-version":[{"id":22471,"href":"https:\/\/serveiseducatius.xtec.cat\/vallesoriental4\/wp-json\/wp\/v2\/pages\/18919\/revisions\/22471"}],"up":[{"embeddable":true,"href":"https:\/\/serveiseducatius.xtec.cat\/vallesoriental4\/wp-json\/wp\/v2\/pages\/20503"}],"wp:attachment":[{"href":"https:\/\/serveiseducatius.xtec.cat\/vallesoriental4\/wp-json\/wp\/v2\/media?parent=18919"}],"curies":[{"name":"wp","href":"https:\/\/api.w.org\/{rel}","templated":true}]}}