{"id":17928,"date":"2022-07-11T13:40:37","date_gmt":"2022-07-11T11:40:37","guid":{"rendered":"https:\/\/serveiseducatius.xtec.cat\/vallesoriental4\/?page_id=17928"},"modified":"2023-12-18T17:27:51","modified_gmt":"2023-12-18T16:27:51","slug":"cfa-i-escoles-dadults","status":"publish","type":"page","link":"https:\/\/serveiseducatius.xtec.cat\/vallesoriental4\/comunitat\/centres-educatius\/cfa-i-escoles-dadults\/","title":{"rendered":"CFA i Escoles d&#8217;Adults de la zona"},"content":{"rendered":"<p>&nbsp;<\/p>\n<p><strong>\u00a0\u27a1 Escola d&#8217;Adults Municipal EL ROURE GROS<\/strong><\/p>\n<p>Gregori Montserrat, 4<br \/>\n08140 Caldes de Montbui<br \/>\n93 115 10 66<\/p>\n<p><a href=\"mailto:eadults@caldesdemontbui.cat\">eadults@caldesdemontbui.cat<\/a><\/p>\n<p><a href=\"https:\/\/www.caldesdemontbui.cat\/serveis-i-tramits\/serveis\/escola-dadults-municipal-el-roure-gros.html\" target=\"_blank\" rel=\"noopener\">M\u00e9s informaci\u00f3<\/a><\/p>\n<p>&nbsp;<\/p>\n<p><strong>\u00a0\u27a1 Escola Municipal d&#8217;Art i Disseny (EMAD)<\/strong><\/p>\n<p>Carrer Negociant, 79<br \/>\n08530 La Garriga<br \/>\n93 860 59 90<\/p>\n<p><a href=\"mailto:emad@ajlagarriga.cat\">emad<span class=\"\">@ajlagarriga.cat\u00a0<\/span><\/a><\/p>\n<p><a href=\"https:\/\/lagarriga.cat\/la-garriga\/equipaments\/escola-municipal-dart-i-disseny-emad-\"><span class=\"\">M\u00e9<\/span>s informaci\u00f3<\/a><\/p>\n<p>&nbsp;<\/p>\n<p><strong>\u00a0\u27a1 CFA DE LA VALL DEL TENES <\/strong><\/p>\n<p><em>Mancomunitat de la Vall del Tenes (Bigues i Riells del Fai, Santa Eul\u00e0lia de Ron\u00e7ana, Lli\u00e7\u00e0 d&#8217;Amunt i Lli\u00e7\u00e0 de Vall)<\/em><\/p>\n<p>Carrer Jaume I, 15-45<br \/>\n08186 Lli\u00e7\u00e0 d\u2019Amunt<br \/>\n938 416 343<\/p>\n<p><a href=\"mailto:mcvt.epavt@mvalltenes.cat\" target=\"_blank\" rel=\"noopener\">mcvt.epavt@mvalltenes.cat<\/a><\/p>\n<p><a href=\"https:\/\/epavalltenes.cat\/\" target=\"_blank\" rel=\"noopener\">M\u00e9s informaci\u00f3<\/a><\/p>\n<p>&nbsp;<\/p>\n","protected":false},"excerpt":{"rendered":"<p>&nbsp; \u00a0\u27a1 Escola d&#8217;Adults Municipal EL ROURE GROS Gregori Montserrat, 4 08140 Caldes de Montbui 93 115 10 66 eadults@caldesdemontbui.cat M\u00e9s informaci\u00f3 &nbsp; \u00a0\u27a1 Escola Municipal d&#8217;Art i Disseny (EMAD) Carrer Negociant, 79 08530 La Garriga 93 860 59 90 emad@ajlagarriga.cat\u00a0 M\u00e9s informaci\u00f3 &nbsp; \u00a0\u27a1 CFA DE LA VALL DEL TENES Mancomunitat de la Vall [&hellip;]<\/p>\n","protected":false},"author":1,"featured_media":0,"parent":338,"menu_order":2,"comment_status":"closed","ping_status":"closed","template":"page-templates\/side-menu.php","meta":{"_bbp_topic_count":0,"_bbp_reply_count":0,"_bbp_total_topic_count":0,"_bbp_total_reply_count":0,"_bbp_voice_count":0,"_bbp_anonymous_reply_count":0,"_bbp_topic_count_hidden":0,"_bbp_reply_count_hidden":0,"_bbp_forum_subforum_count":0,"site-sidebar-layout":"default","site-content-layout":"","ast-site-content-layout":"","site-content-style":"default","site-sidebar-style":"default","ast-global-header-display":"","ast-banner-title-visibility":"","ast-main-header-display":"","ast-hfb-above-header-display":"","ast-hfb-below-header-display":"","ast-hfb-mobile-header-display":"","site-post-title":"","ast-breadcrumbs-content":"","ast-featured-img":"","footer-sml-layout":"","theme-transparent-header-meta":"","adv-header-id-meta":"","stick-header-meta":"","header-above-stick-meta":"","header-main-stick-meta":"","header-below-stick-meta":"","astra-migrate-meta-layouts":"default","ast-page-background-enabled":"default","ast-page-background-meta":{"desktop":{"background-color":"var(--ast-global-color-4)","background-image":"","background-repeat":"repeat","background-position":"center center","background-size":"auto","background-attachment":"scroll","background-type":"","background-media":"","overlay-type":"","overlay-color":"","overlay-opacity":"","overlay-gradient":""},"tablet":{"background-color":"","background-image":"","background-repeat":"repeat","background-position":"center center","background-size":"auto","background-attachment":"scroll","background-type":"","background-media":"","overlay-type":"","overlay-color":"","overlay-opacity":"","overlay-gradient":""},"mobile":{"background-color":"","background-image":"","background-repeat":"repeat","background-position":"center center","background-size":"auto","background-attachment":"scroll","background-type":"","background-media":"","overlay-type":"","overlay-color":"","overlay-opacity":"","overlay-gradient":""}},"ast-content-background-meta":{"desktop":{"background-color":"var(--ast-global-color-5)","background-image":"","background-repeat":"repeat","background-position":"center center","background-size":"auto","background-attachment":"scroll","background-type":"","background-media":"","overlay-type":"","overlay-color":"","overlay-opacity":"","overlay-gradient":""},"tablet":{"background-color":"var(--ast-global-color-5)","background-image":"","background-repeat":"repeat","background-position":"center center","background-size":"auto","background-attachment":"scroll","background-type":"","background-media":"","overlay-type":"","overlay-color":"","overlay-opacity":"","overlay-gradient":""},"mobile":{"background-color":"var(--ast-global-color-5)","background-image":"","background-repeat":"repeat","background-position":"center center","background-size":"auto","background-attachment":"scroll","background-type":"","background-media":"","overlay-type":"","overlay-color":"","overlay-opacity":"","overlay-gradient":""}},"footnotes":""},"class_list":["post-17928","page","type-page","status-publish","hentry"],"post_mailing_queue_ids":[],"_links":{"self":[{"href":"https:\/\/serveiseducatius.xtec.cat\/vallesoriental4\/wp-json\/wp\/v2\/pages\/17928","targetHints":{"allow":["GET"]}}],"collection":[{"href":"https:\/\/serveiseducatius.xtec.cat\/vallesoriental4\/wp-json\/wp\/v2\/pages"}],"about":[{"href":"https:\/\/serveiseducatius.xtec.cat\/vallesoriental4\/wp-json\/wp\/v2\/types\/page"}],"author":[{"embeddable":true,"href":"https:\/\/serveiseducatius.xtec.cat\/vallesoriental4\/wp-json\/wp\/v2\/users\/1"}],"replies":[{"embeddable":true,"href":"https:\/\/serveiseducatius.xtec.cat\/vallesoriental4\/wp-json\/wp\/v2\/comments?post=17928"}],"version-history":[{"count":5,"href":"https:\/\/serveiseducatius.xtec.cat\/vallesoriental4\/wp-json\/wp\/v2\/pages\/17928\/revisions"}],"predecessor-version":[{"id":20585,"href":"https:\/\/serveiseducatius.xtec.cat\/vallesoriental4\/wp-json\/wp\/v2\/pages\/17928\/revisions\/20585"}],"up":[{"embeddable":true,"href":"https:\/\/serveiseducatius.xtec.cat\/vallesoriental4\/wp-json\/wp\/v2\/pages\/338"}],"wp:attachment":[{"href":"https:\/\/serveiseducatius.xtec.cat\/vallesoriental4\/wp-json\/wp\/v2\/media?parent=17928"}],"curies":[{"name":"wp","href":"https:\/\/api.w.org\/{rel}","templated":true}]}}