{"id":15440,"date":"2020-12-01T12:32:37","date_gmt":"2020-12-01T11:32:37","guid":{"rendered":"http:\/\/serveiseducatius.xtec.cat\/vallesoriental4\/?page_id=15440"},"modified":"2023-12-18T11:26:45","modified_gmt":"2023-12-18T10:26:45","slug":"ajuntaments-de-la-zona","status":"publish","type":"page","link":"https:\/\/serveiseducatius.xtec.cat\/vallesoriental4\/comunitat\/entitats-de-la-zona\/ajuntaments-de-la-zona\/","title":{"rendered":"Ajuntaments"},"content":{"rendered":"<ul>\n<li><a href=\"http:\/\/www.aiguafreda.cat\/\">Ajuntament d&#8217;Aiguafreda<\/a><\/li>\n<li><a href=\"https:\/\/www.ametlla.cat\/\">Ajuntament de L&#8217;Atmella del Vall\u00e8s<\/a><\/li>\n<li><a href=\"https:\/\/www.biguesiriells.cat\/ca\/index.htm\">Ajuntament de Bigues i Riells<\/a><\/li>\n<li><a href=\"http:\/\/www.caldesdemontbui.cat\/\">Ajuntament de Caldes de Montbui<\/a><\/li>\n<li><a href=\"https:\/\/www.lagarriga.cat\/\">Ajuntament de La Garriga<\/a><\/li>\n<li><a href=\"https:\/\/www.llissadevall.cat\/\">Ajuntament de Lli\u00e7\u00e0 de Vall<\/a><\/li>\n<li><a href=\"http:\/\/www.llicamunt.cat\/\">Ajuntament de Lli\u00e7\u00e0 d&#8217;Amunt<\/a><\/li>\n<li><a href=\"http:\/\/www.figaro-montmany.cat\/\">Ajuntament del Figar\u00f3-Montmany<\/a><\/li>\n<li><a href=\"http:\/\/www.santfeliudecodines.cat\/\">Ajuntament de Sant Feliu de Codines<\/a><\/li>\n<li><a href=\"http:\/\/www.ser.cat\/\">Ajuntament de Santa Eul\u00e0lia de Ron\u00e7ana<\/a><\/li>\n<\/ul>\n","protected":false},"excerpt":{"rendered":"<p>Ajuntament d&#8217;Aiguafreda Ajuntament de L&#8217;Atmella del Vall\u00e8s Ajuntament de Bigues i Riells Ajuntament de Caldes de Montbui Ajuntament de La Garriga Ajuntament de Lli\u00e7\u00e0 de Vall Ajuntament de Lli\u00e7\u00e0 d&#8217;Amunt Ajuntament del Figar\u00f3-Montmany Ajuntament de Sant Feliu de Codines Ajuntament de Santa Eul\u00e0lia de Ron\u00e7ana<\/p>\n","protected":false},"author":1,"featured_media":0,"parent":20565,"menu_order":0,"comment_status":"closed","ping_status":"closed","template":"page-templates\/side-menu.php","meta":{"_bbp_topic_count":0,"_bbp_reply_count":0,"_bbp_total_topic_count":0,"_bbp_total_reply_count":0,"_bbp_voice_count":0,"_bbp_anonymous_reply_count":0,"_bbp_topic_count_hidden":0,"_bbp_reply_count_hidden":0,"_bbp_forum_subforum_count":0,"site-sidebar-layout":"default","site-content-layout":"","ast-site-content-layout":"","site-content-style":"default","site-sidebar-style":"default","ast-global-header-display":"","ast-banner-title-visibility":"","ast-main-header-display":"","ast-hfb-above-header-display":"","ast-hfb-below-header-display":"","ast-hfb-mobile-header-display":"","site-post-title":"","ast-breadcrumbs-content":"","ast-featured-img":"","footer-sml-layout":"","theme-transparent-header-meta":"","adv-header-id-meta":"","stick-header-meta":"","header-above-stick-meta":"","header-main-stick-meta":"","header-below-stick-meta":"","astra-migrate-meta-layouts":"default","ast-page-background-enabled":"default","ast-page-background-meta":{"desktop":{"background-color":"var(--ast-global-color-4)","background-image":"","background-repeat":"repeat","background-position":"center center","background-size":"auto","background-attachment":"scroll","background-type":"","background-media":"","overlay-type":"","overlay-color":"","overlay-opacity":"","overlay-gradient":""},"tablet":{"background-color":"","background-image":"","background-repeat":"repeat","background-position":"center center","background-size":"auto","background-attachment":"scroll","background-type":"","background-media":"","overlay-type":"","overlay-color":"","overlay-opacity":"","overlay-gradient":""},"mobile":{"background-color":"","background-image":"","background-repeat":"repeat","background-position":"center center","background-size":"auto","background-attachment":"scroll","background-type":"","background-media":"","overlay-type":"","overlay-color":"","overlay-opacity":"","overlay-gradient":""}},"ast-content-background-meta":{"desktop":{"background-color":"var(--ast-global-color-5)","background-image":"","background-repeat":"repeat","background-position":"center center","background-size":"auto","background-attachment":"scroll","background-type":"","background-media":"","overlay-type":"","overlay-color":"","overlay-opacity":"","overlay-gradient":""},"tablet":{"background-color":"var(--ast-global-color-5)","background-image":"","background-repeat":"repeat","background-position":"center center","background-size":"auto","background-attachment":"scroll","background-type":"","background-media":"","overlay-type":"","overlay-color":"","overlay-opacity":"","overlay-gradient":""},"mobile":{"background-color":"var(--ast-global-color-5)","background-image":"","background-repeat":"repeat","background-position":"center center","background-size":"auto","background-attachment":"scroll","background-type":"","background-media":"","overlay-type":"","overlay-color":"","overlay-opacity":"","overlay-gradient":""}},"footnotes":""},"class_list":["post-15440","page","type-page","status-publish","hentry"],"post_mailing_queue_ids":[],"_links":{"self":[{"href":"https:\/\/serveiseducatius.xtec.cat\/vallesoriental4\/wp-json\/wp\/v2\/pages\/15440","targetHints":{"allow":["GET"]}}],"collection":[{"href":"https:\/\/serveiseducatius.xtec.cat\/vallesoriental4\/wp-json\/wp\/v2\/pages"}],"about":[{"href":"https:\/\/serveiseducatius.xtec.cat\/vallesoriental4\/wp-json\/wp\/v2\/types\/page"}],"author":[{"embeddable":true,"href":"https:\/\/serveiseducatius.xtec.cat\/vallesoriental4\/wp-json\/wp\/v2\/users\/1"}],"replies":[{"embeddable":true,"href":"https:\/\/serveiseducatius.xtec.cat\/vallesoriental4\/wp-json\/wp\/v2\/comments?post=15440"}],"version-history":[{"count":5,"href":"https:\/\/serveiseducatius.xtec.cat\/vallesoriental4\/wp-json\/wp\/v2\/pages\/15440\/revisions"}],"predecessor-version":[{"id":21077,"href":"https:\/\/serveiseducatius.xtec.cat\/vallesoriental4\/wp-json\/wp\/v2\/pages\/15440\/revisions\/21077"}],"up":[{"embeddable":true,"href":"https:\/\/serveiseducatius.xtec.cat\/vallesoriental4\/wp-json\/wp\/v2\/pages\/20565"}],"wp:attachment":[{"href":"https:\/\/serveiseducatius.xtec.cat\/vallesoriental4\/wp-json\/wp\/v2\/media?parent=15440"}],"curies":[{"name":"wp","href":"https:\/\/api.w.org\/{rel}","templated":true}]}}