{"id":1314,"date":"2016-03-15T10:23:40","date_gmt":"2016-03-15T09:23:40","guid":{"rendered":"http:\/\/serveiseducatius.xtec.cat\/vallesoriental4\/?page_id=1314"},"modified":"2025-09-01T12:46:14","modified_gmt":"2025-09-01T10:46:14","slug":"calendari-pfz","status":"publish","type":"page","link":"https:\/\/serveiseducatius.xtec.cat\/vallesoriental4\/formacio\/pla-de-formacio-de-zona\/calendari-pfz\/","title":{"rendered":"Calendari PFZ 2025-26"},"content":{"rendered":"<p>El per\u00edode per realitzar les activitats de formaci\u00f3 \u00e9s de l\u20191 de setembre al 31 de juliol. Com a criteri general, la inscripci\u00f3 a les activitats es realitzar\u00e0 de manera general en tres torns.<\/p>\n<table style=\"width: 78.4077%;\">\n<tbody>\n<tr>\n<td style=\"width: 22.9885%;\"><b>Per\u00edodes d&#8217;inscripci\u00f3<\/b><\/td>\n<td style=\"width: 23.8506%;\"><b>Sol\u00b7licitud de pla\u00e7a<\/b><\/td>\n<td style=\"width: 27.1552%;\"><b>Consulta d\u2019adjudicacions<\/b><\/td>\n<td style=\"width: 43.1034%;\"><b>Inici de les activitats<\/b><\/td>\n<\/tr>\n<tr>\n<td style=\"width: 22.9885%;\">Primer torn<\/td>\n<td style=\"width: 23.8506%;\">del 5 al 21 de setembre<\/td>\n<td style=\"width: 27.1552%;\">7 d\u2019octubre<\/td>\n<td style=\"width: 43.1034%;\">a partir del 13 d&#8217;octubre<\/td>\n<\/tr>\n<tr>\n<td style=\"width: 22.9885%;\">Segon torn<\/td>\n<td style=\"width: 23.8506%;\">del 7 al 15 de gener<\/td>\n<td style=\"width: 27.1552%;\">30 de gener<\/td>\n<td style=\"width: 43.1034%;\">a partir del 5 de febrer<\/td>\n<\/tr>\n<tr>\n<td style=\"width: 22.9885%;\">Torn d&#8217;estiu<\/td>\n<td style=\"width: 23.8506%;\">del 14 al 28 de maig<\/td>\n<td style=\"width: 27.1552%;\">16 de juny<\/td>\n<td style=\"width: 43.1034%;\">a partir de l&#8217;1 de juliol<\/td>\n<\/tr>\n<\/tbody>\n<\/table>\n<p>&nbsp;<\/p>\n","protected":false},"excerpt":{"rendered":"<p>El per\u00edode per realitzar les activitats de formaci\u00f3 \u00e9s de l\u20191 de setembre al 31 de juliol. Com a criteri general, la inscripci\u00f3 a les activitats es realitzar\u00e0 de manera general en tres torns. Per\u00edodes d&#8217;inscripci\u00f3 Sol\u00b7licitud de pla\u00e7a Consulta d\u2019adjudicacions Inici de les activitats Primer torn del 5 al 21 de setembre 7 d\u2019octubre [&hellip;]<\/p>\n","protected":false},"author":1,"featured_media":0,"parent":12427,"menu_order":0,"comment_status":"closed","ping_status":"closed","template":"page-templates\/side-menu.php","meta":{"_bbp_topic_count":0,"_bbp_reply_count":0,"_bbp_total_topic_count":0,"_bbp_total_reply_count":0,"_bbp_voice_count":0,"_bbp_anonymous_reply_count":0,"_bbp_topic_count_hidden":0,"_bbp_reply_count_hidden":0,"_bbp_forum_subforum_count":0,"site-sidebar-layout":"default","site-content-layout":"","ast-site-content-layout":"","site-content-style":"default","site-sidebar-style":"default","ast-global-header-display":"","ast-banner-title-visibility":"","ast-main-header-display":"","ast-hfb-above-header-display":"","ast-hfb-below-header-display":"","ast-hfb-mobile-header-display":"","site-post-title":"","ast-breadcrumbs-content":"","ast-featured-img":"","footer-sml-layout":"","theme-transparent-header-meta":"","adv-header-id-meta":"","stick-header-meta":"","header-above-stick-meta":"","header-main-stick-meta":"","header-below-stick-meta":"","astra-migrate-meta-layouts":"default","ast-page-background-enabled":"default","ast-page-background-meta":{"desktop":{"background-color":"var(--ast-global-color-4)","background-image":"","background-repeat":"repeat","background-position":"center center","background-size":"auto","background-attachment":"scroll","background-type":"","background-media":"","overlay-type":"","overlay-color":"","overlay-opacity":"","overlay-gradient":""},"tablet":{"background-color":"","background-image":"","background-repeat":"repeat","background-position":"center center","background-size":"auto","background-attachment":"scroll","background-type":"","background-media":"","overlay-type":"","overlay-color":"","overlay-opacity":"","overlay-gradient":""},"mobile":{"background-color":"","background-image":"","background-repeat":"repeat","background-position":"center center","background-size":"auto","background-attachment":"scroll","background-type":"","background-media":"","overlay-type":"","overlay-color":"","overlay-opacity":"","overlay-gradient":""}},"ast-content-background-meta":{"desktop":{"background-color":"var(--ast-global-color-5)","background-image":"","background-repeat":"repeat","background-position":"center center","background-size":"auto","background-attachment":"scroll","background-type":"","background-media":"","overlay-type":"","overlay-color":"","overlay-opacity":"","overlay-gradient":""},"tablet":{"background-color":"var(--ast-global-color-5)","background-image":"","background-repeat":"repeat","background-position":"center center","background-size":"auto","background-attachment":"scroll","background-type":"","background-media":"","overlay-type":"","overlay-color":"","overlay-opacity":"","overlay-gradient":""},"mobile":{"background-color":"var(--ast-global-color-5)","background-image":"","background-repeat":"repeat","background-position":"center center","background-size":"auto","background-attachment":"scroll","background-type":"","background-media":"","overlay-type":"","overlay-color":"","overlay-opacity":"","overlay-gradient":""}},"footnotes":""},"class_list":["post-1314","page","type-page","status-publish","hentry"],"post_mailing_queue_ids":[],"_links":{"self":[{"href":"https:\/\/serveiseducatius.xtec.cat\/vallesoriental4\/wp-json\/wp\/v2\/pages\/1314","targetHints":{"allow":["GET"]}}],"collection":[{"href":"https:\/\/serveiseducatius.xtec.cat\/vallesoriental4\/wp-json\/wp\/v2\/pages"}],"about":[{"href":"https:\/\/serveiseducatius.xtec.cat\/vallesoriental4\/wp-json\/wp\/v2\/types\/page"}],"author":[{"embeddable":true,"href":"https:\/\/serveiseducatius.xtec.cat\/vallesoriental4\/wp-json\/wp\/v2\/users\/1"}],"replies":[{"embeddable":true,"href":"https:\/\/serveiseducatius.xtec.cat\/vallesoriental4\/wp-json\/wp\/v2\/comments?post=1314"}],"version-history":[{"count":7,"href":"https:\/\/serveiseducatius.xtec.cat\/vallesoriental4\/wp-json\/wp\/v2\/pages\/1314\/revisions"}],"predecessor-version":[{"id":23574,"href":"https:\/\/serveiseducatius.xtec.cat\/vallesoriental4\/wp-json\/wp\/v2\/pages\/1314\/revisions\/23574"}],"up":[{"embeddable":true,"href":"https:\/\/serveiseducatius.xtec.cat\/vallesoriental4\/wp-json\/wp\/v2\/pages\/12427"}],"wp:attachment":[{"href":"https:\/\/serveiseducatius.xtec.cat\/vallesoriental4\/wp-json\/wp\/v2\/media?parent=1314"}],"curies":[{"name":"wp","href":"https:\/\/api.w.org\/{rel}","templated":true}]}}