{"id":12501,"date":"2018-07-24T19:40:54","date_gmt":"2018-07-24T17:40:54","guid":{"rendered":"http:\/\/serveiseducatius.xtec.cat\/vallesoriental4\/?page_id=12501"},"modified":"2024-09-27T14:55:59","modified_gmt":"2024-09-27T12:55:59","slug":"elic","status":"publish","type":"page","link":"https:\/\/serveiseducatius.xtec.cat\/vallesoriental4\/el-servei-educatiu\/equip\/elic\/","title":{"rendered":"ELIC"},"content":{"rendered":"<header class=\"entry-header\">\n<p class=\"entry-title\"><span style=\"font-family: inherit; font-size: 1em; font-weight: normal;\">Les assessores LIC del Servei Educatiu del Vall\u00e8s Oriental IV \u00e9s:<\/span><\/p>\n<\/header>\n<div class=\"entry-content\">\n<p>M\u00f2nica<\/p>\n<p>M.del Mar<\/p>\n<h6><strong>Les nostres tasques<\/strong><\/h6>\n<p><em>Assessoraments puntuals en<\/em><\/p>\n<p>Aula Acollida<br \/>\nProjecte ling\u00fc\u00edstic de centre<br \/>\nProjecte de conviv\u00e8ncia<br \/>\nPla lector<br \/>\nAraESCRIC<br \/>\nSeguiments ILEC<br \/>\nPla Educatiu Entorn<br \/>\nClasses de lleng\u00fces maternes<\/p>\n<p><em>Altres actuacions<\/em><\/p>\n<p>Participaci\u00f3 CLVA<br \/>\nJocs Florals<br \/>\nAcolliment ling\u00fc\u00edstic<\/p>\n<p>&nbsp;<\/p>\n<h6><strong>Els nostres objectius<br \/>\n<\/strong><\/h6>\n<ul>\n<li>Orientar els tutors\/es d\u2019aula d\u2019acollida i del suport ling\u00fc\u00edstic i social en l\u2019organitzaci\u00f3 i funcionament de l\u2019AA i del SLS.<\/li>\n<li>Assessorar en metodologies basades en la immersi\u00f3 ling\u00fc\u00edstica. Aprofundir en l\u2019ensenyament de la llengua oral.<\/li>\n<li>Fer formaci\u00f3 del Pla de l\u2019Impuls de la lectura: compet\u00e8ncia lectora i gust per llegir, saber llegir i llegir per aprendre.<\/li>\n<li>Acompanyar en l\u2019ensenyament del proc\u00e9s d\u2019escriure: cicle de confer\u00e8ncies de l\u2019araESCRIC.<\/li>\n<li>Fer formaci\u00f3 de l\u2019araESCRIC: l\u2019escriptura en un centre educatiu i activitats pr\u00e0ctiques d\u2019expressi\u00f3 escrita.<\/li>\n<li>Assessorar en projectes impulsats per Departament d\u2019Ensenyament: Projecte de Conviv\u00e8ncia, Projecte Ling\u00fc\u00edstic, Pla d\u2019Acollida, Pla de Lectura de centre, etc.<\/li>\n<li>Informar i orientar sobre el Curr\u00edculum i el tractament de les lleng\u00fces. Impuls del tractament integrat de les lleng\u00fces.<\/li>\n<li>Coordinar les classes de les lleng\u00fces de la nova ciutadania (\u00e0rab, xin\u00e8s, etc).<\/li>\n<li>Dinamitzar i fer el seguiment dels Plans Educatius d\u2019Entorn. Fomentar les activitats en xarxa a la zona.<\/li>\n<\/ul>\n<h6><a href=\"http:\/\/xtec.gencat.cat\/ca\/serveis\/sez\/elic\/\" target=\"_blank\" rel=\"noopener noreferrer\"><strong>Per saber-ne m\u00e9s<\/strong><\/a><\/h6>\n<p>&nbsp;<\/p>\n<\/div>\n","protected":false},"excerpt":{"rendered":"<p>Les assessores LIC del Servei Educatiu del Vall\u00e8s Oriental IV \u00e9s: M\u00f2nica M.del Mar Les nostres tasques Assessoraments puntuals en Aula Acollida Projecte ling\u00fc\u00edstic de centre Projecte de conviv\u00e8ncia Pla lector AraESCRIC Seguiments ILEC Pla Educatiu Entorn Classes de lleng\u00fces maternes Altres actuacions Participaci\u00f3 CLVA Jocs Florals Acolliment ling\u00fc\u00edstic &nbsp; Els nostres objectius Orientar els [&hellip;]<\/p>\n","protected":false},"author":1,"featured_media":0,"parent":306,"menu_order":2,"comment_status":"closed","ping_status":"closed","template":"page-templates\/side-menu.php","meta":{"_bbp_topic_count":0,"_bbp_reply_count":0,"_bbp_total_topic_count":0,"_bbp_total_reply_count":0,"_bbp_voice_count":0,"_bbp_anonymous_reply_count":0,"_bbp_topic_count_hidden":0,"_bbp_reply_count_hidden":0,"_bbp_forum_subforum_count":0,"site-sidebar-layout":"default","site-content-layout":"","ast-site-content-layout":"","site-content-style":"default","site-sidebar-style":"default","ast-global-header-display":"","ast-banner-title-visibility":"","ast-main-header-display":"","ast-hfb-above-header-display":"","ast-hfb-below-header-display":"","ast-hfb-mobile-header-display":"","site-post-title":"","ast-breadcrumbs-content":"","ast-featured-img":"","footer-sml-layout":"","theme-transparent-header-meta":"","adv-header-id-meta":"","stick-header-meta":"","header-above-stick-meta":"","header-main-stick-meta":"","header-below-stick-meta":"","astra-migrate-meta-layouts":"default","ast-page-background-enabled":"default","ast-page-background-meta":{"desktop":{"background-color":"var(--ast-global-color-4)","background-image":"","background-repeat":"repeat","background-position":"center center","background-size":"auto","background-attachment":"scroll","background-type":"","background-media":"","overlay-type":"","overlay-color":"","overlay-opacity":"","overlay-gradient":""},"tablet":{"background-color":"","background-image":"","background-repeat":"repeat","background-position":"center center","background-size":"auto","background-attachment":"scroll","background-type":"","background-media":"","overlay-type":"","overlay-color":"","overlay-opacity":"","overlay-gradient":""},"mobile":{"background-color":"","background-image":"","background-repeat":"repeat","background-position":"center center","background-size":"auto","background-attachment":"scroll","background-type":"","background-media":"","overlay-type":"","overlay-color":"","overlay-opacity":"","overlay-gradient":""}},"ast-content-background-meta":{"desktop":{"background-color":"var(--ast-global-color-5)","background-image":"","background-repeat":"repeat","background-position":"center center","background-size":"auto","background-attachment":"scroll","background-type":"","background-media":"","overlay-type":"","overlay-color":"","overlay-opacity":"","overlay-gradient":""},"tablet":{"background-color":"var(--ast-global-color-5)","background-image":"","background-repeat":"repeat","background-position":"center center","background-size":"auto","background-attachment":"scroll","background-type":"","background-media":"","overlay-type":"","overlay-color":"","overlay-opacity":"","overlay-gradient":""},"mobile":{"background-color":"var(--ast-global-color-5)","background-image":"","background-repeat":"repeat","background-position":"center center","background-size":"auto","background-attachment":"scroll","background-type":"","background-media":"","overlay-type":"","overlay-color":"","overlay-opacity":"","overlay-gradient":""}},"footnotes":""},"class_list":["post-12501","page","type-page","status-publish","hentry"],"post_mailing_queue_ids":[],"_links":{"self":[{"href":"https:\/\/serveiseducatius.xtec.cat\/vallesoriental4\/wp-json\/wp\/v2\/pages\/12501","targetHints":{"allow":["GET"]}}],"collection":[{"href":"https:\/\/serveiseducatius.xtec.cat\/vallesoriental4\/wp-json\/wp\/v2\/pages"}],"about":[{"href":"https:\/\/serveiseducatius.xtec.cat\/vallesoriental4\/wp-json\/wp\/v2\/types\/page"}],"author":[{"embeddable":true,"href":"https:\/\/serveiseducatius.xtec.cat\/vallesoriental4\/wp-json\/wp\/v2\/users\/1"}],"replies":[{"embeddable":true,"href":"https:\/\/serveiseducatius.xtec.cat\/vallesoriental4\/wp-json\/wp\/v2\/comments?post=12501"}],"version-history":[{"count":7,"href":"https:\/\/serveiseducatius.xtec.cat\/vallesoriental4\/wp-json\/wp\/v2\/pages\/12501\/revisions"}],"predecessor-version":[{"id":23895,"href":"https:\/\/serveiseducatius.xtec.cat\/vallesoriental4\/wp-json\/wp\/v2\/pages\/12501\/revisions\/23895"}],"up":[{"embeddable":true,"href":"https:\/\/serveiseducatius.xtec.cat\/vallesoriental4\/wp-json\/wp\/v2\/pages\/306"}],"wp:attachment":[{"href":"https:\/\/serveiseducatius.xtec.cat\/vallesoriental4\/wp-json\/wp\/v2\/media?parent=12501"}],"curies":[{"name":"wp","href":"https:\/\/api.w.org\/{rel}","templated":true}]}}