{"id":12427,"date":"2018-07-12T14:08:29","date_gmt":"2018-07-12T12:08:29","guid":{"rendered":"http:\/\/serveiseducatius.xtec.cat\/vallesoriental4\/?page_id=12427"},"modified":"2025-12-10T17:03:33","modified_gmt":"2025-12-10T16:03:33","slug":"pla-de-formacio-de-zona","status":"publish","type":"page","link":"https:\/\/serveiseducatius.xtec.cat\/vallesoriental4\/formacio\/pla-de-formacio-de-zona\/","title":{"rendered":"Pla de Formaci\u00f3 de Zona"},"content":{"rendered":"<p>Els <strong>objectius<\/strong> plantejats s\u00f3n els seg\u00fcents:<\/p>\n<ul>\n<li style=\"font-weight: 400;\" aria-level=\"1\"><span style=\"font-weight: 400;\">Ampliar oferta formativa adre\u00e7ada a <\/span><b>secund\u00e0ria<\/b><span style=\"font-weight: 400;\">.\u00a0<\/span><\/li>\n<li style=\"font-weight: 400;\" aria-level=\"1\"><span style=\"font-weight: 400;\">Oferir seminaris adre\u00e7ats a les diferents <\/span><b>especialitats<\/b><span style=\"font-weight: 400;\">.\u00a0<\/span><\/li>\n<li style=\"font-weight: 400;\" aria-level=\"1\"><span style=\"font-weight: 400;\">Promoure la participaci\u00f3 <\/span><b>d\u2019experts <\/b><span style=\"font-weight: 400;\">en els seminaris adre\u00e7ats a equips directius d\u2019acord amb les propostes que es facin. <\/span><\/li>\n<li style=\"font-weight: 400;\" aria-level=\"1\">Seleccionar les activitats formatives oferides d\u2019acord amb el criteri de <b style=\"font-family: inherit; font-size: 1em;\">participaci\u00f3 rellevant <\/b><span style=\"font-weight: 400;\">dels centres educatius de la zona.<\/span><\/li>\n<\/ul>\n<p><a href=\"https:\/\/aplicacions.gestioeducativa.gencat.cat\/ords\/pls\/soloas\/pk_for_mod_ins.p_for_cons_activitats?p_crp=A16&amp;p_any=2025-2026&amp;p_totes=s&amp;p_inici=1&amp;p_excloure_crp_rec=T\" target=\"_blank\" rel=\"noopener\"><strong>INSCRIPCIONS<\/strong><\/a><\/p>\n<p>El PFZ contempla <strong>activitats formatives<\/strong> adre\u00e7ades a diferents perfils professionals i etapes educatives.<\/p>\n<ul style=\"list-style-type: circle;\">\n<li>Dinamitzaci\u00f3 de seminaris de coordinaci\u00f3 adre\u00e7ats a <strong>equips directius<\/strong> des de bressol fins secund\u00e0ria.<\/li>\n<li>Acompanyament en la participaci\u00f3 en diferents xarxes promogudes pel Departament d&#8217;Educaci\u00f3 i FP: Transformaci\u00f3 Educativa, Xarxa de Compet\u00e8ncies i Faig.<\/li>\n<li>Impuls de projectes propis de zona: Fem Dansa, English Day, Fira de Rob\u00f2tica i STEAM i Certamen Lectura Veu Alta.\u00a0<\/li>\n<li>Seminaris adre\u00e7ats als especialistes de m\u00fasica, educaci\u00f3 f\u00edsica, angl\u00e8s i mestres d&#8217;educaci\u00f3 i suport inclusiu.<\/li>\n<li>Formacions obertes a la zona.<\/li>\n<li>Confer\u00e8ncies al llarg del curs adre\u00e7ades a diferents etapes educatives.<\/li>\n<li>Formacions i assessoraments en centre.<\/li>\n<li>Resposta a demandes puntuals de centres educatius de la zona.<\/li>\n<\/ul>\n\n\n<p><\/p>\n","protected":false},"excerpt":{"rendered":"<p>Els objectius plantejats s\u00f3n els seg\u00fcents: Ampliar oferta formativa adre\u00e7ada a secund\u00e0ria.\u00a0 Oferir seminaris adre\u00e7ats a les diferents especialitats.\u00a0 Promoure la participaci\u00f3 d\u2019experts en els seminaris adre\u00e7ats a equips directius d\u2019acord amb les propostes que es facin. Seleccionar les activitats formatives oferides d\u2019acord amb el criteri de participaci\u00f3 rellevant dels centres educatius de la zona. [&hellip;]<\/p>\n","protected":false},"author":1,"featured_media":0,"parent":416,"menu_order":0,"comment_status":"closed","ping_status":"closed","template":"","meta":{"_bbp_topic_count":0,"_bbp_reply_count":0,"_bbp_total_topic_count":0,"_bbp_total_reply_count":0,"_bbp_voice_count":0,"_bbp_anonymous_reply_count":0,"_bbp_topic_count_hidden":0,"_bbp_reply_count_hidden":0,"_bbp_forum_subforum_count":0,"site-sidebar-layout":"default","site-content-layout":"","ast-site-content-layout":"default","site-content-style":"default","site-sidebar-style":"default","ast-global-header-display":"","ast-banner-title-visibility":"","ast-main-header-display":"","ast-hfb-above-header-display":"","ast-hfb-below-header-display":"","ast-hfb-mobile-header-display":"","site-post-title":"","ast-breadcrumbs-content":"","ast-featured-img":"","footer-sml-layout":"","theme-transparent-header-meta":"","adv-header-id-meta":"","stick-header-meta":"","header-above-stick-meta":"","header-main-stick-meta":"","header-below-stick-meta":"","astra-migrate-meta-layouts":"set","ast-page-background-enabled":"default","ast-page-background-meta":{"desktop":{"background-color":"var(--ast-global-color-4)","background-image":"","background-repeat":"repeat","background-position":"center center","background-size":"auto","background-attachment":"scroll","background-type":"","background-media":"","overlay-type":"","overlay-color":"","overlay-opacity":"","overlay-gradient":""},"tablet":{"background-color":"","background-image":"","background-repeat":"repeat","background-position":"center center","background-size":"auto","background-attachment":"scroll","background-type":"","background-media":"","overlay-type":"","overlay-color":"","overlay-opacity":"","overlay-gradient":""},"mobile":{"background-color":"","background-image":"","background-repeat":"repeat","background-position":"center center","background-size":"auto","background-attachment":"scroll","background-type":"","background-media":"","overlay-type":"","overlay-color":"","overlay-opacity":"","overlay-gradient":""}},"ast-content-background-meta":{"desktop":{"background-color":"var(--ast-global-color-5)","background-image":"","background-repeat":"repeat","background-position":"center center","background-size":"auto","background-attachment":"scroll","background-type":"","background-media":"","overlay-type":"","overlay-color":"","overlay-opacity":"","overlay-gradient":""},"tablet":{"background-color":"var(--ast-global-color-5)","background-image":"","background-repeat":"repeat","background-position":"center center","background-size":"auto","background-attachment":"scroll","background-type":"","background-media":"","overlay-type":"","overlay-color":"","overlay-opacity":"","overlay-gradient":""},"mobile":{"background-color":"var(--ast-global-color-5)","background-image":"","background-repeat":"repeat","background-position":"center center","background-size":"auto","background-attachment":"scroll","background-type":"","background-media":"","overlay-type":"","overlay-color":"","overlay-opacity":"","overlay-gradient":""}},"footnotes":""},"class_list":["post-12427","page","type-page","status-publish","hentry"],"post_mailing_queue_ids":[],"_links":{"self":[{"href":"https:\/\/serveiseducatius.xtec.cat\/vallesoriental4\/wp-json\/wp\/v2\/pages\/12427","targetHints":{"allow":["GET"]}}],"collection":[{"href":"https:\/\/serveiseducatius.xtec.cat\/vallesoriental4\/wp-json\/wp\/v2\/pages"}],"about":[{"href":"https:\/\/serveiseducatius.xtec.cat\/vallesoriental4\/wp-json\/wp\/v2\/types\/page"}],"author":[{"embeddable":true,"href":"https:\/\/serveiseducatius.xtec.cat\/vallesoriental4\/wp-json\/wp\/v2\/users\/1"}],"replies":[{"embeddable":true,"href":"https:\/\/serveiseducatius.xtec.cat\/vallesoriental4\/wp-json\/wp\/v2\/comments?post=12427"}],"version-history":[{"count":6,"href":"https:\/\/serveiseducatius.xtec.cat\/vallesoriental4\/wp-json\/wp\/v2\/pages\/12427\/revisions"}],"predecessor-version":[{"id":24095,"href":"https:\/\/serveiseducatius.xtec.cat\/vallesoriental4\/wp-json\/wp\/v2\/pages\/12427\/revisions\/24095"}],"up":[{"embeddable":true,"href":"https:\/\/serveiseducatius.xtec.cat\/vallesoriental4\/wp-json\/wp\/v2\/pages\/416"}],"wp:attachment":[{"href":"https:\/\/serveiseducatius.xtec.cat\/vallesoriental4\/wp-json\/wp\/v2\/media?parent=12427"}],"curies":[{"name":"wp","href":"https:\/\/api.w.org\/{rel}","templated":true}]}}