{"id":548,"date":"2015-11-26T18:10:47","date_gmt":"2015-11-26T17:10:47","guid":{"rendered":"http:\/\/serveiseducatius.xtec.cat\/vallesoriental3\/?page_id=548"},"modified":"2025-04-25T17:32:08","modified_gmt":"2025-04-25T15:32:08","slug":"comissio_pfz","status":"publish","type":"page","link":"https:\/\/serveiseducatius.xtec.cat\/vallesoriental3\/formacio\/comissio_pfz\/","title":{"rendered":"Comissi\u00f3 PFZ"},"content":{"rendered":"\n<p>La Comissi\u00f3 del Pla de Formaci\u00f3 de Zona \u00e9s l\u2019\u00f2rgan, constitu\u00eft dins l\u2019\u00e0mbit de cada servei educatiu, encarregat d&#8217;elaborar la proposta d&#8217;activitats del PFZ, de fer-ne el seguiment i, finalment, l&#8217;avaluaci\u00f3.<\/p>\n\n\n\n<p>La Secci\u00f3 de Serveis Educatius i Formaci\u00f3 Permanent dels ST analitzar\u00e0 i concretar\u00e0 la proposta de les activitats de territori, en funci\u00f3 de les prioritats i de les demandes no ateses d\u2019alguna zona.<\/p>\n\n\n\n<h3 class=\"wp-block-heading\">Composici\u00f3<\/h3>\n\n\n\n<ul class=\"wp-block-list\">\n<li>un inspector o inspectora d\u2019educaci\u00f3 de la zona que actuar\u00e0 com a president o presidenta;<\/li>\n\n\n\n<li>un o una professional del centre de recursos pedag\u00f2gics (CRP), que pot coincidir o no amb la direcci\u00f3, que actua com a secretari o secret\u00e0ria;<\/li>\n\n\n\n<li>un o una representant de l&#8217;ELIC<\/li>\n\n\n\n<li>un o una representant de l&#8217;EAP<\/li>\n\n\n\n<li>una persona de la secci\u00f3 de Serveis Educatius i Formaci\u00f3 Permanent dels serveis territorials corresponents;<\/li>\n\n\n\n<li>el coordinador o la coordinadora d\u2019adults de Serveis Territorials o del Consorci de Barcelona<\/li>\n\n\n\n<li>representants dels centres educatius de la zona. S\u2019ha d\u2019assegurar la representaci\u00f3 de les diferents etapes educatives i sectors (p\u00fablic i concertat) amb una proporcionalitat adequada al nombre de centres;  en el as de la comissi\u00f3 del Vall\u00e8s Oriental 3:\n<ul class=\"wp-block-list\">\n<li>un o una representant de les Escoles Bressol de la zona<\/li>\n\n\n\n<li> un o una representant de les Escoles Concertades de la zona<\/li>\n\n\n\n<li>un o una representant dels Institut Escola de la zona<\/li>\n\n\n\n<li>un o una representant dels Instituts de la zona <\/li>\n\n\n\n<li>un o una representant d&#8217;Escoles Cicl\u00edques de la zona<\/li>\n\n\n\n<li>un o una representant de les Escoles de la zona<\/li>\n<\/ul>\n<\/li>\n\n\n\n<li>un o una representant de l\u2019institut de ci\u00e8ncies de l\u2019educaci\u00f3 corresponent;<\/li>\n\n\n\n<li>un o una representant dels moviments de renovaci\u00f3 pedag\u00f2gica, en el cas que n\u2019hi hagi;<\/li>\n\n\n\n<li>un o una representant de l\u2019\u00e0mbit educatiu del consell comarcal i\/o de l\u2019ajuntament.<\/li>\n<\/ul>\n\n\n\n<p><\/p>\n","protected":false},"excerpt":{"rendered":"<p>La Comissi\u00f3 del Pla de Formaci\u00f3 de Zona \u00e9s l\u2019\u00f2rgan, constitu\u00eft dins l\u2019\u00e0mbit de cada servei educatiu, encarregat d&#8217;elaborar la [&hellip;]<\/p>\n","protected":false},"author":1,"featured_media":0,"parent":22833,"menu_order":30,"comment_status":"closed","ping_status":"closed","template":"page-templates\/side-menu.php","meta":{"_bbp_topic_count":0,"_bbp_reply_count":0,"_bbp_total_topic_count":0,"_bbp_total_reply_count":0,"_bbp_voice_count":0,"_bbp_anonymous_reply_count":0,"_bbp_topic_count_hidden":0,"_bbp_reply_count_hidden":0,"_bbp_forum_subforum_count":0,"site-sidebar-layout":"default","site-content-layout":"","ast-site-content-layout":"default","site-content-style":"default","site-sidebar-style":"default","ast-global-header-display":"","ast-banner-title-visibility":"","ast-main-header-display":"","ast-hfb-above-header-display":"","ast-hfb-below-header-display":"","ast-hfb-mobile-header-display":"","site-post-title":"","ast-breadcrumbs-content":"","ast-featured-img":"","footer-sml-layout":"","theme-transparent-header-meta":"","adv-header-id-meta":"","stick-header-meta":"","header-above-stick-meta":"","header-main-stick-meta":"","header-below-stick-meta":"","astra-migrate-meta-layouts":"set","ast-page-background-enabled":"default","ast-page-background-meta":{"desktop":{"background-color":"var(--ast-global-color-4)","background-image":"","background-repeat":"repeat","background-position":"center center","background-size":"auto","background-attachment":"scroll","background-type":"","background-media":"","overlay-type":"","overlay-color":"","overlay-opacity":"","overlay-gradient":""},"tablet":{"background-color":"","background-image":"","background-repeat":"repeat","background-position":"center center","background-size":"auto","background-attachment":"scroll","background-type":"","background-media":"","overlay-type":"","overlay-color":"","overlay-opacity":"","overlay-gradient":""},"mobile":{"background-color":"","background-image":"","background-repeat":"repeat","background-position":"center center","background-size":"auto","background-attachment":"scroll","background-type":"","background-media":"","overlay-type":"","overlay-color":"","overlay-opacity":"","overlay-gradient":""}},"ast-content-background-meta":{"desktop":{"background-color":"var(--ast-global-color-5)","background-image":"","background-repeat":"repeat","background-position":"center center","background-size":"auto","background-attachment":"scroll","background-type":"","background-media":"","overlay-type":"","overlay-color":"","overlay-opacity":"","overlay-gradient":""},"tablet":{"background-color":"var(--ast-global-color-5)","background-image":"","background-repeat":"repeat","background-position":"center center","background-size":"auto","background-attachment":"scroll","background-type":"","background-media":"","overlay-type":"","overlay-color":"","overlay-opacity":"","overlay-gradient":""},"mobile":{"background-color":"var(--ast-global-color-5)","background-image":"","background-repeat":"repeat","background-position":"center center","background-size":"auto","background-attachment":"scroll","background-type":"","background-media":"","overlay-type":"","overlay-color":"","overlay-opacity":"","overlay-gradient":""}},"footnotes":""},"class_list":["post-548","page","type-page","status-publish","hentry"],"post_mailing_queue_ids":[],"_links":{"self":[{"href":"https:\/\/serveiseducatius.xtec.cat\/vallesoriental3\/wp-json\/wp\/v2\/pages\/548","targetHints":{"allow":["GET"]}}],"collection":[{"href":"https:\/\/serveiseducatius.xtec.cat\/vallesoriental3\/wp-json\/wp\/v2\/pages"}],"about":[{"href":"https:\/\/serveiseducatius.xtec.cat\/vallesoriental3\/wp-json\/wp\/v2\/types\/page"}],"author":[{"embeddable":true,"href":"https:\/\/serveiseducatius.xtec.cat\/vallesoriental3\/wp-json\/wp\/v2\/users\/1"}],"replies":[{"embeddable":true,"href":"https:\/\/serveiseducatius.xtec.cat\/vallesoriental3\/wp-json\/wp\/v2\/comments?post=548"}],"version-history":[{"count":4,"href":"https:\/\/serveiseducatius.xtec.cat\/vallesoriental3\/wp-json\/wp\/v2\/pages\/548\/revisions"}],"predecessor-version":[{"id":23355,"href":"https:\/\/serveiseducatius.xtec.cat\/vallesoriental3\/wp-json\/wp\/v2\/pages\/548\/revisions\/23355"}],"up":[{"embeddable":true,"href":"https:\/\/serveiseducatius.xtec.cat\/vallesoriental3\/wp-json\/wp\/v2\/pages\/22833"}],"wp:attachment":[{"href":"https:\/\/serveiseducatius.xtec.cat\/vallesoriental3\/wp-json\/wp\/v2\/media?parent=548"}],"curies":[{"name":"wp","href":"https:\/\/api.w.org\/{rel}","templated":true}]}}