{"id":414,"date":"2015-11-25T15:58:37","date_gmt":"2015-11-25T14:58:37","guid":{"rendered":"http:\/\/serveiseducatius.xtec.cat\/vallesoriental3\/?page_id=414"},"modified":"2025-09-07T21:44:05","modified_gmt":"2025-09-07T19:44:05","slug":"pla-de-formacio-de-zona-pfz","status":"publish","type":"page","link":"https:\/\/serveiseducatius.xtec.cat\/vallesoriental3\/formacio\/pla-de-formacio-de-zona-pfz\/","title":{"rendered":"Pla de formaci\u00f3 de zona (PFZ)"},"content":{"rendered":"\n<div class=\"wp-block-columns is-layout-flex wp-container-core-columns-is-layout-1 wp-block-columns-is-layout-flex\" style=\"padding-top:var(--wp--preset--spacing--20);padding-right:var(--wp--preset--spacing--20);padding-bottom:var(--wp--preset--spacing--20);padding-left:var(--wp--preset--spacing--20)\">\n<div class=\"wp-block-column is-layout-flow wp-block-column-is-layout-flow\" style=\"flex-basis:66.66%\">\n<p>El Departament d\u2019Educaci\u00f3 i Formaci\u00f3 Professional ha establert un conjunt de l\u00ednies de formaci\u00f3 permanent per donar resposta a les necessitats de formaci\u00f3 permanent dels centres educatius i dels docents de Catalunya. <strong>El Pla de Formaci\u00f3 de Zona (PFZ) del Vall\u00e8s Oriental III<\/strong> \u00e9s la planificaci\u00f3 a nivell de servei educatiu de la formaci\u00f3 permanent del professorat, la qual incorpora les activitats de formaci\u00f3 en centre i altres activitats adre\u00e7ades a tot el professorat de la zona. <\/p>\n\n\n\n<p>El professorat hi participa a trav\u00e9s del proc\u00e9s de detecci\u00f3 de necessitats mitjan\u00e7ant els equips directius del centre i mitjan\u00e7ant la seva representaci\u00f3 en <a href=\"https:\/\/serveiseducatius.xtec.cat\/vallesoriental3\/formacio\/comissio_pfz\/\">la comissi\u00f3 del PFZ <\/a>del SE del Vall\u00e8s Oriental III.<\/p>\n<\/div>\n\n\n\n<div class=\"wp-block-column is-layout-flow wp-block-column-is-layout-flow\" style=\"flex-basis:33.33%\">\n<figure class=\"wp-block-image size-full\"><a href=\"https:\/\/serveiseducatius.xtec.cat\/vallesoriental3\/general\/pfz-25-26-primer-torn\/\"><img loading=\"lazy\" decoding=\"async\" width=\"500\" height=\"180\" src=\"https:\/\/serveiseducatius.xtec.cat\/vallesoriental3\/wp-content\/uploads\/usu768\/2025\/09\/pfz.png\" alt=\"\" class=\"wp-image-23727\" srcset=\"https:\/\/serveiseducatius.xtec.cat\/vallesoriental3\/wp-content\/uploads\/usu768\/2025\/09\/pfz.png 500w, https:\/\/serveiseducatius.xtec.cat\/vallesoriental3\/wp-content\/uploads\/usu768\/2025\/09\/pfz-210x76.png 210w\" sizes=\"auto, (max-width: 500px) 100vw, 500px\" \/><\/a><\/figure>\n\n\n\n<figure class=\"wp-block-image size-full\"><a href=\"https:\/\/serveiseducatius.xtec.cat\/vallesoriental3\/general\/formacions-obertes-inici-setembre-comencem-amb-energia\/\"><img loading=\"lazy\" decoding=\"async\" width=\"500\" height=\"180\" src=\"https:\/\/serveiseducatius.xtec.cat\/vallesoriental3\/wp-content\/uploads\/usu768\/2025\/09\/immersio.png\" alt=\"\" class=\"wp-image-23732\" srcset=\"https:\/\/serveiseducatius.xtec.cat\/vallesoriental3\/wp-content\/uploads\/usu768\/2025\/09\/immersio.png 500w, https:\/\/serveiseducatius.xtec.cat\/vallesoriental3\/wp-content\/uploads\/usu768\/2025\/09\/immersio-210x76.png 210w\" sizes=\"auto, (max-width: 500px) 100vw, 500px\" \/><\/a><\/figure>\n<\/div>\n<\/div>\n\n\n\n<h4 class=\"wp-block-heading\">Comissi\u00f3 del PFZ. <\/h4>\n\n\n\n<div class=\"wp-block-columns is-layout-flex wp-container-core-columns-is-layout-2 wp-block-columns-is-layout-flex\" style=\"margin-top:0;margin-bottom:0;padding-top:var(--wp--preset--spacing--20);padding-right:var(--wp--preset--spacing--20);padding-bottom:var(--wp--preset--spacing--20);padding-left:var(--wp--preset--spacing--20)\">\n<div class=\"wp-block-column is-layout-flow wp-block-column-is-layout-flow\" style=\"flex-basis:100%\">\n<p>En <a href=\"https:\/\/serveiseducatius.xtec.cat\/vallesoriental3\/formacio\/comissio_pfz\/\">aquest enlla\u00e7 <\/a>podeu consultar els membres actuals del mandat 25-29.<\/p>\n<\/div>\n<\/div>\n\n\n\n<h3 class=\"wp-block-heading\">Calendari<\/h3>\n\n\n\n<figure class=\"wp-block-table is-style-stripes\"><table><tbody><tr><td><b>Proc\u00e9s<\/b><\/td><td><b>Inici<\/b><\/td><td><b>Fi<\/b><\/td><\/tr><tr><td>Detecci\u00f3 de necessitats<\/td><td>&nbsp;10\/04\/2025<\/td><td>&nbsp;16\/05\/2025<\/td><\/tr><tr><td>Vist-i-plau de la Inspecci\u00f3&nbsp;a les activitats demanades en la modalitat de <i>Formaci\u00f3 a centre<\/i><\/td><td>&nbsp;22\/05\/2025<\/td><td>&nbsp;22\/05\/2025<\/td><\/tr><tr><td>Comissi\u00f3 PFZ del Vall\u00e8s Oriental III:&nbsp;Valoraci\u00f3 i aprovaci\u00f3&nbsp;de les demandes rebudes.<\/td><td>&nbsp;29\/05\/2025<\/td><td>29\/05\/2025<\/td><\/tr><tr><td>Aprovaci\u00f3&nbsp;de la proposta global pel Comit\u00e8 de Formaci\u00f3 del Departament<\/td><td>&nbsp;&#8211;<\/td><td>&nbsp;<\/td><\/tr><tr><td>Publicaci\u00f3&nbsp;de les activitats aprovades<\/td><td>&nbsp;&#8211;<\/td><td>&nbsp;<\/td><\/tr><\/tbody><\/table><\/figure>\n\n\n\n<h3 class=\"wp-block-heading\">Inscripcions i consulta.<\/h3>\n\n\n\n<p>El per\u00edode per realitzar les activitats de formaci\u00f3 permanent \u00e9s de l\u20191 de setembre al 31 de juliol. Com a criteri general, la inscripci\u00f3 a les activitats es realitzar\u00e0 de manera general en tres torns.&nbsp;<\/p>\n\n\n\n<figure class=\"wp-block-table is-style-stripes\"><table><tbody><tr><td><strong>Per\u00edodes d&#8217;inscripci\u00f3<\/strong><\/td><td><strong>Sol\u00b7licitud de pla\u00e7a<\/strong><\/td><td><strong>Consulta d\u2019adjudicacions<\/strong><\/td><td><strong>Inici de les activitats<\/strong><\/td><\/tr><tr><td>Primer torn<\/td><td>del 5 al 21 de setembre<\/td><td>7 d\u2019octubre<\/td><td>a partir del 13 d&#8217;octubre&nbsp;<\/td><\/tr><tr><td>Segon torn<\/td><td>del 7 al 15 de gener<\/td><td>30 de gener<\/td><td>a partir del 5 de febrer<\/td><\/tr><tr><td>Torn d&#8217;estiu&nbsp;<\/td><td>del 14 al 28 de maig<\/td><td>16 de juny<\/td><td>a partir de l&#8217;1 de juliol<\/td><\/tr><\/tbody><\/table><\/figure>\n\n\n\n<div class=\"wp-block-columns is-layout-flex wp-container-core-columns-is-layout-3 wp-block-columns-is-layout-flex\" style=\"padding-right:0;padding-left:0\">\n<div class=\"wp-block-column is-layout-flow wp-block-column-is-layout-flow\">\n<figure class=\"wp-block-image size-full\"><a href=\"https:\/\/xtec.gencat.cat\/ca\/formacio\/info-general\/cercador-activitats\/\"><img loading=\"lazy\" decoding=\"async\" width=\"500\" height=\"180\" src=\"https:\/\/serveiseducatius.xtec.cat\/vallesoriental3\/wp-content\/uploads\/usu768\/2025\/04\/logos-500x-13010.png\" alt=\"\" class=\"wp-image-23319\" srcset=\"https:\/\/serveiseducatius.xtec.cat\/vallesoriental3\/wp-content\/uploads\/usu768\/2025\/04\/logos-500x-13010.png 500w, https:\/\/serveiseducatius.xtec.cat\/vallesoriental3\/wp-content\/uploads\/usu768\/2025\/04\/logos-500x-13010-210x76.png 210w\" sizes=\"auto, (max-width: 500px) 100vw, 500px\" \/><\/a><\/figure>\n<\/div>\n\n\n\n<div class=\"wp-block-column is-layout-flow wp-block-column-is-layout-flow\">\n<figure class=\"wp-block-image size-full\"><a href=\"https:\/\/aplicacions.gestioeducativa.gencat.cat\/ords\/pls\/soloas\/pk_for_mod_ins.p_for_form_cons_selec\"><img loading=\"lazy\" decoding=\"async\" width=\"500\" height=\"180\" src=\"https:\/\/serveiseducatius.xtec.cat\/vallesoriental3\/wp-content\/uploads\/usu768\/2025\/04\/3.png\" alt=\"\" class=\"wp-image-23294\" srcset=\"https:\/\/serveiseducatius.xtec.cat\/vallesoriental3\/wp-content\/uploads\/usu768\/2025\/04\/3.png 500w, https:\/\/serveiseducatius.xtec.cat\/vallesoriental3\/wp-content\/uploads\/usu768\/2025\/04\/3-210x76.png 210w\" sizes=\"auto, (max-width: 500px) 100vw, 500px\" \/><\/a><\/figure>\n<\/div>\n\n\n\n<div class=\"wp-block-column is-layout-flow wp-block-column-is-layout-flow\">\n<figure class=\"wp-block-image size-full\"><a href=\"https:\/\/aplicacions.gestioeducativa.gencat.cat\/ords\/pls\/soloas\/pk_for_mod_ins.p_for_form_cons_selec\"><img loading=\"lazy\" decoding=\"async\" width=\"500\" height=\"180\" src=\"https:\/\/serveiseducatius.xtec.cat\/vallesoriental3\/wp-content\/uploads\/usu768\/2025\/04\/2.png\" alt=\"\" class=\"wp-image-23293\" srcset=\"https:\/\/serveiseducatius.xtec.cat\/vallesoriental3\/wp-content\/uploads\/usu768\/2025\/04\/2.png 500w, https:\/\/serveiseducatius.xtec.cat\/vallesoriental3\/wp-content\/uploads\/usu768\/2025\/04\/2-210x76.png 210w\" sizes=\"auto, (max-width: 500px) 100vw, 500px\" \/><\/a><\/figure>\n<\/div>\n<\/div>\n\n\n\n<p><\/p>\n","protected":false},"excerpt":{"rendered":"<p>El Departament d\u2019Educaci\u00f3 i Formaci\u00f3 Professional ha establert un conjunt de l\u00ednies de formaci\u00f3 permanent per donar resposta a les [&hellip;]<\/p>\n","protected":false},"author":1,"featured_media":0,"parent":22833,"menu_order":1,"comment_status":"closed","ping_status":"closed","template":"","meta":{"_bbp_topic_count":0,"_bbp_reply_count":0,"_bbp_total_topic_count":0,"_bbp_total_reply_count":0,"_bbp_voice_count":0,"_bbp_anonymous_reply_count":0,"_bbp_topic_count_hidden":0,"_bbp_reply_count_hidden":0,"_bbp_forum_subforum_count":0,"site-sidebar-layout":"default","site-content-layout":"","ast-site-content-layout":"default","site-content-style":"default","site-sidebar-style":"default","ast-global-header-display":"","ast-banner-title-visibility":"","ast-main-header-display":"","ast-hfb-above-header-display":"","ast-hfb-below-header-display":"","ast-hfb-mobile-header-display":"","site-post-title":"","ast-breadcrumbs-content":"","ast-featured-img":"","footer-sml-layout":"","theme-transparent-header-meta":"","adv-header-id-meta":"","stick-header-meta":"","header-above-stick-meta":"","header-main-stick-meta":"","header-below-stick-meta":"","astra-migrate-meta-layouts":"set","ast-page-background-enabled":"default","ast-page-background-meta":{"desktop":{"background-color":"var(--ast-global-color-4)","background-image":"","background-repeat":"repeat","background-position":"center center","background-size":"auto","background-attachment":"scroll","background-type":"","background-media":"","overlay-type":"","overlay-color":"","overlay-opacity":"","overlay-gradient":""},"tablet":{"background-color":"","background-image":"","background-repeat":"repeat","background-position":"center center","background-size":"auto","background-attachment":"scroll","background-type":"","background-media":"","overlay-type":"","overlay-color":"","overlay-opacity":"","overlay-gradient":""},"mobile":{"background-color":"","background-image":"","background-repeat":"repeat","background-position":"center center","background-size":"auto","background-attachment":"scroll","background-type":"","background-media":"","overlay-type":"","overlay-color":"","overlay-opacity":"","overlay-gradient":""}},"ast-content-background-meta":{"desktop":{"background-color":"var(--ast-global-color-5)","background-image":"","background-repeat":"repeat","background-position":"center center","background-size":"auto","background-attachment":"scroll","background-type":"","background-media":"","overlay-type":"","overlay-color":"","overlay-opacity":"","overlay-gradient":""},"tablet":{"background-color":"var(--ast-global-color-5)","background-image":"","background-repeat":"repeat","background-position":"center center","background-size":"auto","background-attachment":"scroll","background-type":"","background-media":"","overlay-type":"","overlay-color":"","overlay-opacity":"","overlay-gradient":""},"mobile":{"background-color":"var(--ast-global-color-5)","background-image":"","background-repeat":"repeat","background-position":"center center","background-size":"auto","background-attachment":"scroll","background-type":"","background-media":"","overlay-type":"","overlay-color":"","overlay-opacity":"","overlay-gradient":""}},"footnotes":""},"class_list":["post-414","page","type-page","status-publish","hentry"],"post_mailing_queue_ids":[],"_links":{"self":[{"href":"https:\/\/serveiseducatius.xtec.cat\/vallesoriental3\/wp-json\/wp\/v2\/pages\/414","targetHints":{"allow":["GET"]}}],"collection":[{"href":"https:\/\/serveiseducatius.xtec.cat\/vallesoriental3\/wp-json\/wp\/v2\/pages"}],"about":[{"href":"https:\/\/serveiseducatius.xtec.cat\/vallesoriental3\/wp-json\/wp\/v2\/types\/page"}],"author":[{"embeddable":true,"href":"https:\/\/serveiseducatius.xtec.cat\/vallesoriental3\/wp-json\/wp\/v2\/users\/1"}],"replies":[{"embeddable":true,"href":"https:\/\/serveiseducatius.xtec.cat\/vallesoriental3\/wp-json\/wp\/v2\/comments?post=414"}],"version-history":[{"count":5,"href":"https:\/\/serveiseducatius.xtec.cat\/vallesoriental3\/wp-json\/wp\/v2\/pages\/414\/revisions"}],"predecessor-version":[{"id":23746,"href":"https:\/\/serveiseducatius.xtec.cat\/vallesoriental3\/wp-json\/wp\/v2\/pages\/414\/revisions\/23746"}],"up":[{"embeddable":true,"href":"https:\/\/serveiseducatius.xtec.cat\/vallesoriental3\/wp-json\/wp\/v2\/pages\/22833"}],"wp:attachment":[{"href":"https:\/\/serveiseducatius.xtec.cat\/vallesoriental3\/wp-json\/wp\/v2\/media?parent=414"}],"curies":[{"name":"wp","href":"https:\/\/api.w.org\/{rel}","templated":true}]}}