{"id":3203,"date":"2018-10-02T11:35:22","date_gmt":"2018-10-02T09:35:22","guid":{"rendered":"http:\/\/serveiseducatius.xtec.cat\/vallesoriental3\/?page_id=3203"},"modified":"2025-10-27T08:45:24","modified_gmt":"2025-10-27T07:45:24","slug":"publicacions-digitals","status":"publish","type":"page","link":"https:\/\/serveiseducatius.xtec.cat\/vallesoriental3\/recursos\/publicacions-digitals\/","title":{"rendered":"Publicacions Digitals"},"content":{"rendered":"\n<p><span style=\"font-family: verdana, sans-serif; font-size: medium;\"><span lang=\"CA\">El&nbsp;<\/span><b><span lang=\"CA\">Servei Educatiu del Vall\u00e8s Oriental III<\/span><\/b><span lang=\"CA\">, a trav\u00e9s del Centre de Recursos Pedag\u00f2gics, hem endegat una recollida&nbsp;<\/span>de treballs de caire pedag\u00f2gic i did\u00e0ctic sorgits de la din\u00e0mica dels seminaris, grups de treball i iniciatives puntuals del professorat i centres de la nostra zona. <\/span><\/p>\n\n\n\n<p><span style=\"font-family: verdana, sans-serif; font-size: medium;\">Poden ser propostes d&#8217;aula, materials de suport did\u00e0ctic i materials de reflexi\u00f3 i aprofundiment pedag\u00f2gic relacionats amb qualsevol dels \u00e0mbits educatius.<\/span><\/p>\n\n\n\n<p><span style=\"font-family: verdana, sans-serif; font-size: medium;\">Els diferents documents digitals publicats que apareixen en aquest dip\u00f2sit digital del Servei Educatiu del Vall\u00e8s Oriental III, tenen la identificaci\u00f3 ISSN amb el n\u00famero: <strong>2604-594X<\/strong>, que els atorga aquest espai com a publicaci\u00f3 peri\u00f2dica en forma de revista digital. <\/span><\/p>\n\n\n\n\t\t<div class=\"wp-block-getwid-recent-posts has-layout-grid has-cropped-images\">\n\t\t\t<div class=\"wp-block-getwid-recent-posts__wrapper getwid-columns getwid-columns-3\">\n\t\t\t\t\n<article id=\"post-24007\" class=\"wp-block-getwid-recent-posts__post\">\n    <div class=\"wp-block-getwid-recent-posts__post-wrapper\">\n                    <div class=\"wp-block-getwid-recent-posts__post-thumbnail\">\n                <a href=\"https:\/\/serveiseducatius.xtec.cat\/vallesoriental3\/portada\/com-registrar-una-produccio-propia-amb-creative-commons\/\"><img loading=\"lazy\" decoding=\"async\" width=\"150\" height=\"150\" src=\"https:\/\/serveiseducatius.xtec.cat\/vallesoriental3\/wp-content\/uploads\/usu768\/2025\/10\/creative-commons-150x150.jpg\" class=\"attachment-thumbnail size-thumbnail wp-post-image\" alt=\"Com registrar una producci\u00f3 propia amb Creative Commons\" \/><\/a>\n            <\/div>\n                            <div class=\"wp-block-getwid-recent-posts__content-wrapper\">\n                                    <header class=\"wp-block-getwid-recent-posts__entry-header\">\n                                                    <h3 class=\"wp-block-getwid-recent-posts__post-title\"><a href=\"https:\/\/serveiseducatius.xtec.cat\/vallesoriental3\/portada\/com-registrar-una-produccio-propia-amb-creative-commons\/\">Com registrar una producci\u00f3 propia amb Creative Commons<\/a><\/h3>                                                                    <\/header>\n                                \n                            <\/div>\n            <\/div>\n<\/article>\n\t\t\t<\/div>\n\t\t<\/div>\n\t\t\n\n\n<p><span style=\"font-family: verdana, sans-serif; font-size: medium;\">Aqu\u00ed pots consultar el nostre fons documental:&nbsp; <a href=\"https:\/\/sites.google.com\/xtec.cat\/publicacions-svo3\/inici\" target=\"_blank\" rel=\"noopener noreferrer\">https:\/\/sites.google.com\/xtec.cat\/publicacions-svo3\/inici<\/a><\/span><\/p>\n\n\n\n<div style=\"text-align: justify;\">\u00a0<\/div>\n\n\n\n<p><\/p>\n","protected":false},"excerpt":{"rendered":"<p>El&nbsp;Servei Educatiu del Vall\u00e8s Oriental III, a trav\u00e9s del Centre de Recursos Pedag\u00f2gics, hem endegat una recollida&nbsp;de treballs de caire [&hellip;]<\/p>\n","protected":false},"author":1,"featured_media":0,"parent":906,"menu_order":1,"comment_status":"closed","ping_status":"closed","template":"","meta":{"_bbp_topic_count":0,"_bbp_reply_count":0,"_bbp_total_topic_count":0,"_bbp_total_reply_count":0,"_bbp_voice_count":0,"_bbp_anonymous_reply_count":0,"_bbp_topic_count_hidden":0,"_bbp_reply_count_hidden":0,"_bbp_forum_subforum_count":0,"site-sidebar-layout":"default","site-content-layout":"","ast-site-content-layout":"default","site-content-style":"default","site-sidebar-style":"default","ast-global-header-display":"","ast-banner-title-visibility":"","ast-main-header-display":"","ast-hfb-above-header-display":"","ast-hfb-below-header-display":"","ast-hfb-mobile-header-display":"","site-post-title":"","ast-breadcrumbs-content":"","ast-featured-img":"","footer-sml-layout":"","theme-transparent-header-meta":"","adv-header-id-meta":"","stick-header-meta":"","header-above-stick-meta":"","header-main-stick-meta":"","header-below-stick-meta":"","astra-migrate-meta-layouts":"set","ast-page-background-enabled":"default","ast-page-background-meta":{"desktop":{"background-color":"var(--ast-global-color-4)","background-image":"","background-repeat":"repeat","background-position":"center center","background-size":"auto","background-attachment":"scroll","background-type":"","background-media":"","overlay-type":"","overlay-color":"","overlay-opacity":"","overlay-gradient":""},"tablet":{"background-color":"","background-image":"","background-repeat":"repeat","background-position":"center center","background-size":"auto","background-attachment":"scroll","background-type":"","background-media":"","overlay-type":"","overlay-color":"","overlay-opacity":"","overlay-gradient":""},"mobile":{"background-color":"","background-image":"","background-repeat":"repeat","background-position":"center center","background-size":"auto","background-attachment":"scroll","background-type":"","background-media":"","overlay-type":"","overlay-color":"","overlay-opacity":"","overlay-gradient":""}},"ast-content-background-meta":{"desktop":{"background-color":"var(--ast-global-color-5)","background-image":"","background-repeat":"repeat","background-position":"center center","background-size":"auto","background-attachment":"scroll","background-type":"","background-media":"","overlay-type":"","overlay-color":"","overlay-opacity":"","overlay-gradient":""},"tablet":{"background-color":"var(--ast-global-color-5)","background-image":"","background-repeat":"repeat","background-position":"center center","background-size":"auto","background-attachment":"scroll","background-type":"","background-media":"","overlay-type":"","overlay-color":"","overlay-opacity":"","overlay-gradient":""},"mobile":{"background-color":"var(--ast-global-color-5)","background-image":"","background-repeat":"repeat","background-position":"center center","background-size":"auto","background-attachment":"scroll","background-type":"","background-media":"","overlay-type":"","overlay-color":"","overlay-opacity":"","overlay-gradient":""}},"footnotes":""},"class_list":["post-3203","page","type-page","status-publish","hentry"],"post_mailing_queue_ids":[],"_links":{"self":[{"href":"https:\/\/serveiseducatius.xtec.cat\/vallesoriental3\/wp-json\/wp\/v2\/pages\/3203","targetHints":{"allow":["GET"]}}],"collection":[{"href":"https:\/\/serveiseducatius.xtec.cat\/vallesoriental3\/wp-json\/wp\/v2\/pages"}],"about":[{"href":"https:\/\/serveiseducatius.xtec.cat\/vallesoriental3\/wp-json\/wp\/v2\/types\/page"}],"author":[{"embeddable":true,"href":"https:\/\/serveiseducatius.xtec.cat\/vallesoriental3\/wp-json\/wp\/v2\/users\/1"}],"replies":[{"embeddable":true,"href":"https:\/\/serveiseducatius.xtec.cat\/vallesoriental3\/wp-json\/wp\/v2\/comments?post=3203"}],"version-history":[{"count":6,"href":"https:\/\/serveiseducatius.xtec.cat\/vallesoriental3\/wp-json\/wp\/v2\/pages\/3203\/revisions"}],"predecessor-version":[{"id":24017,"href":"https:\/\/serveiseducatius.xtec.cat\/vallesoriental3\/wp-json\/wp\/v2\/pages\/3203\/revisions\/24017"}],"up":[{"embeddable":true,"href":"https:\/\/serveiseducatius.xtec.cat\/vallesoriental3\/wp-json\/wp\/v2\/pages\/906"}],"wp:attachment":[{"href":"https:\/\/serveiseducatius.xtec.cat\/vallesoriental3\/wp-json\/wp\/v2\/media?parent=3203"}],"curies":[{"name":"wp","href":"https:\/\/api.w.org\/{rel}","templated":true}]}}