{"id":24041,"date":"2025-02-02T18:49:00","date_gmt":"2025-02-02T17:49:00","guid":{"rendered":"https:\/\/serveiseducatius.xtec.cat\/vallesoriental3\/?page_id=24041"},"modified":"2026-02-26T16:32:13","modified_gmt":"2026-02-26T15:32:13","slug":"una-figura-clau-per-lluitar-contra-labandonament-escolar-prematur","status":"publish","type":"page","link":"https:\/\/serveiseducatius.xtec.cat\/vallesoriental3\/orientacio-educativa\/una-figura-clau-per-lluitar-contra-labandonament-escolar-prematur\/","title":{"rendered":"Reconnect-es. Pla de xoc contra l&#8217;abandonament escolar prematur."},"content":{"rendered":"\n<div class=\"wp-block-media-text is-stacked-on-mobile is-vertically-aligned-top\" style=\"grid-template-columns:34% auto\"><figure class=\"wp-block-media-text__media\"><a href=\"https:\/\/serveiseducatius.xtec.cat\/vallesoriental3\/wp-content\/uploads\/usu768\/2025\/11\/Captura-de-pantalla-2025-11-02-a-les-6.52.50\u202fp.-m.png\"><img loading=\"lazy\" decoding=\"async\" width=\"721\" height=\"1024\" src=\"https:\/\/serveiseducatius.xtec.cat\/vallesoriental3\/wp-content\/uploads\/usu768\/2025\/11\/Captura-de-pantalla-2025-11-02-a-les-6.52.50\u202fp.-m-721x1024.png\" alt=\"\" class=\"wp-image-24043 size-full\" srcset=\"https:\/\/serveiseducatius.xtec.cat\/vallesoriental3\/wp-content\/uploads\/usu768\/2025\/11\/Captura-de-pantalla-2025-11-02-a-les-6.52.50\u202fp.-m-721x1024.png 721w, https:\/\/serveiseducatius.xtec.cat\/vallesoriental3\/wp-content\/uploads\/usu768\/2025\/11\/Captura-de-pantalla-2025-11-02-a-les-6.52.50\u202fp.-m-210x298.png 210w, https:\/\/serveiseducatius.xtec.cat\/vallesoriental3\/wp-content\/uploads\/usu768\/2025\/11\/Captura-de-pantalla-2025-11-02-a-les-6.52.50\u202fp.-m-768x1090.png 768w, https:\/\/serveiseducatius.xtec.cat\/vallesoriental3\/wp-content\/uploads\/usu768\/2025\/11\/Captura-de-pantalla-2025-11-02-a-les-6.52.50\u202fp.-m.png 796w\" sizes=\"auto, (max-width: 721px) 100vw, 721px\" \/><\/a><\/figure><div class=\"wp-block-media-text__content\">\n<p>El Servei Educatiu del Vall\u00e8s Oriental III compta amb la figura de l\u2019<strong>educadora social<\/strong>, incorporada en el marc del <strong>Pla de xoc contra l\u2019abandonament escolar prematur<\/strong> impulsat pel Departament d\u2019Educaci\u00f3 i Formaci\u00f3 Professional<\/p>\n\n\n\n<p>Des del curs 2024-2025, la <strong>Marisa Romanos<\/strong> forma part del nostre equip amb l\u2019objectiu d\u2019impulsar accions d\u2019<strong>orientaci\u00f3, acompanyament i coordinaci\u00f3<\/strong> per reduir l\u2019abandonament escolar i refor\u00e7ar les transicions educatives dels joves.<\/p>\n\n\n\n<h3 class=\"wp-block-heading\"><strong>Contacte<\/strong><\/h3>\n\n\n\n<h5 class=\"wp-block-heading\">Maite Millan Mu\u00f1oz<\/h5>\n\n\n\n<p>Educadora Social \u2013 Servei Educatiu del Vall\u00e8s Oriental III<br>\ud83d\udccd C\/ Consolat de Mar, 20 \u2014 Sant Celoni<br>\ud83d\udce7 A8930018@xtec.cat<br>\ud83d\udcde 610 54 24 28<\/p>\n<\/div><\/div>\n\n\n\n<hr class=\"wp-block-separator has-alpha-channel-opacity\"\/>\n\n\n\n<h3 class=\"wp-block-heading\"><strong>Quines funcions t\u00e9?<\/strong><\/h3>\n\n\n\n<p>L\u2019educadora social dona suport als centres educatius i a la comunitat educativa en general a trav\u00e9s de diferents accions:<\/p>\n\n\n\n<ul class=\"wp-block-list\">\n<li>Acompanyament a <strong>joves que han abandonat els estudis<\/strong> o es troben en risc.<\/li>\n\n\n\n<li>Col\u00b7laboraci\u00f3 amb els <strong>agents socioeducatius del territori<\/strong>.<\/li>\n\n\n\n<li>Coordinaci\u00f3 amb els centres educatius en l\u2019\u00e0mbit de l\u2019<strong>orientaci\u00f3 i l\u2019acci\u00f3 tutorial<\/strong>.<\/li>\n\n\n\n<li>Participaci\u00f3 en <strong>comissions, grups de treball i seminaris<\/strong>.<\/li>\n\n\n\n<li>Disseny i impuls de materials, eines i recursos \u00fatils per a l\u2019<strong>orientaci\u00f3 acad\u00e8mica i personal<\/strong> (com ara Geniallys interactius, tallers, guies\u2026).<\/li>\n\n\n\n<li>Treball en <strong>xarxa<\/strong> i mirada comunit\u00e0ria per actuar de manera integral.<\/li>\n<\/ul>\n\n\n\n<hr class=\"wp-block-separator has-alpha-channel-opacity\"\/>\n\n\n\n<h3 class=\"wp-block-heading\"><strong>Cessi\u00f3 de dades i intervenci\u00f3<\/strong><\/h3>\n\n\n\n<p>Per tal que l\u2019educadora social pugui intervenir, cal que els centres <strong>facilitin la cessi\u00f3 de dades dels alumnes<\/strong>, d\u2019acord amb l\u2019<strong>Instrucci\u00f3 1\/2024<\/strong>, de 17 de juliol. Aquesta cessi\u00f3 es fa:<\/p>\n\n\n\n<ol start=\"1\" class=\"wp-block-list\">\n<li><strong>Amb autoritzaci\u00f3 signada<\/strong> per part de l\u2019alumnat de 3r i 4t d\u2019ESO o d\u2019ensenyaments postobligatoris (no cal la signatura de les fam\u00edlies si tenen +14 anys).<\/li>\n\n\n\n<li>Mitjan\u00e7ant la <strong>marcaci\u00f3 al RALC<\/strong> (Registre d\u2019Alumnes de Catalunya).<\/li>\n\n\n\n<li>El centre <strong>no lliura cap dada directament<\/strong>, sin\u00f3 que ho fa el Departament a trav\u00e9s del protocol establert.<\/li>\n<\/ol>\n\n\n\n<p>\ud83d\udcc4 Pots consultar la guia oficial aqu\u00ed:<\/p>\n\n\n\n<p>\ud83d\udc49 <a href=\"https:\/\/espai.educacio.gencat.cat\/Alumnes\/Revisio-dades\/abandonament\/Pagines\/default.aspx\">Cessi\u00f3 de dades per lluitar contra l\u2019abandonament escolar (Informaci\u00f3 portal de centre)<\/a><br>\ud83d\udc49 <a href=\"https:\/\/documents.espai.educacio.gencat.cat\/FormularisModels\/ProteccioDades\/A1380.pdf\" target=\"_blank\" rel=\"noreferrer noopener\">Documentaci\u00f3 Autoritzaci\u00f3 de cessi\u00f3 de dades per a l&#8217;orientaci\u00f3 en situacions d&#8217;absentisme i abandonament d&#8217;estudis&nbsp;<\/a><\/p>\n\n\n\n<hr class=\"wp-block-separator has-alpha-channel-opacity\"\/>\n\n\n\n<h2 class=\"wp-block-heading\">Noticies relacionades.<\/h2>\n\n\n\n\t\t<div class=\"wp-block-getwid-recent-posts has-layout-list has-cropped-images\">\n\t\t\t<div class=\"wp-block-getwid-recent-posts__wrapper\">\n\t\t\t\t\n<article id=\"post-24213\" class=\"wp-block-getwid-recent-posts__post\">\n    <div class=\"wp-block-getwid-recent-posts__post-wrapper\">\n                            <div class=\"wp-block-getwid-recent-posts__content-wrapper\">\n                                    <header class=\"wp-block-getwid-recent-posts__entry-header\">\n                                                    <h4 class=\"wp-block-getwid-recent-posts__post-title\"><a href=\"https:\/\/serveiseducatius.xtec.cat\/vallesoriental3\/inclusio\/elaboracio-dels-plans-de-suport-individualitzats\/\">Elaboraci\u00f3 dels plans de suport individualitzats.<\/a><\/h4>                                                                    <\/header>\n                                <div class=\"wp-block-getwid-recent-posts__post-content\">Quan \u00e9s necessari l&#8217;elaboraci\u00f3 d&#8217;u PI? Recursos Normativa<\/div>\n                \n                            <\/div>\n            <\/div>\n<\/article>\n\n<article id=\"post-24094\" class=\"wp-block-getwid-recent-posts__post\">\n    <div class=\"wp-block-getwid-recent-posts__post-wrapper\">\n                            <div class=\"wp-block-getwid-recent-posts__content-wrapper\">\n                                    <header class=\"wp-block-getwid-recent-posts__entry-header\">\n                                                    <h4 class=\"wp-block-getwid-recent-posts__post-title\"><a href=\"https:\/\/serveiseducatius.xtec.cat\/vallesoriental3\/portada\/pla-de-prevencio-de-labandonament-escolar-prematur\/\">Pla de prevenci\u00f3 de l\u2019abandonament escolar prematur<\/a><\/h4>                                                                    <\/header>\n                                <div class=\"wp-block-getwid-recent-posts__post-content\">10 estrat\u00e8gies clau Seguiment i millora cont\u00ednua El desplegament del Pla \u00e9s progressiu i incorpora indicadors de seguiment per avaluar [&hellip;]<\/div>\n                \n                            <\/div>\n            <\/div>\n<\/article>\n\n<article id=\"post-24033\" class=\"wp-block-getwid-recent-posts__post\">\n    <div class=\"wp-block-getwid-recent-posts__post-wrapper\">\n                            <div class=\"wp-block-getwid-recent-posts__content-wrapper\">\n                                    <header class=\"wp-block-getwid-recent-posts__entry-header\">\n                                                    <h4 class=\"wp-block-getwid-recent-posts__post-title\"><a href=\"https:\/\/serveiseducatius.xtec.cat\/vallesoriental3\/portada\/tria-el-teu-cami-una-eina-per-orientar%e2%80%91te\/\">\u201c\u202fTria\u202fel\u202fteu\u202fcam\u00ed\u201d, una eina per orientar\u2011te!<\/a><\/h4>                                                                    <\/header>\n                                <div class=\"wp-block-getwid-recent-posts__post-content\">Des del Seminari Poe del Servei Educatiu Vall\u00e8s Oriental III (SE\u202fVO\u202fIII), ha desenvolupat un nou recurs interactiu en Genially: https:\/\/view.genially.com\/682dde4a7acc500c7610ea5e\/interactive-content-tria-el-teu-cami [&hellip;]<\/div>\n                \n                            <\/div>\n            <\/div>\n<\/article>\n\n<article id=\"post-24030\" class=\"wp-block-getwid-recent-posts__post\">\n    <div class=\"wp-block-getwid-recent-posts__post-wrapper\">\n                            <div class=\"wp-block-getwid-recent-posts__content-wrapper\">\n                                    <header class=\"wp-block-getwid-recent-posts__entry-header\">\n                                                    <h4 class=\"wp-block-getwid-recent-posts__post-title\"><a href=\"https:\/\/serveiseducatius.xtec.cat\/vallesoriental3\/portada\/i-si-no-tinc-leso-que-una-guia-interactiva-per-orientar-millor\/\">\u201cI si no tinc l\u2019ESO, qu\u00e8?\u201d Una guia interactiva per orientar millor.<\/a><\/h4>                                                                    <\/header>\n                                <div class=\"wp-block-getwid-recent-posts__post-content\">Des del Servei Educatiu Vall\u00e8s Oriental III hem elaborat una nova eina pensada per acompanyar joves i fam\u00edlies en un [&hellip;]<\/div>\n                \n                            <\/div>\n            <\/div>\n<\/article>\n\n<article id=\"post-23262\" class=\"wp-block-getwid-recent-posts__post\">\n    <div class=\"wp-block-getwid-recent-posts__post-wrapper\">\n                            <div class=\"wp-block-getwid-recent-posts__content-wrapper\">\n                                    <header class=\"wp-block-getwid-recent-posts__entry-header\">\n                                                    <h4 class=\"wp-block-getwid-recent-posts__post-title\"><a href=\"https:\/\/serveiseducatius.xtec.cat\/vallesoriental3\/portada\/chat-gpt-personalitzat-orientacio-estudis-postobligatoris\/\">Chat GPT personalitzat. Orientaci\u00f3 estudis postobligatoris.<\/a><\/h4>                                                                    <\/header>\n                                <div class=\"wp-block-getwid-recent-posts__post-content\">Un recurs nou per acompanyar l\u2019alumnat en l\u2019orientaci\u00f3 acad\u00e8mica i professional Des del Servei Educatiu hem creat un xat gpt [&hellip;]<\/div>\n                \n                            <\/div>\n            <\/div>\n<\/article>\n\t\t\t<\/div>\n\t\t<\/div>\n\t\t\n\n\n<p><\/p>\n","protected":false},"excerpt":{"rendered":"<p>El Servei Educatiu del Vall\u00e8s Oriental III compta amb la figura de l\u2019educadora social, incorporada en el marc del Pla [&hellip;]<\/p>\n","protected":false},"author":1,"featured_media":24046,"parent":19282,"menu_order":0,"comment_status":"closed","ping_status":"close","template":"","meta":{"_bbp_topic_count":0,"_bbp_reply_count":0,"_bbp_total_topic_count":0,"_bbp_total_reply_count":0,"_bbp_voice_count":0,"_bbp_anonymous_reply_count":0,"_bbp_topic_count_hidden":0,"_bbp_reply_count_hidden":0,"_bbp_forum_subforum_count":0,"site-sidebar-layout":"default","site-content-layout":"","ast-site-content-layout":"default","site-content-style":"default","site-sidebar-style":"default","ast-global-header-display":"","ast-banner-title-visibility":"","ast-main-header-display":"","ast-hfb-above-header-display":"","ast-hfb-below-header-display":"","ast-hfb-mobile-header-display":"","site-post-title":"","ast-breadcrumbs-content":"","ast-featured-img":"","footer-sml-layout":"","theme-transparent-header-meta":"","adv-header-id-meta":"","stick-header-meta":"","header-above-stick-meta":"","header-main-stick-meta":"","header-below-stick-meta":"","astra-migrate-meta-layouts":"set","ast-page-background-enabled":"default","ast-page-background-meta":{"desktop":{"background-color":"var(--ast-global-color-4)","background-image":"","background-repeat":"repeat","background-position":"center center","background-size":"auto","background-attachment":"scroll","background-type":"","background-media":"","overlay-type":"","overlay-color":"","overlay-opacity":"","overlay-gradient":""},"tablet":{"background-color":"","background-image":"","background-repeat":"repeat","background-position":"center center","background-size":"auto","background-attachment":"scroll","background-type":"","background-media":"","overlay-type":"","overlay-color":"","overlay-opacity":"","overlay-gradient":""},"mobile":{"background-color":"","background-image":"","background-repeat":"repeat","background-position":"center center","background-size":"auto","background-attachment":"scroll","background-type":"","background-media":"","overlay-type":"","overlay-color":"","overlay-opacity":"","overlay-gradient":""}},"ast-content-background-meta":{"desktop":{"background-color":"var(--ast-global-color-5)","background-image":"","background-repeat":"repeat","background-position":"center center","background-size":"auto","background-attachment":"scroll","background-type":"","background-media":"","overlay-type":"","overlay-color":"","overlay-opacity":"","overlay-gradient":""},"tablet":{"background-color":"var(--ast-global-color-5)","background-image":"","background-repeat":"repeat","background-position":"center center","background-size":"auto","background-attachment":"scroll","background-type":"","background-media":"","overlay-type":"","overlay-color":"","overlay-opacity":"","overlay-gradient":""},"mobile":{"background-color":"var(--ast-global-color-5)","background-image":"","background-repeat":"repeat","background-position":"center center","background-size":"auto","background-attachment":"scroll","background-type":"","background-media":"","overlay-type":"","overlay-color":"","overlay-opacity":"","overlay-gradient":""}},"footnotes":""},"class_list":["post-24041","page","type-page","status-publish","has-post-thumbnail","hentry"],"post_mailing_queue_ids":[],"_links":{"self":[{"href":"https:\/\/serveiseducatius.xtec.cat\/vallesoriental3\/wp-json\/wp\/v2\/pages\/24041","targetHints":{"allow":["GET"]}}],"collection":[{"href":"https:\/\/serveiseducatius.xtec.cat\/vallesoriental3\/wp-json\/wp\/v2\/pages"}],"about":[{"href":"https:\/\/serveiseducatius.xtec.cat\/vallesoriental3\/wp-json\/wp\/v2\/types\/page"}],"author":[{"embeddable":true,"href":"https:\/\/serveiseducatius.xtec.cat\/vallesoriental3\/wp-json\/wp\/v2\/users\/1"}],"replies":[{"embeddable":true,"href":"https:\/\/serveiseducatius.xtec.cat\/vallesoriental3\/wp-json\/wp\/v2\/comments?post=24041"}],"version-history":[{"count":6,"href":"https:\/\/serveiseducatius.xtec.cat\/vallesoriental3\/wp-json\/wp\/v2\/pages\/24041\/revisions"}],"predecessor-version":[{"id":24317,"href":"https:\/\/serveiseducatius.xtec.cat\/vallesoriental3\/wp-json\/wp\/v2\/pages\/24041\/revisions\/24317"}],"up":[{"embeddable":true,"href":"https:\/\/serveiseducatius.xtec.cat\/vallesoriental3\/wp-json\/wp\/v2\/pages\/19282"}],"wp:featuredmedia":[{"embeddable":true,"href":"https:\/\/serveiseducatius.xtec.cat\/vallesoriental3\/wp-json\/wp\/v2\/media\/24046"}],"wp:attachment":[{"href":"https:\/\/serveiseducatius.xtec.cat\/vallesoriental3\/wp-json\/wp\/v2\/media?parent=24041"}],"curies":[{"name":"wp","href":"https:\/\/api.w.org\/{rel}","templated":true}]}}