{"id":23836,"date":"2025-09-11T19:24:28","date_gmt":"2025-09-11T17:24:28","guid":{"rendered":"https:\/\/serveiseducatius.xtec.cat\/vallesoriental3\/?page_id=23836"},"modified":"2025-09-11T19:27:17","modified_gmt":"2025-09-11T17:27:17","slug":"material-en-prestec-tecnologia-i-programacio","status":"publish","type":"page","link":"https:\/\/serveiseducatius.xtec.cat\/vallesoriental3\/prestec\/material-en-prestec-tecnologia-i-programacio\/","title":{"rendered":"Material en pr\u00e9stec TECNOLOGIA I PROGRAMACI\u00d3"},"content":{"rendered":"\n<p>En aquest espai trobareu els diferents materials disponibles de la categoria TECNOLOGIA I PROGRAMACI\u00d3 per al pr\u00e9stec. Cada recurs (kit, maleta, joc, etc.) inclou una descripci\u00f3, l\u2019etapa educativa a la qual s\u2019adre\u00e7a i materials did\u00e0ctics per facilitar-ne la implementaci\u00f3 a l\u2019aula.<\/p>\n\n\n\n<div class=\"wp-block-columns is-layout-flex wp-container-core-columns-is-layout-1 wp-block-columns-is-layout-flex\" style=\"padding-top:var(--wp--preset--spacing--20);padding-right:var(--wp--preset--spacing--20);padding-bottom:var(--wp--preset--spacing--20);padding-left:var(--wp--preset--spacing--20)\">\n<div class=\"wp-block-column is-layout-flow wp-block-column-is-layout-flow\" style=\"flex-basis:66.66%\">\n<p>Quan tingueu clar quin material voleu sol\u00b7licitar, nom\u00e9s cal que ompliu el <a href=\"https:\/\/forms.gle\/seuS9bY79ZXyzuBp8\">formulari de demanda<\/a>. Un cop rebuda la sol\u00b7licitud, des del CRP ens posarem en contacte amb vosaltres per concretar la recollida.<br>Si necessiteu algun material que no trobeu al nodes, comenteu-nos-ho, podem fer demanda a altres Centres de Recursos. <\/p>\n<\/div>\n\n\n\n<div class=\"wp-block-column is-layout-flow wp-block-column-is-layout-flow\" style=\"flex-basis:33.33%\">\n<figure class=\"wp-block-image size-full\"><a href=\"https:\/\/forms.gle\/seuS9bY79ZXyzuBp8\"><img loading=\"lazy\" decoding=\"async\" width=\"375\" height=\"125\" src=\"https:\/\/serveiseducatius.xtec.cat\/vallesoriental3\/wp-content\/uploads\/usu768\/2025\/01\/14.png\" alt=\"\" class=\"wp-image-22485\" srcset=\"https:\/\/serveiseducatius.xtec.cat\/vallesoriental3\/wp-content\/uploads\/usu768\/2025\/01\/14.png 375w, https:\/\/serveiseducatius.xtec.cat\/vallesoriental3\/wp-content\/uploads\/usu768\/2025\/01\/14-210x70.png 210w\" sizes=\"auto, (max-width: 375px) 100vw, 375px\" \/><\/a><\/figure>\n\n\n\n<p><\/p>\n<\/div>\n<\/div>\n\n\n\n<hr class=\"wp-block-separator has-alpha-channel-opacity\"\/>\n\n\n\n\t\t<div class=\"wp-block-getwid-recent-posts has-layout-list\">\n\t\t\t<div class=\"wp-block-getwid-recent-posts__wrapper\">\n\t\t\t\t\n<article id=\"post-22497\" class=\"wp-block-getwid-recent-posts__post\">\n    <div class=\"wp-block-getwid-recent-posts__post-wrapper\">\n                    <div class=\"wp-block-getwid-recent-posts__post-thumbnail\">\n                <a href=\"https:\/\/serveiseducatius.xtec.cat\/vallesoriental3\/general\/maleta-dimpressio-3d\/\"><img loading=\"lazy\" decoding=\"async\" width=\"150\" height=\"150\" src=\"https:\/\/serveiseducatius.xtec.cat\/vallesoriental3\/wp-content\/uploads\/usu768\/2025\/02\/Captura-de-pantalla-2025-09-10-a-les-9.09.42\u202fa.-m-150x150.png\" class=\"attachment-thumbnail size-thumbnail wp-post-image\" alt=\"Impresores 3D\" \/><\/a>\n            <\/div>\n                            <div class=\"wp-block-getwid-recent-posts__content-wrapper\">\n                                    <header class=\"wp-block-getwid-recent-posts__entry-header\">\n                                                    <h5 class=\"wp-block-getwid-recent-posts__post-title\"><a href=\"https:\/\/serveiseducatius.xtec.cat\/vallesoriental3\/general\/maleta-dimpressio-3d\/\">Impresores 3D<\/a><\/h5>                                                                    <\/header>\n                                <div class=\"wp-block-getwid-recent-posts__post-content\">Maleta amb dues impressores 3D Prusa Mini, ideals per introduir l\u2019alumnat en el m\u00f3n de la fabricaci\u00f3 digital i el [&hellip;]<\/div>\n                \n                            <\/div>\n            <\/div>\n<\/article>\n\n<article id=\"post-20676\" class=\"wp-block-getwid-recent-posts__post\">\n    <div class=\"wp-block-getwid-recent-posts__post-wrapper\">\n                    <div class=\"wp-block-getwid-recent-posts__post-thumbnail\">\n                <a href=\"https:\/\/serveiseducatius.xtec.cat\/vallesoriental3\/portada\/prestec-material-robotseny-montquimic-crema-solar\/\"><img loading=\"lazy\" decoding=\"async\" width=\"150\" height=\"150\" src=\"https:\/\/serveiseducatius.xtec.cat\/vallesoriental3\/wp-content\/uploads\/usu768\/2022\/03\/PORTADAS-PAGINA-WEB-BLOG-20-150x150.png\" class=\"attachment-thumbnail size-thumbnail wp-post-image\" alt=\"Sensors AMBIENT PER MICROBIT\" \/><\/a>\n            <\/div>\n                            <div class=\"wp-block-getwid-recent-posts__content-wrapper\">\n                                    <header class=\"wp-block-getwid-recent-posts__entry-header\">\n                                                    <h5 class=\"wp-block-getwid-recent-posts__post-title\"><a href=\"https:\/\/serveiseducatius.xtec.cat\/vallesoriental3\/portada\/prestec-material-robotseny-montquimic-crema-solar\/\">Sensors AMBIENT PER MICROBIT<\/a><\/h5>                                                                    <\/header>\n                                <div class=\"wp-block-getwid-recent-posts__post-content\">Recursos per ajudar a mesurar l&#039;efecte de les vostres cremes a la vostra pell<\/div>\n                \n                            <\/div>\n            <\/div>\n<\/article>\n\n<article id=\"post-19862\" class=\"wp-block-getwid-recent-posts__post\">\n    <div class=\"wp-block-getwid-recent-posts__post-wrapper\">\n                    <div class=\"wp-block-getwid-recent-posts__post-thumbnail\">\n                <a href=\"https:\/\/serveiseducatius.xtec.cat\/vallesoriental3\/prestec\/maquina-de-xapes\/\"><img loading=\"lazy\" decoding=\"async\" width=\"150\" height=\"150\" src=\"https:\/\/serveiseducatius.xtec.cat\/vallesoriental3\/wp-content\/uploads\/usu768\/2021\/05\/xapes-150x150.jpg\" class=\"attachment-thumbnail size-thumbnail wp-post-image\" alt=\"M\u00e0quina de xapes\" \/><\/a>\n            <\/div>\n                            <div class=\"wp-block-getwid-recent-posts__content-wrapper\">\n                                    <header class=\"wp-block-getwid-recent-posts__entry-header\">\n                                                    <h5 class=\"wp-block-getwid-recent-posts__post-title\"><a href=\"https:\/\/serveiseducatius.xtec.cat\/vallesoriental3\/prestec\/maquina-de-xapes\/\">M\u00e0quina de xapes<\/a><\/h5>                                                                    <\/header>\n                                <div class=\"wp-block-getwid-recent-posts__post-content\">M\u00e0quina de xapes. Cal recordar que el CRP no t\u00e9 en pr\u00e9stec les xapes.<\/div>\n                \n                            <\/div>\n            <\/div>\n<\/article>\n\n<article id=\"post-4011\" class=\"wp-block-getwid-recent-posts__post\">\n    <div class=\"wp-block-getwid-recent-posts__post-wrapper\">\n                    <div class=\"wp-block-getwid-recent-posts__post-thumbnail\">\n                <a href=\"https:\/\/serveiseducatius.xtec.cat\/vallesoriental3\/recursos\/12-microbits\/\"><img loading=\"lazy\" decoding=\"async\" width=\"150\" height=\"150\" src=\"https:\/\/serveiseducatius.xtec.cat\/vallesoriental3\/wp-content\/uploads\/usu768\/2019\/12\/microbit2-150x150.png\" class=\"attachment-thumbnail size-thumbnail wp-post-image\" alt=\"11 Microbits\" \/><\/a>\n            <\/div>\n                            <div class=\"wp-block-getwid-recent-posts__content-wrapper\">\n                                    <header class=\"wp-block-getwid-recent-posts__entry-header\">\n                                                    <h5 class=\"wp-block-getwid-recent-posts__post-title\"><a href=\"https:\/\/serveiseducatius.xtec.cat\/vallesoriental3\/recursos\/12-microbits\/\">11 Microbits<\/a><\/h5>                                                                    <\/header>\n                                <div class=\"wp-block-getwid-recent-posts__post-content\">FORMULARI\u00a0de sol\u00b7licitud,\u00a0m\u00e0xim 4 setmanes.<\/div>\n                \n                            <\/div>\n            <\/div>\n<\/article>\n\n<article id=\"post-3383\" class=\"wp-block-getwid-recent-posts__post\">\n    <div class=\"wp-block-getwid-recent-posts__post-wrapper\">\n                    <div class=\"wp-block-getwid-recent-posts__post-thumbnail\">\n                <a href=\"https:\/\/serveiseducatius.xtec.cat\/vallesoriental3\/llengua\/llengues\/botons-gravadors\/\"><img loading=\"lazy\" decoding=\"async\" width=\"150\" height=\"150\" src=\"https:\/\/serveiseducatius.xtec.cat\/vallesoriental3\/wp-content\/uploads\/usu768\/2018\/03\/botons-150x150.png\" class=\"attachment-thumbnail size-thumbnail wp-post-image\" alt=\"Botons gravadors\" \/><\/a>\n            <\/div>\n                            <div class=\"wp-block-getwid-recent-posts__content-wrapper\">\n                                    <header class=\"wp-block-getwid-recent-posts__entry-header\">\n                                                    <h5 class=\"wp-block-getwid-recent-posts__post-title\"><a href=\"https:\/\/serveiseducatius.xtec.cat\/vallesoriental3\/llengua\/llengues\/botons-gravadors\/\">Botons gravadors<\/a><\/h5>                                                                    <\/header>\n                                <div class=\"wp-block-getwid-recent-posts__post-content\">FORMULARI de sol\u00b7licitud, m\u00e0xim 2 setmanes. 6 altaveus diminuts que graven i reprodueixen fins a 10 segons de so. A [&hellip;]<\/div>\n                \n                            <\/div>\n            <\/div>\n<\/article>\n\n<article id=\"post-3379\" class=\"wp-block-getwid-recent-posts__post\">\n    <div class=\"wp-block-getwid-recent-posts__post-wrapper\">\n                    <div class=\"wp-block-getwid-recent-posts__post-thumbnail\">\n                <a href=\"https:\/\/serveiseducatius.xtec.cat\/vallesoriental3\/recursos\/arduinos-programables\/\"><img loading=\"lazy\" decoding=\"async\" width=\"150\" height=\"150\" src=\"https:\/\/serveiseducatius.xtec.cat\/vallesoriental3\/wp-content\/uploads\/usu768\/2018\/12\/PORTADAS-PAGINA-WEB-BLOG-32-150x150.png\" class=\"attachment-thumbnail size-thumbnail wp-post-image\" alt=\"Arduinos programables\" \/><\/a>\n            <\/div>\n                            <div class=\"wp-block-getwid-recent-posts__content-wrapper\">\n                                    <header class=\"wp-block-getwid-recent-posts__entry-header\">\n                                                    <h5 class=\"wp-block-getwid-recent-posts__post-title\"><a href=\"https:\/\/serveiseducatius.xtec.cat\/vallesoriental3\/recursos\/arduinos-programables\/\">Arduinos programables<\/a><\/h5>                                                                    <\/header>\n                                <div class=\"wp-block-getwid-recent-posts__post-content\">5 robots Arduino programables de Innova Didactic\u00a0impulsat per Robolot.<\/div>\n                \n                            <\/div>\n            <\/div>\n<\/article>\n\n<article id=\"post-3375\" class=\"wp-block-getwid-recent-posts__post\">\n    <div class=\"wp-block-getwid-recent-posts__post-wrapper\">\n                    <div class=\"wp-block-getwid-recent-posts__post-thumbnail\">\n                <a href=\"https:\/\/serveiseducatius.xtec.cat\/vallesoriental3\/recursos\/robot-mouse\/\"><img loading=\"lazy\" decoding=\"async\" width=\"150\" height=\"150\" src=\"https:\/\/serveiseducatius.xtec.cat\/vallesoriental3\/wp-content\/uploads\/usu768\/2018\/12\/PORTADAS-PAGINA-WEB-BLOG-33-150x150.png\" class=\"attachment-thumbnail size-thumbnail wp-post-image\" alt=\"Robot Mouse\" \/><\/a>\n            <\/div>\n                            <div class=\"wp-block-getwid-recent-posts__content-wrapper\">\n                                    <header class=\"wp-block-getwid-recent-posts__entry-header\">\n                                                    <h5 class=\"wp-block-getwid-recent-posts__post-title\"><a href=\"https:\/\/serveiseducatius.xtec.cat\/vallesoriental3\/recursos\/robot-mouse\/\">Robot Mouse<\/a><\/h5>                                                                    <\/header>\n                                <div class=\"wp-block-getwid-recent-posts__post-content\">Ideal per comen\u00e7ar a familiaritzar-se amb els conceptes b\u00e0sics de programaci\u00f3 (edat a partir de 4 anys).<\/div>\n                \n                            <\/div>\n            <\/div>\n<\/article>\n\n<article id=\"post-3275\" class=\"wp-block-getwid-recent-posts__post\">\n    <div class=\"wp-block-getwid-recent-posts__post-wrapper\">\n                    <div class=\"wp-block-getwid-recent-posts__post-thumbnail\">\n                <a href=\"https:\/\/serveiseducatius.xtec.cat\/vallesoriental3\/general\/5-makey-makey\/\"><img loading=\"lazy\" decoding=\"async\" width=\"150\" height=\"150\" src=\"https:\/\/serveiseducatius.xtec.cat\/vallesoriental3\/wp-content\/uploads\/usu768\/2018\/12\/PORTADAS-PAGINA-WEB-BLOG-34-150x150.png\" class=\"attachment-thumbnail size-thumbnail wp-post-image\" alt=\"5 Makey Makey\" \/><\/a>\n            <\/div>\n                            <div class=\"wp-block-getwid-recent-posts__content-wrapper\">\n                                    <header class=\"wp-block-getwid-recent-posts__entry-header\">\n                                                    <h5 class=\"wp-block-getwid-recent-posts__post-title\"><a href=\"https:\/\/serveiseducatius.xtec.cat\/vallesoriental3\/general\/5-makey-makey\/\">5 Makey Makey<\/a><\/h5>                                                                    <\/header>\n                                <div class=\"wp-block-getwid-recent-posts__post-content\">Crea circuits amb l&#039;ordinador i obre les portes a la creativitats dels alumnes.<\/div>\n                \n                            <\/div>\n            <\/div>\n<\/article>\n\n<article id=\"post-2949\" class=\"wp-block-getwid-recent-posts__post\">\n    <div class=\"wp-block-getwid-recent-posts__post-wrapper\">\n                    <div class=\"wp-block-getwid-recent-posts__post-thumbnail\">\n                <a href=\"https:\/\/serveiseducatius.xtec.cat\/vallesoriental3\/sez-2\/crp\/6-ulleres-de-realitat-virtual\/\"><img loading=\"lazy\" decoding=\"async\" width=\"150\" height=\"150\" src=\"https:\/\/serveiseducatius.xtec.cat\/vallesoriental3\/wp-content\/uploads\/usu768\/2018\/01\/ulleres-virtuals-150x150.jpg\" class=\"attachment-thumbnail size-thumbnail wp-post-image\" alt=\"6 Ulleres de realitat virtual\" \/><\/a>\n            <\/div>\n                            <div class=\"wp-block-getwid-recent-posts__content-wrapper\">\n                                    <header class=\"wp-block-getwid-recent-posts__entry-header\">\n                                                    <h5 class=\"wp-block-getwid-recent-posts__post-title\"><a href=\"https:\/\/serveiseducatius.xtec.cat\/vallesoriental3\/sez-2\/crp\/6-ulleres-de-realitat-virtual\/\">6 Ulleres de realitat virtual<\/a><\/h5>                                                                    <\/header>\n                                <div class=\"wp-block-getwid-recent-posts__post-content\">FORMULARI de sol\u00b7licitud, m\u00e0xim 4 setmanes. Podrem crear les nostres imatges esf\u00e8riques amb Google Street View i treballar-les creant hist\u00f2ries [&hellip;]<\/div>\n                \n                            <\/div>\n            <\/div>\n<\/article>\n\n<article id=\"post-2368\" class=\"wp-block-getwid-recent-posts__post\">\n    <div class=\"wp-block-getwid-recent-posts__post-wrapper\">\n                    <div class=\"wp-block-getwid-recent-posts__post-thumbnail\">\n                <a href=\"https:\/\/serveiseducatius.xtec.cat\/vallesoriental3\/sez-2\/crp\/pack-daula-bee-bot\/\"><img loading=\"lazy\" decoding=\"async\" width=\"150\" height=\"150\" src=\"https:\/\/serveiseducatius.xtec.cat\/vallesoriental3\/wp-content\/uploads\/usu768\/2017\/02\/PORTADAS-PAGINA-WEB-BLOG-36-150x150.png\" class=\"attachment-thumbnail size-thumbnail wp-post-image\" alt=\"Pack d&#8217;aula Bee Bot\" \/><\/a>\n            <\/div>\n                            <div class=\"wp-block-getwid-recent-posts__content-wrapper\">\n                                    <header class=\"wp-block-getwid-recent-posts__entry-header\">\n                                                    <h5 class=\"wp-block-getwid-recent-posts__post-title\"><a href=\"https:\/\/serveiseducatius.xtec.cat\/vallesoriental3\/sez-2\/crp\/pack-daula-bee-bot\/\">Pack d&#8217;aula Bee Bot<\/a><\/h5>                                                                    <\/header>\n                                <div class=\"wp-block-getwid-recent-posts__post-content\">La Bee-Bot\u00ae \u00e9s un punt de partida perfecte per al control de l&#039;ensenyament, el llenguatge direccional i la programaci\u00f3.<\/div>\n                \n                            <\/div>\n            <\/div>\n<\/article>\n\t\t\t<\/div>\n\t\t<\/div>\n\t\t","protected":false},"excerpt":{"rendered":"<p>En aquest espai trobareu els diferents materials disponibles de la categoria TECNOLOGIA I PROGRAMACI\u00d3 per al pr\u00e9stec. Cada recurs (kit, [&hellip;]<\/p>\n","protected":false},"author":1,"featured_media":0,"parent":21488,"menu_order":0,"comment_status":"closed","ping_status":"close","template":"","meta":{"_bbp_topic_count":0,"_bbp_reply_count":0,"_bbp_total_topic_count":0,"_bbp_total_reply_count":0,"_bbp_voice_count":0,"_bbp_anonymous_reply_count":0,"_bbp_topic_count_hidden":0,"_bbp_reply_count_hidden":0,"_bbp_forum_subforum_count":0,"site-sidebar-layout":"default","site-content-layout":"","ast-site-content-layout":"default","site-content-style":"default","site-sidebar-style":"default","ast-global-header-display":"","ast-banner-title-visibility":"","ast-main-header-display":"","ast-hfb-above-header-display":"","ast-hfb-below-header-display":"","ast-hfb-mobile-header-display":"","site-post-title":"","ast-breadcrumbs-content":"","ast-featured-img":"","footer-sml-layout":"","theme-transparent-header-meta":"","adv-header-id-meta":"","stick-header-meta":"","header-above-stick-meta":"","header-main-stick-meta":"","header-below-stick-meta":"","astra-migrate-meta-layouts":"set","ast-page-background-enabled":"default","ast-page-background-meta":{"desktop":{"background-color":"var(--ast-global-color-4)","background-image":"","background-repeat":"repeat","background-position":"center center","background-size":"auto","background-attachment":"scroll","background-type":"","background-media":"","overlay-type":"","overlay-color":"","overlay-opacity":"","overlay-gradient":""},"tablet":{"background-color":"","background-image":"","background-repeat":"repeat","background-position":"center center","background-size":"auto","background-attachment":"scroll","background-type":"","background-media":"","overlay-type":"","overlay-color":"","overlay-opacity":"","overlay-gradient":""},"mobile":{"background-color":"","background-image":"","background-repeat":"repeat","background-position":"center center","background-size":"auto","background-attachment":"scroll","background-type":"","background-media":"","overlay-type":"","overlay-color":"","overlay-opacity":"","overlay-gradient":""}},"ast-content-background-meta":{"desktop":{"background-color":"var(--ast-global-color-5)","background-image":"","background-repeat":"repeat","background-position":"center center","background-size":"auto","background-attachment":"scroll","background-type":"","background-media":"","overlay-type":"","overlay-color":"","overlay-opacity":"","overlay-gradient":""},"tablet":{"background-color":"var(--ast-global-color-5)","background-image":"","background-repeat":"repeat","background-position":"center center","background-size":"auto","background-attachment":"scroll","background-type":"","background-media":"","overlay-type":"","overlay-color":"","overlay-opacity":"","overlay-gradient":""},"mobile":{"background-color":"var(--ast-global-color-5)","background-image":"","background-repeat":"repeat","background-position":"center center","background-size":"auto","background-attachment":"scroll","background-type":"","background-media":"","overlay-type":"","overlay-color":"","overlay-opacity":"","overlay-gradient":""}},"footnotes":""},"class_list":["post-23836","page","type-page","status-publish","hentry"],"post_mailing_queue_ids":[],"_links":{"self":[{"href":"https:\/\/serveiseducatius.xtec.cat\/vallesoriental3\/wp-json\/wp\/v2\/pages\/23836","targetHints":{"allow":["GET"]}}],"collection":[{"href":"https:\/\/serveiseducatius.xtec.cat\/vallesoriental3\/wp-json\/wp\/v2\/pages"}],"about":[{"href":"https:\/\/serveiseducatius.xtec.cat\/vallesoriental3\/wp-json\/wp\/v2\/types\/page"}],"author":[{"embeddable":true,"href":"https:\/\/serveiseducatius.xtec.cat\/vallesoriental3\/wp-json\/wp\/v2\/users\/1"}],"replies":[{"embeddable":true,"href":"https:\/\/serveiseducatius.xtec.cat\/vallesoriental3\/wp-json\/wp\/v2\/comments?post=23836"}],"version-history":[{"count":1,"href":"https:\/\/serveiseducatius.xtec.cat\/vallesoriental3\/wp-json\/wp\/v2\/pages\/23836\/revisions"}],"predecessor-version":[{"id":23837,"href":"https:\/\/serveiseducatius.xtec.cat\/vallesoriental3\/wp-json\/wp\/v2\/pages\/23836\/revisions\/23837"}],"up":[{"embeddable":true,"href":"https:\/\/serveiseducatius.xtec.cat\/vallesoriental3\/wp-json\/wp\/v2\/pages\/21488"}],"wp:attachment":[{"href":"https:\/\/serveiseducatius.xtec.cat\/vallesoriental3\/wp-json\/wp\/v2\/media?parent=23836"}],"curies":[{"name":"wp","href":"https:\/\/api.w.org\/{rel}","templated":true}]}}