{"id":23812,"date":"2025-09-11T18:44:29","date_gmt":"2025-09-11T16:44:29","guid":{"rendered":"https:\/\/serveiseducatius.xtec.cat\/vallesoriental3\/?page_id=23812"},"modified":"2025-09-11T21:42:26","modified_gmt":"2025-09-11T19:42:26","slug":"prestec-de-material-de-ciencies-socials","status":"publish","type":"page","link":"https:\/\/serveiseducatius.xtec.cat\/vallesoriental3\/prestec\/prestec-de-material-de-ciencies-socials\/","title":{"rendered":"Material en pr\u00e9stec de CI\u00c8NCIES SOCIALS"},"content":{"rendered":"\n<p>En aquest espai trobareu els diferents materials disponibles de la categoria de CI\u00c8NCIES SOCIALS per al pr\u00e9stec. Cada recurs (kit, maleta, joc, etc.) inclou una descripci\u00f3, l\u2019etapa educativa a la qual s\u2019adre\u00e7a i materials did\u00e0ctics per facilitar-ne la implementaci\u00f3 a l\u2019aula.<\/p>\n\n\n\n<div class=\"wp-block-columns is-layout-flex wp-container-core-columns-is-layout-1 wp-block-columns-is-layout-flex\" style=\"padding-top:var(--wp--preset--spacing--20);padding-right:var(--wp--preset--spacing--20);padding-bottom:var(--wp--preset--spacing--20);padding-left:var(--wp--preset--spacing--20)\">\n<div class=\"wp-block-column is-layout-flow wp-block-column-is-layout-flow\" style=\"flex-basis:66.66%\">\n<p>Quan tingueu clar quin material voleu sol\u00b7licitar, nom\u00e9s cal que ompliu el <a href=\"https:\/\/forms.gle\/seuS9bY79ZXyzuBp8\">formulari de demanda<\/a>. Un cop rebuda la sol\u00b7licitud, des del CRP ens posarem en contacte amb vosaltres per concretar la recollida.<br>Si necessiteu algun material que no trobeu al nodes, comenteu-nos-ho, podem fer demanda a altres Centres de Recursos. <\/p>\n<\/div>\n\n\n\n<div class=\"wp-block-column is-layout-flow wp-block-column-is-layout-flow\" style=\"flex-basis:33.33%\">\n<figure class=\"wp-block-image size-full\"><a href=\"https:\/\/forms.gle\/seuS9bY79ZXyzuBp8\"><img loading=\"lazy\" decoding=\"async\" width=\"375\" height=\"125\" src=\"https:\/\/serveiseducatius.xtec.cat\/vallesoriental3\/wp-content\/uploads\/usu768\/2025\/01\/14.png\" alt=\"\" class=\"wp-image-22485\" srcset=\"https:\/\/serveiseducatius.xtec.cat\/vallesoriental3\/wp-content\/uploads\/usu768\/2025\/01\/14.png 375w, https:\/\/serveiseducatius.xtec.cat\/vallesoriental3\/wp-content\/uploads\/usu768\/2025\/01\/14-210x70.png 210w\" sizes=\"auto, (max-width: 375px) 100vw, 375px\" \/><\/a><\/figure>\n\n\n\n<p><\/p>\n<\/div>\n<\/div>\n\n\n\n<hr class=\"wp-block-separator has-alpha-channel-opacity\"\/>\n\n\n\n\t\t<div class=\"wp-block-getwid-recent-posts has-layout-list\">\n\t\t\t<div class=\"wp-block-getwid-recent-posts__wrapper\">\n\t\t\t\t\n<article id=\"post-20786\" class=\"wp-block-getwid-recent-posts__post\">\n    <div class=\"wp-block-getwid-recent-posts__post-wrapper\">\n                    <div class=\"wp-block-getwid-recent-posts__post-thumbnail\">\n                <a href=\"https:\/\/serveiseducatius.xtec.cat\/vallesoriental3\/portada\/prestec-de-llibres-guerra\/\"><img loading=\"lazy\" decoding=\"async\" width=\"150\" height=\"150\" src=\"https:\/\/serveiseducatius.xtec.cat\/vallesoriental3\/wp-content\/uploads\/usu768\/2022\/04\/Captura-150x150.png\" class=\"attachment-thumbnail size-thumbnail wp-post-image\" alt=\"Pr\u00e9stec de llibres GUERRA\" \/><\/a>\n            <\/div>\n                            <div class=\"wp-block-getwid-recent-posts__content-wrapper\">\n                                    <header class=\"wp-block-getwid-recent-posts__entry-header\">\n                                                    <h5 class=\"wp-block-getwid-recent-posts__post-title\"><a href=\"https:\/\/serveiseducatius.xtec.cat\/vallesoriental3\/portada\/prestec-de-llibres-guerra\/\">Pr\u00e9stec de llibres GUERRA<\/a><\/h5>                                                                    <\/header>\n                                <div class=\"wp-block-getwid-recent-posts__post-content\">Llibres relacionats amb la guerra, la migraci\u00f3 i les relacions socials.<\/div>\n                \n                            <\/div>\n            <\/div>\n<\/article>\n\n<article id=\"post-3852\" class=\"wp-block-getwid-recent-posts__post\">\n    <div class=\"wp-block-getwid-recent-posts__post-wrapper\">\n                    <div class=\"wp-block-getwid-recent-posts__post-thumbnail\">\n                <a href=\"https:\/\/serveiseducatius.xtec.cat\/vallesoriental3\/prestec\/timeline-devents\/\"><img loading=\"lazy\" decoding=\"async\" width=\"150\" height=\"150\" src=\"https:\/\/serveiseducatius.xtec.cat\/vallesoriental3\/wp-content\/uploads\/usu768\/2019\/09\/PORTADAS-PAGINA-WEB-BLOG-8-150x150.png\" class=\"attachment-thumbnail size-thumbnail wp-post-image\" alt=\"Timeline d&#8217;events\" \/><\/a>\n            <\/div>\n                            <div class=\"wp-block-getwid-recent-posts__content-wrapper\">\n                                    <header class=\"wp-block-getwid-recent-posts__entry-header\">\n                                                    <h5 class=\"wp-block-getwid-recent-posts__post-title\"><a href=\"https:\/\/serveiseducatius.xtec.cat\/vallesoriental3\/prestec\/timeline-devents\/\">Timeline d&#8217;events<\/a><\/h5>                                                                    <\/header>\n                                <div class=\"wp-block-getwid-recent-posts__post-content\">Timeline Classic\u00a0\u00e9s un joc de coneixements hist\u00f2rics. Per a guanyar la partida, cal ser el primer a col\u00b7locar correctament les teves cartes en la l\u00ednia de temps.<\/div>\n                \n                            <\/div>\n            <\/div>\n<\/article>\n\n<article id=\"post-3844\" class=\"wp-block-getwid-recent-posts__post\">\n    <div class=\"wp-block-getwid-recent-posts__post-wrapper\">\n                    <div class=\"wp-block-getwid-recent-posts__post-thumbnail\">\n                <a href=\"https:\/\/serveiseducatius.xtec.cat\/vallesoriental3\/prestec\/timeline-de-ciencia-i-descobriment\/\"><img loading=\"lazy\" decoding=\"async\" width=\"150\" height=\"150\" src=\"https:\/\/serveiseducatius.xtec.cat\/vallesoriental3\/wp-content\/uploads\/usu768\/2019\/09\/PORTADAS-PAGINA-WEB-BLOG-9-150x150.png\" class=\"attachment-thumbnail size-thumbnail wp-post-image\" alt=\"Timeline de Ci\u00e8ncia i descobriment\" \/><\/a>\n            <\/div>\n                            <div class=\"wp-block-getwid-recent-posts__content-wrapper\">\n                                    <header class=\"wp-block-getwid-recent-posts__entry-header\">\n                                                    <h5 class=\"wp-block-getwid-recent-posts__post-title\"><a href=\"https:\/\/serveiseducatius.xtec.cat\/vallesoriental3\/prestec\/timeline-de-ciencia-i-descobriment\/\">Timeline de Ci\u00e8ncia i descobriment<\/a><\/h5>                                                                    <\/header>\n                                <div class=\"wp-block-getwid-recent-posts__post-content\">El okapi es va descobrir abans o despr\u00e9s d&#039;Am\u00e8rica?Amb Timeline, et far\u00e0s aquest tipus de preguntes cada vegada que juguis una de les teves cartes.<\/div>\n                \n                            <\/div>\n            <\/div>\n<\/article>\n\n<article id=\"post-3371\" class=\"wp-block-getwid-recent-posts__post\">\n    <div class=\"wp-block-getwid-recent-posts__post-wrapper\">\n                    <div class=\"wp-block-getwid-recent-posts__post-thumbnail\">\n                <a href=\"https:\/\/serveiseducatius.xtec.cat\/vallesoriental3\/recursos\/memoria-i-vinyetes-la-memoria-historica-a-laula-a-traves-del-comic\/\"><img loading=\"lazy\" decoding=\"async\" width=\"150\" height=\"150\" src=\"https:\/\/serveiseducatius.xtec.cat\/vallesoriental3\/wp-content\/uploads\/usu768\/2018\/12\/PORTADAS-PAGINA-WEB-BLOG-10-150x150.png\" class=\"attachment-thumbnail size-thumbnail wp-post-image\" alt=\"MALETA Mem\u00f2ria i vinyetes: La mem\u00f2ria hist\u00f2rica a l&#8217;aula a trav\u00e9s del c\u00f2mic\" \/><\/a>\n            <\/div>\n                            <div class=\"wp-block-getwid-recent-posts__content-wrapper\">\n                                    <header class=\"wp-block-getwid-recent-posts__entry-header\">\n                                                    <h5 class=\"wp-block-getwid-recent-posts__post-title\"><a href=\"https:\/\/serveiseducatius.xtec.cat\/vallesoriental3\/recursos\/memoria-i-vinyetes-la-memoria-historica-a-laula-a-traves-del-comic\/\">MALETA Mem\u00f2ria i vinyetes: La mem\u00f2ria hist\u00f2rica a l&#8217;aula a trav\u00e9s del c\u00f2mic<\/a><\/h5>                                                                    <\/header>\n                                <div class=\"wp-block-getwid-recent-posts__post-content\">1 Llibre amb 11 propostes did\u00e0ctiques dirigides a 4t d&#039;ESO i Batxillerat, convertint-se en una guia per a la difusi\u00f3 de la mem\u00f2ria hist\u00f2rica i la novel\u00b7la gr\u00e0fica entre els joves.<\/div>\n                \n                            <\/div>\n            <\/div>\n<\/article>\n\n<article id=\"post-3369\" class=\"wp-block-getwid-recent-posts__post\">\n    <div class=\"wp-block-getwid-recent-posts__post-wrapper\">\n                            <div class=\"wp-block-getwid-recent-posts__content-wrapper\">\n                                    <header class=\"wp-block-getwid-recent-posts__entry-header\">\n                                                    <h5 class=\"wp-block-getwid-recent-posts__post-title\"><a href=\"https:\/\/serveiseducatius.xtec.cat\/vallesoriental3\/recursos\/joc-destrategia-twilight-struggle\/\">Joc d&#8217;estrat\u00e8gia Twilight Struggle<\/a><\/h5>                                                                    <\/header>\n                                <div class=\"wp-block-getwid-recent-posts__post-content\">FORMULARI de sol\u00b7licitud, m\u00e0xim 2 setmanes. Joc d&#8217;estrat\u00e8gia basat en la guerra freda on un jugador (o equip) representa els [&hellip;]<\/div>\n                \n                            <\/div>\n            <\/div>\n<\/article>\n\n<article id=\"post-3345\" class=\"wp-block-getwid-recent-posts__post\">\n    <div class=\"wp-block-getwid-recent-posts__post-wrapper\">\n                    <div class=\"wp-block-getwid-recent-posts__post-thumbnail\">\n                <a href=\"https:\/\/serveiseducatius.xtec.cat\/vallesoriental3\/recursos\/consell-dels-savis\/\"><img loading=\"lazy\" decoding=\"async\" width=\"150\" height=\"150\" src=\"https:\/\/serveiseducatius.xtec.cat\/vallesoriental3\/wp-content\/uploads\/usu768\/2018\/12\/consell-1-150x150.png\" class=\"attachment-thumbnail size-thumbnail wp-post-image\" alt=\"Maleta did\u00e0ctica: &#8220;Consell dels Savis&#8221;\" \/><\/a>\n            <\/div>\n                            <div class=\"wp-block-getwid-recent-posts__content-wrapper\">\n                                    <header class=\"wp-block-getwid-recent-posts__entry-header\">\n                                                    <h5 class=\"wp-block-getwid-recent-posts__post-title\"><a href=\"https:\/\/serveiseducatius.xtec.cat\/vallesoriental3\/recursos\/consell-dels-savis\/\">Maleta did\u00e0ctica: &#8220;Consell dels Savis&#8221;<\/a><\/h5>                                                                    <\/header>\n                                <div class=\"wp-block-getwid-recent-posts__post-content\">La maleta did\u00e0ctica ha estat elaborada pel Museu d&#8217;Hist\u00f2ria de Catalunya amb la voluntat d\u2019apropar els seus recursos educatius al [&hellip;]<\/div>\n                \n                            <\/div>\n            <\/div>\n<\/article>\n\t\t\t<\/div>\n\t\t<\/div>\n\t\t","protected":false},"excerpt":{"rendered":"<p>En aquest espai trobareu els diferents materials disponibles de la categoria de CI\u00c8NCIES SOCIALS per al pr\u00e9stec. Cada recurs (kit, [&hellip;]<\/p>\n","protected":false},"author":1,"featured_media":0,"parent":21488,"menu_order":0,"comment_status":"closed","ping_status":"close","template":"","meta":{"_bbp_topic_count":0,"_bbp_reply_count":0,"_bbp_total_topic_count":0,"_bbp_total_reply_count":0,"_bbp_voice_count":0,"_bbp_anonymous_reply_count":0,"_bbp_topic_count_hidden":0,"_bbp_reply_count_hidden":0,"_bbp_forum_subforum_count":0,"site-sidebar-layout":"default","site-content-layout":"","ast-site-content-layout":"default","site-content-style":"default","site-sidebar-style":"default","ast-global-header-display":"","ast-banner-title-visibility":"","ast-main-header-display":"","ast-hfb-above-header-display":"","ast-hfb-below-header-display":"","ast-hfb-mobile-header-display":"","site-post-title":"","ast-breadcrumbs-content":"","ast-featured-img":"","footer-sml-layout":"","theme-transparent-header-meta":"","adv-header-id-meta":"","stick-header-meta":"","header-above-stick-meta":"","header-main-stick-meta":"","header-below-stick-meta":"","astra-migrate-meta-layouts":"set","ast-page-background-enabled":"default","ast-page-background-meta":{"desktop":{"background-color":"var(--ast-global-color-4)","background-image":"","background-repeat":"repeat","background-position":"center center","background-size":"auto","background-attachment":"scroll","background-type":"","background-media":"","overlay-type":"","overlay-color":"","overlay-opacity":"","overlay-gradient":""},"tablet":{"background-color":"","background-image":"","background-repeat":"repeat","background-position":"center center","background-size":"auto","background-attachment":"scroll","background-type":"","background-media":"","overlay-type":"","overlay-color":"","overlay-opacity":"","overlay-gradient":""},"mobile":{"background-color":"","background-image":"","background-repeat":"repeat","background-position":"center center","background-size":"auto","background-attachment":"scroll","background-type":"","background-media":"","overlay-type":"","overlay-color":"","overlay-opacity":"","overlay-gradient":""}},"ast-content-background-meta":{"desktop":{"background-color":"var(--ast-global-color-5)","background-image":"","background-repeat":"repeat","background-position":"center center","background-size":"auto","background-attachment":"scroll","background-type":"","background-media":"","overlay-type":"","overlay-color":"","overlay-opacity":"","overlay-gradient":""},"tablet":{"background-color":"var(--ast-global-color-5)","background-image":"","background-repeat":"repeat","background-position":"center center","background-size":"auto","background-attachment":"scroll","background-type":"","background-media":"","overlay-type":"","overlay-color":"","overlay-opacity":"","overlay-gradient":""},"mobile":{"background-color":"var(--ast-global-color-5)","background-image":"","background-repeat":"repeat","background-position":"center center","background-size":"auto","background-attachment":"scroll","background-type":"","background-media":"","overlay-type":"","overlay-color":"","overlay-opacity":"","overlay-gradient":""}},"footnotes":""},"class_list":["post-23812","page","type-page","status-publish","hentry"],"post_mailing_queue_ids":[],"_links":{"self":[{"href":"https:\/\/serveiseducatius.xtec.cat\/vallesoriental3\/wp-json\/wp\/v2\/pages\/23812","targetHints":{"allow":["GET"]}}],"collection":[{"href":"https:\/\/serveiseducatius.xtec.cat\/vallesoriental3\/wp-json\/wp\/v2\/pages"}],"about":[{"href":"https:\/\/serveiseducatius.xtec.cat\/vallesoriental3\/wp-json\/wp\/v2\/types\/page"}],"author":[{"embeddable":true,"href":"https:\/\/serveiseducatius.xtec.cat\/vallesoriental3\/wp-json\/wp\/v2\/users\/1"}],"replies":[{"embeddable":true,"href":"https:\/\/serveiseducatius.xtec.cat\/vallesoriental3\/wp-json\/wp\/v2\/comments?post=23812"}],"version-history":[{"count":2,"href":"https:\/\/serveiseducatius.xtec.cat\/vallesoriental3\/wp-json\/wp\/v2\/pages\/23812\/revisions"}],"predecessor-version":[{"id":23863,"href":"https:\/\/serveiseducatius.xtec.cat\/vallesoriental3\/wp-json\/wp\/v2\/pages\/23812\/revisions\/23863"}],"up":[{"embeddable":true,"href":"https:\/\/serveiseducatius.xtec.cat\/vallesoriental3\/wp-json\/wp\/v2\/pages\/21488"}],"wp:attachment":[{"href":"https:\/\/serveiseducatius.xtec.cat\/vallesoriental3\/wp-json\/wp\/v2\/media?parent=23812"}],"curies":[{"name":"wp","href":"https:\/\/api.w.org\/{rel}","templated":true}]}}