{"id":23807,"date":"2025-09-11T18:40:39","date_gmt":"2025-09-11T16:40:39","guid":{"rendered":"https:\/\/serveiseducatius.xtec.cat\/vallesoriental3\/?page_id=23807"},"modified":"2025-09-11T18:40:39","modified_gmt":"2025-09-11T16:40:39","slug":"material-en-prestec-art-i-expressio","status":"publish","type":"page","link":"https:\/\/serveiseducatius.xtec.cat\/vallesoriental3\/prestec\/material-en-prestec-art-i-expressio\/","title":{"rendered":"Material en pr\u00e9stec ART I EXPRESSI\u00d3"},"content":{"rendered":"\n<p>En aquest espai trobareu els diferents materials disponibles de la categoria ART I EXPRESSI\u00d3 per al pr\u00e9stec. Cada recurs (kit, maleta, joc, etc.) inclou una descripci\u00f3, l\u2019etapa educativa a la qual s\u2019adre\u00e7a i materials did\u00e0ctics per facilitar-ne la implementaci\u00f3 a l\u2019aula.<\/p>\n\n\n\n<div class=\"wp-block-columns is-layout-flex wp-container-core-columns-is-layout-1 wp-block-columns-is-layout-flex\" style=\"padding-top:var(--wp--preset--spacing--20);padding-right:var(--wp--preset--spacing--20);padding-bottom:var(--wp--preset--spacing--20);padding-left:var(--wp--preset--spacing--20)\">\n<div class=\"wp-block-column is-layout-flow wp-block-column-is-layout-flow\" style=\"flex-basis:66.66%\">\n<p>Quan tingueu clar quin material voleu sol\u00b7licitar, nom\u00e9s cal que ompliu el <a href=\"https:\/\/forms.gle\/seuS9bY79ZXyzuBp8\">formulari de demanda<\/a>. Un cop rebuda la sol\u00b7licitud, des del CRP ens posarem en contacte amb vosaltres per concretar la recollida.<br>Si necessiteu algun material que no trobeu al nodes, comenteu-nos-ho, podem fer demanda a altres Centres de Recursos. <\/p>\n<\/div>\n\n\n\n<div class=\"wp-block-column is-layout-flow wp-block-column-is-layout-flow\" style=\"flex-basis:33.33%\">\n<figure class=\"wp-block-image size-full\"><a href=\"https:\/\/forms.gle\/seuS9bY79ZXyzuBp8\"><img loading=\"lazy\" decoding=\"async\" width=\"375\" height=\"125\" src=\"https:\/\/serveiseducatius.xtec.cat\/vallesoriental3\/wp-content\/uploads\/usu768\/2025\/01\/14.png\" alt=\"\" class=\"wp-image-22485\" srcset=\"https:\/\/serveiseducatius.xtec.cat\/vallesoriental3\/wp-content\/uploads\/usu768\/2025\/01\/14.png 375w, https:\/\/serveiseducatius.xtec.cat\/vallesoriental3\/wp-content\/uploads\/usu768\/2025\/01\/14-210x70.png 210w\" sizes=\"auto, (max-width: 375px) 100vw, 375px\" \/><\/a><\/figure>\n\n\n\n<p><\/p>\n<\/div>\n<\/div>\n\n\n\n<hr class=\"wp-block-separator has-alpha-channel-opacity\"\/>\n\n\n\n\t\t<div class=\"wp-block-getwid-recent-posts has-layout-list\">\n\t\t\t<div class=\"wp-block-getwid-recent-posts__wrapper\">\n\t\t\t\t\n<article id=\"post-24338\" class=\"wp-block-getwid-recent-posts__post\">\n    <div class=\"wp-block-getwid-recent-posts__post-wrapper\">\n                    <div class=\"wp-block-getwid-recent-posts__post-thumbnail\">\n                <a href=\"https:\/\/serveiseducatius.xtec.cat\/vallesoriental3\/general\/kit-cianotipia\/\"><img loading=\"lazy\" decoding=\"async\" width=\"150\" height=\"150\" src=\"https:\/\/serveiseducatius.xtec.cat\/vallesoriental3\/wp-content\/uploads\/usu768\/2026\/03\/Captura-de-pantalla-2026-03-14-a-les-6.08.04\u202fp.-m-150x150.png\" class=\"attachment-thumbnail size-thumbnail wp-post-image\" alt=\"Kit Cianot\u00edpia\" \/><\/a>\n            <\/div>\n                            <div class=\"wp-block-getwid-recent-posts__content-wrapper\">\n                                    <header class=\"wp-block-getwid-recent-posts__entry-header\">\n                                                    <h5 class=\"wp-block-getwid-recent-posts__post-title\"><a href=\"https:\/\/serveiseducatius.xtec.cat\/vallesoriental3\/general\/kit-cianotipia\/\">Kit Cianot\u00edpia<\/a><\/h5>                                                                    <\/header>\n                                <div class=\"wp-block-getwid-recent-posts__post-content\">La cianotipia \u00e9s una t\u00e8cnica fotogr\u00e0fica inventada el 1842. Sense c\u00e0mera ni laboratori fosc, permet crear imatges \u00faniques exposant paper [&hellip;]<\/div>\n                \n                            <\/div>\n            <\/div>\n<\/article>\n\n<article id=\"post-23865\" class=\"wp-block-getwid-recent-posts__post\">\n    <div class=\"wp-block-getwid-recent-posts__post-wrapper\">\n                    <div class=\"wp-block-getwid-recent-posts__post-thumbnail\">\n                <a href=\"https:\/\/serveiseducatius.xtec.cat\/vallesoriental3\/prestec\/kit-de-croma-en-prestec-dona-vida-als-teus-projectes-audiovisuals\/\"><img loading=\"lazy\" decoding=\"async\" width=\"150\" height=\"150\" src=\"https:\/\/serveiseducatius.xtec.cat\/vallesoriental3\/wp-content\/uploads\/usu768\/2025\/09\/Captura-de-pantalla-2025-09-11-a-les-9.55.05\u202fp.-m-150x150.png\" class=\"attachment-thumbnail size-thumbnail wp-post-image\" alt=\"Kit de croma en pr\u00e9stec: dona vida als teus projectes audiovisuals\" \/><\/a>\n            <\/div>\n                            <div class=\"wp-block-getwid-recent-posts__content-wrapper\">\n                                    <header class=\"wp-block-getwid-recent-posts__entry-header\">\n                                                    <h5 class=\"wp-block-getwid-recent-posts__post-title\"><a href=\"https:\/\/serveiseducatius.xtec.cat\/vallesoriental3\/prestec\/kit-de-croma-en-prestec-dona-vida-als-teus-projectes-audiovisuals\/\">Kit de croma en pr\u00e9stec: dona vida als teus projectes audiovisuals<\/a><\/h5>                                                                    <\/header>\n                                <div class=\"wp-block-getwid-recent-posts__post-content\">Des del CRP oferim en pr\u00e9stec un kit de croma complet perqu\u00e8 els centres puguin experimentar amb la creaci\u00f3 audiovisual [&hellip;]<\/div>\n                \n                            <\/div>\n            <\/div>\n<\/article>\n\n<article id=\"post-22497\" class=\"wp-block-getwid-recent-posts__post\">\n    <div class=\"wp-block-getwid-recent-posts__post-wrapper\">\n                    <div class=\"wp-block-getwid-recent-posts__post-thumbnail\">\n                <a href=\"https:\/\/serveiseducatius.xtec.cat\/vallesoriental3\/general\/maleta-dimpressio-3d\/\"><img loading=\"lazy\" decoding=\"async\" width=\"150\" height=\"150\" src=\"https:\/\/serveiseducatius.xtec.cat\/vallesoriental3\/wp-content\/uploads\/usu768\/2025\/02\/Captura-de-pantalla-2025-09-10-a-les-9.09.42\u202fa.-m-150x150.png\" class=\"attachment-thumbnail size-thumbnail wp-post-image\" alt=\"Impresores 3D\" \/><\/a>\n            <\/div>\n                            <div class=\"wp-block-getwid-recent-posts__content-wrapper\">\n                                    <header class=\"wp-block-getwid-recent-posts__entry-header\">\n                                                    <h5 class=\"wp-block-getwid-recent-posts__post-title\"><a href=\"https:\/\/serveiseducatius.xtec.cat\/vallesoriental3\/general\/maleta-dimpressio-3d\/\">Impresores 3D<\/a><\/h5>                                                                    <\/header>\n                                <div class=\"wp-block-getwid-recent-posts__post-content\">Maleta amb dues impressores 3D Prusa Mini, ideals per introduir l\u2019alumnat en el m\u00f3n de la fabricaci\u00f3 digital i el [&hellip;]<\/div>\n                \n                            <\/div>\n            <\/div>\n<\/article>\n\n<article id=\"post-19965\" class=\"wp-block-getwid-recent-posts__post\">\n    <div class=\"wp-block-getwid-recent-posts__post-wrapper\">\n                    <div class=\"wp-block-getwid-recent-posts__post-thumbnail\">\n                <a href=\"https:\/\/serveiseducatius.xtec.cat\/vallesoriental3\/prestec\/programa-de-cine-i-educacio-en-valors\/\"><img loading=\"lazy\" decoding=\"async\" width=\"150\" height=\"150\" src=\"https:\/\/serveiseducatius.xtec.cat\/vallesoriental3\/wp-content\/uploads\/usu768\/2021\/06\/PORTADAS-PAGINA-WEB-BLOG-23-150x150.png\" class=\"attachment-thumbnail size-thumbnail wp-post-image\" alt=\"Programa de Cine i Educaci\u00f3 en Valors\" \/><\/a>\n            <\/div>\n                            <div class=\"wp-block-getwid-recent-posts__content-wrapper\">\n                                    <header class=\"wp-block-getwid-recent-posts__entry-header\">\n                                                    <h5 class=\"wp-block-getwid-recent-posts__post-title\"><a href=\"https:\/\/serveiseducatius.xtec.cat\/vallesoriental3\/prestec\/programa-de-cine-i-educacio-en-valors\/\">Programa de Cine i Educaci\u00f3 en Valors<\/a><\/h5>                                                                    <\/header>\n                                <div class=\"wp-block-getwid-recent-posts__post-content\">Disposem de guies did\u00e0ctiques de diverses pel\u00b7l\u00edcules creades pel Programa de Cine i Educaci\u00f3 en Valors del CC&amp;P (Centro de Comunicaci\u00f3n y Pedagog\u00eda)<\/div>\n                \n                            <\/div>\n            <\/div>\n<\/article>\n\n<article id=\"post-19960\" class=\"wp-block-getwid-recent-posts__post\">\n    <div class=\"wp-block-getwid-recent-posts__post-wrapper\">\n                    <div class=\"wp-block-getwid-recent-posts__post-thumbnail\">\n                <a href=\"https:\/\/serveiseducatius.xtec.cat\/vallesoriental3\/prestec\/kapla\/\"><img loading=\"lazy\" decoding=\"async\" width=\"150\" height=\"150\" src=\"https:\/\/serveiseducatius.xtec.cat\/vallesoriental3\/wp-content\/uploads\/usu768\/2021\/06\/Captura-13-150x150.jpg\" class=\"attachment-thumbnail size-thumbnail wp-post-image\" alt=\"Kapla\" \/><\/a>\n            <\/div>\n                            <div class=\"wp-block-getwid-recent-posts__content-wrapper\">\n                                    <header class=\"wp-block-getwid-recent-posts__entry-header\">\n                                                    <h5 class=\"wp-block-getwid-recent-posts__post-title\"><a href=\"https:\/\/serveiseducatius.xtec.cat\/vallesoriental3\/prestec\/kapla\/\">Kapla<\/a><\/h5>                                                                    <\/header>\n                                <div class=\"wp-block-getwid-recent-posts__post-content\">El Kapla permet experimentar amb la simetria, fer grans construccions i r\u00e8pliques de monuments&#8230;<\/div>\n                \n                            <\/div>\n            <\/div>\n<\/article>\n\n<article id=\"post-19921\" class=\"wp-block-getwid-recent-posts__post\">\n    <div class=\"wp-block-getwid-recent-posts__post-wrapper\">\n                    <div class=\"wp-block-getwid-recent-posts__post-thumbnail\">\n                <a href=\"https:\/\/serveiseducatius.xtec.cat\/vallesoriental3\/recursos\/maletes-pedagogiques\/espai-i-forma\/\"><img loading=\"lazy\" decoding=\"async\" width=\"150\" height=\"150\" src=\"https:\/\/serveiseducatius.xtec.cat\/vallesoriental3\/wp-content\/uploads\/usu768\/2016\/11\/IMG_20181217_122158-150x150.jpg\" class=\"attachment-thumbnail size-thumbnail wp-post-image\" alt=\"Espai i forma\" \/><\/a>\n            <\/div>\n                            <div class=\"wp-block-getwid-recent-posts__content-wrapper\">\n                                    <header class=\"wp-block-getwid-recent-posts__entry-header\">\n                                                    <h5 class=\"wp-block-getwid-recent-posts__post-title\"><a href=\"https:\/\/serveiseducatius.xtec.cat\/vallesoriental3\/recursos\/maletes-pedagogiques\/espai-i-forma\/\">Espai i forma<\/a><\/h5>                                                                    <\/header>\n                                <div class=\"wp-block-getwid-recent-posts__post-content\">Maleta amb materials manipulatius i propostes d\u2019activitats per treballar els\u00a0conceptes matem\u00e0tics d\u2019espai i forma: tangrams, geometria amb volums, multiblocks, etc.<\/div>\n                \n                            <\/div>\n            <\/div>\n<\/article>\n\n<article id=\"post-19867\" class=\"wp-block-getwid-recent-posts__post\">\n    <div class=\"wp-block-getwid-recent-posts__post-wrapper\">\n                    <div class=\"wp-block-getwid-recent-posts__post-thumbnail\">\n                <a href=\"https:\/\/serveiseducatius.xtec.cat\/vallesoriental3\/matematiques\/cupula-de-leonardo\/\"><img loading=\"lazy\" decoding=\"async\" width=\"150\" height=\"150\" src=\"https:\/\/serveiseducatius.xtec.cat\/vallesoriental3\/wp-content\/uploads\/usu768\/2021\/05\/IMG_7758-150x150.jpg\" class=\"attachment-thumbnail size-thumbnail wp-post-image\" alt=\"C\u00fapula de Leonardo\" \/><\/a>\n            <\/div>\n                            <div class=\"wp-block-getwid-recent-posts__content-wrapper\">\n                                    <header class=\"wp-block-getwid-recent-posts__entry-header\">\n                                                    <h5 class=\"wp-block-getwid-recent-posts__post-title\"><a href=\"https:\/\/serveiseducatius.xtec.cat\/vallesoriental3\/matematiques\/cupula-de-leonardo\/\">C\u00fapula de Leonardo<\/a><\/h5>                                                                    <\/header>\n                                <div class=\"wp-block-getwid-recent-posts__post-content\">La c\u00fapula de Leonardo \u00e9s una\u00a0proposta pedag\u00f2gica innovadora, multidisciplin\u00e0r i l\u00fadica que ofereix experimentaci\u00f3 i treball en equip.<\/div>\n                \n                            <\/div>\n            <\/div>\n<\/article>\n\n<article id=\"post-19862\" class=\"wp-block-getwid-recent-posts__post\">\n    <div class=\"wp-block-getwid-recent-posts__post-wrapper\">\n                    <div class=\"wp-block-getwid-recent-posts__post-thumbnail\">\n                <a href=\"https:\/\/serveiseducatius.xtec.cat\/vallesoriental3\/prestec\/maquina-de-xapes\/\"><img loading=\"lazy\" decoding=\"async\" width=\"150\" height=\"150\" src=\"https:\/\/serveiseducatius.xtec.cat\/vallesoriental3\/wp-content\/uploads\/usu768\/2021\/05\/xapes-150x150.jpg\" class=\"attachment-thumbnail size-thumbnail wp-post-image\" alt=\"M\u00e0quina de xapes\" \/><\/a>\n            <\/div>\n                            <div class=\"wp-block-getwid-recent-posts__content-wrapper\">\n                                    <header class=\"wp-block-getwid-recent-posts__entry-header\">\n                                                    <h5 class=\"wp-block-getwid-recent-posts__post-title\"><a href=\"https:\/\/serveiseducatius.xtec.cat\/vallesoriental3\/prestec\/maquina-de-xapes\/\">M\u00e0quina de xapes<\/a><\/h5>                                                                    <\/header>\n                                <div class=\"wp-block-getwid-recent-posts__post-content\">M\u00e0quina de xapes. Cal recordar que el CRP no t\u00e9 en pr\u00e9stec les xapes.<\/div>\n                \n                            <\/div>\n            <\/div>\n<\/article>\n\n<article id=\"post-3371\" class=\"wp-block-getwid-recent-posts__post\">\n    <div class=\"wp-block-getwid-recent-posts__post-wrapper\">\n                    <div class=\"wp-block-getwid-recent-posts__post-thumbnail\">\n                <a href=\"https:\/\/serveiseducatius.xtec.cat\/vallesoriental3\/recursos\/memoria-i-vinyetes-la-memoria-historica-a-laula-a-traves-del-comic\/\"><img loading=\"lazy\" decoding=\"async\" width=\"150\" height=\"150\" src=\"https:\/\/serveiseducatius.xtec.cat\/vallesoriental3\/wp-content\/uploads\/usu768\/2018\/12\/PORTADAS-PAGINA-WEB-BLOG-10-150x150.png\" class=\"attachment-thumbnail size-thumbnail wp-post-image\" alt=\"MALETA Mem\u00f2ria i vinyetes: La mem\u00f2ria hist\u00f2rica a l&#8217;aula a trav\u00e9s del c\u00f2mic\" \/><\/a>\n            <\/div>\n                            <div class=\"wp-block-getwid-recent-posts__content-wrapper\">\n                                    <header class=\"wp-block-getwid-recent-posts__entry-header\">\n                                                    <h5 class=\"wp-block-getwid-recent-posts__post-title\"><a href=\"https:\/\/serveiseducatius.xtec.cat\/vallesoriental3\/recursos\/memoria-i-vinyetes-la-memoria-historica-a-laula-a-traves-del-comic\/\">MALETA Mem\u00f2ria i vinyetes: La mem\u00f2ria hist\u00f2rica a l&#8217;aula a trav\u00e9s del c\u00f2mic<\/a><\/h5>                                                                    <\/header>\n                                <div class=\"wp-block-getwid-recent-posts__post-content\">1 Llibre amb 11 propostes did\u00e0ctiques dirigides a 4t d&#039;ESO i Batxillerat, convertint-se en una guia per a la difusi\u00f3 de la mem\u00f2ria hist\u00f2rica i la novel\u00b7la gr\u00e0fica entre els joves.<\/div>\n                \n                            <\/div>\n            <\/div>\n<\/article>\n\n<article id=\"post-864\" class=\"wp-block-getwid-recent-posts__post\">\n    <div class=\"wp-block-getwid-recent-posts__post-wrapper\">\n                    <div class=\"wp-block-getwid-recent-posts__post-thumbnail\">\n                <a href=\"https:\/\/serveiseducatius.xtec.cat\/vallesoriental3\/prestec\/kit-xtec-radio\/\"><img loading=\"lazy\" decoding=\"async\" width=\"150\" height=\"150\" src=\"https:\/\/serveiseducatius.xtec.cat\/vallesoriental3\/wp-content\/uploads\/usu768\/2015\/11\/kit-radio-150x150.jpg\" class=\"attachment-thumbnail size-thumbnail wp-post-image\" alt=\"Kit XTEC R\u00e0dio\" \/><\/a>\n            <\/div>\n                            <div class=\"wp-block-getwid-recent-posts__content-wrapper\">\n                                    <header class=\"wp-block-getwid-recent-posts__entry-header\">\n                                                    <h5 class=\"wp-block-getwid-recent-posts__post-title\"><a href=\"https:\/\/serveiseducatius.xtec.cat\/vallesoriental3\/prestec\/kit-xtec-radio\/\">Kit XTEC R\u00e0dio<\/a><\/h5>                                                                    <\/header>\n                                <div class=\"wp-block-getwid-recent-posts__post-content\">La maleta XTEC-R\u00e0dio inclou l&#039;equip necessari per a produir programes radiof\u00f2nics. Simula un estudi de producci\u00f3 de r\u00e0dio amb una taula de mescles per combinar les entrades de cinc micr\u00f2fons<\/div>\n                \n                            <\/div>\n            <\/div>\n<\/article>\n\n<article id=\"post-578\" class=\"wp-block-getwid-recent-posts__post\">\n    <div class=\"wp-block-getwid-recent-posts__post-wrapper\">\n                    <div class=\"wp-block-getwid-recent-posts__post-thumbnail\">\n                <a href=\"https:\/\/serveiseducatius.xtec.cat\/vallesoriental3\/recursos\/maletes-pedagogiques\/expressart\/\"><img loading=\"lazy\" decoding=\"async\" width=\"150\" height=\"150\" src=\"https:\/\/serveiseducatius.xtec.cat\/vallesoriental3\/wp-content\/uploads\/usu768\/2015\/11\/PORTADAS-PAGINA-WEB-BLOG-24-150x150.png\" class=\"attachment-thumbnail size-thumbnail wp-post-image\" alt=\"Maleta Expressart\" \/><\/a>\n            <\/div>\n                            <div class=\"wp-block-getwid-recent-posts__content-wrapper\">\n                                    <header class=\"wp-block-getwid-recent-posts__entry-header\">\n                                                    <h5 class=\"wp-block-getwid-recent-posts__post-title\"><a href=\"https:\/\/serveiseducatius.xtec.cat\/vallesoriental3\/recursos\/maletes-pedagogiques\/expressart\/\">Maleta Expressart<\/a><\/h5>                                                                    <\/header>\n                                <div class=\"wp-block-getwid-recent-posts__post-content\">La maleta Expressart s&#039;enfoca en l&#039;art contemporani i la selecci\u00f3 d&#039;artistes i obres que formen part de la Col\u00b7lecci\u00f3 MACBA.<\/div>\n                \n                            <\/div>\n            <\/div>\n<\/article>\n\t\t\t<\/div>\n\t\t<\/div>\n\t\t","protected":false},"excerpt":{"rendered":"<p>En aquest espai trobareu els diferents materials disponibles de la categoria ART I EXPRESSI\u00d3 per al pr\u00e9stec. Cada recurs (kit, [&hellip;]<\/p>\n","protected":false},"author":1,"featured_media":0,"parent":21488,"menu_order":0,"comment_status":"closed","ping_status":"close","template":"","meta":{"_bbp_topic_count":0,"_bbp_reply_count":0,"_bbp_total_topic_count":0,"_bbp_total_reply_count":0,"_bbp_voice_count":0,"_bbp_anonymous_reply_count":0,"_bbp_topic_count_hidden":0,"_bbp_reply_count_hidden":0,"_bbp_forum_subforum_count":0,"site-sidebar-layout":"default","site-content-layout":"","ast-site-content-layout":"default","site-content-style":"default","site-sidebar-style":"default","ast-global-header-display":"","ast-banner-title-visibility":"","ast-main-header-display":"","ast-hfb-above-header-display":"","ast-hfb-below-header-display":"","ast-hfb-mobile-header-display":"","site-post-title":"","ast-breadcrumbs-content":"","ast-featured-img":"","footer-sml-layout":"","theme-transparent-header-meta":"","adv-header-id-meta":"","stick-header-meta":"","header-above-stick-meta":"","header-main-stick-meta":"","header-below-stick-meta":"","astra-migrate-meta-layouts":"set","ast-page-background-enabled":"default","ast-page-background-meta":{"desktop":{"background-color":"var(--ast-global-color-4)","background-image":"","background-repeat":"repeat","background-position":"center center","background-size":"auto","background-attachment":"scroll","background-type":"","background-media":"","overlay-type":"","overlay-color":"","overlay-opacity":"","overlay-gradient":""},"tablet":{"background-color":"","background-image":"","background-repeat":"repeat","background-position":"center center","background-size":"auto","background-attachment":"scroll","background-type":"","background-media":"","overlay-type":"","overlay-color":"","overlay-opacity":"","overlay-gradient":""},"mobile":{"background-color":"","background-image":"","background-repeat":"repeat","background-position":"center center","background-size":"auto","background-attachment":"scroll","background-type":"","background-media":"","overlay-type":"","overlay-color":"","overlay-opacity":"","overlay-gradient":""}},"ast-content-background-meta":{"desktop":{"background-color":"var(--ast-global-color-5)","background-image":"","background-repeat":"repeat","background-position":"center center","background-size":"auto","background-attachment":"scroll","background-type":"","background-media":"","overlay-type":"","overlay-color":"","overlay-opacity":"","overlay-gradient":""},"tablet":{"background-color":"var(--ast-global-color-5)","background-image":"","background-repeat":"repeat","background-position":"center center","background-size":"auto","background-attachment":"scroll","background-type":"","background-media":"","overlay-type":"","overlay-color":"","overlay-opacity":"","overlay-gradient":""},"mobile":{"background-color":"var(--ast-global-color-5)","background-image":"","background-repeat":"repeat","background-position":"center center","background-size":"auto","background-attachment":"scroll","background-type":"","background-media":"","overlay-type":"","overlay-color":"","overlay-opacity":"","overlay-gradient":""}},"footnotes":""},"class_list":["post-23807","page","type-page","status-publish","hentry"],"post_mailing_queue_ids":[],"_links":{"self":[{"href":"https:\/\/serveiseducatius.xtec.cat\/vallesoriental3\/wp-json\/wp\/v2\/pages\/23807","targetHints":{"allow":["GET"]}}],"collection":[{"href":"https:\/\/serveiseducatius.xtec.cat\/vallesoriental3\/wp-json\/wp\/v2\/pages"}],"about":[{"href":"https:\/\/serveiseducatius.xtec.cat\/vallesoriental3\/wp-json\/wp\/v2\/types\/page"}],"author":[{"embeddable":true,"href":"https:\/\/serveiseducatius.xtec.cat\/vallesoriental3\/wp-json\/wp\/v2\/users\/1"}],"replies":[{"embeddable":true,"href":"https:\/\/serveiseducatius.xtec.cat\/vallesoriental3\/wp-json\/wp\/v2\/comments?post=23807"}],"version-history":[{"count":1,"href":"https:\/\/serveiseducatius.xtec.cat\/vallesoriental3\/wp-json\/wp\/v2\/pages\/23807\/revisions"}],"predecessor-version":[{"id":23808,"href":"https:\/\/serveiseducatius.xtec.cat\/vallesoriental3\/wp-json\/wp\/v2\/pages\/23807\/revisions\/23808"}],"up":[{"embeddable":true,"href":"https:\/\/serveiseducatius.xtec.cat\/vallesoriental3\/wp-json\/wp\/v2\/pages\/21488"}],"wp:attachment":[{"href":"https:\/\/serveiseducatius.xtec.cat\/vallesoriental3\/wp-json\/wp\/v2\/media?parent=23807"}],"curies":[{"name":"wp","href":"https:\/\/api.w.org\/{rel}","templated":true}]}}