{"id":23803,"date":"2025-09-11T18:34:07","date_gmt":"2025-09-11T16:34:07","guid":{"rendered":"https:\/\/serveiseducatius.xtec.cat\/vallesoriental3\/?page_id=23803"},"modified":"2025-09-11T18:37:33","modified_gmt":"2025-09-11T16:37:33","slug":"prestec-material-audiovisual","status":"publish","type":"page","link":"https:\/\/serveiseducatius.xtec.cat\/vallesoriental3\/prestec\/prestec-material-audiovisual\/","title":{"rendered":"Pr\u00e9stec material AUDIOVISUAL"},"content":{"rendered":"\n<p>En aquest espai trobareu els diferents materials disponibles de la categoria AUDIOVISUAL per al pr\u00e9stec. Cada recurs (kit, maleta, joc, etc.) inclou una descripci\u00f3, l\u2019etapa educativa a la qual s\u2019adre\u00e7a i materials did\u00e0ctics per facilitar-ne la implementaci\u00f3 a l\u2019aula.<\/p>\n\n\n\n<div class=\"wp-block-columns is-layout-flex wp-container-core-columns-is-layout-1 wp-block-columns-is-layout-flex\" style=\"padding-top:var(--wp--preset--spacing--20);padding-right:var(--wp--preset--spacing--20);padding-bottom:var(--wp--preset--spacing--20);padding-left:var(--wp--preset--spacing--20)\">\n<div class=\"wp-block-column is-layout-flow wp-block-column-is-layout-flow\" style=\"flex-basis:66.66%\">\n<p>Quan tingueu clar quin material voleu sol\u00b7licitar, nom\u00e9s cal que ompliu el <a href=\"https:\/\/forms.gle\/seuS9bY79ZXyzuBp8\">formulari de demanda<\/a>. Un cop rebuda la sol\u00b7licitud, des del CRP ens posarem en contacte amb vosaltres per concretar la recollida.<br>Si necessiteu algun material que no trobeu al nodes, comenteu-nos-ho, podem fer demanda a altres Centres de Recursos. <\/p>\n<\/div>\n\n\n\n<div class=\"wp-block-column is-layout-flow wp-block-column-is-layout-flow\" style=\"flex-basis:33.33%\">\n<figure class=\"wp-block-image size-full\"><a href=\"https:\/\/forms.gle\/seuS9bY79ZXyzuBp8\"><img loading=\"lazy\" decoding=\"async\" width=\"375\" height=\"125\" src=\"https:\/\/serveiseducatius.xtec.cat\/vallesoriental3\/wp-content\/uploads\/usu768\/2025\/01\/14.png\" alt=\"\" class=\"wp-image-22485\" srcset=\"https:\/\/serveiseducatius.xtec.cat\/vallesoriental3\/wp-content\/uploads\/usu768\/2025\/01\/14.png 375w, https:\/\/serveiseducatius.xtec.cat\/vallesoriental3\/wp-content\/uploads\/usu768\/2025\/01\/14-210x70.png 210w\" sizes=\"auto, (max-width: 375px) 100vw, 375px\" \/><\/a><\/figure>\n\n\n\n<p><\/p>\n<\/div>\n<\/div>\n\n\n\n<hr class=\"wp-block-separator has-alpha-channel-opacity\"\/>\n\n\n\n\t\t<div class=\"wp-block-getwid-recent-posts has-layout-list\">\n\t\t\t<div class=\"wp-block-getwid-recent-posts__wrapper\">\n\t\t\t\t\n<article id=\"post-24124\" class=\"wp-block-getwid-recent-posts__post\">\n    <div class=\"wp-block-getwid-recent-posts__post-wrapper\">\n                    <div class=\"wp-block-getwid-recent-posts__post-thumbnail\">\n                <a href=\"https:\/\/serveiseducatius.xtec.cat\/vallesoriental3\/portada\/gravacio-professional-al-teu-abast-el-marantz-pmd-706-ara-en-prestec\/\"><img loading=\"lazy\" decoding=\"async\" width=\"150\" height=\"150\" src=\"https:\/\/serveiseducatius.xtec.cat\/vallesoriental3\/wp-content\/uploads\/usu768\/2025\/11\/Captura-de-pantalla-2025-11-25-a-les-9.26.05\u202fa.-m-150x150.png\" class=\"attachment-thumbnail size-thumbnail wp-post-image\" alt=\"Gravaci\u00f3 professional al teu abast: el Marantz PMD-706, ara en pr\u00e8stec\" \/><\/a>\n            <\/div>\n                            <div class=\"wp-block-getwid-recent-posts__content-wrapper\">\n                                    <header class=\"wp-block-getwid-recent-posts__entry-header\">\n                                                    <h5 class=\"wp-block-getwid-recent-posts__post-title\"><a href=\"https:\/\/serveiseducatius.xtec.cat\/vallesoriental3\/portada\/gravacio-professional-al-teu-abast-el-marantz-pmd-706-ara-en-prestec\/\">Gravaci\u00f3 professional al teu abast: el Marantz PMD-706, ara en pr\u00e8stec<\/a><\/h5>                                                                    <\/header>\n                                <div class=\"wp-block-getwid-recent-posts__post-content\">Ja disponible al nostre servei de pr\u00e9stec, el Marantz PMD-706 \u00e9s un gravador de camp port\u00e0til de 6 canals pensat [&hellip;]<\/div>\n                \n                            <\/div>\n            <\/div>\n<\/article>\n\n<article id=\"post-24113\" class=\"wp-block-getwid-recent-posts__post\">\n    <div class=\"wp-block-getwid-recent-posts__post-wrapper\">\n                    <div class=\"wp-block-getwid-recent-posts__post-thumbnail\">\n                <a href=\"https:\/\/serveiseducatius.xtec.cat\/vallesoriental3\/general\/microfon-rode-videomic-disponible-en-prestec\/\"><img loading=\"lazy\" decoding=\"async\" width=\"150\" height=\"150\" src=\"https:\/\/serveiseducatius.xtec.cat\/vallesoriental3\/wp-content\/uploads\/usu768\/2025\/11\/Captura-de-pantalla-2025-11-25-a-les-9.08.25\u202fa.-m-150x150.png\" class=\"attachment-thumbnail size-thumbnail wp-post-image\" alt=\"Micr\u00f2fon R\u00d8DE\u202fVideoMic disponible en pr\u00e9stec.\" \/><\/a>\n            <\/div>\n                            <div class=\"wp-block-getwid-recent-posts__content-wrapper\">\n                                    <header class=\"wp-block-getwid-recent-posts__entry-header\">\n                                                    <h5 class=\"wp-block-getwid-recent-posts__post-title\"><a href=\"https:\/\/serveiseducatius.xtec.cat\/vallesoriental3\/general\/microfon-rode-videomic-disponible-en-prestec\/\">Micr\u00f2fon R\u00d8DE\u202fVideoMic disponible en pr\u00e9stec.<\/a><\/h5>                                                                    <\/header>\n                                <div class=\"wp-block-getwid-recent-posts__post-content\">Des d&#8217;avui el cat\u00e0leg de pr\u00e9stec incorpora el micr\u00f2fon R\u00d8DE\u202fVideoMic, un equip vers\u00e0til dissenyat per a continguts audiovisuals dins de [&hellip;]<\/div>\n                \n                            <\/div>\n            <\/div>\n<\/article>\n\n<article id=\"post-24110\" class=\"wp-block-getwid-recent-posts__post\">\n    <div class=\"wp-block-getwid-recent-posts__post-wrapper\">\n                    <div class=\"wp-block-getwid-recent-posts__post-thumbnail\">\n                <a href=\"https:\/\/serveiseducatius.xtec.cat\/vallesoriental3\/portada\/nou-microfon-shotgun-rode-ntg2-disponible-en-prestec\/\"><img loading=\"lazy\" decoding=\"async\" width=\"150\" height=\"150\" src=\"https:\/\/serveiseducatius.xtec.cat\/vallesoriental3\/wp-content\/uploads\/usu768\/2025\/11\/Captura-de-pantalla-2025-11-25-a-les-8.40.24\u202fa.-m-150x150.png\" class=\"attachment-thumbnail size-thumbnail wp-post-image\" alt=\"Nou micr\u00f2fon shotgun RODE NTG2 disponible en pr\u00e9stec\" \/><\/a>\n            <\/div>\n                            <div class=\"wp-block-getwid-recent-posts__content-wrapper\">\n                                    <header class=\"wp-block-getwid-recent-posts__entry-header\">\n                                                    <h5 class=\"wp-block-getwid-recent-posts__post-title\"><a href=\"https:\/\/serveiseducatius.xtec.cat\/vallesoriental3\/portada\/nou-microfon-shotgun-rode-ntg2-disponible-en-prestec\/\">Nou micr\u00f2fon shotgun RODE NTG2 disponible en pr\u00e9stec<\/a><\/h5>                                                                    <\/header>\n                                <div class=\"wp-block-getwid-recent-posts__post-content\">Des del Servei Educatiu, incorporem al cat\u00e0leg de materials en pr\u00e9stec dos\u00a0micr\u00f2fon direccional RODE NTG2, un dispositiu professional ideal per [&hellip;]<\/div>\n                \n                            <\/div>\n            <\/div>\n<\/article>\n\n<article id=\"post-23865\" class=\"wp-block-getwid-recent-posts__post\">\n    <div class=\"wp-block-getwid-recent-posts__post-wrapper\">\n                    <div class=\"wp-block-getwid-recent-posts__post-thumbnail\">\n                <a href=\"https:\/\/serveiseducatius.xtec.cat\/vallesoriental3\/prestec\/kit-de-croma-en-prestec-dona-vida-als-teus-projectes-audiovisuals\/\"><img loading=\"lazy\" decoding=\"async\" width=\"150\" height=\"150\" src=\"https:\/\/serveiseducatius.xtec.cat\/vallesoriental3\/wp-content\/uploads\/usu768\/2025\/09\/Captura-de-pantalla-2025-09-11-a-les-9.55.05\u202fp.-m-150x150.png\" class=\"attachment-thumbnail size-thumbnail wp-post-image\" alt=\"Kit de croma en pr\u00e9stec: dona vida als teus projectes audiovisuals\" \/><\/a>\n            <\/div>\n                            <div class=\"wp-block-getwid-recent-posts__content-wrapper\">\n                                    <header class=\"wp-block-getwid-recent-posts__entry-header\">\n                                                    <h5 class=\"wp-block-getwid-recent-posts__post-title\"><a href=\"https:\/\/serveiseducatius.xtec.cat\/vallesoriental3\/prestec\/kit-de-croma-en-prestec-dona-vida-als-teus-projectes-audiovisuals\/\">Kit de croma en pr\u00e9stec: dona vida als teus projectes audiovisuals<\/a><\/h5>                                                                    <\/header>\n                                <div class=\"wp-block-getwid-recent-posts__post-content\">Des del CRP oferim en pr\u00e9stec un kit de croma complet perqu\u00e8 els centres puguin experimentar amb la creaci\u00f3 audiovisual [&hellip;]<\/div>\n                \n                            <\/div>\n            <\/div>\n<\/article>\n\n<article id=\"post-22541\" class=\"wp-block-getwid-recent-posts__post\">\n    <div class=\"wp-block-getwid-recent-posts__post-wrapper\">\n                    <div class=\"wp-block-getwid-recent-posts__post-thumbnail\">\n                <a href=\"https:\/\/serveiseducatius.xtec.cat\/vallesoriental3\/prestec\/altaveu-bateria\/\"><img loading=\"lazy\" decoding=\"async\" width=\"150\" height=\"150\" src=\"https:\/\/serveiseducatius.xtec.cat\/vallesoriental3\/wp-content\/uploads\/usu768\/2025\/02\/Captura-de-pantalla-2025-02-04-a-les-5.07.41\u202fp.-m-150x150.png\" class=\"attachment-thumbnail size-thumbnail wp-post-image\" alt=\"Altaveu amb bateria i 2 micros.\" \/><\/a>\n            <\/div>\n                            <div class=\"wp-block-getwid-recent-posts__content-wrapper\">\n                                    <header class=\"wp-block-getwid-recent-posts__entry-header\">\n                                                    <h5 class=\"wp-block-getwid-recent-posts__post-title\"><a href=\"https:\/\/serveiseducatius.xtec.cat\/vallesoriental3\/prestec\/altaveu-bateria\/\">Altaveu amb bateria i 2 micros.<\/a><\/h5>                                                                    <\/header>\n                                <div class=\"wp-block-getwid-recent-posts__post-content\">Posem a disposici\u00f3 dels centres un altaveu aut\u00f2nom de gran pot\u00e8ncia amb bateria incorporada, ideal per a sortides, activitats a [&hellip;]<\/div>\n                \n                            <\/div>\n            <\/div>\n<\/article>\n\n<article id=\"post-19965\" class=\"wp-block-getwid-recent-posts__post\">\n    <div class=\"wp-block-getwid-recent-posts__post-wrapper\">\n                    <div class=\"wp-block-getwid-recent-posts__post-thumbnail\">\n                <a href=\"https:\/\/serveiseducatius.xtec.cat\/vallesoriental3\/prestec\/programa-de-cine-i-educacio-en-valors\/\"><img loading=\"lazy\" decoding=\"async\" width=\"150\" height=\"150\" src=\"https:\/\/serveiseducatius.xtec.cat\/vallesoriental3\/wp-content\/uploads\/usu768\/2021\/06\/PORTADAS-PAGINA-WEB-BLOG-23-150x150.png\" class=\"attachment-thumbnail size-thumbnail wp-post-image\" alt=\"Programa de Cine i Educaci\u00f3 en Valors\" \/><\/a>\n            <\/div>\n                            <div class=\"wp-block-getwid-recent-posts__content-wrapper\">\n                                    <header class=\"wp-block-getwid-recent-posts__entry-header\">\n                                                    <h5 class=\"wp-block-getwid-recent-posts__post-title\"><a href=\"https:\/\/serveiseducatius.xtec.cat\/vallesoriental3\/prestec\/programa-de-cine-i-educacio-en-valors\/\">Programa de Cine i Educaci\u00f3 en Valors<\/a><\/h5>                                                                    <\/header>\n                                <div class=\"wp-block-getwid-recent-posts__post-content\">Disposem de guies did\u00e0ctiques de diverses pel\u00b7l\u00edcules creades pel Programa de Cine i Educaci\u00f3 en Valors del CC&amp;P (Centro de Comunicaci\u00f3n y Pedagog\u00eda)<\/div>\n                \n                            <\/div>\n            <\/div>\n<\/article>\n\n<article id=\"post-3383\" class=\"wp-block-getwid-recent-posts__post\">\n    <div class=\"wp-block-getwid-recent-posts__post-wrapper\">\n                    <div class=\"wp-block-getwid-recent-posts__post-thumbnail\">\n                <a href=\"https:\/\/serveiseducatius.xtec.cat\/vallesoriental3\/llengua\/llengues\/botons-gravadors\/\"><img loading=\"lazy\" decoding=\"async\" width=\"150\" height=\"150\" src=\"https:\/\/serveiseducatius.xtec.cat\/vallesoriental3\/wp-content\/uploads\/usu768\/2018\/03\/botons-150x150.png\" class=\"attachment-thumbnail size-thumbnail wp-post-image\" alt=\"Botons gravadors\" \/><\/a>\n            <\/div>\n                            <div class=\"wp-block-getwid-recent-posts__content-wrapper\">\n                                    <header class=\"wp-block-getwid-recent-posts__entry-header\">\n                                                    <h5 class=\"wp-block-getwid-recent-posts__post-title\"><a href=\"https:\/\/serveiseducatius.xtec.cat\/vallesoriental3\/llengua\/llengues\/botons-gravadors\/\">Botons gravadors<\/a><\/h5>                                                                    <\/header>\n                                <div class=\"wp-block-getwid-recent-posts__post-content\">FORMULARI de sol\u00b7licitud, m\u00e0xim 2 setmanes. 6 altaveus diminuts que graven i reprodueixen fins a 10 segons de so. A [&hellip;]<\/div>\n                \n                            <\/div>\n            <\/div>\n<\/article>\n\n<article id=\"post-864\" class=\"wp-block-getwid-recent-posts__post\">\n    <div class=\"wp-block-getwid-recent-posts__post-wrapper\">\n                    <div class=\"wp-block-getwid-recent-posts__post-thumbnail\">\n                <a href=\"https:\/\/serveiseducatius.xtec.cat\/vallesoriental3\/prestec\/kit-xtec-radio\/\"><img loading=\"lazy\" decoding=\"async\" width=\"150\" height=\"150\" src=\"https:\/\/serveiseducatius.xtec.cat\/vallesoriental3\/wp-content\/uploads\/usu768\/2015\/11\/kit-radio-150x150.jpg\" class=\"attachment-thumbnail size-thumbnail wp-post-image\" alt=\"Kit XTEC R\u00e0dio\" \/><\/a>\n            <\/div>\n                            <div class=\"wp-block-getwid-recent-posts__content-wrapper\">\n                                    <header class=\"wp-block-getwid-recent-posts__entry-header\">\n                                                    <h5 class=\"wp-block-getwid-recent-posts__post-title\"><a href=\"https:\/\/serveiseducatius.xtec.cat\/vallesoriental3\/prestec\/kit-xtec-radio\/\">Kit XTEC R\u00e0dio<\/a><\/h5>                                                                    <\/header>\n                                <div class=\"wp-block-getwid-recent-posts__post-content\">La maleta XTEC-R\u00e0dio inclou l&#039;equip necessari per a produir programes radiof\u00f2nics. Simula un estudi de producci\u00f3 de r\u00e0dio amb una taula de mescles per combinar les entrades de cinc micr\u00f2fons<\/div>\n                \n                            <\/div>\n            <\/div>\n<\/article>\n\t\t\t<\/div>\n\t\t<\/div>\n\t\t","protected":false},"excerpt":{"rendered":"<p>En aquest espai trobareu els diferents materials disponibles de la categoria AUDIOVISUAL per al pr\u00e9stec. Cada recurs (kit, maleta, joc, [&hellip;]<\/p>\n","protected":false},"author":1,"featured_media":0,"parent":21488,"menu_order":0,"comment_status":"closed","ping_status":"close","template":"","meta":{"_bbp_topic_count":0,"_bbp_reply_count":0,"_bbp_total_topic_count":0,"_bbp_total_reply_count":0,"_bbp_voice_count":0,"_bbp_anonymous_reply_count":0,"_bbp_topic_count_hidden":0,"_bbp_reply_count_hidden":0,"_bbp_forum_subforum_count":0,"site-sidebar-layout":"default","site-content-layout":"","ast-site-content-layout":"default","site-content-style":"default","site-sidebar-style":"default","ast-global-header-display":"","ast-banner-title-visibility":"","ast-main-header-display":"","ast-hfb-above-header-display":"","ast-hfb-below-header-display":"","ast-hfb-mobile-header-display":"","site-post-title":"","ast-breadcrumbs-content":"","ast-featured-img":"","footer-sml-layout":"","theme-transparent-header-meta":"","adv-header-id-meta":"","stick-header-meta":"","header-above-stick-meta":"","header-main-stick-meta":"","header-below-stick-meta":"","astra-migrate-meta-layouts":"set","ast-page-background-enabled":"default","ast-page-background-meta":{"desktop":{"background-color":"var(--ast-global-color-4)","background-image":"","background-repeat":"repeat","background-position":"center center","background-size":"auto","background-attachment":"scroll","background-type":"","background-media":"","overlay-type":"","overlay-color":"","overlay-opacity":"","overlay-gradient":""},"tablet":{"background-color":"","background-image":"","background-repeat":"repeat","background-position":"center center","background-size":"auto","background-attachment":"scroll","background-type":"","background-media":"","overlay-type":"","overlay-color":"","overlay-opacity":"","overlay-gradient":""},"mobile":{"background-color":"","background-image":"","background-repeat":"repeat","background-position":"center center","background-size":"auto","background-attachment":"scroll","background-type":"","background-media":"","overlay-type":"","overlay-color":"","overlay-opacity":"","overlay-gradient":""}},"ast-content-background-meta":{"desktop":{"background-color":"var(--ast-global-color-5)","background-image":"","background-repeat":"repeat","background-position":"center center","background-size":"auto","background-attachment":"scroll","background-type":"","background-media":"","overlay-type":"","overlay-color":"","overlay-opacity":"","overlay-gradient":""},"tablet":{"background-color":"var(--ast-global-color-5)","background-image":"","background-repeat":"repeat","background-position":"center center","background-size":"auto","background-attachment":"scroll","background-type":"","background-media":"","overlay-type":"","overlay-color":"","overlay-opacity":"","overlay-gradient":""},"mobile":{"background-color":"var(--ast-global-color-5)","background-image":"","background-repeat":"repeat","background-position":"center center","background-size":"auto","background-attachment":"scroll","background-type":"","background-media":"","overlay-type":"","overlay-color":"","overlay-opacity":"","overlay-gradient":""}},"footnotes":""},"class_list":["post-23803","page","type-page","status-publish","hentry"],"post_mailing_queue_ids":[],"_links":{"self":[{"href":"https:\/\/serveiseducatius.xtec.cat\/vallesoriental3\/wp-json\/wp\/v2\/pages\/23803","targetHints":{"allow":["GET"]}}],"collection":[{"href":"https:\/\/serveiseducatius.xtec.cat\/vallesoriental3\/wp-json\/wp\/v2\/pages"}],"about":[{"href":"https:\/\/serveiseducatius.xtec.cat\/vallesoriental3\/wp-json\/wp\/v2\/types\/page"}],"author":[{"embeddable":true,"href":"https:\/\/serveiseducatius.xtec.cat\/vallesoriental3\/wp-json\/wp\/v2\/users\/1"}],"replies":[{"embeddable":true,"href":"https:\/\/serveiseducatius.xtec.cat\/vallesoriental3\/wp-json\/wp\/v2\/comments?post=23803"}],"version-history":[{"count":1,"href":"https:\/\/serveiseducatius.xtec.cat\/vallesoriental3\/wp-json\/wp\/v2\/pages\/23803\/revisions"}],"predecessor-version":[{"id":23804,"href":"https:\/\/serveiseducatius.xtec.cat\/vallesoriental3\/wp-json\/wp\/v2\/pages\/23803\/revisions\/23804"}],"up":[{"embeddable":true,"href":"https:\/\/serveiseducatius.xtec.cat\/vallesoriental3\/wp-json\/wp\/v2\/pages\/21488"}],"wp:attachment":[{"href":"https:\/\/serveiseducatius.xtec.cat\/vallesoriental3\/wp-json\/wp\/v2\/media?parent=23803"}],"curies":[{"name":"wp","href":"https:\/\/api.w.org\/{rel}","templated":true}]}}