{"id":23439,"date":"2025-05-07T13:19:34","date_gmt":"2025-05-07T11:19:34","guid":{"rendered":"https:\/\/serveiseducatius.xtec.cat\/vallesoriental3\/?page_id=23439"},"modified":"2025-11-03T11:25:28","modified_gmt":"2025-11-03T10:25:28","slug":"estudis-i-mapa-escolar","status":"publish","type":"page","link":"https:\/\/serveiseducatius.xtec.cat\/vallesoriental3\/orientacio-educativa\/estudis-i-mapa-escolar\/","title":{"rendered":"Estudis i Mapa escolar"},"content":{"rendered":"\n<p>Aquest apartat ofereix una visi\u00f3 clara i actualitzada del <strong>sistema educatiu catal\u00e0<\/strong> i les diferents opcions formatives al llarg de l\u2019escolaritat. \u00c9s un espai pensat per orientar fam\u00edlies, alumnes i docents en la comprensi\u00f3 dels <strong>itineraris educatius<\/strong>, les etapes i les possibles transicions. Tamb\u00e9 inclou eines per localitzar centres i con\u00e8ixer l\u2019oferta educativa del territori.<\/p>\n\n\n\n<h4 class=\"wp-block-heading\"><strong>Enlla\u00e7os inter\u00e9s<\/strong><\/h4>\n\n\n\n<div class=\"wp-block-columns is-layout-flex wp-container-core-columns-is-layout-1 wp-block-columns-is-layout-flex\" style=\"margin-top:0;margin-bottom:0;padding-top:var(--wp--preset--spacing--20);padding-right:var(--wp--preset--spacing--20);padding-bottom:var(--wp--preset--spacing--20);padding-left:var(--wp--preset--spacing--20)\">\n<div class=\"wp-block-column has-background is-layout-flow wp-block-column-is-layout-flow\" style=\"background-color:#ececec\">\n<figure class=\"wp-block-image alignwide size-full\"><img loading=\"lazy\" decoding=\"async\" width=\"712\" height=\"712\" src=\"https:\/\/serveiseducatius.xtec.cat\/vallesoriental3\/wp-content\/uploads\/usu768\/2025\/11\/Captura-de-pantalla-2025-11-03-a-les-9.06.04\u202fa.-m.png\" alt=\"\" class=\"wp-image-24075\" srcset=\"https:\/\/serveiseducatius.xtec.cat\/vallesoriental3\/wp-content\/uploads\/usu768\/2025\/11\/Captura-de-pantalla-2025-11-03-a-les-9.06.04\u202fa.-m.png 712w, https:\/\/serveiseducatius.xtec.cat\/vallesoriental3\/wp-content\/uploads\/usu768\/2025\/11\/Captura-de-pantalla-2025-11-03-a-les-9.06.04\u202fa.-m-210x210.png 210w, https:\/\/serveiseducatius.xtec.cat\/vallesoriental3\/wp-content\/uploads\/usu768\/2025\/11\/Captura-de-pantalla-2025-11-03-a-les-9.06.04\u202fa.-m-150x150.png 150w\" sizes=\"auto, (max-width: 712px) 100vw, 712px\" \/><\/figure>\n\n\n\n<p class=\"has-text-align-center\"><a href=\"https:\/\/triaeducativa.gencat.cat\/web\/.content\/orientacio\/sistema-educatiu\/sistema-educatiu.pdf\">Sistema Educatiu Catal\u00e0<\/a><\/p>\n<\/div>\n\n\n\n<div class=\"wp-block-column has-background is-layout-flow wp-block-column-is-layout-flow\" style=\"background-color:#ececec\">\n<figure class=\"wp-block-image alignwide size-full\"><a href=\"https:\/\/triaeducativa.gencat.cat\/web\/.content\/orientacio\/sistema-educatiu\/desplegable-sencer.pdf\"><img loading=\"lazy\" decoding=\"async\" width=\"712\" height=\"712\" src=\"https:\/\/serveiseducatius.xtec.cat\/vallesoriental3\/wp-content\/uploads\/usu768\/2025\/11\/Captura-de-pantalla-2025-11-03-a-les-9.03.27\u202fa.-m.png\" alt=\"\" class=\"wp-image-24073\" srcset=\"https:\/\/serveiseducatius.xtec.cat\/vallesoriental3\/wp-content\/uploads\/usu768\/2025\/11\/Captura-de-pantalla-2025-11-03-a-les-9.03.27\u202fa.-m.png 712w, https:\/\/serveiseducatius.xtec.cat\/vallesoriental3\/wp-content\/uploads\/usu768\/2025\/11\/Captura-de-pantalla-2025-11-03-a-les-9.03.27\u202fa.-m-210x210.png 210w, https:\/\/serveiseducatius.xtec.cat\/vallesoriental3\/wp-content\/uploads\/usu768\/2025\/11\/Captura-de-pantalla-2025-11-03-a-les-9.03.27\u202fa.-m-150x150.png 150w\" sizes=\"auto, (max-width: 712px) 100vw, 712px\" \/><\/a><\/figure>\n\n\n\n<p class=\"has-text-align-center\"><a href=\"https:\/\/triaeducativa.gencat.cat\/web\/.content\/orientacio\/sistema-educatiu\/desplegable-sencer.pdf\">Oferta postobligat\u00f2ria 24-25<\/a><\/p>\n<\/div>\n\n\n\n<div class=\"wp-block-column has-background is-layout-flow wp-block-column-is-layout-flow\" style=\"background-color:#ececec\">\n<figure class=\"wp-block-image size-full\"><a href=\"https:\/\/triaeducativa.gencat.cat\/ca\/orientacio\/itineraris\/\"><img loading=\"lazy\" decoding=\"async\" width=\"364\" height=\"372\" src=\"https:\/\/serveiseducatius.xtec.cat\/vallesoriental3\/wp-content\/uploads\/usu768\/2025\/11\/Captura-de-pantalla-2025-11-03-a-les-8.55.18\u202fa.-m.png\" alt=\"\" class=\"wp-image-24074\" srcset=\"https:\/\/serveiseducatius.xtec.cat\/vallesoriental3\/wp-content\/uploads\/usu768\/2025\/11\/Captura-de-pantalla-2025-11-03-a-les-8.55.18\u202fa.-m.png 364w, https:\/\/serveiseducatius.xtec.cat\/vallesoriental3\/wp-content\/uploads\/usu768\/2025\/11\/Captura-de-pantalla-2025-11-03-a-les-8.55.18\u202fa.-m-210x215.png 210w\" sizes=\"auto, (max-width: 364px) 100vw, 364px\" \/><\/a><\/figure>\n\n\n\n<p class=\"has-text-align-center\"><a href=\"https:\/\/triaeducativa.gencat.cat\/ca\/orientacio\/itineraris\/\">Troba el teu itinerari<\/a><\/p>\n<\/div>\n\n\n\n<div class=\"wp-block-column has-background is-layout-flow wp-block-column-is-layout-flow\" style=\"background-color:#ececec\">\n<figure class=\"wp-block-image size-full\"><a href=\"https:\/\/triaeducativa.gencat.cat\/ca\/inici\"><img loading=\"lazy\" decoding=\"async\" width=\"882\" height=\"882\" src=\"https:\/\/serveiseducatius.xtec.cat\/vallesoriental3\/wp-content\/uploads\/usu768\/2025\/11\/Captura-de-pantalla-2025-11-03-a-les-9.06.59\u202fa.-m.png\" alt=\"\" class=\"wp-image-24076\" srcset=\"https:\/\/serveiseducatius.xtec.cat\/vallesoriental3\/wp-content\/uploads\/usu768\/2025\/11\/Captura-de-pantalla-2025-11-03-a-les-9.06.59\u202fa.-m.png 882w, https:\/\/serveiseducatius.xtec.cat\/vallesoriental3\/wp-content\/uploads\/usu768\/2025\/11\/Captura-de-pantalla-2025-11-03-a-les-9.06.59\u202fa.-m-210x210.png 210w, https:\/\/serveiseducatius.xtec.cat\/vallesoriental3\/wp-content\/uploads\/usu768\/2025\/11\/Captura-de-pantalla-2025-11-03-a-les-9.06.59\u202fa.-m-150x150.png 150w, https:\/\/serveiseducatius.xtec.cat\/vallesoriental3\/wp-content\/uploads\/usu768\/2025\/11\/Captura-de-pantalla-2025-11-03-a-les-9.06.59\u202fa.-m-768x768.png 768w\" sizes=\"auto, (max-width: 882px) 100vw, 882px\" \/><\/a><\/figure>\n\n\n\n<p><a href=\"https:\/\/triaeducativa.gencat.cat\/ca\/inici\">Web Tria educativa.<\/a><\/p>\n<\/div>\n\n\n\n<div class=\"wp-block-column has-background is-layout-flow wp-block-column-is-layout-flow\" style=\"background-color:#ececec\">\n<figure class=\"wp-block-image size-full\"><a href=\"http:\/\/mapaescolar.gencat.cat\/\"><img loading=\"lazy\" decoding=\"async\" width=\"654\" height=\"654\" src=\"https:\/\/serveiseducatius.xtec.cat\/vallesoriental3\/wp-content\/uploads\/usu768\/2025\/11\/Captura-de-pantalla-2025-11-03-a-les-9.11.24\u202fa.-m.png\" alt=\"\" class=\"wp-image-24078\" srcset=\"https:\/\/serveiseducatius.xtec.cat\/vallesoriental3\/wp-content\/uploads\/usu768\/2025\/11\/Captura-de-pantalla-2025-11-03-a-les-9.11.24\u202fa.-m.png 654w, https:\/\/serveiseducatius.xtec.cat\/vallesoriental3\/wp-content\/uploads\/usu768\/2025\/11\/Captura-de-pantalla-2025-11-03-a-les-9.11.24\u202fa.-m-210x210.png 210w, https:\/\/serveiseducatius.xtec.cat\/vallesoriental3\/wp-content\/uploads\/usu768\/2025\/11\/Captura-de-pantalla-2025-11-03-a-les-9.11.24\u202fa.-m-150x150.png 150w\" sizes=\"auto, (max-width: 654px) 100vw, 654px\" \/><\/a><\/figure>\n\n\n\n<p class=\"has-text-align-center\"><a href=\"http:\/\/mapaescolar.gencat.cat\/\">Mapa escolar<\/a><\/p>\n<\/div>\n<\/div>\n\n\n\n<div style=\"height:39px\" aria-hidden=\"true\" class=\"wp-block-spacer\"><\/div>\n\n\n\n<h4 class=\"wp-block-heading\">Preinscripci\u00f3 i matr\u00edcula 25-26 per al curs 26-27<\/h4>\n\n\n\n<p>Pendent de publicaci\u00f3. <\/p>\n\n\n\n<h4 class=\"wp-block-heading\">Darreres not\u00edcies Estudis i mapa escolar<\/h4>\n\n\n\n\t\t<div class=\"wp-block-getwid-recent-posts has-layout-list has-cropped-images\">\n\t\t\t<div class=\"wp-block-getwid-recent-posts__wrapper\">\n\t\t\t\t<p>No s&#039;ha trobat res.<\/p>\t\t\t<\/div>\n\t\t<\/div>\n\t\t\n\n\n<p><\/p>\n","protected":false},"excerpt":{"rendered":"<p>Aquest apartat ofereix una visi\u00f3 clara i actualitzada del sistema educatiu catal\u00e0 i les diferents opcions formatives al llarg de [&hellip;]<\/p>\n","protected":false},"author":1,"featured_media":0,"parent":19282,"menu_order":0,"comment_status":"closed","ping_status":"close","template":"","meta":{"_bbp_topic_count":0,"_bbp_reply_count":0,"_bbp_total_topic_count":0,"_bbp_total_reply_count":0,"_bbp_voice_count":0,"_bbp_anonymous_reply_count":0,"_bbp_topic_count_hidden":0,"_bbp_reply_count_hidden":0,"_bbp_forum_subforum_count":0,"site-sidebar-layout":"default","site-content-layout":"","ast-site-content-layout":"default","site-content-style":"default","site-sidebar-style":"default","ast-global-header-display":"","ast-banner-title-visibility":"","ast-main-header-display":"","ast-hfb-above-header-display":"","ast-hfb-below-header-display":"","ast-hfb-mobile-header-display":"","site-post-title":"","ast-breadcrumbs-content":"","ast-featured-img":"","footer-sml-layout":"","theme-transparent-header-meta":"","adv-header-id-meta":"","stick-header-meta":"","header-above-stick-meta":"","header-main-stick-meta":"","header-below-stick-meta":"","astra-migrate-meta-layouts":"set","ast-page-background-enabled":"default","ast-page-background-meta":{"desktop":{"background-color":"var(--ast-global-color-4)","background-image":"","background-repeat":"repeat","background-position":"center center","background-size":"auto","background-attachment":"scroll","background-type":"","background-media":"","overlay-type":"","overlay-color":"","overlay-opacity":"","overlay-gradient":""},"tablet":{"background-color":"","background-image":"","background-repeat":"repeat","background-position":"center center","background-size":"auto","background-attachment":"scroll","background-type":"","background-media":"","overlay-type":"","overlay-color":"","overlay-opacity":"","overlay-gradient":""},"mobile":{"background-color":"","background-image":"","background-repeat":"repeat","background-position":"center center","background-size":"auto","background-attachment":"scroll","background-type":"","background-media":"","overlay-type":"","overlay-color":"","overlay-opacity":"","overlay-gradient":""}},"ast-content-background-meta":{"desktop":{"background-color":"var(--ast-global-color-5)","background-image":"","background-repeat":"repeat","background-position":"center center","background-size":"auto","background-attachment":"scroll","background-type":"","background-media":"","overlay-type":"","overlay-color":"","overlay-opacity":"","overlay-gradient":""},"tablet":{"background-color":"var(--ast-global-color-5)","background-image":"","background-repeat":"repeat","background-position":"center center","background-size":"auto","background-attachment":"scroll","background-type":"","background-media":"","overlay-type":"","overlay-color":"","overlay-opacity":"","overlay-gradient":""},"mobile":{"background-color":"var(--ast-global-color-5)","background-image":"","background-repeat":"repeat","background-position":"center center","background-size":"auto","background-attachment":"scroll","background-type":"","background-media":"","overlay-type":"","overlay-color":"","overlay-opacity":"","overlay-gradient":""}},"footnotes":""},"class_list":["post-23439","page","type-page","status-publish","hentry"],"post_mailing_queue_ids":[],"_links":{"self":[{"href":"https:\/\/serveiseducatius.xtec.cat\/vallesoriental3\/wp-json\/wp\/v2\/pages\/23439","targetHints":{"allow":["GET"]}}],"collection":[{"href":"https:\/\/serveiseducatius.xtec.cat\/vallesoriental3\/wp-json\/wp\/v2\/pages"}],"about":[{"href":"https:\/\/serveiseducatius.xtec.cat\/vallesoriental3\/wp-json\/wp\/v2\/types\/page"}],"author":[{"embeddable":true,"href":"https:\/\/serveiseducatius.xtec.cat\/vallesoriental3\/wp-json\/wp\/v2\/users\/1"}],"replies":[{"embeddable":true,"href":"https:\/\/serveiseducatius.xtec.cat\/vallesoriental3\/wp-json\/wp\/v2\/comments?post=23439"}],"version-history":[{"count":6,"href":"https:\/\/serveiseducatius.xtec.cat\/vallesoriental3\/wp-json\/wp\/v2\/pages\/23439\/revisions"}],"predecessor-version":[{"id":24086,"href":"https:\/\/serveiseducatius.xtec.cat\/vallesoriental3\/wp-json\/wp\/v2\/pages\/23439\/revisions\/24086"}],"up":[{"embeddable":true,"href":"https:\/\/serveiseducatius.xtec.cat\/vallesoriental3\/wp-json\/wp\/v2\/pages\/19282"}],"wp:attachment":[{"href":"https:\/\/serveiseducatius.xtec.cat\/vallesoriental3\/wp-json\/wp\/v2\/media?parent=23439"}],"curies":[{"name":"wp","href":"https:\/\/api.w.org\/{rel}","templated":true}]}}