{"id":23438,"date":"2025-05-07T13:19:59","date_gmt":"2025-05-07T11:19:59","guid":{"rendered":"https:\/\/serveiseducatius.xtec.cat\/vallesoriental3\/?page_id=23438"},"modified":"2025-11-10T17:04:58","modified_gmt":"2025-11-10T16:04:58","slug":"acompanyament-alumnat-i-families","status":"publish","type":"page","link":"https:\/\/serveiseducatius.xtec.cat\/vallesoriental3\/orientacio-educativa\/acompanyament-alumnat-i-families\/","title":{"rendered":"Acompanyament alumnat i fam\u00edlies"},"content":{"rendered":"\n<p>L\u2019orientaci\u00f3 educativa no nom\u00e9s es centra en triar estudis, sin\u00f3 tamb\u00e9 en <strong>acompanyar el creixement personal i emocional<\/strong> de l\u2019alumnat i facilitar eines a les fam\u00edlies per participar-hi activament. Aquest apartat inclou recursos, materials i estrat\u00e8gies per fer un seguiment proper i significatiu.<\/p>\n\n\n\n<p><strong>Hi trobar\u00e0s:<\/strong><\/p>\n\n\n\n<ul class=\"wp-block-list\">\n<li>Materials per a l\u2019autoconeixement i la presa de decisions<\/li>\n\n\n\n<li>Din\u00e0miques de tutoria i recursos per treballar l\u2019orientaci\u00f3 a l\u2019aula<\/li>\n\n\n\n<li>Suport per a la transici\u00f3 entre etapes<\/li>\n\n\n\n<li>Guies per a fam\u00edlies sobre estudis, emocions i acompanyament<\/li>\n\n\n\n<li>Enlla\u00e7 al xat personalitzat d\u2019orientaci\u00f3 postobligat\u00f2ria<\/li>\n<\/ul>\n\n\n\n<h3 class=\"wp-block-heading\">Imprescindibles Orientaci\u00f3. <\/h3>\n\n\n\n\t\t<div class=\"wp-block-getwid-recent-posts has-layout-list\">\n\t\t\t<div class=\"wp-block-getwid-recent-posts__wrapper\">\n\t\t\t\t\n<article id=\"post-24033\" class=\"wp-block-getwid-recent-posts__post\">\n    <div class=\"wp-block-getwid-recent-posts__post-wrapper\">\n                    <div class=\"wp-block-getwid-recent-posts__post-thumbnail\">\n                <a href=\"https:\/\/serveiseducatius.xtec.cat\/vallesoriental3\/portada\/tria-el-teu-cami-una-eina-per-orientar%e2%80%91te\/\"><img loading=\"lazy\" decoding=\"async\" width=\"150\" height=\"150\" src=\"https:\/\/serveiseducatius.xtec.cat\/vallesoriental3\/wp-content\/uploads\/usu768\/2025\/11\/Captura-de-pantalla-2025-11-02-a-les-6.20.11\u202fp.-m-150x150.png\" class=\"attachment-thumbnail size-thumbnail wp-post-image\" alt=\"\u201c\u202fTria\u202fel\u202fteu\u202fcam\u00ed\u201d, una eina per orientar\u2011te!\" \/><\/a>\n            <\/div>\n                            <div class=\"wp-block-getwid-recent-posts__content-wrapper\">\n                                    <header class=\"wp-block-getwid-recent-posts__entry-header\">\n                                                    <h5 class=\"wp-block-getwid-recent-posts__post-title\"><a href=\"https:\/\/serveiseducatius.xtec.cat\/vallesoriental3\/portada\/tria-el-teu-cami-una-eina-per-orientar%e2%80%91te\/\">\u201c\u202fTria\u202fel\u202fteu\u202fcam\u00ed\u201d, una eina per orientar\u2011te!<\/a><\/h5>                                                                    <\/header>\n                                <div class=\"wp-block-getwid-recent-posts__post-content\">Des del Seminari Poe del Servei Educatiu Vall\u00e8s Oriental III (SE\u202fVO\u202fIII), ha desenvolupat un nou recurs interactiu en Genially: https:\/\/view.genially.com\/682dde4a7acc500c7610ea5e\/interactive-content-tria-el-teu-cami [&hellip;]<\/div>\n                \n                            <\/div>\n            <\/div>\n<\/article>\n\n<article id=\"post-24030\" class=\"wp-block-getwid-recent-posts__post\">\n    <div class=\"wp-block-getwid-recent-posts__post-wrapper\">\n                    <div class=\"wp-block-getwid-recent-posts__post-thumbnail\">\n                <a href=\"https:\/\/serveiseducatius.xtec.cat\/vallesoriental3\/portada\/i-si-no-tinc-leso-que-una-guia-interactiva-per-orientar-millor\/\"><img loading=\"lazy\" decoding=\"async\" width=\"150\" height=\"150\" src=\"https:\/\/serveiseducatius.xtec.cat\/vallesoriental3\/wp-content\/uploads\/usu768\/2025\/11\/Captura-de-pantalla-2025-11-02-a-les-6.23.58\u202fp.-m-150x150.png\" class=\"attachment-thumbnail size-thumbnail wp-post-image\" alt=\"\u201cI si no tinc l\u2019ESO, qu\u00e8?\u201d Una guia interactiva per orientar millor.\" \/><\/a>\n            <\/div>\n                            <div class=\"wp-block-getwid-recent-posts__content-wrapper\">\n                                    <header class=\"wp-block-getwid-recent-posts__entry-header\">\n                                                    <h5 class=\"wp-block-getwid-recent-posts__post-title\"><a href=\"https:\/\/serveiseducatius.xtec.cat\/vallesoriental3\/portada\/i-si-no-tinc-leso-que-una-guia-interactiva-per-orientar-millor\/\">\u201cI si no tinc l\u2019ESO, qu\u00e8?\u201d Una guia interactiva per orientar millor.<\/a><\/h5>                                                                    <\/header>\n                                <div class=\"wp-block-getwid-recent-posts__post-content\">Des del Servei Educatiu Vall\u00e8s Oriental III hem elaborat una nova eina pensada per acompanyar joves i fam\u00edlies en un [&hellip;]<\/div>\n                \n                            <\/div>\n            <\/div>\n<\/article>\n\t\t\t<\/div>\n\t\t<\/div>\n\t\t\n\n\n<p><\/p>\n","protected":false},"excerpt":{"rendered":"<p>L\u2019orientaci\u00f3 educativa no nom\u00e9s es centra en triar estudis, sin\u00f3 tamb\u00e9 en acompanyar el creixement personal i emocional de l\u2019alumnat [&hellip;]<\/p>\n","protected":false},"author":1,"featured_media":0,"parent":19282,"menu_order":0,"comment_status":"closed","ping_status":"close","template":"","meta":{"_bbp_topic_count":0,"_bbp_reply_count":0,"_bbp_total_topic_count":0,"_bbp_total_reply_count":0,"_bbp_voice_count":0,"_bbp_anonymous_reply_count":0,"_bbp_topic_count_hidden":0,"_bbp_reply_count_hidden":0,"_bbp_forum_subforum_count":0,"site-sidebar-layout":"default","site-content-layout":"","ast-site-content-layout":"default","site-content-style":"default","site-sidebar-style":"default","ast-global-header-display":"","ast-banner-title-visibility":"","ast-main-header-display":"","ast-hfb-above-header-display":"","ast-hfb-below-header-display":"","ast-hfb-mobile-header-display":"","site-post-title":"","ast-breadcrumbs-content":"","ast-featured-img":"","footer-sml-layout":"","theme-transparent-header-meta":"","adv-header-id-meta":"","stick-header-meta":"","header-above-stick-meta":"","header-main-stick-meta":"","header-below-stick-meta":"","astra-migrate-meta-layouts":"set","ast-page-background-enabled":"default","ast-page-background-meta":{"desktop":{"background-color":"var(--ast-global-color-4)","background-image":"","background-repeat":"repeat","background-position":"center center","background-size":"auto","background-attachment":"scroll","background-type":"","background-media":"","overlay-type":"","overlay-color":"","overlay-opacity":"","overlay-gradient":""},"tablet":{"background-color":"","background-image":"","background-repeat":"repeat","background-position":"center center","background-size":"auto","background-attachment":"scroll","background-type":"","background-media":"","overlay-type":"","overlay-color":"","overlay-opacity":"","overlay-gradient":""},"mobile":{"background-color":"","background-image":"","background-repeat":"repeat","background-position":"center center","background-size":"auto","background-attachment":"scroll","background-type":"","background-media":"","overlay-type":"","overlay-color":"","overlay-opacity":"","overlay-gradient":""}},"ast-content-background-meta":{"desktop":{"background-color":"var(--ast-global-color-5)","background-image":"","background-repeat":"repeat","background-position":"center center","background-size":"auto","background-attachment":"scroll","background-type":"","background-media":"","overlay-type":"","overlay-color":"","overlay-opacity":"","overlay-gradient":""},"tablet":{"background-color":"var(--ast-global-color-5)","background-image":"","background-repeat":"repeat","background-position":"center center","background-size":"auto","background-attachment":"scroll","background-type":"","background-media":"","overlay-type":"","overlay-color":"","overlay-opacity":"","overlay-gradient":""},"mobile":{"background-color":"var(--ast-global-color-5)","background-image":"","background-repeat":"repeat","background-position":"center center","background-size":"auto","background-attachment":"scroll","background-type":"","background-media":"","overlay-type":"","overlay-color":"","overlay-opacity":"","overlay-gradient":""}},"footnotes":""},"class_list":["post-23438","page","type-page","status-publish","hentry"],"post_mailing_queue_ids":[],"_links":{"self":[{"href":"https:\/\/serveiseducatius.xtec.cat\/vallesoriental3\/wp-json\/wp\/v2\/pages\/23438","targetHints":{"allow":["GET"]}}],"collection":[{"href":"https:\/\/serveiseducatius.xtec.cat\/vallesoriental3\/wp-json\/wp\/v2\/pages"}],"about":[{"href":"https:\/\/serveiseducatius.xtec.cat\/vallesoriental3\/wp-json\/wp\/v2\/types\/page"}],"author":[{"embeddable":true,"href":"https:\/\/serveiseducatius.xtec.cat\/vallesoriental3\/wp-json\/wp\/v2\/users\/1"}],"replies":[{"embeddable":true,"href":"https:\/\/serveiseducatius.xtec.cat\/vallesoriental3\/wp-json\/wp\/v2\/comments?post=23438"}],"version-history":[{"count":3,"href":"https:\/\/serveiseducatius.xtec.cat\/vallesoriental3\/wp-json\/wp\/v2\/pages\/23438\/revisions"}],"predecessor-version":[{"id":24093,"href":"https:\/\/serveiseducatius.xtec.cat\/vallesoriental3\/wp-json\/wp\/v2\/pages\/23438\/revisions\/24093"}],"up":[{"embeddable":true,"href":"https:\/\/serveiseducatius.xtec.cat\/vallesoriental3\/wp-json\/wp\/v2\/pages\/19282"}],"wp:attachment":[{"href":"https:\/\/serveiseducatius.xtec.cat\/vallesoriental3\/wp-json\/wp\/v2\/media?parent=23438"}],"curies":[{"name":"wp","href":"https:\/\/api.w.org\/{rel}","templated":true}]}}