{"id":23308,"date":"2025-04-25T08:15:26","date_gmt":"2025-04-25T06:15:26","guid":{"rendered":"https:\/\/serveiseducatius.xtec.cat\/vallesoriental3\/?page_id=23308"},"modified":"2026-02-03T11:33:12","modified_gmt":"2026-02-03T10:33:12","slug":"certificats","status":"publish","type":"page","link":"https:\/\/serveiseducatius.xtec.cat\/vallesoriental3\/formacio\/certificats\/","title":{"rendered":"Certificats"},"content":{"rendered":"\n<p>En aquest espai trobareu tota la informaci\u00f3 relacionada amb la <strong>consulta de certificats<\/strong> de formaci\u00f3, aix\u00ed com els <strong>tr\u00e0mits<\/strong> per sol\u00b7licitar la certificaci\u00f3 d\u2019altres activitats professionals vinculades a l\u2019\u00e0mbit educatiu.<\/p>\n\n\n\n<h3 class=\"wp-block-heading has-ast-global-color-1-color has-text-color has-background has-link-color has-large-font-size wp-elements-8354fad98eb0f0da6e806bd1a09cf81b\" style=\"background-color:#d3d3d3;padding-top:0;padding-right:0;padding-bottom:0;padding-left:0\">Consulta de certificats de formaci\u00f3<\/h3>\n\n\n\n<p>Podeu consultar i descarregar els vostres certificats dels cursos, seminaris i grups de treball a trav\u00e9s dels seg\u00fcents enlla\u00e7os:<\/p>\n\n\n\n<ul class=\"wp-block-list\">\n<li><a href=\"https:\/\/xtec.gencat.cat\/ca\/formacio\/la-meva-formacio\/els-meus-certificats\/\">Consulta de certificats XTEC<\/a><\/li>\n<\/ul>\n\n\n\n<h3 class=\"wp-block-heading has-ast-global-color-1-color has-text-color has-background has-link-color has-large-font-size wp-elements-956bee6f1a0a2f1a0b99af453251569c\" style=\"background-color:#d3d3d3;padding-top:0;padding-right:0;padding-bottom:0;padding-left:0\">Reconeixement de projectes d&#8217;innovaci\u00f3 pedag\u00f2gica<\/h3>\n\n\n\n<p>Si heu desenvolupat un projecte d\u2019innovaci\u00f3 educativa al vostre centre i voleu sol\u00b7licitar-ne la certificaci\u00f3, trobareu tota la informaci\u00f3 i el procediment en aquest enlla\u00e7:<\/p>\n\n\n\n<ul class=\"wp-block-list\">\n<li><a href=\"https:\/\/espai.educacio.gencat.cat\/Centres\/Innovacio-pedagogica\/Reconeixement-projectes-innovacio\/Pagines\/default.aspx\">Reconeixement de projectes d&#8217;innovaci\u00f3 pedag\u00f2gica<\/a><\/li>\n<\/ul>\n\n\n\n<h3 class=\"wp-block-heading has-ast-global-color-1-color has-text-color has-background has-link-color has-large-font-size wp-elements-a540d9d1daae91cb9cfa7f942453caa5\" style=\"background-color:#d3d3d3;padding-top:0;padding-right:0;padding-bottom:0;padding-left:0\">Registre publicacions. <\/h3>\n\n\n\n<p>Trobeu la informaci\u00f3 de com podeu tramitar el <strong>registre i reconeixement de publicacions<\/strong> amb ISBN (llibres, articles, materials did\u00e0ctics\u2026) a trav\u00e9s d\u2019aquest enlla\u00e7:<\/p>\n\n\n\n<ul class=\"wp-block-list\">\n<li>Certificaci\u00f3 de publicacions amb ISBN<\/li>\n<\/ul>\n\n\n\n<p>Tamb\u00e9 podeu registrar-ho amb la lic\u00e8ncia Creative Commons que blinda el producte (llibre, article, material, projecte.. ) davant la c\u00f2pia, lucre, distribuci\u00f3 no autoritzada. <\/p>\n\n\n\n<ul class=\"wp-block-list\">\n<li><a href=\"https:\/\/creativecommons.org\/\">Registre publicacions amb Creative Commons.<\/a><\/li>\n<\/ul>\n\n\n\n<hr class=\"wp-block-separator has-alpha-channel-opacity\"\/>\n\n\n\n<p><strong>Recordeu:<\/strong> tots aquests tr\u00e0mits permeten recon\u00e8ixer l\u2019esfor\u00e7 i el comprom\u00eds amb la formaci\u00f3 permanent i la innovaci\u00f3 educativa.<\/p>\n","protected":false},"excerpt":{"rendered":"<p>En aquest espai trobareu tota la informaci\u00f3 relacionada amb la consulta de certificats de formaci\u00f3, aix\u00ed com els tr\u00e0mits per [&hellip;]<\/p>\n","protected":false},"author":1,"featured_media":0,"parent":22833,"menu_order":0,"comment_status":"closed","ping_status":"close","template":"","meta":{"_bbp_topic_count":0,"_bbp_reply_count":0,"_bbp_total_topic_count":0,"_bbp_total_reply_count":0,"_bbp_voice_count":0,"_bbp_anonymous_reply_count":0,"_bbp_topic_count_hidden":0,"_bbp_reply_count_hidden":0,"_bbp_forum_subforum_count":0,"site-sidebar-layout":"default","site-content-layout":"","ast-site-content-layout":"default","site-content-style":"default","site-sidebar-style":"default","ast-global-header-display":"","ast-banner-title-visibility":"","ast-main-header-display":"","ast-hfb-above-header-display":"","ast-hfb-below-header-display":"","ast-hfb-mobile-header-display":"","site-post-title":"","ast-breadcrumbs-content":"","ast-featured-img":"","footer-sml-layout":"","theme-transparent-header-meta":"","adv-header-id-meta":"","stick-header-meta":"","header-above-stick-meta":"","header-main-stick-meta":"","header-below-stick-meta":"","astra-migrate-meta-layouts":"set","ast-page-background-enabled":"default","ast-page-background-meta":{"desktop":{"background-color":"var(--ast-global-color-4)","background-image":"","background-repeat":"repeat","background-position":"center center","background-size":"auto","background-attachment":"scroll","background-type":"","background-media":"","overlay-type":"","overlay-color":"","overlay-opacity":"","overlay-gradient":""},"tablet":{"background-color":"","background-image":"","background-repeat":"repeat","background-position":"center center","background-size":"auto","background-attachment":"scroll","background-type":"","background-media":"","overlay-type":"","overlay-color":"","overlay-opacity":"","overlay-gradient":""},"mobile":{"background-color":"","background-image":"","background-repeat":"repeat","background-position":"center center","background-size":"auto","background-attachment":"scroll","background-type":"","background-media":"","overlay-type":"","overlay-color":"","overlay-opacity":"","overlay-gradient":""}},"ast-content-background-meta":{"desktop":{"background-color":"var(--ast-global-color-5)","background-image":"","background-repeat":"repeat","background-position":"center center","background-size":"auto","background-attachment":"scroll","background-type":"","background-media":"","overlay-type":"","overlay-color":"","overlay-opacity":"","overlay-gradient":""},"tablet":{"background-color":"var(--ast-global-color-5)","background-image":"","background-repeat":"repeat","background-position":"center center","background-size":"auto","background-attachment":"scroll","background-type":"","background-media":"","overlay-type":"","overlay-color":"","overlay-opacity":"","overlay-gradient":""},"mobile":{"background-color":"var(--ast-global-color-5)","background-image":"","background-repeat":"repeat","background-position":"center center","background-size":"auto","background-attachment":"scroll","background-type":"","background-media":"","overlay-type":"","overlay-color":"","overlay-opacity":"","overlay-gradient":""}},"footnotes":""},"class_list":["post-23308","page","type-page","status-publish","hentry"],"post_mailing_queue_ids":[],"_links":{"self":[{"href":"https:\/\/serveiseducatius.xtec.cat\/vallesoriental3\/wp-json\/wp\/v2\/pages\/23308","targetHints":{"allow":["GET"]}}],"collection":[{"href":"https:\/\/serveiseducatius.xtec.cat\/vallesoriental3\/wp-json\/wp\/v2\/pages"}],"about":[{"href":"https:\/\/serveiseducatius.xtec.cat\/vallesoriental3\/wp-json\/wp\/v2\/types\/page"}],"author":[{"embeddable":true,"href":"https:\/\/serveiseducatius.xtec.cat\/vallesoriental3\/wp-json\/wp\/v2\/users\/1"}],"replies":[{"embeddable":true,"href":"https:\/\/serveiseducatius.xtec.cat\/vallesoriental3\/wp-json\/wp\/v2\/comments?post=23308"}],"version-history":[{"count":3,"href":"https:\/\/serveiseducatius.xtec.cat\/vallesoriental3\/wp-json\/wp\/v2\/pages\/23308\/revisions"}],"predecessor-version":[{"id":24205,"href":"https:\/\/serveiseducatius.xtec.cat\/vallesoriental3\/wp-json\/wp\/v2\/pages\/23308\/revisions\/24205"}],"up":[{"embeddable":true,"href":"https:\/\/serveiseducatius.xtec.cat\/vallesoriental3\/wp-json\/wp\/v2\/pages\/22833"}],"wp:attachment":[{"href":"https:\/\/serveiseducatius.xtec.cat\/vallesoriental3\/wp-json\/wp\/v2\/media?parent=23308"}],"curies":[{"name":"wp","href":"https:\/\/api.w.org\/{rel}","templated":true}]}}