{"id":23276,"date":"2025-04-24T21:40:56","date_gmt":"2025-04-24T19:40:56","guid":{"rendered":"https:\/\/serveiseducatius.xtec.cat\/vallesoriental3\/?page_id=23276"},"modified":"2026-02-18T12:01:39","modified_gmt":"2026-02-18T11:01:39","slug":"seminaris-i-grups-de-treball","status":"publish","type":"page","link":"https:\/\/serveiseducatius.xtec.cat\/vallesoriental3\/formacio\/seminaris-i-grups-de-treball\/","title":{"rendered":"Seminaris i grups de treball"},"content":{"rendered":"\n<p>Els <strong>seminaris i grups de treball<\/strong> s\u00f3n espais de <strong>formaci\u00f3, reflexi\u00f3 i intercanvi professional<\/strong> que impulsem des del Servei Educatiu Vall\u00e8s Oriental III, amb l\u2019objectiu de donar resposta a les necessitats reals dels centres educatius i fomentar la millora cont\u00ednua.<\/p>\n\n\n\n<h3 class=\"wp-block-heading has-ast-global-color-1-color has-text-color has-background has-link-color has-large-font-size wp-elements-15c75e9baaad73dc9892cb1ff6ca07e4\" style=\"background-color:#d3d3d3;padding-top:0;padding-right:0;padding-bottom:0;padding-left:0\">Espais de trobades i Seminaris de coordinaci\u00f3<\/h3>\n\n\n\n<p>Espais adre\u00e7ats a equips docents amb responsabilitats organitzatives i de coordinaci\u00f3:<\/p>\n\n\n\n<div class=\"wp-block-columns is-layout-flex wp-container-core-columns-is-layout-1 wp-block-columns-is-layout-flex\" style=\"padding-top:var(--wp--preset--spacing--20);padding-right:var(--wp--preset--spacing--20);padding-bottom:var(--wp--preset--spacing--20);padding-left:var(--wp--preset--spacing--20)\">\n<div class=\"wp-block-column is-layout-flow wp-block-column-is-layout-flow\">\n<figure class=\"wp-block-image size-full\"><img loading=\"lazy\" decoding=\"async\" width=\"500\" height=\"180\" src=\"https:\/\/serveiseducatius.xtec.cat\/vallesoriental3\/wp-content\/uploads\/usu768\/2025\/02\/4-1.png\" alt=\"\" class=\"wp-image-22616\" srcset=\"https:\/\/serveiseducatius.xtec.cat\/vallesoriental3\/wp-content\/uploads\/usu768\/2025\/02\/4-1.png 500w, https:\/\/serveiseducatius.xtec.cat\/vallesoriental3\/wp-content\/uploads\/usu768\/2025\/02\/4-1-210x76.png 210w\" sizes=\"auto, (max-width: 500px) 100vw, 500px\" \/><\/figure>\n\n\n\n<p><strong><a href=\"https:\/\/sites.google.com\/xtec.cat\/intranetcentres\" data-type=\"link\" data-id=\"https:\/\/sites.google.com\/xtec.cat\/intranetcentres\" target=\"_blank\" rel=\"noreferrer noopener\">Seminari d\u2019equips directius<\/a><\/strong><br>Acc\u00e9s restringit<\/p>\n\n\n\n<p><\/p>\n<\/div>\n\n\n\n<div class=\"wp-block-column is-layout-flow wp-block-column-is-layout-flow\">\n<figure class=\"wp-block-image size-full\"><img loading=\"lazy\" decoding=\"async\" width=\"500\" height=\"180\" src=\"https:\/\/serveiseducatius.xtec.cat\/vallesoriental3\/wp-content\/uploads\/usu768\/2025\/02\/3-2.png\" alt=\"\" class=\"wp-image-22615\" srcset=\"https:\/\/serveiseducatius.xtec.cat\/vallesoriental3\/wp-content\/uploads\/usu768\/2025\/02\/3-2.png 500w, https:\/\/serveiseducatius.xtec.cat\/vallesoriental3\/wp-content\/uploads\/usu768\/2025\/02\/3-2-210x76.png 210w\" sizes=\"auto, (max-width: 500px) 100vw, 500px\" \/><\/figure>\n\n\n\n<p><a href=\"https:\/\/sites.google.com\/xtec.cat\/bressols-sesantceloni\/inici\" data-type=\"link\" data-id=\"https:\/\/sites.google.com\/xtec.cat\/bressols-sesantceloni\/inici\" target=\"_blank\" rel=\"noreferrer noopener\"><strong>Xarxa d\u2019Escoles Bressol<\/strong> <strong>0-3<\/strong><\/a><\/p>\n<\/div>\n\n\n\n<div class=\"wp-block-column is-layout-flow wp-block-column-is-layout-flow\" style=\"padding-right:var(--wp--preset--spacing--20);padding-left:var(--wp--preset--spacing--20)\">\n<figure class=\"wp-block-image size-full\"><img loading=\"lazy\" decoding=\"async\" width=\"500\" height=\"180\" src=\"https:\/\/serveiseducatius.xtec.cat\/vallesoriental3\/wp-content\/uploads\/usu768\/2025\/04\/pri-sec1.png\" alt=\"\" class=\"wp-image-23403\" srcset=\"https:\/\/serveiseducatius.xtec.cat\/vallesoriental3\/wp-content\/uploads\/usu768\/2025\/04\/pri-sec1.png 500w, https:\/\/serveiseducatius.xtec.cat\/vallesoriental3\/wp-content\/uploads\/usu768\/2025\/04\/pri-sec1-210x76.png 210w\" sizes=\"auto, (max-width: 500px) 100vw, 500px\" \/><\/figure>\n\n\n\n<p><strong>Seminaris de coordinaci\u00f3 prim\u00e0ria-secund\u00e0ria<\/strong><\/p>\n\n\n\n<p><\/p>\n<\/div>\n\n\n\n<div class=\"wp-block-column is-layout-flow wp-block-column-is-layout-flow\" style=\"padding-right:var(--wp--preset--spacing--20);padding-left:var(--wp--preset--spacing--20)\">\n<figure class=\"wp-block-image size-full\"><img loading=\"lazy\" decoding=\"async\" width=\"500\" height=\"180\" src=\"https:\/\/serveiseducatius.xtec.cat\/vallesoriental3\/wp-content\/uploads\/usu768\/2025\/04\/secres1.png\" alt=\"\" class=\"wp-image-23405\" srcset=\"https:\/\/serveiseducatius.xtec.cat\/vallesoriental3\/wp-content\/uploads\/usu768\/2025\/04\/secres1.png 500w, https:\/\/serveiseducatius.xtec.cat\/vallesoriental3\/wp-content\/uploads\/usu768\/2025\/04\/secres1-210x76.png 210w\" sizes=\"auto, (max-width: 500px) 100vw, 500px\" \/><\/figure>\n\n\n\n<p><strong>Xarxa de secretaris i secret\u00e0ries de centre<\/strong><\/p>\n\n\n\n<p>Suport i intercanvi per als equips de gesti\u00f3 administrativa dels centres.<\/p>\n<\/div>\n<\/div>\n\n\n\n<div class=\"wp-block-columns is-layout-flex wp-container-core-columns-is-layout-2 wp-block-columns-is-layout-flex\" style=\"padding-top:var(--wp--preset--spacing--20);padding-right:var(--wp--preset--spacing--20);padding-bottom:var(--wp--preset--spacing--20);padding-left:var(--wp--preset--spacing--20)\">\n<div class=\"wp-block-column is-layout-flow wp-block-column-is-layout-flow\">\n<figure class=\"wp-block-image size-full\"><img loading=\"lazy\" decoding=\"async\" width=\"500\" height=\"180\" src=\"https:\/\/serveiseducatius.xtec.cat\/vallesoriental3\/wp-content\/uploads\/usu768\/2026\/01\/logos-500x-130.jpg\" alt=\"\" class=\"wp-image-24173\" srcset=\"https:\/\/serveiseducatius.xtec.cat\/vallesoriental3\/wp-content\/uploads\/usu768\/2026\/01\/logos-500x-130.jpg 500w, https:\/\/serveiseducatius.xtec.cat\/vallesoriental3\/wp-content\/uploads\/usu768\/2026\/01\/logos-500x-130-210x76.jpg 210w\" sizes=\"auto, (max-width: 500px) 100vw, 500px\" \/><\/figure>\n\n\n\n<p><strong><a href=\"https:\/\/sites.google.com\/xtec.cat\/cocobe-voiii\/cocobe\" data-type=\"link\" data-id=\"https:\/\/sites.google.com\/xtec.cat\/cocobe-voiii\/cocobe\" target=\"_blank\" rel=\"noreferrer noopener\">Trobades Referents COCOBE<\/a><\/strong><br>Acc\u00e9s amb correu xtec.<\/p>\n\n\n\n<p><\/p>\n<\/div>\n\n\n\n<div class=\"wp-block-column is-layout-flow wp-block-column-is-layout-flow\">\n<figure class=\"wp-block-image size-full\"><img loading=\"lazy\" decoding=\"async\" width=\"500\" height=\"180\" src=\"https:\/\/serveiseducatius.xtec.cat\/vallesoriental3\/wp-content\/uploads\/usu768\/2026\/02\/logos-500x-130.png\" alt=\"\" class=\"wp-image-24304\" srcset=\"https:\/\/serveiseducatius.xtec.cat\/vallesoriental3\/wp-content\/uploads\/usu768\/2026\/02\/logos-500x-130.png 500w, https:\/\/serveiseducatius.xtec.cat\/vallesoriental3\/wp-content\/uploads\/usu768\/2026\/02\/logos-500x-130-210x76.png 210w\" sizes=\"auto, (max-width: 500px) 100vw, 500px\" \/><\/figure>\n\n\n\n<p><strong><a href=\"https:\/\/sites.google.com\/xtec.cat\/ccmstamdepalautordera\/presentaci%C3%B3\" target=\"_blank\" rel=\"noreferrer noopener\">Comissi\u00f3 Coeducaci\u00f3 Santa Maria de Palautordera<\/a><\/strong><\/p>\n<\/div>\n\n\n\n<div class=\"wp-block-column is-layout-flow wp-block-column-is-layout-flow\" style=\"padding-right:var(--wp--preset--spacing--20);padding-left:var(--wp--preset--spacing--20)\">\n<p><\/p>\n\n\n\n<p><\/p>\n<\/div>\n\n\n\n<div class=\"wp-block-column is-layout-flow wp-block-column-is-layout-flow\" style=\"padding-right:var(--wp--preset--spacing--20);padding-left:var(--wp--preset--spacing--20)\">\n<p><\/p>\n\n\n\n<p><\/p>\n<\/div>\n<\/div>\n\n\n\n<h3 class=\"wp-block-heading has-ast-global-color-1-color has-text-color has-background has-link-color has-large-font-size wp-elements-2f27d825e08742dffbe93570d8f80a54\" style=\"background-color:#d3d3d3;padding-top:0;padding-right:0;padding-bottom:0;padding-left:0\">Seminaris i grups de treball tem\u00e0tics<\/h3>\n\n\n\n<p>Espais de recerca, innovaci\u00f3 i creaci\u00f3 de propostes al voltant de tem\u00e0tiques educatives espec\u00edfiques:<\/p>\n\n\n\n<div class=\"wp-block-columns is-layout-flex wp-container-core-columns-is-layout-3 wp-block-columns-is-layout-flex\" style=\"padding-top:var(--wp--preset--spacing--20);padding-right:var(--wp--preset--spacing--20);padding-bottom:var(--wp--preset--spacing--20);padding-left:var(--wp--preset--spacing--20)\">\n<div class=\"wp-block-column is-layout-flow wp-block-column-is-layout-flow\">\n<figure class=\"wp-block-image size-full\"><img loading=\"lazy\" decoding=\"async\" width=\"500\" height=\"180\" src=\"https:\/\/serveiseducatius.xtec.cat\/vallesoriental3\/wp-content\/uploads\/usu768\/2025\/04\/x-art.png\" alt=\"\" class=\"wp-image-23396\" srcset=\"https:\/\/serveiseducatius.xtec.cat\/vallesoriental3\/wp-content\/uploads\/usu768\/2025\/04\/x-art.png 500w, https:\/\/serveiseducatius.xtec.cat\/vallesoriental3\/wp-content\/uploads\/usu768\/2025\/04\/x-art-210x76.png 210w\" sizes=\"auto, (max-width: 500px) 100vw, 500px\" \/><\/figure>\n\n\n\n<p><strong>Seminari X-ART<\/strong><\/p>\n\n\n\n<p>Exploraci\u00f3 del paper de les arts en l\u2019educaci\u00f3 i intercanvi de pr\u00e0ctiques art\u00edstiques.<\/p>\n<\/div>\n\n\n\n<div class=\"wp-block-column is-layout-flow wp-block-column-is-layout-flow\">\n<figure class=\"wp-block-image size-full\"><img loading=\"lazy\" decoding=\"async\" width=\"500\" height=\"180\" src=\"https:\/\/serveiseducatius.xtec.cat\/vallesoriental3\/wp-content\/uploads\/usu768\/2025\/04\/lij.png\" alt=\"\" class=\"wp-image-23400\" srcset=\"https:\/\/serveiseducatius.xtec.cat\/vallesoriental3\/wp-content\/uploads\/usu768\/2025\/04\/lij.png 500w, https:\/\/serveiseducatius.xtec.cat\/vallesoriental3\/wp-content\/uploads\/usu768\/2025\/04\/lij-210x76.png 210w\" sizes=\"auto, (max-width: 500px) 100vw, 500px\" \/><\/figure>\n\n\n\n<p><strong>Grup de treball de lectura infantil i juvenil de Cardedeu<\/strong><\/p>\n\n\n\n<p>Intercanvi de propostes per fomentar el gust per la lectura i dinamitzar projectes literaris als centres.<\/p>\n<\/div>\n\n\n\n<div class=\"wp-block-column is-layout-flow wp-block-column-is-layout-flow\" style=\"padding-right:var(--wp--preset--spacing--20);padding-left:var(--wp--preset--spacing--20)\">\n<figure class=\"wp-block-image size-full\"><img loading=\"lazy\" decoding=\"async\" width=\"500\" height=\"180\" src=\"https:\/\/serveiseducatius.xtec.cat\/vallesoriental3\/wp-content\/uploads\/usu768\/2025\/04\/memp-historica.png\" alt=\"\" class=\"wp-image-23410\" srcset=\"https:\/\/serveiseducatius.xtec.cat\/vallesoriental3\/wp-content\/uploads\/usu768\/2025\/04\/memp-historica.png 500w, https:\/\/serveiseducatius.xtec.cat\/vallesoriental3\/wp-content\/uploads\/usu768\/2025\/04\/memp-historica-210x76.png 210w\" sizes=\"auto, (max-width: 500px) 100vw, 500px\" \/><\/figure>\n\n\n\n<p><strong>Grup de treball de Mem\u00f2ria Hist\u00f2rica<\/strong><\/p>\n\n\n\n<p>Espai per reflexionar, documentar i elaborar recursos did\u00e0ctics sobre la mem\u00f2ria democr\u00e0tica, treballant la hist\u00f2ria contempor\u00e0nia amb una mirada cr\u00edtica i educativa.<\/p>\n<\/div>\n\n\n\n<div class=\"wp-block-column is-layout-flow wp-block-column-is-layout-flow\" style=\"padding-right:var(--wp--preset--spacing--20);padding-left:var(--wp--preset--spacing--20)\">\n<figure class=\"wp-block-image size-full\"><img loading=\"lazy\" decoding=\"async\" width=\"500\" height=\"180\" src=\"https:\/\/serveiseducatius.xtec.cat\/vallesoriental3\/wp-content\/uploads\/usu768\/2025\/04\/debat-1.png\" alt=\"\" class=\"wp-image-23423\" srcset=\"https:\/\/serveiseducatius.xtec.cat\/vallesoriental3\/wp-content\/uploads\/usu768\/2025\/04\/debat-1.png 500w, https:\/\/serveiseducatius.xtec.cat\/vallesoriental3\/wp-content\/uploads\/usu768\/2025\/04\/debat-1-210x76.png 210w\" sizes=\"auto, (max-width: 500px) 100vw, 500px\" \/><\/figure>\n\n\n\n<p><strong>Seminari Immersi\u00f3 Ling\u00fc\u00edstica<\/strong><\/p>\n\n\n\n<p>Espai de coordinaci\u00f3 i formaci\u00f3 per al seguiment i suport als programes d\u2019immersi\u00f3 i acollida ling\u00fc\u00edstica.<\/p>\n<\/div>\n<\/div>\n\n\n\n<div class=\"wp-block-columns is-layout-flex wp-container-core-columns-is-layout-4 wp-block-columns-is-layout-flex\" style=\"padding-top:var(--wp--preset--spacing--20);padding-right:var(--wp--preset--spacing--20);padding-bottom:var(--wp--preset--spacing--20);padding-left:var(--wp--preset--spacing--20)\">\n<div class=\"wp-block-column is-layout-flow wp-block-column-is-layout-flow\">\n<figure class=\"wp-block-image size-full\"><img loading=\"lazy\" decoding=\"async\" width=\"500\" height=\"180\" src=\"https:\/\/serveiseducatius.xtec.cat\/vallesoriental3\/wp-content\/uploads\/usu768\/2025\/09\/immersio-1.png\" alt=\"\" class=\"wp-image-23906\" srcset=\"https:\/\/serveiseducatius.xtec.cat\/vallesoriental3\/wp-content\/uploads\/usu768\/2025\/09\/immersio-1.png 500w, https:\/\/serveiseducatius.xtec.cat\/vallesoriental3\/wp-content\/uploads\/usu768\/2025\/09\/immersio-1-210x76.png 210w\" sizes=\"auto, (max-width: 500px) 100vw, 500px\" \/><\/figure>\n\n\n\n<p><strong>Seminari Poe<\/strong><\/p>\n\n\n\n<p>Focalitzat en acompanyament i elaboraci\u00f3 de models validats per a la Orientaci\u00f3 Educativa a Secund\u00e0ria.<\/p>\n<\/div>\n\n\n\n<div class=\"wp-block-column is-layout-flow wp-block-column-is-layout-flow\">\n<p><\/p>\n\n\n\n<p><\/p>\n<\/div>\n\n\n\n<div class=\"wp-block-column is-layout-flow wp-block-column-is-layout-flow\" style=\"padding-right:var(--wp--preset--spacing--20);padding-left:var(--wp--preset--spacing--20)\">\n<p><\/p>\n\n\n\n<p><\/p>\n<\/div>\n\n\n\n<div class=\"wp-block-column is-layout-flow wp-block-column-is-layout-flow\" style=\"padding-right:var(--wp--preset--spacing--20);padding-left:var(--wp--preset--spacing--20)\">\n<p><\/p>\n\n\n\n<p><\/p>\n<\/div>\n<\/div>\n\n\n\n<p><\/p>\n\n\n\n<h3 class=\"wp-block-heading has-ast-global-color-1-color has-text-color has-background has-link-color has-large-font-size wp-elements-c735db39d380d0f593dedd17093ae493\" style=\"background-color:#d3d3d3;padding-top:0;padding-right:0;padding-bottom:0;padding-left:0\">Nous grups de treball 25-26<\/h3>\n\n\n\n<p>Activaci\u00f3 de nous grups de treball pel curs 25-26:<\/p>\n\n\n\n<ul class=\"wp-block-list\">\n<li><strong>Grup de treball sobre Matem\u00e0tiques:<\/strong> aprofundiment en metodologies actives i ensenyament competencial en l\u2019\u00e0mbit matem\u00e0tic.<\/li>\n\n\n\n<li><strong>Grup de treball de R\u00e0dio i Audiovisuals:<\/strong> per impulsar projectes de comunicaci\u00f3, expressi\u00f3 i creativitat als centres educatius.<\/li>\n\n\n\n<li><strong>Grup de treball Programaci\u00f3 i curr\u00edculum a secund\u00e0ria. <\/strong><\/li>\n\n\n\n<li><strong>Grup de treball de Creaci\u00f3 digital i cultura Maker. <\/strong><\/li>\n\n\n\n<li>Grup de treball Torneig de Debat<\/li>\n<\/ul>\n\n\n\n<hr class=\"wp-block-separator has-alpha-channel-opacity\"\/>\n\n\n\n<p><strong>A trav\u00e9s d\u2019aquests espais, volem refor\u00e7ar la comunitat educativa del territori, posar en valor l\u2019experi\u00e8ncia docent i generar respostes innovadores i col\u00b7laboratives als reptes educatius actuals.<\/strong><\/p>\n\n\n\n<div class=\"wp-block-columns is-layout-flex wp-container-core-columns-is-layout-5 wp-block-columns-is-layout-flex\" style=\"padding-top:var(--wp--preset--spacing--20);padding-right:var(--wp--preset--spacing--20);padding-bottom:var(--wp--preset--spacing--20);padding-left:var(--wp--preset--spacing--20)\">\n<div class=\"wp-block-column is-layout-flow wp-block-column-is-layout-flow\"><\/div>\n\n\n\n<div class=\"wp-block-column is-layout-flow wp-block-column-is-layout-flow\"><\/div>\n\n\n\n<div class=\"wp-block-column is-layout-flow wp-block-column-is-layout-flow\" style=\"padding-right:var(--wp--preset--spacing--20);padding-left:var(--wp--preset--spacing--20)\"><\/div>\n<\/div>\n\n\n\n<p><\/p>\n\n\n\n<p><\/p>\n","protected":false},"excerpt":{"rendered":"<p>Els seminaris i grups de treball s\u00f3n espais de formaci\u00f3, reflexi\u00f3 i intercanvi professional que impulsem des del Servei Educatiu [&hellip;]<\/p>\n","protected":false},"author":1,"featured_media":0,"parent":22833,"menu_order":0,"comment_status":"closed","ping_status":"close","template":"","meta":{"_bbp_topic_count":0,"_bbp_reply_count":0,"_bbp_total_topic_count":0,"_bbp_total_reply_count":0,"_bbp_voice_count":0,"_bbp_anonymous_reply_count":0,"_bbp_topic_count_hidden":0,"_bbp_reply_count_hidden":0,"_bbp_forum_subforum_count":0,"site-sidebar-layout":"default","site-content-layout":"","ast-site-content-layout":"default","site-content-style":"default","site-sidebar-style":"default","ast-global-header-display":"","ast-banner-title-visibility":"","ast-main-header-display":"","ast-hfb-above-header-display":"","ast-hfb-below-header-display":"","ast-hfb-mobile-header-display":"","site-post-title":"","ast-breadcrumbs-content":"","ast-featured-img":"","footer-sml-layout":"","theme-transparent-header-meta":"","adv-header-id-meta":"","stick-header-meta":"","header-above-stick-meta":"","header-main-stick-meta":"","header-below-stick-meta":"","astra-migrate-meta-layouts":"set","ast-page-background-enabled":"default","ast-page-background-meta":{"desktop":{"background-color":"var(--ast-global-color-4)","background-image":"","background-repeat":"repeat","background-position":"center center","background-size":"auto","background-attachment":"scroll","background-type":"","background-media":"","overlay-type":"","overlay-color":"","overlay-opacity":"","overlay-gradient":""},"tablet":{"background-color":"","background-image":"","background-repeat":"repeat","background-position":"center center","background-size":"auto","background-attachment":"scroll","background-type":"","background-media":"","overlay-type":"","overlay-color":"","overlay-opacity":"","overlay-gradient":""},"mobile":{"background-color":"","background-image":"","background-repeat":"repeat","background-position":"center center","background-size":"auto","background-attachment":"scroll","background-type":"","background-media":"","overlay-type":"","overlay-color":"","overlay-opacity":"","overlay-gradient":""}},"ast-content-background-meta":{"desktop":{"background-color":"var(--ast-global-color-5)","background-image":"","background-repeat":"repeat","background-position":"center center","background-size":"auto","background-attachment":"scroll","background-type":"","background-media":"","overlay-type":"","overlay-color":"","overlay-opacity":"","overlay-gradient":""},"tablet":{"background-color":"var(--ast-global-color-5)","background-image":"","background-repeat":"repeat","background-position":"center center","background-size":"auto","background-attachment":"scroll","background-type":"","background-media":"","overlay-type":"","overlay-color":"","overlay-opacity":"","overlay-gradient":""},"mobile":{"background-color":"var(--ast-global-color-5)","background-image":"","background-repeat":"repeat","background-position":"center center","background-size":"auto","background-attachment":"scroll","background-type":"","background-media":"","overlay-type":"","overlay-color":"","overlay-opacity":"","overlay-gradient":""}},"footnotes":""},"class_list":["post-23276","page","type-page","status-publish","hentry"],"post_mailing_queue_ids":[],"_links":{"self":[{"href":"https:\/\/serveiseducatius.xtec.cat\/vallesoriental3\/wp-json\/wp\/v2\/pages\/23276","targetHints":{"allow":["GET"]}}],"collection":[{"href":"https:\/\/serveiseducatius.xtec.cat\/vallesoriental3\/wp-json\/wp\/v2\/pages"}],"about":[{"href":"https:\/\/serveiseducatius.xtec.cat\/vallesoriental3\/wp-json\/wp\/v2\/types\/page"}],"author":[{"embeddable":true,"href":"https:\/\/serveiseducatius.xtec.cat\/vallesoriental3\/wp-json\/wp\/v2\/users\/1"}],"replies":[{"embeddable":true,"href":"https:\/\/serveiseducatius.xtec.cat\/vallesoriental3\/wp-json\/wp\/v2\/comments?post=23276"}],"version-history":[{"count":6,"href":"https:\/\/serveiseducatius.xtec.cat\/vallesoriental3\/wp-json\/wp\/v2\/pages\/23276\/revisions"}],"predecessor-version":[{"id":24314,"href":"https:\/\/serveiseducatius.xtec.cat\/vallesoriental3\/wp-json\/wp\/v2\/pages\/23276\/revisions\/24314"}],"up":[{"embeddable":true,"href":"https:\/\/serveiseducatius.xtec.cat\/vallesoriental3\/wp-json\/wp\/v2\/pages\/22833"}],"wp:attachment":[{"href":"https:\/\/serveiseducatius.xtec.cat\/vallesoriental3\/wp-json\/wp\/v2\/media?parent=23276"}],"curies":[{"name":"wp","href":"https:\/\/api.w.org\/{rel}","templated":true}]}}