{"id":23160,"date":"2025-03-27T10:37:15","date_gmt":"2025-03-27T09:37:15","guid":{"rendered":"https:\/\/serveiseducatius.xtec.cat\/vallesoriental3\/?page_id=23160"},"modified":"2025-03-27T19:42:13","modified_gmt":"2025-03-27T18:42:13","slug":"educacio-socioemocional","status":"publish","type":"page","link":"https:\/\/serveiseducatius.xtec.cat\/vallesoriental3\/convivencia\/educacio-socioemocional\/","title":{"rendered":"Educaci\u00f3 Socioemocional"},"content":{"rendered":"\n<p>L\u2019educaci\u00f3 socioemocional \u00e9s clau per al desenvolupament integral de l\u2019alumnat i la construcci\u00f3 d\u2019una bona conviv\u00e8ncia. Ajudar els infants i joves a recon\u00e8ixer, comprendre i gestionar les pr\u00f2pies emocions, aix\u00ed com a establir relacions sanes i emp\u00e0tiques, \u00e9s fonamental per a l\u2019aprenentatge i el benestar personal i col\u00b7lectiu.<\/p>\n\n\n\n<p>En aquest espai trobar\u00e0s <strong>recursos, propostes did\u00e0ctiques i programes<\/strong> per treballar les compet\u00e8ncies emocionals a l\u2019aula, afavorir el clima positiu i acompanyar el creixement emocional de l\u2019alumnat en totes les etapes educatives.<\/p>\n\n\n\n<h2 class=\"wp-block-heading has-ast-global-color-1-color has-text-color has-background has-link-color has-large-font-size wp-elements-0418b34eeee395b7ed58a43ea8b9865b\" style=\"background-color:#d3d3d3;padding-top:0;padding-right:0;padding-bottom:0;padding-left:0\">Darrers articles publicats<\/h2>\n\n\n\n\t\t<div class=\"wp-block-getwid-recent-posts has-layout-list\">\n\t\t\t<div class=\"wp-block-getwid-recent-posts__wrapper\">\n\t\t\t\t\n<article id=\"post-23241\" class=\"wp-block-getwid-recent-posts__post\">\n    <div class=\"wp-block-getwid-recent-posts__post-wrapper\">\n                    <div class=\"wp-block-getwid-recent-posts__post-thumbnail\">\n                <a href=\"https:\/\/serveiseducatius.xtec.cat\/vallesoriental3\/general\/recursos-socioemocionals-escola-de-la-pau-lescala-de-provencio\/\"><img loading=\"lazy\" decoding=\"async\" width=\"150\" height=\"150\" src=\"https:\/\/serveiseducatius.xtec.cat\/vallesoriental3\/wp-content\/uploads\/usu768\/2025\/03\/Captura-de-pantalla-2025-03-28-a-les-3.10.14\u202fp.-m-150x150.png\" class=\"attachment-thumbnail size-thumbnail wp-post-image\" alt=\"Recursos socioemocionals \u2013 Escola de la Pau. l\u2019Escala de Provenci\u00f3\" \/><\/a>\n            <\/div>\n                            <div class=\"wp-block-getwid-recent-posts__content-wrapper\">\n                                    <header class=\"wp-block-getwid-recent-posts__entry-header\">\n                                                    <h5 class=\"wp-block-getwid-recent-posts__post-title\"><a href=\"https:\/\/serveiseducatius.xtec.cat\/vallesoriental3\/general\/recursos-socioemocionals-escola-de-la-pau-lescala-de-provencio\/\">Recursos socioemocionals \u2013 Escola de la Pau. l\u2019Escala de Provenci\u00f3<\/a><\/h5>                                                                    <\/header>\n                                <div class=\"wp-block-getwid-recent-posts__post-content\">L\u2019Escala de Provenci\u00f3 ofereix un banc de recursos molt complet per al treball socioemocional dins l\u2019\u00e0mbit escolar. Hi trobareu activitats&hellip;<\/div>\n                \n                            <\/div>\n            <\/div>\n<\/article>\n\n<article id=\"post-23200\" class=\"wp-block-getwid-recent-posts__post\">\n    <div class=\"wp-block-getwid-recent-posts__post-wrapper\">\n                    <div class=\"wp-block-getwid-recent-posts__post-thumbnail\">\n                <a href=\"https:\/\/serveiseducatius.xtec.cat\/vallesoriental3\/general\/com-coeducar-a-laula\/\"><img loading=\"lazy\" decoding=\"async\" width=\"150\" height=\"150\" src=\"https:\/\/serveiseducatius.xtec.cat\/vallesoriental3\/wp-content\/uploads\/usu768\/2025\/03\/Captura-de-pantalla-2025-03-27-a-les-5.51.12\u202fp.-m-150x150.png\" class=\"attachment-thumbnail size-thumbnail wp-post-image\" alt=\"Com coeducar a l\u2019aula\" srcset=\"https:\/\/serveiseducatius.xtec.cat\/vallesoriental3\/wp-content\/uploads\/usu768\/2025\/03\/Captura-de-pantalla-2025-03-27-a-les-5.51.12\u202fp.-m-150x150.png 150w, https:\/\/serveiseducatius.xtec.cat\/vallesoriental3\/wp-content\/uploads\/usu768\/2025\/03\/Captura-de-pantalla-2025-03-27-a-les-5.51.12\u202fp.-m-210x211.png 210w, https:\/\/serveiseducatius.xtec.cat\/vallesoriental3\/wp-content\/uploads\/usu768\/2025\/03\/Captura-de-pantalla-2025-03-27-a-les-5.51.12\u202fp.-m-768x773.png 768w, https:\/\/serveiseducatius.xtec.cat\/vallesoriental3\/wp-content\/uploads\/usu768\/2025\/03\/Captura-de-pantalla-2025-03-27-a-les-5.51.12\u202fp.-m.png 906w\" sizes=\"auto, (max-width: 150px) 100vw, 150px\" \/><\/a>\n            <\/div>\n                            <div class=\"wp-block-getwid-recent-posts__content-wrapper\">\n                                    <header class=\"wp-block-getwid-recent-posts__entry-header\">\n                                                    <h5 class=\"wp-block-getwid-recent-posts__post-title\"><a href=\"https:\/\/serveiseducatius.xtec.cat\/vallesoriental3\/general\/com-coeducar-a-laula\/\">Com coeducar a l\u2019aula<\/a><\/h5>                                                                    <\/header>\n                                <div class=\"wp-block-getwid-recent-posts__post-content\">Guia clara i pr\u00e0ctica que explica qu\u00e8 vol dir coeducar i com portar-ho a la pr\u00e0ctica a l\u2019aula. Ofereix exemples&hellip;<\/div>\n                \n                            <\/div>\n            <\/div>\n<\/article>\n\n<article id=\"post-23201\" class=\"wp-block-getwid-recent-posts__post\">\n    <div class=\"wp-block-getwid-recent-posts__post-wrapper\">\n                    <div class=\"wp-block-getwid-recent-posts__post-thumbnail\">\n                <a href=\"https:\/\/serveiseducatius.xtec.cat\/vallesoriental3\/convivencia\/curtmetratges-per-treballar-valors\/\"><img loading=\"lazy\" decoding=\"async\" width=\"150\" height=\"150\" src=\"https:\/\/serveiseducatius.xtec.cat\/vallesoriental3\/wp-content\/uploads\/usu768\/2025\/02\/Captura-de-pantalla-2025-03-27-a-les-5.44.48\u202fp.-m-1-150x150.png\" class=\"attachment-thumbnail size-thumbnail wp-post-image\" alt=\"Curtmetratges per treballar valors\" \/><\/a>\n            <\/div>\n                            <div class=\"wp-block-getwid-recent-posts__content-wrapper\">\n                                    <header class=\"wp-block-getwid-recent-posts__entry-header\">\n                                                    <h5 class=\"wp-block-getwid-recent-posts__post-title\"><a href=\"https:\/\/serveiseducatius.xtec.cat\/vallesoriental3\/convivencia\/curtmetratges-per-treballar-valors\/\">Curtmetratges per treballar valors<\/a><\/h5>                                                                    <\/header>\n                                <div class=\"wp-block-getwid-recent-posts__post-content\">Aquesta selecci\u00f3 audiovisual proposa curtmetratges per treballar temes com l\u2019amistat, la solidaritat, la diversitat, l\u2019autoestima o la resili\u00e8ncia. Cada proposta&hellip;<\/div>\n                \n                            <\/div>\n            <\/div>\n<\/article>\n\n<article id=\"post-22218\" class=\"wp-block-getwid-recent-posts__post\">\n    <div class=\"wp-block-getwid-recent-posts__post-wrapper\">\n                    <div class=\"wp-block-getwid-recent-posts__post-thumbnail\">\n                <a href=\"https:\/\/serveiseducatius.xtec.cat\/vallesoriental3\/portada\/jornada-deducacio-emocional\/\"><img loading=\"lazy\" decoding=\"async\" width=\"150\" height=\"150\" src=\"https:\/\/serveiseducatius.xtec.cat\/vallesoriental3\/wp-content\/uploads\/usu768\/2024\/12\/Jornada-Educacio-emocional-21.166-x-30-cm1-1-150x150.png\" class=\"attachment-thumbnail size-thumbnail wp-post-image\" alt=\"Jornada d&#8217;Educaci\u00f3 Emocional\" \/><\/a>\n            <\/div>\n                            <div class=\"wp-block-getwid-recent-posts__content-wrapper\">\n                                    <header class=\"wp-block-getwid-recent-posts__entry-header\">\n                                                    <h5 class=\"wp-block-getwid-recent-posts__post-title\"><a href=\"https:\/\/serveiseducatius.xtec.cat\/vallesoriental3\/portada\/jornada-deducacio-emocional\/\">Jornada d&#8217;Educaci\u00f3 Emocional<\/a><\/h5>                                                                    <\/header>\n                                <div class=\"wp-block-getwid-recent-posts__post-content\">Evid\u00e8ncies i estrat\u00e8gies per al benestar emocional Projecte Educ\u00e0rdia El Projecte Educ\u00e0rdia, co-finan\u00e7at per la Comissi\u00f3 Europea, ha estat creat&hellip;<\/div>\n                \n                            <\/div>\n            <\/div>\n<\/article>\n\n<article id=\"post-18444\" class=\"wp-block-getwid-recent-posts__post\">\n    <div class=\"wp-block-getwid-recent-posts__post-wrapper\">\n                    <div class=\"wp-block-getwid-recent-posts__post-thumbnail\">\n                <a href=\"https:\/\/serveiseducatius.xtec.cat\/vallesoriental3\/portada\/video-de-lacompanyament-a-la-gestio-emocional-dinfants-i-joves\/\"><img loading=\"lazy\" decoding=\"async\" width=\"150\" height=\"150\" src=\"https:\/\/serveiseducatius.xtec.cat\/vallesoriental3\/wp-content\/uploads\/usu768\/2020\/09\/Com-podem-gestionar-el-retrobament-emocional_-1-150x150.png\" class=\"attachment-thumbnail size-thumbnail wp-post-image\" alt=\"V\u00eddeo: De l&#8217;acompanyament a la gesti\u00f3 emocional d&#8217;infants i joves\" srcset=\"https:\/\/serveiseducatius.xtec.cat\/vallesoriental3\/wp-content\/uploads\/usu768\/2020\/09\/Com-podem-gestionar-el-retrobament-emocional_-1-150x150.png 150w, https:\/\/serveiseducatius.xtec.cat\/vallesoriental3\/wp-content\/uploads\/usu768\/2020\/09\/Com-podem-gestionar-el-retrobament-emocional_-1-210x210.png 210w, https:\/\/serveiseducatius.xtec.cat\/vallesoriental3\/wp-content\/uploads\/usu768\/2020\/09\/Com-podem-gestionar-el-retrobament-emocional_-1-768x768.png 768w, https:\/\/serveiseducatius.xtec.cat\/vallesoriental3\/wp-content\/uploads\/usu768\/2020\/09\/Com-podem-gestionar-el-retrobament-emocional_-1-1024x1024.png 1024w, https:\/\/serveiseducatius.xtec.cat\/vallesoriental3\/wp-content\/uploads\/usu768\/2020\/09\/Com-podem-gestionar-el-retrobament-emocional_-1.png 1080w\" sizes=\"auto, (max-width: 150px) 100vw, 150px\" \/><\/a>\n            <\/div>\n                            <div class=\"wp-block-getwid-recent-posts__content-wrapper\">\n                                    <header class=\"wp-block-getwid-recent-posts__entry-header\">\n                                                    <h5 class=\"wp-block-getwid-recent-posts__post-title\"><a href=\"https:\/\/serveiseducatius.xtec.cat\/vallesoriental3\/portada\/video-de-lacompanyament-a-la-gestio-emocional-dinfants-i-joves\/\">V\u00eddeo: De l&#8217;acompanyament a la gesti\u00f3 emocional d&#8217;infants i joves<\/a><\/h5>                                                                    <\/header>\n                                <div class=\"wp-block-getwid-recent-posts__post-content\">Segona part de la videoconfer\u00e8ncia per donar orientacions pr\u00e0ctiques als i a les docents en el retrobament emocional als centres:&hellip;<\/div>\n                \n                            <\/div>\n            <\/div>\n<\/article>\n\t\t\t<\/div>\n\t\t<\/div>\n\t\t\n\n\n<div style=\"height:20px\" aria-hidden=\"true\" class=\"wp-block-spacer\"><\/div>\n\n\n\n<p><\/p>\n\n\n\n<p><\/p>\n","protected":false},"excerpt":{"rendered":"<p>L\u2019educaci\u00f3 socioemocional \u00e9s clau per al desenvolupament integral de l\u2019alumnat i la construcci\u00f3 d\u2019una bona conviv\u00e8ncia. Ajudar els infants i [&hellip;]<\/p>\n","protected":false},"author":1,"featured_media":0,"parent":21354,"menu_order":0,"comment_status":"closed","ping_status":"close","template":"","meta":{"_bbp_topic_count":0,"_bbp_reply_count":0,"_bbp_total_topic_count":0,"_bbp_total_reply_count":0,"_bbp_voice_count":0,"_bbp_anonymous_reply_count":0,"_bbp_topic_count_hidden":0,"_bbp_reply_count_hidden":0,"_bbp_forum_subforum_count":0,"site-sidebar-layout":"default","site-content-layout":"","ast-site-content-layout":"default","site-content-style":"default","site-sidebar-style":"default","ast-global-header-display":"","ast-banner-title-visibility":"","ast-main-header-display":"","ast-hfb-above-header-display":"","ast-hfb-below-header-display":"","ast-hfb-mobile-header-display":"","site-post-title":"","ast-breadcrumbs-content":"","ast-featured-img":"","footer-sml-layout":"","theme-transparent-header-meta":"","adv-header-id-meta":"","stick-header-meta":"","header-above-stick-meta":"","header-main-stick-meta":"","header-below-stick-meta":"","astra-migrate-meta-layouts":"set","ast-page-background-enabled":"default","ast-page-background-meta":{"desktop":{"background-color":"var(--ast-global-color-4)","background-image":"","background-repeat":"repeat","background-position":"center center","background-size":"auto","background-attachment":"scroll","background-type":"","background-media":"","overlay-type":"","overlay-color":"","overlay-opacity":"","overlay-gradient":""},"tablet":{"background-color":"","background-image":"","background-repeat":"repeat","background-position":"center center","background-size":"auto","background-attachment":"scroll","background-type":"","background-media":"","overlay-type":"","overlay-color":"","overlay-opacity":"","overlay-gradient":""},"mobile":{"background-color":"","background-image":"","background-repeat":"repeat","background-position":"center center","background-size":"auto","background-attachment":"scroll","background-type":"","background-media":"","overlay-type":"","overlay-color":"","overlay-opacity":"","overlay-gradient":""}},"ast-content-background-meta":{"desktop":{"background-color":"var(--ast-global-color-5)","background-image":"","background-repeat":"repeat","background-position":"center center","background-size":"auto","background-attachment":"scroll","background-type":"","background-media":"","overlay-type":"","overlay-color":"","overlay-opacity":"","overlay-gradient":""},"tablet":{"background-color":"var(--ast-global-color-5)","background-image":"","background-repeat":"repeat","background-position":"center center","background-size":"auto","background-attachment":"scroll","background-type":"","background-media":"","overlay-type":"","overlay-color":"","overlay-opacity":"","overlay-gradient":""},"mobile":{"background-color":"var(--ast-global-color-5)","background-image":"","background-repeat":"repeat","background-position":"center center","background-size":"auto","background-attachment":"scroll","background-type":"","background-media":"","overlay-type":"","overlay-color":"","overlay-opacity":"","overlay-gradient":""}},"footnotes":""},"class_list":["post-23160","page","type-page","status-publish","hentry"],"post_mailing_queue_ids":[],"_links":{"self":[{"href":"https:\/\/serveiseducatius.xtec.cat\/vallesoriental3\/wp-json\/wp\/v2\/pages\/23160","targetHints":{"allow":["GET"]}}],"collection":[{"href":"https:\/\/serveiseducatius.xtec.cat\/vallesoriental3\/wp-json\/wp\/v2\/pages"}],"about":[{"href":"https:\/\/serveiseducatius.xtec.cat\/vallesoriental3\/wp-json\/wp\/v2\/types\/page"}],"author":[{"embeddable":true,"href":"https:\/\/serveiseducatius.xtec.cat\/vallesoriental3\/wp-json\/wp\/v2\/users\/1"}],"replies":[{"embeddable":true,"href":"https:\/\/serveiseducatius.xtec.cat\/vallesoriental3\/wp-json\/wp\/v2\/comments?post=23160"}],"version-history":[{"count":4,"href":"https:\/\/serveiseducatius.xtec.cat\/vallesoriental3\/wp-json\/wp\/v2\/pages\/23160\/revisions"}],"predecessor-version":[{"id":23217,"href":"https:\/\/serveiseducatius.xtec.cat\/vallesoriental3\/wp-json\/wp\/v2\/pages\/23160\/revisions\/23217"}],"up":[{"embeddable":true,"href":"https:\/\/serveiseducatius.xtec.cat\/vallesoriental3\/wp-json\/wp\/v2\/pages\/21354"}],"wp:attachment":[{"href":"https:\/\/serveiseducatius.xtec.cat\/vallesoriental3\/wp-json\/wp\/v2\/media?parent=23160"}],"curies":[{"name":"wp","href":"https:\/\/api.w.org\/{rel}","templated":true}]}}