{"id":22964,"date":"2025-03-20T22:34:02","date_gmt":"2025-03-20T21:34:02","guid":{"rendered":"https:\/\/serveiseducatius.xtec.cat\/vallesoriental3\/?page_id=22964"},"modified":"2025-03-24T13:06:13","modified_gmt":"2025-03-24T12:06:13","slug":"llengua-escrita","status":"publish","type":"page","link":"https:\/\/serveiseducatius.xtec.cat\/vallesoriental3\/llengua\/llengua-escrita\/","title":{"rendered":"Compet\u00e8ncia escrita"},"content":{"rendered":"\n<h2 class=\"wp-block-heading has-ast-global-color-1-color has-text-color has-background has-link-color has-large-font-size wp-elements-c81af734d5fe8dbc7c4380cbecade7ea\" style=\"background-color:#d3d3d3;padding-top:0;padding-right:0;padding-bottom:0;padding-left:0\">Compet\u00e8ncia escrita<\/h2>\n\n\n\n<p>A l\u2019apartat de <strong>Compet\u00e8ncia escrita<\/strong>, hi trobareu un recull de <strong>recursos, estrat\u00e8gies i materials<\/strong> per refor\u00e7ar la planificaci\u00f3, l&#8217;aprenentatge i l&#8217;avaluaci\u00f3 de l&#8217;expressi\u00f3 escrita en \u00e0mbits ling\u00fc\u00edstics i no ling\u00fc\u00edstics. Aquest espai est\u00e0 pensat per donar suport als docents en el disseny d\u2019activitats i la implementaci\u00f3 de metodologies que fomentin una millora progressiva de les habilitats de la producci\u00f3 textual (adequaci\u00f3, coher\u00e8ncia, cohesi\u00f3 i correcci\u00f3).<\/p>\n\n\n\n<p>Continguts:<\/p>\n\n\n\n<div class=\"wp-block-columns is-layout-flex wp-container-core-columns-is-layout-1 wp-block-columns-is-layout-flex\">\n<div class=\"wp-block-column is-layout-flow wp-block-column-is-layout-flow\" style=\"flex-basis:66.66%\">\n<ul class=\"wp-block-list\">\n<li><strong>Orientacions metodol\u00f2giques per treballar l\u2019escriptura<\/strong> en diferents nivells.<\/li>\n\n\n\n<li><strong>Propostes per treballar l\u2019expressi\u00f3 escrita<\/strong> multimodal en diferents g\u00e8neres (relat, descripci\u00f3, argumentaci\u00f3\u2026).<\/li>\n\n\n\n<li><strong>Orientacions per a l&#8217;avaluaci\u00f3<\/strong> de la compet\u00e8ncia escrita amb alguns exemples.<\/li>\n\n\n\n<li><strong>Experi\u00e8ncies i pr\u00e0ctiques de refer\u00e8ncia<\/strong>.<\/li>\n<\/ul>\n<\/div>\n\n\n\n<div class=\"wp-block-column is-layout-flow wp-block-column-is-layout-flow\" style=\"flex-basis:33.33%\">\n<figure class=\"wp-block-image size-large\"><a href=\"https:\/\/sites.google.com\/xtec.cat\/punt-a-punt-decalegdescriptura\/inici\"><img loading=\"lazy\" decoding=\"async\" width=\"503\" height=\"1024\" src=\"https:\/\/serveiseducatius.xtec.cat\/vallesoriental3\/wp-content\/uploads\/usu768\/2025\/03\/Captura-de-pantalla-2025-03-20-a-les-10.36.57\u202fp.-m-503x1024.png\" alt=\"\" class=\"wp-image-22967\" srcset=\"https:\/\/serveiseducatius.xtec.cat\/vallesoriental3\/wp-content\/uploads\/usu768\/2025\/03\/Captura-de-pantalla-2025-03-20-a-les-10.36.57\u202fp.-m-503x1024.png 503w, https:\/\/serveiseducatius.xtec.cat\/vallesoriental3\/wp-content\/uploads\/usu768\/2025\/03\/Captura-de-pantalla-2025-03-20-a-les-10.36.57\u202fp.-m-147x300.png 147w, https:\/\/serveiseducatius.xtec.cat\/vallesoriental3\/wp-content\/uploads\/usu768\/2025\/03\/Captura-de-pantalla-2025-03-20-a-les-10.36.57\u202fp.-m.png 598w\" sizes=\"auto, (max-width: 503px) 100vw, 503px\" \/><\/a><\/figure>\n\n\n\n<p class=\"has-text-align-center\">Un bon punt de partida \u00e9s el sites amb el <a href=\"https:\/\/sites.google.com\/xtec.cat\/punt-a-punt-decalegdescriptura\/inici\">Dec\u00e0leg d&#8217;escriptura. <\/a><\/p>\n<\/div>\n<\/div>\n\n\n\n<p><\/p>\n\n\n\n<div class=\"wp-block-columns has-small-font-size is-layout-flex wp-container-core-columns-is-layout-2 wp-block-columns-is-layout-flex\" style=\"margin-top:0;margin-bottom:0;padding-right:var(--wp--preset--spacing--20);padding-left:var(--wp--preset--spacing--20)\">\n<div class=\"wp-block-column has-ast-global-color-1-color has-text-color has-background has-link-color wp-elements-0a188a2b98ade88752e7edf77b53813c is-layout-flow wp-block-column-is-layout-flow\" style=\"background-color:#d3d3d3\">\n<h2 class=\"wp-block-heading has-large-font-size\" style=\"padding-top:0;padding-right:0;padding-bottom:0;padding-left:0\">Articles recents<\/h2>\n<\/div>\n<\/div>\n\n\n<ul class=\"wp-block-latest-posts__list is-grid columns-4 wp-block-latest-posts\"><li><div class=\"wp-block-latest-posts__featured-image\"><img loading=\"lazy\" decoding=\"async\" width=\"210\" height=\"213\" src=\"https:\/\/serveiseducatius.xtec.cat\/vallesoriental3\/wp-content\/uploads\/usu768\/2024\/02\/Captura-de-pantalla-2025-03-04-a-les-3.55.44\u202fp.-m-210x213.png\" class=\"attachment-medium size-medium wp-post-image\" alt=\"\" style=\"\" srcset=\"https:\/\/serveiseducatius.xtec.cat\/vallesoriental3\/wp-content\/uploads\/usu768\/2024\/02\/Captura-de-pantalla-2025-03-04-a-les-3.55.44\u202fp.-m-210x213.png 210w, https:\/\/serveiseducatius.xtec.cat\/vallesoriental3\/wp-content\/uploads\/usu768\/2024\/02\/Captura-de-pantalla-2025-03-04-a-les-3.55.44\u202fp.-m-768x780.png 768w, https:\/\/serveiseducatius.xtec.cat\/vallesoriental3\/wp-content\/uploads\/usu768\/2024\/02\/Captura-de-pantalla-2025-03-04-a-les-3.55.44\u202fp.-m.png 774w\" sizes=\"auto, (max-width: 210px) 100vw, 210px\" \/><\/div><a class=\"wp-block-latest-posts__post-title\" href=\"https:\/\/serveiseducatius.xtec.cat\/vallesoriental3\/inclusio\/estrategies-i-recursos-per-millorar-lexpressio-escrita\/\">Estrat\u00e8gies i recursos per millorar l&#8217;expressi\u00f3 escrita<\/a><div class=\"wp-block-latest-posts__post-excerpt\">Recursos i estrat\u00e8gies per millorar l\u2019expressi\u00f3 escrita Formacions sobre escriptura: equip LIC, EI-CI (Immersi\u00f3) i TILC (sobretot per ESO). \u00c9s important connectar aquesta habilitat ling\u00fc\u00edstica amb l&#8217;oralitat i la comprensi\u00f3\u2026 <a class=\"wp-block-latest-posts__read-more\" href=\"https:\/\/serveiseducatius.xtec.cat\/vallesoriental3\/inclusio\/estrategies-i-recursos-per-millorar-lexpressio-escrita\/\" rel=\"noopener noreferrer\">M\u00e9s informaci\u00f3<span class=\"screen-reader-text\">: Estrat\u00e8gies i recursos per millorar l&#8217;expressi\u00f3 escrita<\/span><\/a><\/div><\/li>\n<li><div class=\"wp-block-latest-posts__featured-image\"><img loading=\"lazy\" decoding=\"async\" width=\"210\" height=\"168\" src=\"https:\/\/serveiseducatius.xtec.cat\/vallesoriental3\/wp-content\/uploads\/usu768\/2020\/07\/Sin-t\u00edtulo-5-210x168.png\" class=\"attachment-medium size-medium wp-post-image\" alt=\"\" style=\"\" srcset=\"https:\/\/serveiseducatius.xtec.cat\/vallesoriental3\/wp-content\/uploads\/usu768\/2020\/07\/Sin-t\u00edtulo-5-210x168.png 210w, https:\/\/serveiseducatius.xtec.cat\/vallesoriental3\/wp-content\/uploads\/usu768\/2020\/07\/Sin-t\u00edtulo-5.png 757w\" sizes=\"auto, (max-width: 210px) 100vw, 210px\" \/><\/div><a class=\"wp-block-latest-posts__post-title\" href=\"https:\/\/serveiseducatius.xtec.cat\/vallesoriental3\/llengua\/llengua-escrita\/aventurat-amb-la-ortogrfia-exercicis-graduats-dortografia\/\">Aventura&#8217;t amb la ortografia!  Exercicis graduats d&#8217;ortografia<\/a><div class=\"wp-block-latest-posts__post-excerpt\">Exercicis interactius per sistematitzar l&#8217;ortografia, classificats i graduats en 3 nivells de dificultat.(EDU365)<\/div><\/li>\n<li><div class=\"wp-block-latest-posts__featured-image\"><img loading=\"lazy\" decoding=\"async\" width=\"210\" height=\"209\" src=\"https:\/\/serveiseducatius.xtec.cat\/vallesoriental3\/wp-content\/uploads\/usu768\/2020\/07\/Sin-t\u00edtulo-4-210x209.png\" class=\"attachment-medium size-medium wp-post-image\" alt=\"\" style=\"\" srcset=\"https:\/\/serveiseducatius.xtec.cat\/vallesoriental3\/wp-content\/uploads\/usu768\/2020\/07\/Sin-t\u00edtulo-4-210x209.png 210w, https:\/\/serveiseducatius.xtec.cat\/vallesoriental3\/wp-content\/uploads\/usu768\/2020\/07\/Sin-t\u00edtulo-4-150x150.png 150w, https:\/\/serveiseducatius.xtec.cat\/vallesoriental3\/wp-content\/uploads\/usu768\/2020\/07\/Sin-t\u00edtulo-4.png 329w\" sizes=\"auto, (max-width: 210px) 100vw, 210px\" \/><\/div><a class=\"wp-block-latest-posts__post-title\" href=\"https:\/\/serveiseducatius.xtec.cat\/vallesoriental3\/llengua\/llengua-escrita\/materials-araescric\/\">Materials araEscric<\/a><div class=\"wp-block-latest-posts__post-excerpt\">programa araESCRIC, com a objectiu estrat\u00e8gic la millora de l&#8217;\u00e8xit escolar de tots els alumnes. I ho fa potenciant l&#8217;escriptura sistem\u00e0tica en totes les \u00e0rees i mat\u00e8ries del curr\u00edculum al llarg de tota l&#8217;educaci\u00f3 b\u00e0sica per augmentar la compet\u00e8ncia comunicativa ling\u00fc\u00edstica, tenint present que l&#8217;escriptura \u00e9s una activitat que permet estructurar el pensament, comunicar-se, organitzar-se, aprendre i participar en la societat.\u00a0<\/div><\/li>\n<\/ul>","protected":false},"excerpt":{"rendered":"<p>Compet\u00e8ncia escrita A l\u2019apartat de Compet\u00e8ncia escrita, hi trobareu un recull de recursos, estrat\u00e8gies i materials per refor\u00e7ar la planificaci\u00f3, [&hellip;]<\/p>\n","protected":false},"author":1,"featured_media":0,"parent":21438,"menu_order":0,"comment_status":"closed","ping_status":"close","template":"","meta":{"_bbp_topic_count":0,"_bbp_reply_count":0,"_bbp_total_topic_count":0,"_bbp_total_reply_count":0,"_bbp_voice_count":0,"_bbp_anonymous_reply_count":0,"_bbp_topic_count_hidden":0,"_bbp_reply_count_hidden":0,"_bbp_forum_subforum_count":0,"site-sidebar-layout":"default","site-content-layout":"","ast-site-content-layout":"default","site-content-style":"default","site-sidebar-style":"default","ast-global-header-display":"","ast-banner-title-visibility":"","ast-main-header-display":"","ast-hfb-above-header-display":"","ast-hfb-below-header-display":"","ast-hfb-mobile-header-display":"","site-post-title":"disabled","ast-breadcrumbs-content":"","ast-featured-img":"","footer-sml-layout":"","theme-transparent-header-meta":"","adv-header-id-meta":"","stick-header-meta":"","header-above-stick-meta":"","header-main-stick-meta":"","header-below-stick-meta":"","astra-migrate-meta-layouts":"set","ast-page-background-enabled":"default","ast-page-background-meta":{"desktop":{"background-color":"var(--ast-global-color-4)","background-image":"","background-repeat":"repeat","background-position":"center center","background-size":"auto","background-attachment":"scroll","background-type":"","background-media":"","overlay-type":"","overlay-color":"","overlay-opacity":"","overlay-gradient":""},"tablet":{"background-color":"","background-image":"","background-repeat":"repeat","background-position":"center center","background-size":"auto","background-attachment":"scroll","background-type":"","background-media":"","overlay-type":"","overlay-color":"","overlay-opacity":"","overlay-gradient":""},"mobile":{"background-color":"","background-image":"","background-repeat":"repeat","background-position":"center center","background-size":"auto","background-attachment":"scroll","background-type":"","background-media":"","overlay-type":"","overlay-color":"","overlay-opacity":"","overlay-gradient":""}},"ast-content-background-meta":{"desktop":{"background-color":"var(--ast-global-color-5)","background-image":"","background-repeat":"repeat","background-position":"center center","background-size":"auto","background-attachment":"scroll","background-type":"","background-media":"","overlay-type":"","overlay-color":"","overlay-opacity":"","overlay-gradient":""},"tablet":{"background-color":"var(--ast-global-color-5)","background-image":"","background-repeat":"repeat","background-position":"center center","background-size":"auto","background-attachment":"scroll","background-type":"","background-media":"","overlay-type":"","overlay-color":"","overlay-opacity":"","overlay-gradient":""},"mobile":{"background-color":"var(--ast-global-color-5)","background-image":"","background-repeat":"repeat","background-position":"center center","background-size":"auto","background-attachment":"scroll","background-type":"","background-media":"","overlay-type":"","overlay-color":"","overlay-opacity":"","overlay-gradient":""}},"footnotes":""},"class_list":["post-22964","page","type-page","status-publish","hentry"],"post_mailing_queue_ids":[],"_links":{"self":[{"href":"https:\/\/serveiseducatius.xtec.cat\/vallesoriental3\/wp-json\/wp\/v2\/pages\/22964","targetHints":{"allow":["GET"]}}],"collection":[{"href":"https:\/\/serveiseducatius.xtec.cat\/vallesoriental3\/wp-json\/wp\/v2\/pages"}],"about":[{"href":"https:\/\/serveiseducatius.xtec.cat\/vallesoriental3\/wp-json\/wp\/v2\/types\/page"}],"author":[{"embeddable":true,"href":"https:\/\/serveiseducatius.xtec.cat\/vallesoriental3\/wp-json\/wp\/v2\/users\/1"}],"replies":[{"embeddable":true,"href":"https:\/\/serveiseducatius.xtec.cat\/vallesoriental3\/wp-json\/wp\/v2\/comments?post=22964"}],"version-history":[{"count":6,"href":"https:\/\/serveiseducatius.xtec.cat\/vallesoriental3\/wp-json\/wp\/v2\/pages\/22964\/revisions"}],"predecessor-version":[{"id":23105,"href":"https:\/\/serveiseducatius.xtec.cat\/vallesoriental3\/wp-json\/wp\/v2\/pages\/22964\/revisions\/23105"}],"up":[{"embeddable":true,"href":"https:\/\/serveiseducatius.xtec.cat\/vallesoriental3\/wp-json\/wp\/v2\/pages\/21438"}],"wp:attachment":[{"href":"https:\/\/serveiseducatius.xtec.cat\/vallesoriental3\/wp-json\/wp\/v2\/media?parent=22964"}],"curies":[{"name":"wp","href":"https:\/\/api.w.org\/{rel}","templated":true}]}}