{"id":22890,"date":"2025-03-18T13:00:11","date_gmt":"2025-03-18T12:00:11","guid":{"rendered":"https:\/\/serveiseducatius.xtec.cat\/vallesoriental3\/?page_id=22890"},"modified":"2025-03-21T12:52:59","modified_gmt":"2025-03-21T11:52:59","slug":"biblioteca-escolar","status":"publish","type":"page","link":"https:\/\/serveiseducatius.xtec.cat\/vallesoriental3\/llengua\/lectura\/biblioteca-escolar\/","title":{"rendered":"Biblioteca escolar"},"content":{"rendered":"\n<h2 class=\"wp-block-heading has-ast-global-color-1-color has-text-color has-background has-link-color has-large-font-size wp-elements-ef706ac0d576a86378aba09d8990dfc2\" style=\"background-color:#d3d3d3;padding-top:0;padding-right:0;padding-bottom:0;padding-left:0\">Biblioteca escolar<\/h2>\n\n\n\n<div class=\"wp-block-columns is-layout-flex wp-container-core-columns-is-layout-1 wp-block-columns-is-layout-flex\">\n<div class=\"wp-block-column is-layout-flow wp-block-column-is-layout-flow\" style=\"flex-basis:66.66%\">\n<p>A l\u2019apartat de biblioteca oferim un recull de <strong>recursos per a docents<\/strong> sobre la gesti\u00f3 i dinamitzaci\u00f3 de la biblioteca escolar. Tamb\u00e9 hi trobar\u00e0s <strong>enlla\u00e7os d\u2019inter\u00e8s<\/strong> i <strong>not\u00edcies<\/strong> relacionades amb el m\u00f3n de la lectura i les biblioteques escolars. <br>A m\u00e9s, donem a con\u00e8ixer els <strong>projectes espec\u00edfics<\/strong> que impulsem des del CRP per fomentar la lectura, el pensament cr\u00edtic i la recerca d\u2019informaci\u00f3 a les escoles i instituts.<\/p>\n<\/div>\n\n\n\n<div class=\"wp-block-column is-layout-flow wp-block-column-is-layout-flow\" style=\"flex-basis:33.33%\">\n<figure class=\"wp-block-image size-full\"><img loading=\"lazy\" decoding=\"async\" width=\"500\" height=\"180\" src=\"https:\/\/serveiseducatius.xtec.cat\/vallesoriental3\/wp-content\/uploads\/usu768\/2025\/03\/biblioteques.png\" alt=\"\" class=\"wp-image-22874\" srcset=\"https:\/\/serveiseducatius.xtec.cat\/vallesoriental3\/wp-content\/uploads\/usu768\/2025\/03\/biblioteques.png 500w, https:\/\/serveiseducatius.xtec.cat\/vallesoriental3\/wp-content\/uploads\/usu768\/2025\/03\/biblioteques-210x76.png 210w\" sizes=\"auto, (max-width: 500px) 100vw, 500px\" \/><\/figure>\n<\/div>\n<\/div>\n\n\n\n<h2 class=\"wp-block-heading has-ast-global-color-1-color has-text-color has-background has-link-color has-large-font-size wp-elements-21aee8cc8bb6ec2a1bba8368d75c0eee\" style=\"background-color:#d3d3d3;padding-top:0;padding-right:0;padding-bottom:0;padding-left:0\">\u00daltims recursos afegits<\/h2>\n\n\n<ul class=\"wp-block-latest-posts__list is-grid columns-3 wp-block-latest-posts has-background has-white-background-color\"><li><div class=\"wp-block-latest-posts__featured-image aligncenter\"><a href=\"https:\/\/serveiseducatius.xtec.cat\/vallesoriental3\/llengua\/biblioteca-escolar-30-propostes-per-a-la-millora-dels-espais\/\" aria-label=\"Biblioteca escolar: 30 propostes per a la millora dels espais\"><img loading=\"lazy\" decoding=\"async\" width=\"150\" height=\"150\" src=\"https:\/\/serveiseducatius.xtec.cat\/vallesoriental3\/wp-content\/uploads\/usu768\/2025\/03\/30-propostes-1-150x150.jpg\" class=\"attachment-thumbnail size-thumbnail wp-post-image\" alt=\"\" style=\"\" \/><\/a><\/div><a class=\"wp-block-latest-posts__post-title\" href=\"https:\/\/serveiseducatius.xtec.cat\/vallesoriental3\/llengua\/biblioteca-escolar-30-propostes-per-a-la-millora-dels-espais\/\">Biblioteca escolar: 30 propostes per a la millora dels espais<\/a><div class=\"wp-block-latest-posts__post-excerpt\">Idees inspiradores per a la transformaci\u00f3 dels espais de les biblioteques escolars.<\/div><\/li>\n<li><div class=\"wp-block-latest-posts__featured-image aligncenter\"><a href=\"https:\/\/serveiseducatius.xtec.cat\/vallesoriental3\/llengua\/lectura\/biblioteca-escolar-lectura\/recursos-biblioteca\/bibliotips\/\" aria-label=\"Bibliotips\"><img loading=\"lazy\" decoding=\"async\" width=\"150\" height=\"150\" src=\"https:\/\/serveiseducatius.xtec.cat\/vallesoriental3\/wp-content\/uploads\/usu768\/2025\/03\/bibliotips-150x150.png\" class=\"attachment-thumbnail size-thumbnail wp-post-image\" alt=\"\" style=\"\" \/><\/a><\/div><a class=\"wp-block-latest-posts__post-title\" href=\"https:\/\/serveiseducatius.xtec.cat\/vallesoriental3\/llengua\/lectura\/biblioteca-escolar-lectura\/recursos-biblioteca\/bibliotips\/\">Bibliotips<\/a><div class=\"wp-block-latest-posts__post-excerpt\">Els Bibliotips consisteixen en presentacions breus de conceptes b\u00e0sics del m\u00f3n del llibre i de la biblioteca escolar.<\/div><\/li>\n<li><div class=\"wp-block-latest-posts__featured-image aligncenter\"><a href=\"https:\/\/serveiseducatius.xtec.cat\/vallesoriental3\/llengua\/lectura\/biblioteca-escolar-lectura\/recursos-biblioteca\/bones-practiques\/\" aria-label=\"Bones pr\u00e0ctiques\"><img loading=\"lazy\" decoding=\"async\" width=\"150\" height=\"150\" src=\"https:\/\/serveiseducatius.xtec.cat\/vallesoriental3\/wp-content\/uploads\/usu768\/2025\/03\/bones-practiques-150x150.jpg\" class=\"attachment-thumbnail size-thumbnail wp-post-image\" alt=\"\" style=\"\" \/><\/a><\/div><a class=\"wp-block-latest-posts__post-title\" href=\"https:\/\/serveiseducatius.xtec.cat\/vallesoriental3\/llengua\/lectura\/biblioteca-escolar-lectura\/recursos-biblioteca\/bones-practiques\/\">Bones pr\u00e0ctiques<\/a><div class=\"wp-block-latest-posts__post-excerpt\">Recull de bones pr\u00e0ctiques classificades per etapes i \u00e0mbits educatius.<\/div><\/li>\n<li><div class=\"wp-block-latest-posts__featured-image aligncenter\"><a href=\"https:\/\/serveiseducatius.xtec.cat\/vallesoriental3\/llengua\/lectura\/biblioteca-escolar-lectura\/recursos-biblioteca\/esporgar-la-biblioteca\/\" aria-label=\"Esporgar la biblioteca\"><img loading=\"lazy\" decoding=\"async\" width=\"150\" height=\"150\" src=\"https:\/\/serveiseducatius.xtec.cat\/vallesoriental3\/wp-content\/uploads\/usu768\/2025\/03\/esporgar-150x150.jpg\" class=\"attachment-thumbnail size-thumbnail wp-post-image\" alt=\"\" style=\"\" \/><\/a><\/div><a class=\"wp-block-latest-posts__post-title\" href=\"https:\/\/serveiseducatius.xtec.cat\/vallesoriental3\/llengua\/lectura\/biblioteca-escolar-lectura\/recursos-biblioteca\/esporgar-la-biblioteca\/\">Esporgar la biblioteca<\/a><div class=\"wp-block-latest-posts__post-excerpt\">Consells per oferir un fons actualitzat, \u00fatil, de qualitat, accessible i adequat a les necessitats de l\u2019alumnat i del personal docent del centre.<\/div><\/li>\n<li><div class=\"wp-block-latest-posts__featured-image aligncenter\"><a href=\"https:\/\/serveiseducatius.xtec.cat\/vallesoriental3\/formacio\/formacions\/\" aria-label=\"Formacions BIBLIOTECA ESCOLAR\"><img loading=\"lazy\" decoding=\"async\" width=\"150\" height=\"150\" src=\"https:\/\/serveiseducatius.xtec.cat\/vallesoriental3\/wp-content\/uploads\/usu768\/2025\/03\/formacio-biblio-150x150.png\" class=\"attachment-thumbnail size-thumbnail wp-post-image\" alt=\"\" style=\"\" \/><\/a><\/div><a class=\"wp-block-latest-posts__post-title\" href=\"https:\/\/serveiseducatius.xtec.cat\/vallesoriental3\/formacio\/formacions\/\">Formacions BIBLIOTECA ESCOLAR<\/a><div class=\"wp-block-latest-posts__post-excerpt\">Formacions relacionades amb la biblioteca escolar<\/div><\/li>\n<li><div class=\"wp-block-latest-posts__featured-image aligncenter\"><a href=\"https:\/\/serveiseducatius.xtec.cat\/vallesoriental3\/portada\/la-biblioteca-personal-un-raco-de-mi-per-a-mi-i-per-a-tots-nosaltres\/\" aria-label=\"La biblioteca personal: un rac\u00f3 de mi, per a mi i per a tots nosaltres\"><img loading=\"lazy\" decoding=\"async\" width=\"150\" height=\"150\" src=\"https:\/\/serveiseducatius.xtec.cat\/vallesoriental3\/wp-content\/uploads\/usu768\/2025\/05\/imatge-150x150.png\" class=\"attachment-thumbnail size-thumbnail wp-post-image\" alt=\"\" style=\"\" \/><\/a><\/div><a class=\"wp-block-latest-posts__post-title\" href=\"https:\/\/serveiseducatius.xtec.cat\/vallesoriental3\/portada\/la-biblioteca-personal-un-raco-de-mi-per-a-mi-i-per-a-tots-nosaltres\/\">La biblioteca personal: un rac\u00f3 de mi, per a mi i per a tots nosaltres<\/a><div class=\"wp-block-latest-posts__post-excerpt\">La biblioteca personal: un rac\u00f3 de mi, per a mi i per a tots nosaltres S\u2019han publicat els materials de la Biblioteca personal, creats en el marc del Pla Nacional del Llibre\u2026 <a class=\"wp-block-latest-posts__read-more\" href=\"https:\/\/serveiseducatius.xtec.cat\/vallesoriental3\/portada\/la-biblioteca-personal-un-raco-de-mi-per-a-mi-i-per-a-tots-nosaltres\/\" rel=\"noopener noreferrer\">M\u00e9s informaci\u00f3<span class=\"screen-reader-text\">: La biblioteca personal: un rac\u00f3 de mi, per a mi i per a tots nosaltres<\/span><\/a><\/div><\/li>\n<li><div class=\"wp-block-latest-posts__featured-image aligncenter\"><a href=\"https:\/\/serveiseducatius.xtec.cat\/vallesoriental3\/portada\/la-lectura-literaria-de-0-a-18-anys-enregistraments-i-materials-didactics\/\" aria-label=\"La lectura liter\u00e0ria de 0 a 18 anys: enregistraments i materials did\u00e0ctics\"><img loading=\"lazy\" decoding=\"async\" width=\"150\" height=\"150\" src=\"https:\/\/serveiseducatius.xtec.cat\/vallesoriental3\/wp-content\/uploads\/usu768\/2024\/03\/lectura-literaria-150x150.jpg\" class=\"attachment-thumbnail size-thumbnail wp-post-image\" alt=\"\" style=\"\" \/><\/a><\/div><a class=\"wp-block-latest-posts__post-title\" href=\"https:\/\/serveiseducatius.xtec.cat\/vallesoriental3\/portada\/la-lectura-literaria-de-0-a-18-anys-enregistraments-i-materials-didactics\/\">La lectura liter\u00e0ria de 0 a 18 anys: enregistraments i materials did\u00e0ctics<\/a><div class=\"wp-block-latest-posts__post-excerpt\">Per tal d\u2019acompanyar els docents en el desplegament del nou curr\u00edculum a l\u2019aula, el Departament d\u2019Educaci\u00f3 ha publicat tres\u00a0documents d\u2019orientacions per treballar l\u2019educaci\u00f3 liter\u00e0ria en tots els nivells educatius. A continuaci\u00f3 trobareu\u2026 <a class=\"wp-block-latest-posts__read-more\" href=\"https:\/\/serveiseducatius.xtec.cat\/vallesoriental3\/portada\/la-lectura-literaria-de-0-a-18-anys-enregistraments-i-materials-didactics\/\" rel=\"noopener noreferrer\">M\u00e9s informaci\u00f3<span class=\"screen-reader-text\">: La lectura liter\u00e0ria de 0 a 18 anys: enregistraments i materials did\u00e0ctics<\/span><\/a><\/div><\/li>\n<\/ul>\n\n\n<h3 class=\"wp-block-heading has-background\" style=\"background-color:#dedede\">Darrers articles<\/h3>\n\n\n<ul class=\"wp-block-latest-posts__list is-grid columns-4 wp-block-latest-posts\"><li><div class=\"wp-block-latest-posts__featured-image\"><img loading=\"lazy\" decoding=\"async\" width=\"150\" height=\"150\" src=\"https:\/\/serveiseducatius.xtec.cat\/vallesoriental3\/wp-content\/uploads\/usu768\/2026\/03\/dia-LIJ-1-150x150.png\" class=\"attachment-thumbnail size-thumbnail wp-post-image\" alt=\"\" style=\"\" \/><\/div><a class=\"wp-block-latest-posts__post-title\" href=\"https:\/\/serveiseducatius.xtec.cat\/vallesoriental3\/portada\/dia-internacional-del-llibre-infantil-i-juvenil-2026\/\">Dia Internacional del Llibre Infantil i Juvenil 2026<\/a><div class=\"wp-block-latest-posts__post-excerpt\">Us presentem el&nbsp;cartell i el missatge del Dia Internacional del Llibre Infantil i Juvenil 2026, que se celebra cada 2 d\u2019abril des del 1967 en record i homenatge a&nbsp;Hans Christian\u2026 <a class=\"wp-block-latest-posts__read-more\" href=\"https:\/\/serveiseducatius.xtec.cat\/vallesoriental3\/portada\/dia-internacional-del-llibre-infantil-i-juvenil-2026\/\" rel=\"noopener noreferrer\">M\u00e9s informaci\u00f3<span class=\"screen-reader-text\">: Dia Internacional del Llibre Infantil i Juvenil 2026<\/span><\/a><\/div><\/li>\n<li><div class=\"wp-block-latest-posts__featured-image\"><img loading=\"lazy\" decoding=\"async\" width=\"150\" height=\"150\" src=\"https:\/\/serveiseducatius.xtec.cat\/vallesoriental3\/wp-content\/uploads\/usu768\/2026\/03\/1JPEG-150x150.jpg\" class=\"attachment-thumbnail size-thumbnail wp-post-image\" alt=\"\" style=\"\" \/><\/div><a class=\"wp-block-latest-posts__post-title\" href=\"https:\/\/serveiseducatius.xtec.cat\/vallesoriental3\/general\/i-jornada-de-biblioteques-escolars-del-mvo-construim-biblioteques-vives-2\/\">I Jornada de Biblioteques Escolars del MVO: Constru\u00efm biblioteques vives!<\/a><div class=\"wp-block-latest-posts__post-excerpt\">El passat 31 de gener, els CRPs de la zona i el Servei Territorial de MVO van organitzar la I Jornada de Biblioteques Escolars del MVO, sota el lema \u201cL\u2019art\u2026 <a class=\"wp-block-latest-posts__read-more\" href=\"https:\/\/serveiseducatius.xtec.cat\/vallesoriental3\/general\/i-jornada-de-biblioteques-escolars-del-mvo-construim-biblioteques-vives-2\/\" rel=\"noopener noreferrer\">M\u00e9s informaci\u00f3<span class=\"screen-reader-text\">: I Jornada de Biblioteques Escolars del MVO: Constru\u00efm biblioteques vives!<\/span><\/a><\/div><\/li>\n<li><div class=\"wp-block-latest-posts__featured-image\"><img loading=\"lazy\" decoding=\"async\" width=\"150\" height=\"150\" src=\"https:\/\/serveiseducatius.xtec.cat\/vallesoriental3\/wp-content\/uploads\/usu768\/2025\/05\/imatge-150x150.png\" class=\"attachment-thumbnail size-thumbnail wp-post-image\" alt=\"\" style=\"\" \/><\/div><a class=\"wp-block-latest-posts__post-title\" href=\"https:\/\/serveiseducatius.xtec.cat\/vallesoriental3\/portada\/la-biblioteca-personal-un-raco-de-mi-per-a-mi-i-per-a-tots-nosaltres\/\">La biblioteca personal: un rac\u00f3 de mi, per a mi i per a tots nosaltres<\/a><div class=\"wp-block-latest-posts__post-excerpt\">La biblioteca personal: un rac\u00f3 de mi, per a mi i per a tots nosaltres S\u2019han publicat els materials de la Biblioteca personal, creats en el marc del Pla Nacional\u2026 <a class=\"wp-block-latest-posts__read-more\" href=\"https:\/\/serveiseducatius.xtec.cat\/vallesoriental3\/portada\/la-biblioteca-personal-un-raco-de-mi-per-a-mi-i-per-a-tots-nosaltres\/\" rel=\"noopener noreferrer\">M\u00e9s informaci\u00f3<span class=\"screen-reader-text\">: La biblioteca personal: un rac\u00f3 de mi, per a mi i per a tots nosaltres<\/span><\/a><\/div><\/li>\n<li><div class=\"wp-block-latest-posts__featured-image\"><img loading=\"lazy\" decoding=\"async\" width=\"150\" height=\"150\" src=\"https:\/\/serveiseducatius.xtec.cat\/vallesoriental3\/wp-content\/uploads\/usu768\/2023\/05\/Pagina-web-CRP-IMATGES-150x150.png\" class=\"attachment-thumbnail size-thumbnail wp-post-image\" alt=\"\" style=\"\" \/><\/div><a class=\"wp-block-latest-posts__post-title\" href=\"https:\/\/serveiseducatius.xtec.cat\/vallesoriental3\/portada\/la-biblioteca-escolar-com-a-eina-de-suport-a-labp\/\">La biblioteca escolar com a suport a l\u2019ABP<\/a><div class=\"wp-block-latest-posts__post-excerpt\">Descobreix el nou article publicat per la M\u00f2nica Badia sobre la biblioteca escolar com a eina de suport a l&#8217;ABP. I observa els diferents exercicis i din\u00e0miques.<\/div><\/li>\n<li><div class=\"wp-block-latest-posts__featured-image\"><img loading=\"lazy\" decoding=\"async\" width=\"123\" height=\"122\" src=\"https:\/\/serveiseducatius.xtec.cat\/vallesoriental3\/wp-content\/uploads\/usu768\/2022\/03\/Captura-7.png\" class=\"attachment-thumbnail size-thumbnail wp-post-image\" alt=\"\" style=\"\" \/><\/div><a class=\"wp-block-latest-posts__post-title\" href=\"https:\/\/serveiseducatius.xtec.cat\/vallesoriental3\/portada\/campanya-de-biblioteca-oberta\/\">Campanya de Biblioteca Oberta<\/a><div class=\"wp-block-latest-posts__post-excerpt\">Comen\u00e7a la campanya de biblioteca oberta per&#8230; Difondre bons exemples de funcionament de BE de centres educatius. Crear xarxa de biblioteques escolars. &nbsp; &nbsp; Quantes vegades hem dit o sentit:\u2026 <a class=\"wp-block-latest-posts__read-more\" href=\"https:\/\/serveiseducatius.xtec.cat\/vallesoriental3\/portada\/campanya-de-biblioteca-oberta\/\" rel=\"noopener noreferrer\">M\u00e9s informaci\u00f3<span class=\"screen-reader-text\">: Campanya de Biblioteca Oberta<\/span><\/a><\/div><\/li>\n<li><div class=\"wp-block-latest-posts__featured-image\"><img loading=\"lazy\" decoding=\"async\" width=\"150\" height=\"150\" src=\"https:\/\/serveiseducatius.xtec.cat\/vallesoriental3\/wp-content\/uploads\/usu768\/2020\/09\/orientacions-e1600436549661-150x150.jpg\" class=\"attachment-thumbnail size-thumbnail wp-post-image\" alt=\"\" style=\"\" \/><\/div><a class=\"wp-block-latest-posts__post-title\" href=\"https:\/\/serveiseducatius.xtec.cat\/vallesoriental3\/general\/reobertura-de-biblioteques-en-el-marc-de-la-covid-19\/\">Reobertura de biblioteques en el marc de la Covid-19<\/a><div class=\"wp-block-latest-posts__post-excerpt\">&nbsp; Orientacions per a la reobertura de biblioteques escolars.<\/div><\/li>\n<li><div class=\"wp-block-latest-posts__featured-image\"><img loading=\"lazy\" decoding=\"async\" width=\"150\" height=\"150\" src=\"https:\/\/serveiseducatius.xtec.cat\/vallesoriental3\/wp-content\/uploads\/usu768\/2020\/09\/biblio-150x150.png\" class=\"attachment-thumbnail size-thumbnail wp-post-image\" alt=\"\" style=\"\" \/><\/div><a class=\"wp-block-latest-posts__post-title\" href=\"https:\/\/serveiseducatius.xtec.cat\/vallesoriental3\/dinamitzacio\/biblioteca-escolar\/biblioteques-escolars-de-catalunya\/\">Biblioteques escolars de Catalunya<\/a><div class=\"wp-block-latest-posts__post-excerpt\">El Programa biblioteca escolar \u201cpuntedu\u201d s\u2019inicia el curs 2004-2005 dins del marc dels Programes d\u2019Innovaci\u00f3 Educativa amb l\u2019objectiu de potenciar la biblioteca escolar dels centres educatius de Catalunya. Els objectius\u2026 <a class=\"wp-block-latest-posts__read-more\" href=\"https:\/\/serveiseducatius.xtec.cat\/vallesoriental3\/dinamitzacio\/biblioteca-escolar\/biblioteques-escolars-de-catalunya\/\" rel=\"noopener noreferrer\">M\u00e9s informaci\u00f3<span class=\"screen-reader-text\">: Biblioteques escolars de Catalunya<\/span><\/a><\/div><\/li>\n<li><div class=\"wp-block-latest-posts__featured-image\"><img loading=\"lazy\" decoding=\"async\" width=\"150\" height=\"150\" src=\"https:\/\/serveiseducatius.xtec.cat\/vallesoriental3\/wp-content\/uploads\/usu768\/2019\/10\/Captura-1-150x150.jpg\" class=\"attachment-thumbnail size-thumbnail wp-post-image\" alt=\"\" style=\"\" \/><\/div><a class=\"wp-block-latest-posts__post-title\" href=\"https:\/\/serveiseducatius.xtec.cat\/vallesoriental3\/portada\/nova-web-biblioteques-escolars-de-catalunya\/\">Nou espai web de Biblioteques Escolars de Catalunya<\/a><div class=\"wp-block-latest-posts__post-excerpt\">Nou espai web del programa de biblioteques escolars de Catalunya\u00a0per exposar bones pr\u00e0ctiques, experi\u00e8ncies i projectes a l\u2019entorn de totes les dimensions de la lectura i les biblioteques escolars.<\/div><\/li>\n<\/ul>","protected":false},"excerpt":{"rendered":"<p>Biblioteca escolar A l\u2019apartat de biblioteca oferim un recull de recursos per a docents sobre la gesti\u00f3 i dinamitzaci\u00f3 de [&hellip;]<\/p>\n","protected":false},"author":1,"featured_media":0,"parent":21462,"menu_order":0,"comment_status":"closed","ping_status":"close","template":"","meta":{"_bbp_topic_count":0,"_bbp_reply_count":0,"_bbp_total_topic_count":0,"_bbp_total_reply_count":0,"_bbp_voice_count":0,"_bbp_anonymous_reply_count":0,"_bbp_topic_count_hidden":0,"_bbp_reply_count_hidden":0,"_bbp_forum_subforum_count":0,"site-sidebar-layout":"default","site-content-layout":"","ast-site-content-layout":"default","site-content-style":"default","site-sidebar-style":"default","ast-global-header-display":"","ast-banner-title-visibility":"","ast-main-header-display":"","ast-hfb-above-header-display":"","ast-hfb-below-header-display":"","ast-hfb-mobile-header-display":"","site-post-title":"disabled","ast-breadcrumbs-content":"","ast-featured-img":"","footer-sml-layout":"","theme-transparent-header-meta":"","adv-header-id-meta":"","stick-header-meta":"","header-above-stick-meta":"","header-main-stick-meta":"","header-below-stick-meta":"","astra-migrate-meta-layouts":"set","ast-page-background-enabled":"default","ast-page-background-meta":{"desktop":{"background-color":"var(--ast-global-color-4)","background-image":"","background-repeat":"repeat","background-position":"center center","background-size":"auto","background-attachment":"scroll","background-type":"","background-media":"","overlay-type":"","overlay-color":"","overlay-opacity":"","overlay-gradient":""},"tablet":{"background-color":"","background-image":"","background-repeat":"repeat","background-position":"center center","background-size":"auto","background-attachment":"scroll","background-type":"","background-media":"","overlay-type":"","overlay-color":"","overlay-opacity":"","overlay-gradient":""},"mobile":{"background-color":"","background-image":"","background-repeat":"repeat","background-position":"center center","background-size":"auto","background-attachment":"scroll","background-type":"","background-media":"","overlay-type":"","overlay-color":"","overlay-opacity":"","overlay-gradient":""}},"ast-content-background-meta":{"desktop":{"background-color":"var(--ast-global-color-5)","background-image":"","background-repeat":"repeat","background-position":"center center","background-size":"auto","background-attachment":"scroll","background-type":"","background-media":"","overlay-type":"","overlay-color":"","overlay-opacity":"","overlay-gradient":""},"tablet":{"background-color":"var(--ast-global-color-5)","background-image":"","background-repeat":"repeat","background-position":"center center","background-size":"auto","background-attachment":"scroll","background-type":"","background-media":"","overlay-type":"","overlay-color":"","overlay-opacity":"","overlay-gradient":""},"mobile":{"background-color":"var(--ast-global-color-5)","background-image":"","background-repeat":"repeat","background-position":"center center","background-size":"auto","background-attachment":"scroll","background-type":"","background-media":"","overlay-type":"","overlay-color":"","overlay-opacity":"","overlay-gradient":""}},"footnotes":""},"class_list":["post-22890","page","type-page","status-publish","hentry"],"post_mailing_queue_ids":[],"_links":{"self":[{"href":"https:\/\/serveiseducatius.xtec.cat\/vallesoriental3\/wp-json\/wp\/v2\/pages\/22890","targetHints":{"allow":["GET"]}}],"collection":[{"href":"https:\/\/serveiseducatius.xtec.cat\/vallesoriental3\/wp-json\/wp\/v2\/pages"}],"about":[{"href":"https:\/\/serveiseducatius.xtec.cat\/vallesoriental3\/wp-json\/wp\/v2\/types\/page"}],"author":[{"embeddable":true,"href":"https:\/\/serveiseducatius.xtec.cat\/vallesoriental3\/wp-json\/wp\/v2\/users\/1"}],"replies":[{"embeddable":true,"href":"https:\/\/serveiseducatius.xtec.cat\/vallesoriental3\/wp-json\/wp\/v2\/comments?post=22890"}],"version-history":[{"count":6,"href":"https:\/\/serveiseducatius.xtec.cat\/vallesoriental3\/wp-json\/wp\/v2\/pages\/22890\/revisions"}],"predecessor-version":[{"id":23003,"href":"https:\/\/serveiseducatius.xtec.cat\/vallesoriental3\/wp-json\/wp\/v2\/pages\/22890\/revisions\/23003"}],"up":[{"embeddable":true,"href":"https:\/\/serveiseducatius.xtec.cat\/vallesoriental3\/wp-json\/wp\/v2\/pages\/21462"}],"wp:attachment":[{"href":"https:\/\/serveiseducatius.xtec.cat\/vallesoriental3\/wp-json\/wp\/v2\/media?parent=22890"}],"curies":[{"name":"wp","href":"https:\/\/api.w.org\/{rel}","templated":true}]}}