{"id":22765,"date":"2025-03-06T20:55:51","date_gmt":"2025-03-06T19:55:51","guid":{"rendered":"https:\/\/serveiseducatius.xtec.cat\/vallesoriental3\/?page_id=22765"},"modified":"2025-03-07T21:11:05","modified_gmt":"2025-03-07T20:11:05","slug":"dua","status":"publish","type":"page","link":"https:\/\/serveiseducatius.xtec.cat\/vallesoriental3\/inclusio-nodes-2\/dua\/","title":{"rendered":"DUA"},"content":{"rendered":"\n<figure class=\"wp-block-image size-full\"><img loading=\"lazy\" decoding=\"async\" width=\"468\" height=\"156\" src=\"https:\/\/serveiseducatius.xtec.cat\/vallesoriental3\/wp-content\/uploads\/usu768\/2025\/03\/2.png\" alt=\"\" class=\"wp-image-22721\" srcset=\"https:\/\/serveiseducatius.xtec.cat\/vallesoriental3\/wp-content\/uploads\/usu768\/2025\/03\/2.png 468w, https:\/\/serveiseducatius.xtec.cat\/vallesoriental3\/wp-content\/uploads\/usu768\/2025\/03\/2-210x70.png 210w\" sizes=\"auto, (max-width: 468px) 100vw, 468px\" \/><\/figure>\n\n\n\n<p><strong>El DUA \u00e9s un model <\/strong>que facilita el marc de refer\u00e8ncia per a la creaci\u00f3 de contextos d\u2019aprenentatge en els quals es proporcionen m\u00faltiples maneres de presentar la informaci\u00f3, m\u00faltiples maneres d\u2019acci\u00f3 i representaci\u00f3 i m\u00faltiples maneres de comprometre&#8217;s.<\/p>\n\n\n\n<p>L\u2019aspecte universal del DUA no vol dir una soluci\u00f3 per a tothom sin\u00f3 que planteja la necessitat de dissenyar, des del principi, activitats, tasques i continguts flexibles i personalitzats segons la realitat de cada aula.<\/p>\n\n\n\n<p>Les persones som diferents en la mena en qu\u00e8 gestionem, contextualitzem i expressem i per aix\u00f2, necessitem un model que ens permeti multiplicitat d\u2019opcions perqu\u00e8 tothom pugui trobar la seva via d\u2019aprenentatge.<\/p>\n\n\n\n<figure class=\"wp-block-image size-large\"><a href=\"https:\/\/drive.google.com\/file\/d\/1FN6MBf7RHQZseabmBSttuYraynppkd5I\/view?usp=drive_link\" target=\"_blank\" rel=\"noreferrer noopener\"><img loading=\"lazy\" decoding=\"async\" width=\"1024\" height=\"829\" src=\"https:\/\/serveiseducatius.xtec.cat\/vallesoriental3\/wp-content\/uploads\/usu768\/2025\/03\/dua-2.2-1024x829.png\" alt=\"\" class=\"wp-image-22814\" srcset=\"https:\/\/serveiseducatius.xtec.cat\/vallesoriental3\/wp-content\/uploads\/usu768\/2025\/03\/dua-2.2-1024x829.png 1024w, https:\/\/serveiseducatius.xtec.cat\/vallesoriental3\/wp-content\/uploads\/usu768\/2025\/03\/dua-2.2-210x170.png 210w, https:\/\/serveiseducatius.xtec.cat\/vallesoriental3\/wp-content\/uploads\/usu768\/2025\/03\/dua-2.2-768x622.png 768w, https:\/\/serveiseducatius.xtec.cat\/vallesoriental3\/wp-content\/uploads\/usu768\/2025\/03\/dua-2.2-1536x1244.png 1536w, https:\/\/serveiseducatius.xtec.cat\/vallesoriental3\/wp-content\/uploads\/usu768\/2025\/03\/dua-2.2.png 1894w\" sizes=\"auto, (max-width: 1024px) 100vw, 1024px\" \/><\/a><\/figure>\n\n\n\n<h4 class=\"wp-block-heading\">Per saber-ne m\u00e9s. <\/h4>\n\n\n\n<p><strong><a href=\"http:\/\/www.udlcenter.org\/\" target=\"_blank\" rel=\"noreferrer noopener\">National Center on Universal design for learning<\/a><\/strong><\/p>\n\n\n\n<p>CAST (2018). Universal Design for Learning Guidelines version 2.2. Retrieved from <strong><a href=\"http:\/\/udlguidelines.cast.org\" target=\"_blank\" rel=\"noreferrer noopener\">http:\/\/udlguidelines.cast.org<\/a><\/strong><\/p>\n\n\n\n<p><a href=\"http:\/\/ateneu.xtec.cat\/wikiform\/wikiexport\/cmd\/tac\/dua\/index\" target=\"_blank\" rel=\"noreferrer noopener\"><strong>Recursos per al Disseny Universal per a l\u2019aprenentatge<\/strong><\/a>. Ateneu. Materials de formaci\u00f3<\/p>\n\n\n\n<p><a href=\"http:\/\/www.educadua.es\/doc\/dua\/dua_pautas_intro_cv.pdf\" target=\"_blank\" rel=\"noreferrer noopener\"><strong>Dise\u00f1o Universal para el Aprendizaje (DUA)<\/strong><\/a> Pautas para su introducci\u00f3n en el curr\u00edculo. Carmen Alba<\/p>\n\n\n\n<p><strong><a href=\"http:\/\/blocs.xtec.cat\/mobilsperlainclusio\/\" target=\"_blank\" rel=\"noreferrer noopener\">Bloc dispositius m\u00f2bils<\/a><\/strong><\/p>\n\n\n\n<p><a href=\"http:\/\/www.educadua.es\/\" target=\"_blank\" rel=\"noreferrer noopener\"><strong>Educadua<\/strong><\/a> plataforma creada desde el Proyecto DUALETIC para la difusi\u00f3n del Dise\u00f1o Universal para el Aprendizaje en espa\u00f1ol<\/p>\n\n\n\n<p><strong><a href=\"http:\/\/blocs.xtec.cat\/mobilsperlainclusio\/disseny-universal-per-a-laprenentatge\/\" target=\"_blank\" rel=\"noreferrer noopener\">V\u00eddeo DUA en versi\u00f3 original en angl\u00e8s amb opci\u00f3 amb subt\u00edtols (catal\u00e0, castell\u00e0,&#8230;)<\/a><\/strong><\/p>\n","protected":false},"excerpt":{"rendered":"<p>El DUA \u00e9s un model que facilita el marc de refer\u00e8ncia per a la creaci\u00f3 de contextos d\u2019aprenentatge en els [&hellip;]<\/p>\n","protected":false},"author":1,"featured_media":0,"parent":22719,"menu_order":0,"comment_status":"closed","ping_status":"close","template":"","meta":{"_bbp_topic_count":0,"_bbp_reply_count":0,"_bbp_total_topic_count":0,"_bbp_total_reply_count":0,"_bbp_voice_count":0,"_bbp_anonymous_reply_count":0,"_bbp_topic_count_hidden":0,"_bbp_reply_count_hidden":0,"_bbp_forum_subforum_count":0,"site-sidebar-layout":"default","site-content-layout":"","ast-site-content-layout":"default","site-content-style":"default","site-sidebar-style":"default","ast-global-header-display":"","ast-banner-title-visibility":"","ast-main-header-display":"","ast-hfb-above-header-display":"","ast-hfb-below-header-display":"","ast-hfb-mobile-header-display":"","site-post-title":"disabled","ast-breadcrumbs-content":"","ast-featured-img":"","footer-sml-layout":"","theme-transparent-header-meta":"","adv-header-id-meta":"","stick-header-meta":"","header-above-stick-meta":"","header-main-stick-meta":"","header-below-stick-meta":"","astra-migrate-meta-layouts":"set","ast-page-background-enabled":"default","ast-page-background-meta":{"desktop":{"background-color":"var(--ast-global-color-4)","background-image":"","background-repeat":"repeat","background-position":"center center","background-size":"auto","background-attachment":"scroll","background-type":"","background-media":"","overlay-type":"","overlay-color":"","overlay-opacity":"","overlay-gradient":""},"tablet":{"background-color":"","background-image":"","background-repeat":"repeat","background-position":"center center","background-size":"auto","background-attachment":"scroll","background-type":"","background-media":"","overlay-type":"","overlay-color":"","overlay-opacity":"","overlay-gradient":""},"mobile":{"background-color":"","background-image":"","background-repeat":"repeat","background-position":"center center","background-size":"auto","background-attachment":"scroll","background-type":"","background-media":"","overlay-type":"","overlay-color":"","overlay-opacity":"","overlay-gradient":""}},"ast-content-background-meta":{"desktop":{"background-color":"var(--ast-global-color-5)","background-image":"","background-repeat":"repeat","background-position":"center center","background-size":"auto","background-attachment":"scroll","background-type":"","background-media":"","overlay-type":"","overlay-color":"","overlay-opacity":"","overlay-gradient":""},"tablet":{"background-color":"var(--ast-global-color-5)","background-image":"","background-repeat":"repeat","background-position":"center center","background-size":"auto","background-attachment":"scroll","background-type":"","background-media":"","overlay-type":"","overlay-color":"","overlay-opacity":"","overlay-gradient":""},"mobile":{"background-color":"var(--ast-global-color-5)","background-image":"","background-repeat":"repeat","background-position":"center center","background-size":"auto","background-attachment":"scroll","background-type":"","background-media":"","overlay-type":"","overlay-color":"","overlay-opacity":"","overlay-gradient":""}},"footnotes":""},"class_list":["post-22765","page","type-page","status-publish","hentry"],"post_mailing_queue_ids":[],"_links":{"self":[{"href":"https:\/\/serveiseducatius.xtec.cat\/vallesoriental3\/wp-json\/wp\/v2\/pages\/22765","targetHints":{"allow":["GET"]}}],"collection":[{"href":"https:\/\/serveiseducatius.xtec.cat\/vallesoriental3\/wp-json\/wp\/v2\/pages"}],"about":[{"href":"https:\/\/serveiseducatius.xtec.cat\/vallesoriental3\/wp-json\/wp\/v2\/types\/page"}],"author":[{"embeddable":true,"href":"https:\/\/serveiseducatius.xtec.cat\/vallesoriental3\/wp-json\/wp\/v2\/users\/1"}],"replies":[{"embeddable":true,"href":"https:\/\/serveiseducatius.xtec.cat\/vallesoriental3\/wp-json\/wp\/v2\/comments?post=22765"}],"version-history":[{"count":4,"href":"https:\/\/serveiseducatius.xtec.cat\/vallesoriental3\/wp-json\/wp\/v2\/pages\/22765\/revisions"}],"predecessor-version":[{"id":22818,"href":"https:\/\/serveiseducatius.xtec.cat\/vallesoriental3\/wp-json\/wp\/v2\/pages\/22765\/revisions\/22818"}],"up":[{"embeddable":true,"href":"https:\/\/serveiseducatius.xtec.cat\/vallesoriental3\/wp-json\/wp\/v2\/pages\/22719"}],"wp:attachment":[{"href":"https:\/\/serveiseducatius.xtec.cat\/vallesoriental3\/wp-json\/wp\/v2\/media?parent=22765"}],"curies":[{"name":"wp","href":"https:\/\/api.w.org\/{rel}","templated":true}]}}