{"id":21848,"date":"2023-06-23T13:14:05","date_gmt":"2023-06-23T11:14:05","guid":{"rendered":"https:\/\/serveiseducatius.xtec.cat\/vallesoriental3\/?page_id=21848"},"modified":"2025-10-22T19:03:51","modified_gmt":"2025-10-22T17:03:51","slug":"llista-prestec-matematiques","status":"publish","type":"page","link":"https:\/\/serveiseducatius.xtec.cat\/vallesoriental3\/prestec\/llista-prestec-matematiques\/","title":{"rendered":"Material en pr\u00e9stec Matem\u00e0tiques"},"content":{"rendered":"\n<p>En aquest espai trobareu els diferents materials disponibles de la categoria ART I EXPRESSI\u00d3 per al pr\u00e9stec. Cada recurs (kit, maleta, joc, etc.) inclou una descripci\u00f3, l\u2019etapa educativa a la qual s\u2019adre\u00e7a i materials did\u00e0ctics per facilitar-ne la implementaci\u00f3 a l\u2019aula.<\/p>\n\n\n\n<div class=\"wp-block-columns is-layout-flex wp-container-core-columns-is-layout-1 wp-block-columns-is-layout-flex\" style=\"padding-top:var(--wp--preset--spacing--20);padding-right:var(--wp--preset--spacing--20);padding-bottom:var(--wp--preset--spacing--20);padding-left:var(--wp--preset--spacing--20)\">\n<div class=\"wp-block-column is-layout-flow wp-block-column-is-layout-flow\" style=\"flex-basis:66.66%\">\n<p>Quan tingueu clar quin material voleu sol\u00b7licitar, nom\u00e9s cal que ompliu el <a href=\"https:\/\/forms.gle\/seuS9bY79ZXyzuBp8\">formulari de demanda<\/a>. Un cop rebuda la sol\u00b7licitud, des del CRP ens posarem en contacte amb vosaltres per concretar la recollida.<br>Si necessiteu algun material que no trobeu al nodes, comenteu-nos-ho, podem fer demanda a altres Centres de Recursos. <\/p>\n<\/div>\n\n\n\n<div class=\"wp-block-column is-layout-flow wp-block-column-is-layout-flow\" style=\"flex-basis:33.33%\">\n<figure class=\"wp-block-image size-full\"><a href=\"https:\/\/forms.gle\/seuS9bY79ZXyzuBp8\"><img loading=\"lazy\" decoding=\"async\" width=\"375\" height=\"125\" src=\"https:\/\/serveiseducatius.xtec.cat\/vallesoriental3\/wp-content\/uploads\/usu768\/2025\/01\/14.png\" alt=\"\" class=\"wp-image-22485\" srcset=\"https:\/\/serveiseducatius.xtec.cat\/vallesoriental3\/wp-content\/uploads\/usu768\/2025\/01\/14.png 375w, https:\/\/serveiseducatius.xtec.cat\/vallesoriental3\/wp-content\/uploads\/usu768\/2025\/01\/14-210x70.png 210w\" sizes=\"auto, (max-width: 375px) 100vw, 375px\" \/><\/a><\/figure>\n\n\n\n<p><\/p>\n<\/div>\n<\/div>\n\n\n\n<hr class=\"wp-block-separator has-alpha-channel-opacity\"\/>\n\n\n\n\t\t<div class=\"wp-block-getwid-recent-posts has-layout-list\">\n\t\t\t<div class=\"wp-block-getwid-recent-posts__wrapper\">\n\t\t\t\t\n<article id=\"post-24019\" class=\"wp-block-getwid-recent-posts__post\">\n    <div class=\"wp-block-getwid-recent-posts__post-wrapper\">\n                            <div class=\"wp-block-getwid-recent-posts__content-wrapper\">\n                                    <header class=\"wp-block-getwid-recent-posts__entry-header\">\n                                                    <h5 class=\"wp-block-getwid-recent-posts__post-title\"><a href=\"https:\/\/serveiseducatius.xtec.cat\/vallesoriental3\/prestec\/prestec-matematiques\/recull-de-llibres-sobre-didactica-de-les-matematiques\/\">Recull de llibres sobre did\u00e0ctica de les matem\u00e0tiques<\/a><\/h5>                                                                    <\/header>\n                                <div class=\"wp-block-getwid-recent-posts__post-content\">Educaci\u00f3n matem\u00e1tica y buenas pr\u00e1cticas Autoria: Diversos autorsEditorial: Gra\u00f3\u00c0mbit: Did\u00e0ctica de les matem\u00e0tiques \/ Innovaci\u00f3 educativa Mates de cerca Autoria: [&hellip;]<\/div>\n                \n                            <\/div>\n            <\/div>\n<\/article>\n\n<article id=\"post-21881\" class=\"wp-block-getwid-recent-posts__post\">\n    <div class=\"wp-block-getwid-recent-posts__post-wrapper\">\n                    <div class=\"wp-block-getwid-recent-posts__post-thumbnail\">\n                <a href=\"https:\/\/serveiseducatius.xtec.cat\/vallesoriental3\/general\/laboratori-de-matematiques\/\"><img loading=\"lazy\" decoding=\"async\" width=\"150\" height=\"150\" src=\"https:\/\/serveiseducatius.xtec.cat\/vallesoriental3\/wp-content\/uploads\/usu768\/2023\/06\/image-150x150.jpg\" class=\"attachment-thumbnail size-thumbnail wp-post-image\" alt=\"Laboratori de matem\u00e0tiques\" \/><\/a>\n            <\/div>\n                            <div class=\"wp-block-getwid-recent-posts__content-wrapper\">\n                                    <header class=\"wp-block-getwid-recent-posts__entry-header\">\n                                                    <h5 class=\"wp-block-getwid-recent-posts__post-title\"><a href=\"https:\/\/serveiseducatius.xtec.cat\/vallesoriental3\/general\/laboratori-de-matematiques\/\">Laboratori de matem\u00e0tiques<\/a><\/h5>                                                                    <\/header>\n                                <div class=\"wp-block-getwid-recent-posts__post-content\">Laboratori de matem\u00e0tiques Per poder optar a aquest recurs ompliu el\u00a0FORMULARI de sol\u00b7licitud. Duraci\u00f3:\u00a0m\u00e0xim 1 trimestre El CESIRE\u00a0 ha elaborat [&hellip;]<\/div>\n                \n                            <\/div>\n            <\/div>\n<\/article>\n\n<article id=\"post-20399\" class=\"wp-block-getwid-recent-posts__post\">\n    <div class=\"wp-block-getwid-recent-posts__post-wrapper\">\n                    <div class=\"wp-block-getwid-recent-posts__post-thumbnail\">\n                <a href=\"https:\/\/serveiseducatius.xtec.cat\/vallesoriental3\/recursos\/maletes-pedagogiques\/maleta-de-calcul-i-estrategia-mmaca\/\"><img loading=\"lazy\" decoding=\"async\" width=\"150\" height=\"150\" src=\"https:\/\/serveiseducatius.xtec.cat\/vallesoriental3\/wp-content\/uploads\/usu768\/2021\/12\/Captura-3-150x150.png\" class=\"attachment-thumbnail size-thumbnail wp-post-image\" alt=\"Maleta de c\u00e0lcul i estrat\u00e8gia del MMACA\" \/><\/a>\n            <\/div>\n                            <div class=\"wp-block-getwid-recent-posts__content-wrapper\">\n                                    <header class=\"wp-block-getwid-recent-posts__entry-header\">\n                                                    <h5 class=\"wp-block-getwid-recent-posts__post-title\"><a href=\"https:\/\/serveiseducatius.xtec.cat\/vallesoriental3\/recursos\/maletes-pedagogiques\/maleta-de-calcul-i-estrategia-mmaca\/\">Maleta de c\u00e0lcul i estrat\u00e8gia del MMACA<\/a><\/h5>                                                                    <\/header>\n                                <div class=\"wp-block-getwid-recent-posts__post-content\">NOU MATERIAL \ud83c\udfb223 m\u00f2duls \ud83c\udfb2Guia d&#8217;activitats i material extra \ud83c\udfb21r a 4t de prim\u00e0ria Aquesta maleta pedag\u00f2gica est\u00e0 formada per [&hellip;]<\/div>\n                \n                            <\/div>\n            <\/div>\n<\/article>\n\n<article id=\"post-19960\" class=\"wp-block-getwid-recent-posts__post\">\n    <div class=\"wp-block-getwid-recent-posts__post-wrapper\">\n                    <div class=\"wp-block-getwid-recent-posts__post-thumbnail\">\n                <a href=\"https:\/\/serveiseducatius.xtec.cat\/vallesoriental3\/prestec\/kapla\/\"><img loading=\"lazy\" decoding=\"async\" width=\"150\" height=\"150\" src=\"https:\/\/serveiseducatius.xtec.cat\/vallesoriental3\/wp-content\/uploads\/usu768\/2021\/06\/Captura-13-150x150.jpg\" class=\"attachment-thumbnail size-thumbnail wp-post-image\" alt=\"Kapla\" \/><\/a>\n            <\/div>\n                            <div class=\"wp-block-getwid-recent-posts__content-wrapper\">\n                                    <header class=\"wp-block-getwid-recent-posts__entry-header\">\n                                                    <h5 class=\"wp-block-getwid-recent-posts__post-title\"><a href=\"https:\/\/serveiseducatius.xtec.cat\/vallesoriental3\/prestec\/kapla\/\">Kapla<\/a><\/h5>                                                                    <\/header>\n                                <div class=\"wp-block-getwid-recent-posts__post-content\">El Kapla permet experimentar amb la simetria, fer grans construccions i r\u00e8pliques de monuments&#8230;<\/div>\n                \n                            <\/div>\n            <\/div>\n<\/article>\n\n<article id=\"post-19921\" class=\"wp-block-getwid-recent-posts__post\">\n    <div class=\"wp-block-getwid-recent-posts__post-wrapper\">\n                    <div class=\"wp-block-getwid-recent-posts__post-thumbnail\">\n                <a href=\"https:\/\/serveiseducatius.xtec.cat\/vallesoriental3\/recursos\/maletes-pedagogiques\/espai-i-forma\/\"><img loading=\"lazy\" decoding=\"async\" width=\"150\" height=\"150\" src=\"https:\/\/serveiseducatius.xtec.cat\/vallesoriental3\/wp-content\/uploads\/usu768\/2016\/11\/IMG_20181217_122158-150x150.jpg\" class=\"attachment-thumbnail size-thumbnail wp-post-image\" alt=\"Espai i forma\" \/><\/a>\n            <\/div>\n                            <div class=\"wp-block-getwid-recent-posts__content-wrapper\">\n                                    <header class=\"wp-block-getwid-recent-posts__entry-header\">\n                                                    <h5 class=\"wp-block-getwid-recent-posts__post-title\"><a href=\"https:\/\/serveiseducatius.xtec.cat\/vallesoriental3\/recursos\/maletes-pedagogiques\/espai-i-forma\/\">Espai i forma<\/a><\/h5>                                                                    <\/header>\n                                <div class=\"wp-block-getwid-recent-posts__post-content\">Maleta amb materials manipulatius i propostes d\u2019activitats per treballar els\u00a0conceptes matem\u00e0tics d\u2019espai i forma: tangrams, geometria amb volums, multiblocks, etc.<\/div>\n                \n                            <\/div>\n            <\/div>\n<\/article>\n\n<article id=\"post-19867\" class=\"wp-block-getwid-recent-posts__post\">\n    <div class=\"wp-block-getwid-recent-posts__post-wrapper\">\n                    <div class=\"wp-block-getwid-recent-posts__post-thumbnail\">\n                <a href=\"https:\/\/serveiseducatius.xtec.cat\/vallesoriental3\/matematiques\/cupula-de-leonardo\/\"><img loading=\"lazy\" decoding=\"async\" width=\"150\" height=\"150\" src=\"https:\/\/serveiseducatius.xtec.cat\/vallesoriental3\/wp-content\/uploads\/usu768\/2021\/05\/IMG_7758-150x150.jpg\" class=\"attachment-thumbnail size-thumbnail wp-post-image\" alt=\"C\u00fapula de Leonardo\" \/><\/a>\n            <\/div>\n                            <div class=\"wp-block-getwid-recent-posts__content-wrapper\">\n                                    <header class=\"wp-block-getwid-recent-posts__entry-header\">\n                                                    <h5 class=\"wp-block-getwid-recent-posts__post-title\"><a href=\"https:\/\/serveiseducatius.xtec.cat\/vallesoriental3\/matematiques\/cupula-de-leonardo\/\">C\u00fapula de Leonardo<\/a><\/h5>                                                                    <\/header>\n                                <div class=\"wp-block-getwid-recent-posts__post-content\">La c\u00fapula de Leonardo \u00e9s una\u00a0proposta pedag\u00f2gica innovadora, multidisciplin\u00e0r i l\u00fadica que ofereix experimentaci\u00f3 i treball en equip.<\/div>\n                \n                            <\/div>\n            <\/div>\n<\/article>\n\n<article id=\"post-18931\" class=\"wp-block-getwid-recent-posts__post\">\n    <div class=\"wp-block-getwid-recent-posts__post-wrapper\">\n                    <div class=\"wp-block-getwid-recent-posts__post-thumbnail\">\n                <a href=\"https:\/\/serveiseducatius.xtec.cat\/vallesoriental3\/prestec\/8-metres-de-fusta\/\"><img loading=\"lazy\" decoding=\"async\" width=\"150\" height=\"150\" src=\"https:\/\/serveiseducatius.xtec.cat\/vallesoriental3\/wp-content\/uploads\/usu768\/2020\/11\/PORTADAS-PAGINA-WEB-BLOG-29-150x150.png\" class=\"attachment-thumbnail size-thumbnail wp-post-image\" alt=\"8 metres de fusta\" \/><\/a>\n            <\/div>\n                            <div class=\"wp-block-getwid-recent-posts__content-wrapper\">\n                                    <header class=\"wp-block-getwid-recent-posts__entry-header\">\n                                                    <h5 class=\"wp-block-getwid-recent-posts__post-title\"><a href=\"https:\/\/serveiseducatius.xtec.cat\/vallesoriental3\/prestec\/8-metres-de-fusta\/\">8 metres de fusta<\/a><\/h5>                                                                    <\/header>\n                                <div class=\"wp-block-getwid-recent-posts__post-content\">Regla i metro de fusta per experiments.<\/div>\n                \n                            <\/div>\n            <\/div>\n<\/article>\n\n<article id=\"post-1916\" class=\"wp-block-getwid-recent-posts__post\">\n    <div class=\"wp-block-getwid-recent-posts__post-wrapper\">\n                    <div class=\"wp-block-getwid-recent-posts__post-thumbnail\">\n                <a href=\"https:\/\/serveiseducatius.xtec.cat\/vallesoriental3\/recursos\/maletes-pedagogiques\/recursos-de-calcul-cicle-superior\/\"><img loading=\"lazy\" decoding=\"async\" width=\"150\" height=\"150\" src=\"https:\/\/serveiseducatius.xtec.cat\/vallesoriental3\/wp-content\/uploads\/usu768\/2016\/11\/PORTADAS-PAGINA-WEB-BLOG-38-150x150.png\" class=\"attachment-thumbnail size-thumbnail wp-post-image\" alt=\"Numeraci\u00f3 i c\u00e0lcul\" \/><\/a>\n            <\/div>\n                            <div class=\"wp-block-getwid-recent-posts__content-wrapper\">\n                                    <header class=\"wp-block-getwid-recent-posts__entry-header\">\n                                                    <h5 class=\"wp-block-getwid-recent-posts__post-title\"><a href=\"https:\/\/serveiseducatius.xtec.cat\/vallesoriental3\/recursos\/maletes-pedagogiques\/recursos-de-calcul-cicle-superior\/\">Numeraci\u00f3 i c\u00e0lcul<\/a><\/h5>                                                                    <\/header>\n                                <div class=\"wp-block-getwid-recent-posts__post-content\">Maleta amb 19 jocs per treballar conceptes matem\u00e0tics de c\u00e0lcul mental per a cicle superior<\/div>\n                \n                            <\/div>\n            <\/div>\n<\/article>\n\t\t\t<\/div>\n\t\t<\/div>\n\t\t","protected":false},"excerpt":{"rendered":"<p>En aquest espai trobareu els diferents materials disponibles de la categoria ART I EXPRESSI\u00d3 per al pr\u00e9stec. Cada recurs (kit, [&hellip;]<\/p>\n","protected":false},"author":1,"featured_media":0,"parent":21488,"menu_order":0,"comment_status":"closed","ping_status":"closed","template":"","meta":{"_bbp_topic_count":0,"_bbp_reply_count":0,"_bbp_total_topic_count":0,"_bbp_total_reply_count":0,"_bbp_voice_count":0,"_bbp_anonymous_reply_count":0,"_bbp_topic_count_hidden":0,"_bbp_reply_count_hidden":0,"_bbp_forum_subforum_count":0,"site-sidebar-layout":"default","site-content-layout":"","ast-site-content-layout":"default","site-content-style":"default","site-sidebar-style":"default","ast-global-header-display":"","ast-banner-title-visibility":"","ast-main-header-display":"","ast-hfb-above-header-display":"","ast-hfb-below-header-display":"","ast-hfb-mobile-header-display":"","site-post-title":"","ast-breadcrumbs-content":"","ast-featured-img":"","footer-sml-layout":"","theme-transparent-header-meta":"","adv-header-id-meta":"","stick-header-meta":"","header-above-stick-meta":"","header-main-stick-meta":"","header-below-stick-meta":"","astra-migrate-meta-layouts":"set","ast-page-background-enabled":"default","ast-page-background-meta":{"desktop":{"background-color":"var(--ast-global-color-4)","background-image":"","background-repeat":"repeat","background-position":"center center","background-size":"auto","background-attachment":"scroll","background-type":"","background-media":"","overlay-type":"","overlay-color":"","overlay-opacity":"","overlay-gradient":""},"tablet":{"background-color":"","background-image":"","background-repeat":"repeat","background-position":"center center","background-size":"auto","background-attachment":"scroll","background-type":"","background-media":"","overlay-type":"","overlay-color":"","overlay-opacity":"","overlay-gradient":""},"mobile":{"background-color":"","background-image":"","background-repeat":"repeat","background-position":"center center","background-size":"auto","background-attachment":"scroll","background-type":"","background-media":"","overlay-type":"","overlay-color":"","overlay-opacity":"","overlay-gradient":""}},"ast-content-background-meta":{"desktop":{"background-color":"var(--ast-global-color-5)","background-image":"","background-repeat":"repeat","background-position":"center center","background-size":"auto","background-attachment":"scroll","background-type":"","background-media":"","overlay-type":"","overlay-color":"","overlay-opacity":"","overlay-gradient":""},"tablet":{"background-color":"var(--ast-global-color-5)","background-image":"","background-repeat":"repeat","background-position":"center center","background-size":"auto","background-attachment":"scroll","background-type":"","background-media":"","overlay-type":"","overlay-color":"","overlay-opacity":"","overlay-gradient":""},"mobile":{"background-color":"var(--ast-global-color-5)","background-image":"","background-repeat":"repeat","background-position":"center center","background-size":"auto","background-attachment":"scroll","background-type":"","background-media":"","overlay-type":"","overlay-color":"","overlay-opacity":"","overlay-gradient":""}},"footnotes":""},"class_list":["post-21848","page","type-page","status-publish","hentry"],"post_mailing_queue_ids":[],"_links":{"self":[{"href":"https:\/\/serveiseducatius.xtec.cat\/vallesoriental3\/wp-json\/wp\/v2\/pages\/21848","targetHints":{"allow":["GET"]}}],"collection":[{"href":"https:\/\/serveiseducatius.xtec.cat\/vallesoriental3\/wp-json\/wp\/v2\/pages"}],"about":[{"href":"https:\/\/serveiseducatius.xtec.cat\/vallesoriental3\/wp-json\/wp\/v2\/types\/page"}],"author":[{"embeddable":true,"href":"https:\/\/serveiseducatius.xtec.cat\/vallesoriental3\/wp-json\/wp\/v2\/users\/1"}],"replies":[{"embeddable":true,"href":"https:\/\/serveiseducatius.xtec.cat\/vallesoriental3\/wp-json\/wp\/v2\/comments?post=21848"}],"version-history":[{"count":5,"href":"https:\/\/serveiseducatius.xtec.cat\/vallesoriental3\/wp-json\/wp\/v2\/pages\/21848\/revisions"}],"predecessor-version":[{"id":24000,"href":"https:\/\/serveiseducatius.xtec.cat\/vallesoriental3\/wp-json\/wp\/v2\/pages\/21848\/revisions\/24000"}],"up":[{"embeddable":true,"href":"https:\/\/serveiseducatius.xtec.cat\/vallesoriental3\/wp-json\/wp\/v2\/pages\/21488"}],"wp:attachment":[{"href":"https:\/\/serveiseducatius.xtec.cat\/vallesoriental3\/wp-json\/wp\/v2\/media?parent=21848"}],"curies":[{"name":"wp","href":"https:\/\/api.w.org\/{rel}","templated":true}]}}