{"id":21559,"date":"2023-05-25T19:58:23","date_gmt":"2023-05-25T17:58:23","guid":{"rendered":"https:\/\/serveiseducatius.xtec.cat\/vallesoriental3\/?page_id=21559"},"modified":"2025-03-27T10:34:31","modified_gmt":"2025-03-27T09:34:31","slug":"mediacio-enfocament-restauratiu-global","status":"publish","type":"page","link":"https:\/\/serveiseducatius.xtec.cat\/vallesoriental3\/mediacio-enfocament-restauratiu-global\/","title":{"rendered":"Mediaci\u00f3 i enfocament restauratiu global"},"content":{"rendered":"\n<p>La mediaci\u00f3 i l\u2019enfocament restauratiu ofereixen una manera positiva i educativa d\u2019abordar els conflictes dins dels centres educatius. M\u00e9s enll\u00e0 de resoldre desacords, aquestes pr\u00e0ctiques promouen l\u2019escolta activa, la responsabilitat compartida i la reparaci\u00f3 del dany com a cam\u00ed cap a una conviv\u00e8ncia m\u00e9s saludable.<\/p>\n\n\n\n<p>Amb el suport del <strong>programa Enfocament Restauratiu Global (ERG)<\/strong>, els centres poden incorporar eines, estructures i estrat\u00e8gies que fomenten el di\u00e0leg, la construcci\u00f3 de vincles i la cultura de pau. Aqu\u00ed hi trobar\u00e0s recursos, formacions i materials per comen\u00e7ar o refor\u00e7ar la mirada restaurativa al teu centre.<\/p>\n\n\n\n<div class=\"wp-block-columns is-layout-flex wp-container-core-columns-is-layout-1 wp-block-columns-is-layout-flex\" style=\"padding-top:0;padding-right:0;padding-bottom:0;padding-left:0\">\n<div class=\"wp-block-column is-layout-flow wp-block-column-is-layout-flow\">\n<p class=\"has-text-align-center\"><h3><a href=\"https:\/\/sites.google.com\/xtec.cat\/mediacio-educativa-sevo3\/cnv\" target=\"_blank\" rel=\"noopener\">Comunicaci\u00f3 No Violenta<\/a><\/h3><\/p>\n\n\n\n<p class=\"has-text-align-center\"><p>Materials per aprofundir sobre la Comunicaci\u00f3 No Violenta CNV<\/p><\/p>\n<\/div>\n\n\n\n<div class=\"wp-block-column is-layout-flow wp-block-column-is-layout-flow\">\n<p class=\"has-text-align-center\"><h3><a href=\"https:\/\/sites.google.com\/xtec.cat\/mediacio-educativa-sevo3\/projectes-de-mediaci%C3%B3\" target=\"_blank\" rel=\"noopener\">Mediaci\u00f3 Escolar<\/a><\/h3><\/p>\n\n\n\n<p class=\"has-text-align-center\"><p>Projectes de Mediaci\u00f3 Escolar de centres<\/p><\/p>\n<\/div>\n\n\n\n<div class=\"wp-block-column is-layout-flow wp-block-column-is-layout-flow\">\n<p class=\"has-text-align-center\"><h3><a href=\"https:\/\/sites.google.com\/xtec.cat\/mediacio-educativa-sevo3\/pr%C3%A0ctiques-restauratives\" target=\"_blank\" rel=\"noopener\">Pr\u00e0ctiques Restauratives<\/a><\/h3><\/p>\n\n\n\n<p class=\"has-text-align-center\"><p>Materials per aprofundir sobre les Pr\u00e0ctiques Restauratives que tenen el seu origen en la just\u00edcia restaurativa i en els cercles restauratius<\/p><\/p>\n<\/div>\n<\/div>\n","protected":false},"excerpt":{"rendered":"<p>La mediaci\u00f3 i l\u2019enfocament restauratiu ofereixen una manera positiva i educativa d\u2019abordar els conflictes dins dels centres educatius. M\u00e9s enll\u00e0 [&hellip;]<\/p>\n","protected":false},"author":1,"featured_media":0,"parent":0,"menu_order":0,"comment_status":"closed","ping_status":"closed","template":"","meta":{"_bbp_topic_count":0,"_bbp_reply_count":0,"_bbp_total_topic_count":0,"_bbp_total_reply_count":0,"_bbp_voice_count":0,"_bbp_anonymous_reply_count":0,"_bbp_topic_count_hidden":0,"_bbp_reply_count_hidden":0,"_bbp_forum_subforum_count":0,"site-sidebar-layout":"default","site-content-layout":"","ast-site-content-layout":"default","site-content-style":"default","site-sidebar-style":"default","ast-global-header-display":"","ast-banner-title-visibility":"","ast-main-header-display":"","ast-hfb-above-header-display":"","ast-hfb-below-header-display":"","ast-hfb-mobile-header-display":"","site-post-title":"","ast-breadcrumbs-content":"","ast-featured-img":"","footer-sml-layout":"","theme-transparent-header-meta":"","adv-header-id-meta":"","stick-header-meta":"","header-above-stick-meta":"","header-main-stick-meta":"","header-below-stick-meta":"","astra-migrate-meta-layouts":"set","ast-page-background-enabled":"default","ast-page-background-meta":{"desktop":{"background-color":"var(--ast-global-color-4)","background-image":"","background-repeat":"repeat","background-position":"center center","background-size":"auto","background-attachment":"scroll","background-type":"","background-media":"","overlay-type":"","overlay-color":"","overlay-opacity":"","overlay-gradient":""},"tablet":{"background-color":"","background-image":"","background-repeat":"repeat","background-position":"center center","background-size":"auto","background-attachment":"scroll","background-type":"","background-media":"","overlay-type":"","overlay-color":"","overlay-opacity":"","overlay-gradient":""},"mobile":{"background-color":"","background-image":"","background-repeat":"repeat","background-position":"center center","background-size":"auto","background-attachment":"scroll","background-type":"","background-media":"","overlay-type":"","overlay-color":"","overlay-opacity":"","overlay-gradient":""}},"ast-content-background-meta":{"desktop":{"background-color":"var(--ast-global-color-5)","background-image":"","background-repeat":"repeat","background-position":"center center","background-size":"auto","background-attachment":"scroll","background-type":"","background-media":"","overlay-type":"","overlay-color":"","overlay-opacity":"","overlay-gradient":""},"tablet":{"background-color":"var(--ast-global-color-5)","background-image":"","background-repeat":"repeat","background-position":"center center","background-size":"auto","background-attachment":"scroll","background-type":"","background-media":"","overlay-type":"","overlay-color":"","overlay-opacity":"","overlay-gradient":""},"mobile":{"background-color":"var(--ast-global-color-5)","background-image":"","background-repeat":"repeat","background-position":"center center","background-size":"auto","background-attachment":"scroll","background-type":"","background-media":"","overlay-type":"","overlay-color":"","overlay-opacity":"","overlay-gradient":""}},"footnotes":""},"class_list":["post-21559","page","type-page","status-publish","hentry"],"post_mailing_queue_ids":[],"_links":{"self":[{"href":"https:\/\/serveiseducatius.xtec.cat\/vallesoriental3\/wp-json\/wp\/v2\/pages\/21559","targetHints":{"allow":["GET"]}}],"collection":[{"href":"https:\/\/serveiseducatius.xtec.cat\/vallesoriental3\/wp-json\/wp\/v2\/pages"}],"about":[{"href":"https:\/\/serveiseducatius.xtec.cat\/vallesoriental3\/wp-json\/wp\/v2\/types\/page"}],"author":[{"embeddable":true,"href":"https:\/\/serveiseducatius.xtec.cat\/vallesoriental3\/wp-json\/wp\/v2\/users\/1"}],"replies":[{"embeddable":true,"href":"https:\/\/serveiseducatius.xtec.cat\/vallesoriental3\/wp-json\/wp\/v2\/comments?post=21559"}],"version-history":[{"count":6,"href":"https:\/\/serveiseducatius.xtec.cat\/vallesoriental3\/wp-json\/wp\/v2\/pages\/21559\/revisions"}],"predecessor-version":[{"id":23158,"href":"https:\/\/serveiseducatius.xtec.cat\/vallesoriental3\/wp-json\/wp\/v2\/pages\/21559\/revisions\/23158"}],"wp:attachment":[{"href":"https:\/\/serveiseducatius.xtec.cat\/vallesoriental3\/wp-json\/wp\/v2\/media?parent=21559"}],"curies":[{"name":"wp","href":"https:\/\/api.w.org\/{rel}","templated":true}]}}