{"id":426,"date":"2015-11-25T16:25:57","date_gmt":"2015-11-25T15:25:57","guid":{"rendered":"http:\/\/serveiseducatius.xtec.cat\/vallesoriental2\/?page_id=426"},"modified":"2025-09-23T11:27:47","modified_gmt":"2025-09-23T09:27:47","slug":"deteccio-necessitats","status":"publish","type":"page","link":"https:\/\/serveiseducatius.xtec.cat\/vallesoriental2\/formacio\/deteccio-necessitats\/","title":{"rendered":"Detecci\u00f3 de necessitats"},"content":{"rendered":"<p>Durant el segon trimestre comen\u00e7a el per\u00edode de detecci\u00f3 de les necessitats formatives dels centres.<\/p>\n<p>S&#8217;enviar\u00e0 un formulari per recollir les necessitats de cada centre pel curs seg\u00fcent i poder sol\u00b7licitar la visita dels membres del CRP per aclarir dubtes i presentar les propostes:<\/p>\n<ul>\n<li>T\u00edtol de l&#8217;activitat<\/li>\n<li>Descripci\u00f3<\/li>\n<li>Objectius<\/li>\n<li>Continguts<\/li>\n<li>Avaluaci\u00f3<\/li>\n<li>Nivell educatiu<\/li>\n<li>Formador<\/li>\n<li>Dates<\/li>\n<li>Horari<\/li>\n<\/ul>\n","protected":false},"excerpt":{"rendered":"<p>Durant el segon trimestre comen\u00e7a el per\u00edode de detecci\u00f3 de les necessitats formatives dels centres. S&#8217;enviar\u00e0 un formulari per recollir les necessitats de cada centre pel curs seg\u00fcent i poder sol\u00b7licitar la visita dels membres del CRP per aclarir dubtes i presentar les propostes: T\u00edtol de l&#8217;activitat Descripci\u00f3 Objectius Continguts Avaluaci\u00f3 Nivell educatiu Formador Dates [&hellip;]<\/p>\n","protected":false},"author":1,"featured_media":0,"parent":416,"menu_order":0,"comment_status":"closed","ping_status":"closed","template":"","meta":{"_bbp_topic_count":0,"_bbp_reply_count":0,"_bbp_total_topic_count":0,"_bbp_total_reply_count":0,"_bbp_voice_count":0,"_bbp_anonymous_reply_count":0,"_bbp_topic_count_hidden":0,"_bbp_reply_count_hidden":0,"_bbp_forum_subforum_count":0,"site-sidebar-layout":"default","site-content-layout":"","ast-site-content-layout":"default","site-content-style":"default","site-sidebar-style":"default","ast-global-header-display":"","ast-banner-title-visibility":"","ast-main-header-display":"","ast-hfb-above-header-display":"","ast-hfb-below-header-display":"","ast-hfb-mobile-header-display":"","site-post-title":"","ast-breadcrumbs-content":"","ast-featured-img":"","footer-sml-layout":"","theme-transparent-header-meta":"default","adv-header-id-meta":"","stick-header-meta":"","header-above-stick-meta":"","header-main-stick-meta":"","header-below-stick-meta":"","astra-migrate-meta-layouts":"set","ast-page-background-enabled":"default","ast-page-background-meta":{"desktop":{"background-color":"var(--ast-global-color-4)","background-image":"","background-repeat":"repeat","background-position":"center center","background-size":"auto","background-attachment":"scroll","background-type":"","background-media":"","overlay-type":"","overlay-color":"","overlay-opacity":"","overlay-gradient":""},"tablet":{"background-color":"","background-image":"","background-repeat":"repeat","background-position":"center center","background-size":"auto","background-attachment":"scroll","background-type":"","background-media":"","overlay-type":"","overlay-color":"","overlay-opacity":"","overlay-gradient":""},"mobile":{"background-color":"","background-image":"","background-repeat":"repeat","background-position":"center center","background-size":"auto","background-attachment":"scroll","background-type":"","background-media":"","overlay-type":"","overlay-color":"","overlay-opacity":"","overlay-gradient":""}},"ast-content-background-meta":{"desktop":{"background-color":"var(--ast-global-color-5)","background-image":"","background-repeat":"repeat","background-position":"center center","background-size":"auto","background-attachment":"scroll","background-type":"","background-media":"","overlay-type":"","overlay-color":"","overlay-opacity":"","overlay-gradient":""},"tablet":{"background-color":"var(--ast-global-color-5)","background-image":"","background-repeat":"repeat","background-position":"center center","background-size":"auto","background-attachment":"scroll","background-type":"","background-media":"","overlay-type":"","overlay-color":"","overlay-opacity":"","overlay-gradient":""},"mobile":{"background-color":"var(--ast-global-color-5)","background-image":"","background-repeat":"repeat","background-position":"center center","background-size":"auto","background-attachment":"scroll","background-type":"","background-media":"","overlay-type":"","overlay-color":"","overlay-opacity":"","overlay-gradient":""}},"footnotes":""},"class_list":["post-426","page","type-page","status-publish","hentry"],"post_mailing_queue_ids":[],"_links":{"self":[{"href":"https:\/\/serveiseducatius.xtec.cat\/vallesoriental2\/wp-json\/wp\/v2\/pages\/426","targetHints":{"allow":["GET"]}}],"collection":[{"href":"https:\/\/serveiseducatius.xtec.cat\/vallesoriental2\/wp-json\/wp\/v2\/pages"}],"about":[{"href":"https:\/\/serveiseducatius.xtec.cat\/vallesoriental2\/wp-json\/wp\/v2\/types\/page"}],"author":[{"embeddable":true,"href":"https:\/\/serveiseducatius.xtec.cat\/vallesoriental2\/wp-json\/wp\/v2\/users\/1"}],"replies":[{"embeddable":true,"href":"https:\/\/serveiseducatius.xtec.cat\/vallesoriental2\/wp-json\/wp\/v2\/comments?post=426"}],"version-history":[{"count":6,"href":"https:\/\/serveiseducatius.xtec.cat\/vallesoriental2\/wp-json\/wp\/v2\/pages\/426\/revisions"}],"predecessor-version":[{"id":12992,"href":"https:\/\/serveiseducatius.xtec.cat\/vallesoriental2\/wp-json\/wp\/v2\/pages\/426\/revisions\/12992"}],"up":[{"embeddable":true,"href":"https:\/\/serveiseducatius.xtec.cat\/vallesoriental2\/wp-json\/wp\/v2\/pages\/416"}],"wp:attachment":[{"href":"https:\/\/serveiseducatius.xtec.cat\/vallesoriental2\/wp-json\/wp\/v2\/media?parent=426"}],"curies":[{"name":"wp","href":"https:\/\/api.w.org\/{rel}","templated":true}]}}