{"id":1314,"date":"2016-03-15T10:23:40","date_gmt":"2016-03-15T09:23:40","guid":{"rendered":"http:\/\/serveiseducatius.xtec.cat\/vallesoriental2\/?page_id=1314"},"modified":"2025-09-23T11:30:54","modified_gmt":"2025-09-23T09:30:54","slug":"calendari-pfz","status":"publish","type":"page","link":"https:\/\/serveiseducatius.xtec.cat\/vallesoriental2\/formacio\/calendari-pfz\/","title":{"rendered":"Calendari PFZ"},"content":{"rendered":"<p>&nbsp;<\/p>\n<h4>Calendari<\/h4>\n<table class=\"table\" style=\"height: 208px; width: 99.6006%;\" width=\"726\">\n<tbody>\n<tr>\n<td style=\"width: 76.2674%;\"><b>Proc\u00e9s<\/b><\/td>\n<td style=\"width: 8.76076%;\"><\/td>\n<td style=\"width: 92.5419%;\"><\/td>\n<\/tr>\n<tr>\n<td style=\"width: 76.2674%;\">Detecci\u00f3 de necessitats<\/td>\n<td style=\"width: 101.303%; text-align: left;\" colspan=\"2\">abril-maig<\/td>\n<\/tr>\n<tr>\n<td style=\"width: 76.2674%;\">Comissi\u00f3 PFZ del Vall\u00e8s Oriental II:\u00a0Valoraci\u00f3 i aprovaci\u00f3\u00a0de les demandes rebudes.<\/td>\n<td style=\"width: 101.303%; text-align: left;\" colspan=\"2\">\u00a0maig<\/td>\n<\/tr>\n<tr>\n<td style=\"width: 76.2674%;\">Aprovaci\u00f3\u00a0de la proposta global pel Comit\u00e8 de Formaci\u00f3 del Departament<\/td>\n<td style=\"width: 101.303%; text-align: left;\" colspan=\"2\">juny<\/td>\n<\/tr>\n<tr>\n<td style=\"width: 76.2674%;\">Publicaci\u00f3\u00a0de les activitats aprovades<\/td>\n<td style=\"width: 101.303%; text-align: left;\" colspan=\"2\">juliol-agost<\/td>\n<\/tr>\n<\/tbody>\n<\/table>\n<p><strong>Inscripcions<\/strong><\/p>\n<table class=\"table\">\n<tbody>\n<tr>\n<td><strong>Per\u00edodes d&#8217;inscripci\u00f3<\/strong><\/td>\n<td><strong>Sol\u00b7licitud de pla\u00e7a<\/strong><\/td>\n<td><strong>Consulta d\u2019adjudicacions<\/strong><\/td>\n<td><strong>Inici de les activitats<\/strong><\/td>\n<\/tr>\n<tr>\n<td>Primer torn<\/td>\n<td>del 5 al 21 de setembre<\/td>\n<td>7 d\u2019octubre<\/td>\n<td>a partir del 14 d&#8217;octubre<\/td>\n<\/tr>\n<tr>\n<td>Segon torn<\/td>\n<td>del 7 al 15 de gener<\/td>\n<td>31 de gener<\/td>\n<td>a partir del 5 de febrer<\/td>\n<\/tr>\n<tr>\n<td>Torn d&#8217;estiu<\/td>\n<td>del 15 al 30 de maig<\/td>\n<td>17 de juny<\/td>\n<td>a partir de l&#8217;1 de juliol<\/td>\n<\/tr>\n<\/tbody>\n<\/table>\n<h4><\/h4>\n","protected":false},"excerpt":{"rendered":"<p>&nbsp; Calendari Proc\u00e9s Detecci\u00f3 de necessitats abril-maig Comissi\u00f3 PFZ del Vall\u00e8s Oriental II:\u00a0Valoraci\u00f3 i aprovaci\u00f3\u00a0de les demandes rebudes. \u00a0maig Aprovaci\u00f3\u00a0de la proposta global pel Comit\u00e8 de Formaci\u00f3 del Departament juny Publicaci\u00f3\u00a0de les activitats aprovades juliol-agost Inscripcions Per\u00edodes d&#8217;inscripci\u00f3 Sol\u00b7licitud de pla\u00e7a Consulta d\u2019adjudicacions Inici de les activitats Primer torn del 5 al 21 de setembre [&hellip;]<\/p>\n","protected":false},"author":1,"featured_media":0,"parent":416,"menu_order":0,"comment_status":"closed","ping_status":"closed","template":"","meta":{"_bbp_topic_count":0,"_bbp_reply_count":0,"_bbp_total_topic_count":0,"_bbp_total_reply_count":0,"_bbp_voice_count":0,"_bbp_anonymous_reply_count":0,"_bbp_topic_count_hidden":0,"_bbp_reply_count_hidden":0,"_bbp_forum_subforum_count":0,"site-sidebar-layout":"default","site-content-layout":"","ast-site-content-layout":"default","site-content-style":"default","site-sidebar-style":"default","ast-global-header-display":"","ast-banner-title-visibility":"","ast-main-header-display":"","ast-hfb-above-header-display":"","ast-hfb-below-header-display":"","ast-hfb-mobile-header-display":"","site-post-title":"","ast-breadcrumbs-content":"","ast-featured-img":"","footer-sml-layout":"","theme-transparent-header-meta":"default","adv-header-id-meta":"","stick-header-meta":"","header-above-stick-meta":"","header-main-stick-meta":"","header-below-stick-meta":"","astra-migrate-meta-layouts":"set","ast-page-background-enabled":"default","ast-page-background-meta":{"desktop":{"background-color":"var(--ast-global-color-4)","background-image":"","background-repeat":"repeat","background-position":"center center","background-size":"auto","background-attachment":"scroll","background-type":"","background-media":"","overlay-type":"","overlay-color":"","overlay-opacity":"","overlay-gradient":""},"tablet":{"background-color":"","background-image":"","background-repeat":"repeat","background-position":"center center","background-size":"auto","background-attachment":"scroll","background-type":"","background-media":"","overlay-type":"","overlay-color":"","overlay-opacity":"","overlay-gradient":""},"mobile":{"background-color":"","background-image":"","background-repeat":"repeat","background-position":"center center","background-size":"auto","background-attachment":"scroll","background-type":"","background-media":"","overlay-type":"","overlay-color":"","overlay-opacity":"","overlay-gradient":""}},"ast-content-background-meta":{"desktop":{"background-color":"var(--ast-global-color-5)","background-image":"","background-repeat":"repeat","background-position":"center center","background-size":"auto","background-attachment":"scroll","background-type":"","background-media":"","overlay-type":"","overlay-color":"","overlay-opacity":"","overlay-gradient":""},"tablet":{"background-color":"var(--ast-global-color-5)","background-image":"","background-repeat":"repeat","background-position":"center center","background-size":"auto","background-attachment":"scroll","background-type":"","background-media":"","overlay-type":"","overlay-color":"","overlay-opacity":"","overlay-gradient":""},"mobile":{"background-color":"var(--ast-global-color-5)","background-image":"","background-repeat":"repeat","background-position":"center center","background-size":"auto","background-attachment":"scroll","background-type":"","background-media":"","overlay-type":"","overlay-color":"","overlay-opacity":"","overlay-gradient":""}},"footnotes":""},"class_list":["post-1314","page","type-page","status-publish","hentry"],"post_mailing_queue_ids":[],"_links":{"self":[{"href":"https:\/\/serveiseducatius.xtec.cat\/vallesoriental2\/wp-json\/wp\/v2\/pages\/1314","targetHints":{"allow":["GET"]}}],"collection":[{"href":"https:\/\/serveiseducatius.xtec.cat\/vallesoriental2\/wp-json\/wp\/v2\/pages"}],"about":[{"href":"https:\/\/serveiseducatius.xtec.cat\/vallesoriental2\/wp-json\/wp\/v2\/types\/page"}],"author":[{"embeddable":true,"href":"https:\/\/serveiseducatius.xtec.cat\/vallesoriental2\/wp-json\/wp\/v2\/users\/1"}],"replies":[{"embeddable":true,"href":"https:\/\/serveiseducatius.xtec.cat\/vallesoriental2\/wp-json\/wp\/v2\/comments?post=1314"}],"version-history":[{"count":7,"href":"https:\/\/serveiseducatius.xtec.cat\/vallesoriental2\/wp-json\/wp\/v2\/pages\/1314\/revisions"}],"predecessor-version":[{"id":12994,"href":"https:\/\/serveiseducatius.xtec.cat\/vallesoriental2\/wp-json\/wp\/v2\/pages\/1314\/revisions\/12994"}],"up":[{"embeddable":true,"href":"https:\/\/serveiseducatius.xtec.cat\/vallesoriental2\/wp-json\/wp\/v2\/pages\/416"}],"wp:attachment":[{"href":"https:\/\/serveiseducatius.xtec.cat\/vallesoriental2\/wp-json\/wp\/v2\/media?parent=1314"}],"curies":[{"name":"wp","href":"https:\/\/api.w.org\/{rel}","templated":true}]}}