{"id":12601,"date":"2024-05-20T13:14:44","date_gmt":"2024-05-20T11:14:44","guid":{"rendered":"https:\/\/serveiseducatius.xtec.cat\/vallesoriental2\/?page_id=12601"},"modified":"2025-04-11T11:08:14","modified_gmt":"2025-04-11T09:08:14","slug":"repositori-produccions-audiovisuals","status":"publish","type":"page","link":"https:\/\/serveiseducatius.xtec.cat\/vallesoriental2\/repositori-produccions-audiovisuals\/","title":{"rendered":"Repositori de produccions audiovisuals"},"content":{"rendered":"<table style=\"border-collapse: collapse; width: 100%;\">\n<tbody>\n<tr>\n<td style=\"width: 50%;\" colspan=\"2\"><\/td>\n<\/tr>\n<tr>\n<td style=\"width: 50%;\"><\/td>\n<td style=\"width: 50%;\"><\/td>\n<\/tr>\n<tr>\n<td style=\"width: 50%;\"><\/td>\n<td style=\"width: 50%;\"><\/td>\n<\/tr>\n<tr>\n<td style=\"width: 50%;\"><\/td>\n<td style=\"width: 50%;\"><\/td>\n<\/tr>\n<tr>\n<td style=\"width: 50%;\"><\/td>\n<td style=\"width: 50%;\"><\/td>\n<\/tr>\n<tr>\n<td style=\"width: 50%;\"><\/td>\n<td style=\"width: 50%;\"><\/td>\n<\/tr>\n<\/tbody>\n<\/table>\n<table style=\"height: 795px; width: 100%; border-collapse: collapse; border-style: solid;\" border=\"0\">\n<tbody>\n<tr style=\"height: 32px;\">\n<td style=\"width: 100%; height: 32px; text-align: center; border-style: solid;\" colspan=\"2\"><strong>Treballem els Contes Audiovisuals<\/strong><\/td>\n<\/tr>\n<tr style=\"height: 383px;\">\n<td style=\"width: 50%; height: 383px; border-style: solid;\"><a href=\"https:\/\/www.canva.com\/design\/DAGg9Im2HKI\/Qt3bCtQJckgbIsowN0nrcQ\/watch?utm_content=DAGg9Im2HKI&amp;utm_campaign=designshare&amp;utm_medium=link2&amp;utm_source=uniquelinks&amp;utlId=h76a4109e62\" target=\"_blank\" rel=\"noopener\"><img loading=\"lazy\" decoding=\"async\" class=\"aligncenter size-full wp-image-12758\" src=\"https:\/\/serveiseducatius.xtec.cat\/vallesoriental2\/wp-content\/uploads\/usu1134\/2025\/03\/Una-fada-a-lescola-1.jpg\" alt=\"\" width=\"480\" height=\"269\" srcset=\"https:\/\/serveiseducatius.xtec.cat\/vallesoriental2\/wp-content\/uploads\/usu1134\/2025\/03\/Una-fada-a-lescola-1.jpg 480w, https:\/\/serveiseducatius.xtec.cat\/vallesoriental2\/wp-content\/uploads\/usu1134\/2025\/03\/Una-fada-a-lescola-1-300x168.jpg 300w\" sizes=\"auto, (max-width: 480px) 100vw, 480px\" \/><\/a><\/p>\n<p style=\"text-align: center;\">Escola La Falguera, de Vilanova del Vall\u00e8s: &#8220;Una fada a l&#8217;escola&#8221;<\/p>\n<p style=\"text-align: center;\">Alumnat d&#8217;educaci\u00f3 infantil.<\/p>\n<\/td>\n<td style=\"width: 50%; height: 383px; border-style: solid;\"><\/td>\n<\/tr>\n<tr style=\"height: 380px;\">\n<td style=\"width: 50%; height: 380px; border-style: hidden;\"><a href=\"https:\/\/drive.google.com\/file\/d\/1KX28DzXHGkcDmk8aIR55Qr_NhYlxwdcd\/view?usp=sharing\" target=\"_blank\" rel=\"noopener\"><img loading=\"lazy\" decoding=\"async\" class=\"aligncenter wp-image-12755\" src=\"https:\/\/serveiseducatius.xtec.cat\/vallesoriental2\/wp-content\/uploads\/usu1134\/2025\/03\/Carnestoltes-i-la-Vella-Quaresma_2-1.jpg\" alt=\"\" width=\"470\" height=\"265\" srcset=\"https:\/\/serveiseducatius.xtec.cat\/vallesoriental2\/wp-content\/uploads\/usu1134\/2025\/03\/Carnestoltes-i-la-Vella-Quaresma_2-1.jpg 430w, https:\/\/serveiseducatius.xtec.cat\/vallesoriental2\/wp-content\/uploads\/usu1134\/2025\/03\/Carnestoltes-i-la-Vella-Quaresma_2-1-300x169.jpg 300w\" sizes=\"auto, (max-width: 470px) 100vw, 470px\" \/><\/a><\/p>\n<p style=\"text-align: center;\">Escola Sant Jordi, Mollet del Vall\u00e8s: &#8220;Carnestoltes i la Vella Quaresma.<\/p>\n<p style=\"text-align: center;\">Alumnat de 2n d&#8217;educaci\u00f3 prim\u00e0ria<\/p>\n<\/td>\n<td style=\"width: 50%; height: 380px; border-style: solid;\"><a href=\"https:\/\/drive.google.com\/file\/d\/1PZ-VEdTdSvQPwig43EN3uiiiXxVSPt3f\/view?usp=sharing\" target=\"_blank\" rel=\"noopener\"><img loading=\"lazy\" decoding=\"async\" class=\"aligncenter size-full wp-image-12757\" src=\"https:\/\/serveiseducatius.xtec.cat\/vallesoriental2\/wp-content\/uploads\/usu1134\/2025\/03\/La-Bruixa-i-lescombra-1.jpg\" alt=\"\" width=\"480\" height=\"266\" srcset=\"https:\/\/serveiseducatius.xtec.cat\/vallesoriental2\/wp-content\/uploads\/usu1134\/2025\/03\/La-Bruixa-i-lescombra-1.jpg 480w, https:\/\/serveiseducatius.xtec.cat\/vallesoriental2\/wp-content\/uploads\/usu1134\/2025\/03\/La-Bruixa-i-lescombra-1-300x166.jpg 300w\" sizes=\"auto, (max-width: 480px) 100vw, 480px\" \/><\/a><\/p>\n<p style=\"text-align: center;\">Escola Sant Jordi, Mollet del Vall\u00e8s: &#8220;La bruixa i l&#8217;escombra&#8221;<\/p>\n<p style=\"text-align: center;\">Alumnat de 3r d&#8217;educaci\u00f3 prim\u00e0ria<\/p>\n<\/td>\n<\/tr>\n<\/tbody>\n<\/table>\n<table style=\"height: 278px; width: 100.038%; border-collapse: collapse; border-style: hidden;\">\n<tbody>\n<tr style=\"height: 31px;\">\n<td style=\"width: 65.2067%; border-style: hidden; text-align: center; height: 31px;\" colspan=\"2\"><strong>Elaboraci\u00f3 d\u2019una not\u00edcia per al Canal de Reporters<\/strong><\/td>\n<\/tr>\n<tr style=\"height: 332px;\">\n<td style=\"width: 32.7519%; height: 227px; border-style: hidden; text-align: center;\"><a href=\"https:\/\/drive.google.com\/file\/d\/1Z3-gC8Oncv1FK-7hxyj8IpRYw63kLsez\/view?usp=drive_link\"><img loading=\"lazy\" decoding=\"async\" class=\"aligncenter wp-image-12606\" src=\"https:\/\/serveiseducatius.xtec.cat\/vallesoriental2\/wp-content\/uploads\/usu1134\/2024\/12\/News_Pau_Casals.jpg\" alt=\"\" width=\"488\" height=\"271\" srcset=\"https:\/\/serveiseducatius.xtec.cat\/vallesoriental2\/wp-content\/uploads\/usu1134\/2024\/12\/News_Pau_Casals.jpg 475w, https:\/\/serveiseducatius.xtec.cat\/vallesoriental2\/wp-content\/uploads\/usu1134\/2024\/12\/News_Pau_Casals-300x167.jpg 300w\" sizes=\"auto, (max-width: 488px) 100vw, 488px\" \/><span style=\"color: #000000;\">Escola Pau casals: Weather News Report<\/span><\/a><br \/>\n<a href=\"https:\/\/drive.google.com\/file\/d\/1Z3-gC8Oncv1FK-7hxyj8IpRYw63kLsez\/view?usp=drive_link\"><span style=\"color: #000000;\">Alumnat de 1r<\/span><\/a><\/td>\n<td style=\"width: 32.4548%; height: 227px; text-align: center;\"><a href=\"https:\/\/www.youtube.com\/watch?v=pVdn2yhd4mg\"><img loading=\"lazy\" decoding=\"async\" class=\"aligncenter wp-image-12610\" src=\"https:\/\/serveiseducatius.xtec.cat\/vallesoriental2\/wp-content\/uploads\/usu1134\/2024\/12\/Sant-Gervasi_1.jpg\" alt=\"\" width=\"444\" height=\"279\" srcset=\"https:\/\/serveiseducatius.xtec.cat\/vallesoriental2\/wp-content\/uploads\/usu1134\/2024\/12\/Sant-Gervasi_1.jpg 523w, https:\/\/serveiseducatius.xtec.cat\/vallesoriental2\/wp-content\/uploads\/usu1134\/2024\/12\/Sant-Gervasi_1-300x188.jpg 300w\" sizes=\"auto, (max-width: 444px) 100vw, 444px\" \/><\/a>Not\u00edcies Sant Gervasi: M\u00e9s enll\u00e0 de les p\u00e0gines.<br \/>\nJunior Report_3rESOD<\/td>\n<\/tr>\n<tr style=\"height: 32px; border-style: hidden;\">\n<td style=\"width: 32.7519%; height: 10px; border-style: hidden; background-color: #fafafa; text-align: center;\"><a href=\"https:\/\/www.youtube.com\/watch?v=3i9qo86BjX8\"><img loading=\"lazy\" decoding=\"async\" class=\"aligncenter wp-image-12614\" src=\"https:\/\/serveiseducatius.xtec.cat\/vallesoriental2\/wp-content\/uploads\/usu1134\/2025\/01\/Sanger_2.jpg\" alt=\"\" width=\"486\" height=\"264\" srcset=\"https:\/\/serveiseducatius.xtec.cat\/vallesoriental2\/wp-content\/uploads\/usu1134\/2025\/01\/Sanger_2.jpg 993w, https:\/\/serveiseducatius.xtec.cat\/vallesoriental2\/wp-content\/uploads\/usu1134\/2025\/01\/Sanger_2-300x163.jpg 300w, https:\/\/serveiseducatius.xtec.cat\/vallesoriental2\/wp-content\/uploads\/usu1134\/2025\/01\/Sanger_2-768x417.jpg 768w\" sizes=\"auto, (max-width: 486px) 100vw, 486px\" \/><\/a>Not\u00edcies Sant Gervasi: Breaking News<br \/>\nJunior Report_3rESOD<\/td>\n<td style=\"width: 32.4548%; height: 10px; background-color: #fafafa; text-align: center;\"><a href=\"https:\/\/www.youtube.com\/watch?v=Qorbc4Eljb0\"><img loading=\"lazy\" decoding=\"async\" class=\"aligncenter wp-image-12618\" src=\"https:\/\/serveiseducatius.xtec.cat\/vallesoriental2\/wp-content\/uploads\/usu1134\/2025\/01\/Santger_4.jpg\" alt=\"\" width=\"446\" height=\"248\" srcset=\"https:\/\/serveiseducatius.xtec.cat\/vallesoriental2\/wp-content\/uploads\/usu1134\/2025\/01\/Santger_4.jpg 994w, https:\/\/serveiseducatius.xtec.cat\/vallesoriental2\/wp-content\/uploads\/usu1134\/2025\/01\/Santger_4-300x167.jpg 300w, https:\/\/serveiseducatius.xtec.cat\/vallesoriental2\/wp-content\/uploads\/usu1134\/2025\/01\/Santger_4-768x426.jpg 768w\" sizes=\"auto, (max-width: 446px) 100vw, 446px\" \/><span style=\"color: #000000;\">Not\u00edcies Sant Gervasi:<\/span><\/a><br \/>\nEl senior 1 femeni<\/td>\n<\/tr>\n<tr style=\"height: 32px;\">\n<td style=\"width: 32.7519%; height: 10px; border-style: hidden; text-align: center;\">&nbsp;<\/p>\n<p><a href=\"https:\/\/www.youtube.com\/watch?v=hv7uEn8WYyc\"><img loading=\"lazy\" decoding=\"async\" class=\"aligncenter wp-image-12619\" src=\"https:\/\/serveiseducatius.xtec.cat\/vallesoriental2\/wp-content\/uploads\/usu1134\/2025\/01\/Sant-Gervasi_1-1.jpg\" alt=\"\" width=\"487\" height=\"305\" srcset=\"https:\/\/serveiseducatius.xtec.cat\/vallesoriental2\/wp-content\/uploads\/usu1134\/2025\/01\/Sant-Gervasi_1-1.jpg 523w, https:\/\/serveiseducatius.xtec.cat\/vallesoriental2\/wp-content\/uploads\/usu1134\/2025\/01\/Sant-Gervasi_1-1-300x188.jpg 300w\" sizes=\"auto, (max-width: 487px) 100vw, 487px\" \/><\/a>Not\u00edcies Sant Gervasi: Qu\u00e8 voleu ser de grans?<\/p>\n<p>JuniorReport: CS i ESO.<\/td>\n<td style=\"width: 32.4548%; height: 10px; text-align: center;\"><\/td>\n<\/tr>\n<\/tbody>\n<\/table>\n<p>&nbsp;<\/p>\n<pre class=\"style-scope ytd-watch-metadata\"><\/pre>\n<p>&nbsp;<\/p>\n","protected":false},"excerpt":{"rendered":"<p>Treballem els Contes Audiovisuals Escola La Falguera, de Vilanova del Vall\u00e8s: &#8220;Una fada a l&#8217;escola&#8221; Alumnat d&#8217;educaci\u00f3 infantil. Escola Sant Jordi, Mollet del Vall\u00e8s: &#8220;Carnestoltes i la Vella Quaresma. Alumnat de 2n d&#8217;educaci\u00f3 prim\u00e0ria Escola Sant Jordi, Mollet del Vall\u00e8s: &#8220;La bruixa i l&#8217;escombra&#8221; Alumnat de 3r d&#8217;educaci\u00f3 prim\u00e0ria Elaboraci\u00f3 d\u2019una not\u00edcia per al Canal [&hellip;]<\/p>\n","protected":false},"author":1,"featured_media":0,"parent":0,"menu_order":0,"comment_status":"closed","ping_status":"closed","template":"","meta":{"_bbp_topic_count":0,"_bbp_reply_count":0,"_bbp_total_topic_count":0,"_bbp_total_reply_count":0,"_bbp_voice_count":0,"_bbp_anonymous_reply_count":0,"_bbp_topic_count_hidden":0,"_bbp_reply_count_hidden":0,"_bbp_forum_subforum_count":0,"site-sidebar-layout":"default","site-content-layout":"","ast-site-content-layout":"","site-content-style":"default","site-sidebar-style":"default","ast-global-header-display":"","ast-banner-title-visibility":"","ast-main-header-display":"","ast-hfb-above-header-display":"","ast-hfb-below-header-display":"","ast-hfb-mobile-header-display":"","site-post-title":"","ast-breadcrumbs-content":"","ast-featured-img":"","footer-sml-layout":"","theme-transparent-header-meta":"","adv-header-id-meta":"","stick-header-meta":"","header-above-stick-meta":"","header-main-stick-meta":"","header-below-stick-meta":"","astra-migrate-meta-layouts":"default","ast-page-background-enabled":"default","ast-page-background-meta":{"desktop":{"background-color":"var(--ast-global-color-4)","background-image":"","background-repeat":"repeat","background-position":"center center","background-size":"auto","background-attachment":"scroll","background-type":"","background-media":"","overlay-type":"","overlay-color":"","overlay-opacity":"","overlay-gradient":""},"tablet":{"background-color":"","background-image":"","background-repeat":"repeat","background-position":"center center","background-size":"auto","background-attachment":"scroll","background-type":"","background-media":"","overlay-type":"","overlay-color":"","overlay-opacity":"","overlay-gradient":""},"mobile":{"background-color":"","background-image":"","background-repeat":"repeat","background-position":"center center","background-size":"auto","background-attachment":"scroll","background-type":"","background-media":"","overlay-type":"","overlay-color":"","overlay-opacity":"","overlay-gradient":""}},"ast-content-background-meta":{"desktop":{"background-color":"var(--ast-global-color-5)","background-image":"","background-repeat":"repeat","background-position":"center center","background-size":"auto","background-attachment":"scroll","background-type":"","background-media":"","overlay-type":"","overlay-color":"","overlay-opacity":"","overlay-gradient":""},"tablet":{"background-color":"var(--ast-global-color-5)","background-image":"","background-repeat":"repeat","background-position":"center center","background-size":"auto","background-attachment":"scroll","background-type":"","background-media":"","overlay-type":"","overlay-color":"","overlay-opacity":"","overlay-gradient":""},"mobile":{"background-color":"var(--ast-global-color-5)","background-image":"","background-repeat":"repeat","background-position":"center center","background-size":"auto","background-attachment":"scroll","background-type":"","background-media":"","overlay-type":"","overlay-color":"","overlay-opacity":"","overlay-gradient":""}},"footnotes":""},"class_list":["post-12601","page","type-page","status-publish","hentry"],"post_mailing_queue_ids":[],"_links":{"self":[{"href":"https:\/\/serveiseducatius.xtec.cat\/vallesoriental2\/wp-json\/wp\/v2\/pages\/12601","targetHints":{"allow":["GET"]}}],"collection":[{"href":"https:\/\/serveiseducatius.xtec.cat\/vallesoriental2\/wp-json\/wp\/v2\/pages"}],"about":[{"href":"https:\/\/serveiseducatius.xtec.cat\/vallesoriental2\/wp-json\/wp\/v2\/types\/page"}],"author":[{"embeddable":true,"href":"https:\/\/serveiseducatius.xtec.cat\/vallesoriental2\/wp-json\/wp\/v2\/users\/1"}],"replies":[{"embeddable":true,"href":"https:\/\/serveiseducatius.xtec.cat\/vallesoriental2\/wp-json\/wp\/v2\/comments?post=12601"}],"version-history":[{"count":7,"href":"https:\/\/serveiseducatius.xtec.cat\/vallesoriental2\/wp-json\/wp\/v2\/pages\/12601\/revisions"}],"predecessor-version":[{"id":12792,"href":"https:\/\/serveiseducatius.xtec.cat\/vallesoriental2\/wp-json\/wp\/v2\/pages\/12601\/revisions\/12792"}],"wp:attachment":[{"href":"https:\/\/serveiseducatius.xtec.cat\/vallesoriental2\/wp-json\/wp\/v2\/media?parent=12601"}],"curies":[{"name":"wp","href":"https:\/\/api.w.org\/{rel}","templated":true}]}}