{"id":9878,"date":"2018-12-10T12:43:02","date_gmt":"2018-12-10T11:43:02","guid":{"rendered":"http:\/\/serveiseducatius.xtec.cat\/vallesoriental1\/?page_id=9878"},"modified":"2020-12-15T10:26:47","modified_gmt":"2020-12-15T09:26:47","slug":"seminaris-de-coordinacio","status":"publish","type":"page","link":"https:\/\/serveiseducatius.xtec.cat\/vallesoriental1\/seminaris-de-coordinacio\/","title":{"rendered":"Seminaris de Coordinaci\u00f3"},"content":{"rendered":"<p>El <strong>Pla de Formaci\u00f3 de Zona<\/strong> del Servei Educatiu del Vall\u00e8s Oriental I organitza <strong>seminaris de coordinaci\u00f3<\/strong>.<\/p>\n<p>Els <strong>seminaris d&#8217;equips de centre<\/strong> s\u00f3n una\u00a0modalitat formativa entre centres dirigida a equips professionals on almenys una persona forma part de l\u2019equip directiu. Aquestes persones tenen el comprom\u00eds de la transfer\u00e8ncia del contingut de la formaci\u00f3 al seu centre. L\u2019estructura formativa incorpora la planificaci\u00f3, l\u2019experimentaci\u00f3 i l\u2019avaluaci\u00f3 del pla d\u2019actuaci\u00f3 en el centre de la tem\u00e0tica treballada.<\/p>\n<p>Els seminaris d&#8217;equips de centre del Pla de Formaci\u00f3 de Zona del Vall\u00e8s Oriental I s\u00f3n:<\/p>\n<ul>\n<li>Coordinaci\u00f3 de directors i directores de prim\u00e0ria del Vall\u00e8s Oriental I: Aprenem junts<\/li>\n<li>Coordinaci\u00f3 de directors i directores de secund\u00e0ria p\u00fablica de Granollers<\/li>\n<li>Coordinaci\u00f3 de caps d&#8217;estudi de prim\u00e0ria de Granollers<\/li>\n<li>Coordinaci\u00f3 de caps d&#8217;estudi de prim\u00e0ria del Vall\u00e8s Oriental I<\/li>\n<li>Coordinadors pedag\u00f2gics de secund\u00e0ria<\/li>\n<li>Coordinaci\u00f3 de centres de prim\u00e0ria i secund\u00e0ria de Granollers<\/li>\n<li>Coordinaci\u00f3 de centres de prim\u00e0ria i secund\u00e0ria de La Roca<\/li>\n<li>Coordinaci\u00f3 de centres de prim\u00e0ria i secund\u00e0ria de Les Franqueses<\/li>\n<li>Coordinaci\u00f3 de centres de prim\u00e0ria i secund\u00e0ria de Canovelles<\/li>\n<\/ul>\n<p>Els <strong>seminaris de coordinaci\u00f3<\/strong> s\u00f3n una modalitat per compartir i intercanviar projectes entre professorat de diferents centres, d\u2019etapes consecutives (infantil-prim\u00e0ria; prim\u00e0ria-secund\u00e0ria) o d\u2019una mateixa etapa. Les tem\u00e0tiques poden ser generals, d\u2019especialitat, d\u2019\u00e0rea, per c\u00e0rrec.<\/p>\n<p>Els seminaris de coordinaci\u00f3 del Pla de Formaci\u00f3 de Zona del Vall\u00e8s Oriental I s\u00f3n:<\/p>\n<ul>\n<li>Coordinaci\u00f3 de projectes singulars de secund\u00e0ria<\/li>\n<li>Xarxa Territorial de cultura digital<\/li>\n<li>English Day al Vall\u00e8s Oriental I<\/li>\n<li>Coordinaci\u00f3 de la Xarxa de Compet\u00e8ncies B\u00e0siques Territorial<\/li>\n<li>An\u00e0lisi de casos d&#8217;alumnes amb TEA<\/li>\n<li>TEA: propostes d&#8217;activitats i materials<\/li>\n<li>Suport intensiu a l&#8217;escola inclusiva<\/li>\n<li>Coordinaci\u00f3 0-6 Canovelles<\/li>\n<li>Coordinaci\u00f3 0-6 Vall\u00e8s Oriental I<\/li>\n<\/ul>\n","protected":false},"excerpt":{"rendered":"<p>El Pla de Formaci\u00f3 de Zona del Servei Educatiu del Vall\u00e8s Oriental I organitza seminaris de coordinaci\u00f3. Els seminaris d&#8217;equips [&hellip;]<\/p>\n","protected":false},"author":3,"featured_media":0,"parent":0,"menu_order":0,"comment_status":"closed","ping_status":"closed","template":"","meta":{"_bbp_topic_count":0,"_bbp_reply_count":0,"_bbp_total_topic_count":0,"_bbp_total_reply_count":0,"_bbp_voice_count":0,"_bbp_anonymous_reply_count":0,"_bbp_topic_count_hidden":0,"_bbp_reply_count_hidden":0,"_bbp_forum_subforum_count":0,"site-sidebar-layout":"default","site-content-layout":"","ast-site-content-layout":"","site-content-style":"default","site-sidebar-style":"default","ast-global-header-display":"","ast-banner-title-visibility":"","ast-main-header-display":"","ast-hfb-above-header-display":"","ast-hfb-below-header-display":"","ast-hfb-mobile-header-display":"","site-post-title":"","ast-breadcrumbs-content":"","ast-featured-img":"","footer-sml-layout":"","theme-transparent-header-meta":"","adv-header-id-meta":"","stick-header-meta":"","header-above-stick-meta":"","header-main-stick-meta":"","header-below-stick-meta":"","astra-migrate-meta-layouts":"default","ast-page-background-enabled":"default","ast-page-background-meta":{"desktop":{"background-color":"var(--ast-global-color-4)","background-image":"","background-repeat":"repeat","background-position":"center center","background-size":"auto","background-attachment":"scroll","background-type":"","background-media":"","overlay-type":"","overlay-color":"","overlay-opacity":"","overlay-gradient":""},"tablet":{"background-color":"","background-image":"","background-repeat":"repeat","background-position":"center center","background-size":"auto","background-attachment":"scroll","background-type":"","background-media":"","overlay-type":"","overlay-color":"","overlay-opacity":"","overlay-gradient":""},"mobile":{"background-color":"","background-image":"","background-repeat":"repeat","background-position":"center center","background-size":"auto","background-attachment":"scroll","background-type":"","background-media":"","overlay-type":"","overlay-color":"","overlay-opacity":"","overlay-gradient":""}},"ast-content-background-meta":{"desktop":{"background-color":"var(--ast-global-color-5)","background-image":"","background-repeat":"repeat","background-position":"center center","background-size":"auto","background-attachment":"scroll","background-type":"","background-media":"","overlay-type":"","overlay-color":"","overlay-opacity":"","overlay-gradient":""},"tablet":{"background-color":"var(--ast-global-color-5)","background-image":"","background-repeat":"repeat","background-position":"center center","background-size":"auto","background-attachment":"scroll","background-type":"","background-media":"","overlay-type":"","overlay-color":"","overlay-opacity":"","overlay-gradient":""},"mobile":{"background-color":"var(--ast-global-color-5)","background-image":"","background-repeat":"repeat","background-position":"center center","background-size":"auto","background-attachment":"scroll","background-type":"","background-media":"","overlay-type":"","overlay-color":"","overlay-opacity":"","overlay-gradient":""}},"footnotes":""},"class_list":["post-9878","page","type-page","status-publish","hentry"],"post_mailing_queue_ids":[],"_links":{"self":[{"href":"https:\/\/serveiseducatius.xtec.cat\/vallesoriental1\/wp-json\/wp\/v2\/pages\/9878","targetHints":{"allow":["GET"]}}],"collection":[{"href":"https:\/\/serveiseducatius.xtec.cat\/vallesoriental1\/wp-json\/wp\/v2\/pages"}],"about":[{"href":"https:\/\/serveiseducatius.xtec.cat\/vallesoriental1\/wp-json\/wp\/v2\/types\/page"}],"author":[{"embeddable":true,"href":"https:\/\/serveiseducatius.xtec.cat\/vallesoriental1\/wp-json\/wp\/v2\/users\/3"}],"replies":[{"embeddable":true,"href":"https:\/\/serveiseducatius.xtec.cat\/vallesoriental1\/wp-json\/wp\/v2\/comments?post=9878"}],"version-history":[{"count":3,"href":"https:\/\/serveiseducatius.xtec.cat\/vallesoriental1\/wp-json\/wp\/v2\/pages\/9878\/revisions"}],"predecessor-version":[{"id":12053,"href":"https:\/\/serveiseducatius.xtec.cat\/vallesoriental1\/wp-json\/wp\/v2\/pages\/9878\/revisions\/12053"}],"wp:attachment":[{"href":"https:\/\/serveiseducatius.xtec.cat\/vallesoriental1\/wp-json\/wp\/v2\/media?parent=9878"}],"curies":[{"name":"wp","href":"https:\/\/api.w.org\/{rel}","templated":true}]}}