{"id":9123,"date":"2017-12-22T09:58:42","date_gmt":"2017-12-22T08:58:42","guid":{"rendered":"http:\/\/serveiseducatius.xtec.cat\/vallesoriental1\/?page_id=9123"},"modified":"2018-11-30T10:42:51","modified_gmt":"2018-11-30T09:42:51","slug":"epergam","status":"publish","type":"page","link":"https:\/\/serveiseducatius.xtec.cat\/vallesoriental1\/recursos\/epergam\/","title":{"rendered":"Ep\u00e8rgam"},"content":{"rendered":"<p>L\u2019<strong>eP\u00e8rgam<\/strong> \u00e9s l\u2019aplicaci\u00f3 de gesti\u00f3 de les biblioteques escolars que ofereix el Departament\u00a0d\u2019Ensenyament.<\/p>\n<p>\u00c9s una<strong> aplicaci\u00f3 en l\u00ednia<\/strong> i es caracteritza per:<\/p>\n<ul>\n<li>Aprofitar els avantatges de la xarxa per fer la catalogaci\u00f3.<\/li>\n<li>Permetre la consulta en l\u00ednia dels cat\u00e0legs de les biblioteques escolars.<\/li>\n<li>Disposar de funcionalitats per incentivar l\u2019\u00fas de la biblioteca per part de la comunitat escolar.<\/li>\n<li>Facilitar el manteniment t\u00e8cnic de les dades bibliogr\u00e0fiques i d\u2019usuaris.<\/li>\n<\/ul>\n<p>Qualsevol centre educatiu de Catalunya pot tenir acc\u00e9s a l\u2019aplicaci\u00f3 eP\u00e8rgam, sempre que alguna o algunes persones del centre (\u00e9s aconsellable que sigui m\u00e9s d\u2019una) hagin fet la formaci\u00f3 corresponent.<\/p>\n<p>Per a m\u00e9s informaci\u00f3 i per fer la inscripci\u00f3, podeu anar a l&#8217;enlla\u00e7 a xtec.cat <strong><a href=\"http:\/\/xtec.gencat.cat\/ca\/projectes\/biblioteca\/epergam\/\" target=\"_blank\" rel=\"noopener\">eP\u00e8rgam<\/a><\/strong><\/p>\n","protected":false},"excerpt":{"rendered":"<p>L\u2019eP\u00e8rgam \u00e9s l\u2019aplicaci\u00f3 de gesti\u00f3 de les biblioteques escolars que ofereix el Departament\u00a0d\u2019Ensenyament. \u00c9s una aplicaci\u00f3 en l\u00ednia i es [&hellip;]<\/p>\n","protected":false},"author":3,"featured_media":0,"parent":906,"menu_order":0,"comment_status":"closed","ping_status":"closed","template":"","meta":{"_bbp_topic_count":0,"_bbp_reply_count":0,"_bbp_total_topic_count":0,"_bbp_total_reply_count":0,"_bbp_voice_count":0,"_bbp_anonymous_reply_count":0,"_bbp_topic_count_hidden":0,"_bbp_reply_count_hidden":0,"_bbp_forum_subforum_count":0,"site-sidebar-layout":"default","site-content-layout":"","ast-site-content-layout":"","site-content-style":"default","site-sidebar-style":"default","ast-global-header-display":"","ast-banner-title-visibility":"","ast-main-header-display":"","ast-hfb-above-header-display":"","ast-hfb-below-header-display":"","ast-hfb-mobile-header-display":"","site-post-title":"","ast-breadcrumbs-content":"","ast-featured-img":"","footer-sml-layout":"","theme-transparent-header-meta":"","adv-header-id-meta":"","stick-header-meta":"","header-above-stick-meta":"","header-main-stick-meta":"","header-below-stick-meta":"","astra-migrate-meta-layouts":"default","ast-page-background-enabled":"default","ast-page-background-meta":{"desktop":{"background-color":"var(--ast-global-color-4)","background-image":"","background-repeat":"repeat","background-position":"center center","background-size":"auto","background-attachment":"scroll","background-type":"","background-media":"","overlay-type":"","overlay-color":"","overlay-opacity":"","overlay-gradient":""},"tablet":{"background-color":"","background-image":"","background-repeat":"repeat","background-position":"center center","background-size":"auto","background-attachment":"scroll","background-type":"","background-media":"","overlay-type":"","overlay-color":"","overlay-opacity":"","overlay-gradient":""},"mobile":{"background-color":"","background-image":"","background-repeat":"repeat","background-position":"center center","background-size":"auto","background-attachment":"scroll","background-type":"","background-media":"","overlay-type":"","overlay-color":"","overlay-opacity":"","overlay-gradient":""}},"ast-content-background-meta":{"desktop":{"background-color":"var(--ast-global-color-5)","background-image":"","background-repeat":"repeat","background-position":"center center","background-size":"auto","background-attachment":"scroll","background-type":"","background-media":"","overlay-type":"","overlay-color":"","overlay-opacity":"","overlay-gradient":""},"tablet":{"background-color":"var(--ast-global-color-5)","background-image":"","background-repeat":"repeat","background-position":"center center","background-size":"auto","background-attachment":"scroll","background-type":"","background-media":"","overlay-type":"","overlay-color":"","overlay-opacity":"","overlay-gradient":""},"mobile":{"background-color":"var(--ast-global-color-5)","background-image":"","background-repeat":"repeat","background-position":"center center","background-size":"auto","background-attachment":"scroll","background-type":"","background-media":"","overlay-type":"","overlay-color":"","overlay-opacity":"","overlay-gradient":""}},"footnotes":""},"class_list":["post-9123","page","type-page","status-publish","hentry"],"post_mailing_queue_ids":[],"_links":{"self":[{"href":"https:\/\/serveiseducatius.xtec.cat\/vallesoriental1\/wp-json\/wp\/v2\/pages\/9123","targetHints":{"allow":["GET"]}}],"collection":[{"href":"https:\/\/serveiseducatius.xtec.cat\/vallesoriental1\/wp-json\/wp\/v2\/pages"}],"about":[{"href":"https:\/\/serveiseducatius.xtec.cat\/vallesoriental1\/wp-json\/wp\/v2\/types\/page"}],"author":[{"embeddable":true,"href":"https:\/\/serveiseducatius.xtec.cat\/vallesoriental1\/wp-json\/wp\/v2\/users\/3"}],"replies":[{"embeddable":true,"href":"https:\/\/serveiseducatius.xtec.cat\/vallesoriental1\/wp-json\/wp\/v2\/comments?post=9123"}],"version-history":[{"count":3,"href":"https:\/\/serveiseducatius.xtec.cat\/vallesoriental1\/wp-json\/wp\/v2\/pages\/9123\/revisions"}],"predecessor-version":[{"id":9838,"href":"https:\/\/serveiseducatius.xtec.cat\/vallesoriental1\/wp-json\/wp\/v2\/pages\/9123\/revisions\/9838"}],"up":[{"embeddable":true,"href":"https:\/\/serveiseducatius.xtec.cat\/vallesoriental1\/wp-json\/wp\/v2\/pages\/906"}],"wp:attachment":[{"href":"https:\/\/serveiseducatius.xtec.cat\/vallesoriental1\/wp-json\/wp\/v2\/media?parent=9123"}],"curies":[{"name":"wp","href":"https:\/\/api.w.org\/{rel}","templated":true}]}}