{"id":9114,"date":"2017-12-21T11:54:15","date_gmt":"2017-12-21T10:54:15","guid":{"rendered":"http:\/\/serveiseducatius.xtec.cat\/vallesoriental1\/?page_id=9114"},"modified":"2021-01-12T16:54:27","modified_gmt":"2021-01-12T15:54:27","slug":"materials-de-formacio","status":"publish","type":"page","link":"https:\/\/serveiseducatius.xtec.cat\/vallesoriental1\/formacio\/materials-de-formacio\/","title":{"rendered":"Materials de formaci\u00f3"},"content":{"rendered":"<p><strong>Materials de formaci\u00f3 del CRP VOI a <a href=\"http:\/\/odissea.xtec.cat\/course\/index.php?categoryid=426\" target=\"_blank\" rel=\"noopener noreferrer\">Odissea<\/a><\/strong><\/p>\n<p><a href=\"http:\/\/odissea.xtec.cat\/course\/index.php?categoryid=426\" target=\"_blank\" rel=\"noopener noreferrer\"><img loading=\"lazy\" decoding=\"async\" class=\"alignnone size-full wp-image-8717\" src=\"http:\/\/serveiseducatius.xtec.cat\/vallesoriental1\/wp-content\/uploads\/usu1135\/2017\/04\/odissea.png\" alt=\"odissea\" width=\"334\" height=\"84\" srcset=\"https:\/\/serveiseducatius.xtec.cat\/vallesoriental1\/wp-content\/uploads\/usu1135\/2017\/04\/odissea.png 334w, https:\/\/serveiseducatius.xtec.cat\/vallesoriental1\/wp-content\/uploads\/usu1135\/2017\/04\/odissea-300x75.png 300w\" sizes=\"auto, (max-width: 334px) 100vw, 334px\" \/><\/a><\/p>\n<p><strong>Materials espec\u00edfics de les sessions del Seminari de coordinaci\u00f3 de caps d&#8217;estudi i coordinacions pedag\u00f2giques a <a href=\"https:\/\/sites.google.com\/a\/reporteducacio.cat\/avaluar-x-aprendre\/\" target=\"_blank\" rel=\"noopener noreferrer\">Interpedag\u00f2gic<\/a><\/strong><\/p>\n<p><a href=\"https:\/\/sites.google.com\/a\/reporteducacio.cat\/avaluar-x-aprendre\/\" target=\"_blank\" rel=\"noopener noreferrer\"><img loading=\"lazy\" decoding=\"async\" class=\"alignnone wp-image-5185 size-full\" src=\"http:\/\/serveiseducatius.xtec.cat\/se-baixllobregat6\/wp-content\/uploads\/usu778\/2015\/03\/pedagreport.png\" alt=\"pedagreport\" width=\"240\" height=\"50\" \/><\/a><\/p>\n<p><strong>Materials de formaci\u00f3 dels cursos telem\u00e0tics del departament d&#8217;Ensenyament a <a href=\"http:\/\/ateneu.xtec.cat\/wikiform\/wikiexport\/cursos\/index\" target=\"_blank\" rel=\"noopener noreferrer\">Ateneu<\/a><\/strong><\/p>\n<p><a href=\"http:\/\/ateneu.xtec.cat\/wikiform\/wikiexport\/cursos\/index\" target=\"_blank\" rel=\"noopener noreferrer\"><img loading=\"lazy\" decoding=\"async\" class=\"alignnone size-full wp-image-6486\" src=\"http:\/\/serveiseducatius.xtec.cat\/se-baixllobregat6\/wp-content\/uploads\/usu778\/2015\/11\/xtec_ateneu.jpg\" alt=\"xtec_ateneu\" width=\"250\" height=\"82\" \/><\/a><\/p>\n<p><strong>Materials del Ministerio de Educaci\u00f3n a\u00a0<a href=\"http:\/\/mooc.educalab.es\/\" target=\"_blank\" rel=\"noopener noreferrer\">Moocs del Ministerio de Educaci\u00f3n<\/a><\/strong><\/p>\n<p><a href=\"http:\/\/mooc.educalab.es\/\"><img loading=\"lazy\" decoding=\"async\" class=\"alignnone size-full wp-image-8691\" src=\"http:\/\/serveiseducatius.xtec.cat\/vallesoriental1\/wp-content\/uploads\/usu1135\/2017\/04\/educalab.jpg\" alt=\"educalab\" width=\"504\" height=\"83\" srcset=\"https:\/\/serveiseducatius.xtec.cat\/vallesoriental1\/wp-content\/uploads\/usu1135\/2017\/04\/educalab.jpg 504w, https:\/\/serveiseducatius.xtec.cat\/vallesoriental1\/wp-content\/uploads\/usu1135\/2017\/04\/educalab-300x49.jpg 300w\" sizes=\"auto, (max-width: 504px) 100vw, 504px\" \/><\/a><\/p>\n<p>&nbsp;<\/p>\n","protected":false},"excerpt":{"rendered":"<p>Materials de formaci\u00f3 del CRP VOI a Odissea Materials espec\u00edfics de les sessions del Seminari de coordinaci\u00f3 de caps d&#8217;estudi [&hellip;]<\/p>\n","protected":false},"author":3,"featured_media":0,"parent":416,"menu_order":0,"comment_status":"closed","ping_status":"closed","template":"page-templates\/side-menu.php","meta":{"_bbp_topic_count":0,"_bbp_reply_count":0,"_bbp_total_topic_count":0,"_bbp_total_reply_count":0,"_bbp_voice_count":0,"_bbp_anonymous_reply_count":0,"_bbp_topic_count_hidden":0,"_bbp_reply_count_hidden":0,"_bbp_forum_subforum_count":0,"site-sidebar-layout":"default","site-content-layout":"","ast-site-content-layout":"","site-content-style":"default","site-sidebar-style":"default","ast-global-header-display":"","ast-banner-title-visibility":"","ast-main-header-display":"","ast-hfb-above-header-display":"","ast-hfb-below-header-display":"","ast-hfb-mobile-header-display":"","site-post-title":"","ast-breadcrumbs-content":"","ast-featured-img":"","footer-sml-layout":"","theme-transparent-header-meta":"","adv-header-id-meta":"","stick-header-meta":"","header-above-stick-meta":"","header-main-stick-meta":"","header-below-stick-meta":"","astra-migrate-meta-layouts":"default","ast-page-background-enabled":"default","ast-page-background-meta":{"desktop":{"background-color":"var(--ast-global-color-4)","background-image":"","background-repeat":"repeat","background-position":"center center","background-size":"auto","background-attachment":"scroll","background-type":"","background-media":"","overlay-type":"","overlay-color":"","overlay-opacity":"","overlay-gradient":""},"tablet":{"background-color":"","background-image":"","background-repeat":"repeat","background-position":"center center","background-size":"auto","background-attachment":"scroll","background-type":"","background-media":"","overlay-type":"","overlay-color":"","overlay-opacity":"","overlay-gradient":""},"mobile":{"background-color":"","background-image":"","background-repeat":"repeat","background-position":"center center","background-size":"auto","background-attachment":"scroll","background-type":"","background-media":"","overlay-type":"","overlay-color":"","overlay-opacity":"","overlay-gradient":""}},"ast-content-background-meta":{"desktop":{"background-color":"var(--ast-global-color-5)","background-image":"","background-repeat":"repeat","background-position":"center center","background-size":"auto","background-attachment":"scroll","background-type":"","background-media":"","overlay-type":"","overlay-color":"","overlay-opacity":"","overlay-gradient":""},"tablet":{"background-color":"var(--ast-global-color-5)","background-image":"","background-repeat":"repeat","background-position":"center center","background-size":"auto","background-attachment":"scroll","background-type":"","background-media":"","overlay-type":"","overlay-color":"","overlay-opacity":"","overlay-gradient":""},"mobile":{"background-color":"var(--ast-global-color-5)","background-image":"","background-repeat":"repeat","background-position":"center center","background-size":"auto","background-attachment":"scroll","background-type":"","background-media":"","overlay-type":"","overlay-color":"","overlay-opacity":"","overlay-gradient":""}},"footnotes":""},"class_list":["post-9114","page","type-page","status-publish","hentry"],"post_mailing_queue_ids":[],"_links":{"self":[{"href":"https:\/\/serveiseducatius.xtec.cat\/vallesoriental1\/wp-json\/wp\/v2\/pages\/9114","targetHints":{"allow":["GET"]}}],"collection":[{"href":"https:\/\/serveiseducatius.xtec.cat\/vallesoriental1\/wp-json\/wp\/v2\/pages"}],"about":[{"href":"https:\/\/serveiseducatius.xtec.cat\/vallesoriental1\/wp-json\/wp\/v2\/types\/page"}],"author":[{"embeddable":true,"href":"https:\/\/serveiseducatius.xtec.cat\/vallesoriental1\/wp-json\/wp\/v2\/users\/3"}],"replies":[{"embeddable":true,"href":"https:\/\/serveiseducatius.xtec.cat\/vallesoriental1\/wp-json\/wp\/v2\/comments?post=9114"}],"version-history":[{"count":2,"href":"https:\/\/serveiseducatius.xtec.cat\/vallesoriental1\/wp-json\/wp\/v2\/pages\/9114\/revisions"}],"predecessor-version":[{"id":12123,"href":"https:\/\/serveiseducatius.xtec.cat\/vallesoriental1\/wp-json\/wp\/v2\/pages\/9114\/revisions\/12123"}],"up":[{"embeddable":true,"href":"https:\/\/serveiseducatius.xtec.cat\/vallesoriental1\/wp-json\/wp\/v2\/pages\/416"}],"wp:attachment":[{"href":"https:\/\/serveiseducatius.xtec.cat\/vallesoriental1\/wp-json\/wp\/v2\/media?parent=9114"}],"curies":[{"name":"wp","href":"https:\/\/api.w.org\/{rel}","templated":true}]}}