{"id":8455,"date":"2016-11-15T12:31:28","date_gmt":"2016-11-15T11:31:28","guid":{"rendered":"http:\/\/serveiseducatius.xtec.cat\/vallesoriental1\/?page_id=8455"},"modified":"2022-01-10T09:27:36","modified_gmt":"2022-01-10T08:27:36","slug":"crp","status":"publish","type":"page","link":"https:\/\/serveiseducatius.xtec.cat\/vallesoriental1\/el-servei-educatiu\/equip\/crp\/","title":{"rendered":"CRP"},"content":{"rendered":"<h5 align=\"justify\"><strong>Centre de Recursos Pedag\u00f2gics<\/strong><\/h5>\n<p align=\"justify\">La nostra feina es basa a donar suport a l\u2019activitat pedag\u00f2gica dels centres i a la tasca docent del professorat, especialment en temes de formaci\u00f3 permanent, de recursos pedag\u00f2gics i de dinamitzaci\u00f3 de projectes de centre i de la zona.<\/p>\n<p align=\"justify\">Els CRP formem part dels serveis educatius de zona (SEZ) conjuntament amb els equips de suport i assessorament en llengua, interculturalitat i cohesi\u00f3 social (ELIC) i els equips d\u2019assessorament psicopedag\u00f2gic (EAP).<\/p>\n<h5><strong>Objectius<\/strong><\/h5>\n<ul>\n<li>Oferir recursos, d\u2019infraestructura i de serveis als centres docents, als i a les mestres i al professorat per tal que disposin de materials espec\u00edfics de les diferents \u00e0rees curriculars, de mitjans propis de la tecnologia educativa i de publicacions especialitzades.<\/li>\n<li>Localitzar, seleccionar i catalogar recursos educatius i oferir-ne la informaci\u00f3, orientaci\u00f3 i assessorament per a la seva utilitzaci\u00f3.<\/li>\n<li>Donar suport a les activitats docents i a l&#8217;intercanvi d&#8217;experi\u00e8ncies educatives, per tal de fomentar la reflexi\u00f3 del professorat sobre la pr\u00e0ctica docent mateixa.<\/li>\n<li>Coordinar i organitzar l&#8217;execuci\u00f3 i el seguiment de les activitats de formaci\u00f3 permanent dels plans de formaci\u00f3 de zona (PFZ), col\u00b7laborant en la detecci\u00f3 de les necessitats de formaci\u00f3 i en l&#8217;elaboraci\u00f3 de propostes per satisfer-les.<\/li>\n<\/ul>\n<h5><strong>Serveis que oferim<\/strong><\/h5>\n<p><strong>Als centres educatius<\/strong><\/p>\n<ul>\n<li>Suport i assessorament en projectes de centre (projectes d\u2019autonomia de centre, projectes TAC, projectes d\u2019organitzaci\u00f3 i \u00fas de la biblioteca escolar, projectes de conviv\u00e8ncia\u2026), tant en les fases de l\u2019elaboraci\u00f3, de l\u2019acompanyament del projecte tot aportant informaci\u00f3, recursos i formaci\u00f3, com en la fase de seguiment i valoraci\u00f3.<\/li>\n<li>Oferta i assessorament en recursos pedag\u00f2gics per al desenvolupament dels projectes de centre.<\/li>\n<li>Assessorament en formaci\u00f3 permanent, tant en l\u2019elaboraci\u00f3 del pla de formaci\u00f3 de centre com en el disseny, organitzaci\u00f3 i avaluaci\u00f3 de les activitats formatives al centre.<\/li>\n<li>Col\u00b7laboraci\u00f3 en l\u2019avaluaci\u00f3 de l\u2019aprofitament i de la transfer\u00e8ncia de la formaci\u00f3.<\/li>\n<\/ul>\n<p><strong>Al professorat dels centres educatius<\/strong><\/p>\n<ul>\n<li>Informaci\u00f3 i pr\u00e9stec de materials did\u00e0ctics, curriculars i d\u2019altres recursos educatius.<\/li>\n<li>Informaci\u00f3 i assessorament en formaci\u00f3 permanent.<\/li>\n<\/ul>\n<p><strong>A la zona<\/strong><\/p>\n<ul>\n<li>Suport als projectes propis de la zona.<\/li>\n<li>Recollida, intercanvi i difusi\u00f3 de pr\u00e0ctiques i experi\u00e8ncies educatives.<\/li>\n<li>Disseny, elaboraci\u00f3 i dinamitzaci\u00f3 de maletes i conjunts pedag\u00f2gics relacionats amb projectes de la zona.<\/li>\n<li>Localitzaci\u00f3, selecci\u00f3, catalogaci\u00f3 i difusi\u00f3 de recursos.<\/li>\n<li>Disseny i organitzaci\u00f3 d\u2019activitats de dinamitzaci\u00f3 de la zona amb participaci\u00f3 de l\u2019alumnat.<\/li>\n<li>Disseny, organitzaci\u00f3 i impuls per a la realitzaci\u00f3 de projectes col\u00b7laboratius i de creaci\u00f3 de xarxes de centres.<\/li>\n<li>Treball en xarxa amb les institucions i serveis de la zona en la detecci\u00f3 de necessitats formatives, l\u2019establiment de criteris comuns d\u2019actuaci\u00f3, el coneixement i la difusi\u00f3 de recursos.<\/li>\n<li>Disseny, organitzaci\u00f3 i gesti\u00f3 de les activitats formatives de coordinaci\u00f3 de grups docents.<\/li>\n<li>Coordinaci\u00f3 i organitzaci\u00f3 de les activitats del Pla de Formaci\u00f3 de Zona (PFZ).<\/li>\n<\/ul>\n<h5><\/h5>\n<h5><strong>Professionals del CRP del Vall\u00e8s Oriental I<\/strong><\/h5>\n<p>El nostre equip est\u00e0 format per tres membres:<\/p>\n<ul>\n<li><strong>Neus Ruiz<\/strong> &#8211; Directora del CRP, referent Lleng\u00fces i internacionalitzaci\u00f3.<\/li>\n<li><strong>Carles Ceacero<\/strong> &#8211; Assessor docent, referent Cultura digital.<\/li>\n<li><strong>Jes\u00fas Ruiz<\/strong> &#8211; Assessor docent.<\/li>\n<\/ul>\n<p>&nbsp;<\/p>\n<h5><strong>Acc\u00e9s als serveis del CRP<\/strong><\/h5>\n<p>L\u2019acc\u00e9s al servei \u00e9s a partir de demandes dels centres educatius, d\u2019equips docents, de grups de professorat o en la coordinaci\u00f3 amb altres serveis i agents educatius que actuen a la zona.<\/p>\n<p>Es tracta d\u2019un servei d\u2019atenci\u00f3 directa a les demandes de mestres i professorat i s\u2019atenen les seves consultes per a proporcionar-los orientacions o assessorament o informar-los sobre serveis o recursos de la zona o externs.<\/p>\n<p>Qualsevol docent de la zona pot accedir-hi presencialment, per correu electr\u00f2nic, telef\u00f2nicament o a trav\u00e9s de les p\u00e0gines web.<\/p>\n","protected":false},"excerpt":{"rendered":"<p>Centre de Recursos Pedag\u00f2gics La nostra feina es basa a donar suport a l\u2019activitat pedag\u00f2gica dels centres i a la [&hellip;]<\/p>\n","protected":false},"author":3,"featured_media":0,"parent":306,"menu_order":1,"comment_status":"closed","ping_status":"closed","template":"page-templates\/side-menu.php","meta":{"_bbp_topic_count":0,"_bbp_reply_count":0,"_bbp_total_topic_count":0,"_bbp_total_reply_count":0,"_bbp_voice_count":0,"_bbp_anonymous_reply_count":0,"_bbp_topic_count_hidden":0,"_bbp_reply_count_hidden":0,"_bbp_forum_subforum_count":0,"site-sidebar-layout":"default","site-content-layout":"","ast-site-content-layout":"","site-content-style":"default","site-sidebar-style":"default","ast-global-header-display":"","ast-banner-title-visibility":"","ast-main-header-display":"","ast-hfb-above-header-display":"","ast-hfb-below-header-display":"","ast-hfb-mobile-header-display":"","site-post-title":"","ast-breadcrumbs-content":"","ast-featured-img":"","footer-sml-layout":"","theme-transparent-header-meta":"","adv-header-id-meta":"","stick-header-meta":"","header-above-stick-meta":"","header-main-stick-meta":"","header-below-stick-meta":"","astra-migrate-meta-layouts":"default","ast-page-background-enabled":"default","ast-page-background-meta":{"desktop":{"background-color":"var(--ast-global-color-4)","background-image":"","background-repeat":"repeat","background-position":"center center","background-size":"auto","background-attachment":"scroll","background-type":"","background-media":"","overlay-type":"","overlay-color":"","overlay-opacity":"","overlay-gradient":""},"tablet":{"background-color":"","background-image":"","background-repeat":"repeat","background-position":"center center","background-size":"auto","background-attachment":"scroll","background-type":"","background-media":"","overlay-type":"","overlay-color":"","overlay-opacity":"","overlay-gradient":""},"mobile":{"background-color":"","background-image":"","background-repeat":"repeat","background-position":"center center","background-size":"auto","background-attachment":"scroll","background-type":"","background-media":"","overlay-type":"","overlay-color":"","overlay-opacity":"","overlay-gradient":""}},"ast-content-background-meta":{"desktop":{"background-color":"var(--ast-global-color-5)","background-image":"","background-repeat":"repeat","background-position":"center center","background-size":"auto","background-attachment":"scroll","background-type":"","background-media":"","overlay-type":"","overlay-color":"","overlay-opacity":"","overlay-gradient":""},"tablet":{"background-color":"var(--ast-global-color-5)","background-image":"","background-repeat":"repeat","background-position":"center center","background-size":"auto","background-attachment":"scroll","background-type":"","background-media":"","overlay-type":"","overlay-color":"","overlay-opacity":"","overlay-gradient":""},"mobile":{"background-color":"var(--ast-global-color-5)","background-image":"","background-repeat":"repeat","background-position":"center center","background-size":"auto","background-attachment":"scroll","background-type":"","background-media":"","overlay-type":"","overlay-color":"","overlay-opacity":"","overlay-gradient":""}},"footnotes":""},"class_list":["post-8455","page","type-page","status-publish","hentry"],"post_mailing_queue_ids":[],"_links":{"self":[{"href":"https:\/\/serveiseducatius.xtec.cat\/vallesoriental1\/wp-json\/wp\/v2\/pages\/8455","targetHints":{"allow":["GET"]}}],"collection":[{"href":"https:\/\/serveiseducatius.xtec.cat\/vallesoriental1\/wp-json\/wp\/v2\/pages"}],"about":[{"href":"https:\/\/serveiseducatius.xtec.cat\/vallesoriental1\/wp-json\/wp\/v2\/types\/page"}],"author":[{"embeddable":true,"href":"https:\/\/serveiseducatius.xtec.cat\/vallesoriental1\/wp-json\/wp\/v2\/users\/3"}],"replies":[{"embeddable":true,"href":"https:\/\/serveiseducatius.xtec.cat\/vallesoriental1\/wp-json\/wp\/v2\/comments?post=8455"}],"version-history":[{"count":4,"href":"https:\/\/serveiseducatius.xtec.cat\/vallesoriental1\/wp-json\/wp\/v2\/pages\/8455\/revisions"}],"predecessor-version":[{"id":15786,"href":"https:\/\/serveiseducatius.xtec.cat\/vallesoriental1\/wp-json\/wp\/v2\/pages\/8455\/revisions\/15786"}],"up":[{"embeddable":true,"href":"https:\/\/serveiseducatius.xtec.cat\/vallesoriental1\/wp-json\/wp\/v2\/pages\/306"}],"wp:attachment":[{"href":"https:\/\/serveiseducatius.xtec.cat\/vallesoriental1\/wp-json\/wp\/v2\/media?parent=8455"}],"curies":[{"name":"wp","href":"https:\/\/api.w.org\/{rel}","templated":true}]}}