{"id":8311,"date":"2016-06-01T15:41:40","date_gmt":"2016-06-01T14:41:40","guid":{"rendered":"http:\/\/serveiseducatius.xtec.cat\/vallesoriental1\/?page_id=8311"},"modified":"2026-01-19T17:11:59","modified_gmt":"2026-01-19T16:11:59","slug":"grups-de-treball","status":"publish","type":"page","link":"https:\/\/serveiseducatius.xtec.cat\/vallesoriental1\/grups-de-treball\/","title":{"rendered":"Grups de treball"},"content":{"rendered":"\n<p>\u00c9s una modalitat formativa pensada per a professorat amb experi\u00e8ncia docent, que t\u00e9 com a finalitat la millora de la pr\u00e0ctica educativa. La seva tasca pret\u00e9n afavorir la incorporaci\u00f3 de canvis metodol\u00f2gics. Es recomana la continu\u00eftat d&#8217;un grup de treball durant dos anys.<\/p>\n\n\n\n<p>El&nbsp;grup de treball&nbsp;es basa en la reflexi\u00f3 col\u00b7lectiva entre iguals. Una de les persones participants fa les funcions de coordinaci\u00f3 de l&#8217;activitat.<\/p>\n\n\n\n<p>Per a iniciar un grup de treball cal comptar amb un grup m\u00ednim de 5 persones. En general, el format d&#8217;aquesta modalitat \u00e9s presencial, amb treball semipresencial dels membres del grup.<\/p>\n\n\n\n<p>Els materials i les evid\u00e8ncies del treball fet han d&#8217;estar a disposici\u00f3 de la resta del professorat.<\/p>\n\n\n\n<h2 class=\"wp-block-heading\">Recull de material creat pels diferents grups de treball<\/h2>\n\n\n\n<p>\u00a0<\/p>\n\n\n\n<figure class=\"wp-block-gallery has-nested-images columns-5 is-cropped wp-block-gallery-1 is-layout-flex wp-block-gallery-is-layout-flex\">\n<figure class=\"wp-block-image alignleft\"><a href=\"https:\/\/drive.google.com\/drive\/folders\/1L-WiWVQoywPCHdFTyiePnbxvBxTCafYV?usp=sharing\"><img loading=\"lazy\" decoding=\"async\" width=\"300\" height=\"167\" data-id=\"12778\" src=\"https:\/\/serveiseducatius.xtec.cat\/vallesoriental1\/wp-content\/uploads\/usu1135\/2021\/06\/Botons-grups-de-treball-300x167.png\" alt=\"\" class=\"wp-image-12778\" srcset=\"https:\/\/serveiseducatius.xtec.cat\/vallesoriental1\/wp-content\/uploads\/usu1135\/2021\/06\/Botons-grups-de-treball-300x167.png 300w, https:\/\/serveiseducatius.xtec.cat\/vallesoriental1\/wp-content\/uploads\/usu1135\/2021\/06\/Botons-grups-de-treball-768x427.png 768w, https:\/\/serveiseducatius.xtec.cat\/vallesoriental1\/wp-content\/uploads\/usu1135\/2021\/06\/Botons-grups-de-treball.png 810w\" sizes=\"auto, (max-width: 300px) 100vw, 300px\" \/><\/a><\/figure>\n\n\n\n<figure class=\"wp-block-image alignleft\"><a href=\"https:\/\/sites.google.com\/xtec.cat\/lukelelealescola\"><img loading=\"lazy\" decoding=\"async\" width=\"405\" height=\"225\" data-id=\"11947\" src=\"https:\/\/serveiseducatius.xtec.cat\/vallesoriental1\/wp-content\/uploads\/usu1135\/2020\/12\/1.jpg\" alt=\"\" class=\"wp-image-11947\" srcset=\"https:\/\/serveiseducatius.xtec.cat\/vallesoriental1\/wp-content\/uploads\/usu1135\/2020\/12\/1.jpg 405w, https:\/\/serveiseducatius.xtec.cat\/vallesoriental1\/wp-content\/uploads\/usu1135\/2020\/12\/1-300x167.jpg 300w\" sizes=\"auto, (max-width: 405px) 100vw, 405px\" \/><\/a><\/figure>\n\n\n\n<figure class=\"wp-block-image alignleft\"><a href=\"https:\/\/serveiseducatius.xtec.cat\/vallesoriental1\/categoria\/general\/gt\/gt-angles-inf-prim\/\" target=\"_blank\" rel=\"noopener noreferrer\"><img loading=\"lazy\" decoding=\"async\" width=\"405\" height=\"225\" data-id=\"11946\" src=\"https:\/\/serveiseducatius.xtec.cat\/vallesoriental1\/wp-content\/uploads\/usu1135\/2020\/12\/2.jpg\" alt=\"\" class=\"wp-image-11946\" srcset=\"https:\/\/serveiseducatius.xtec.cat\/vallesoriental1\/wp-content\/uploads\/usu1135\/2020\/12\/2.jpg 405w, https:\/\/serveiseducatius.xtec.cat\/vallesoriental1\/wp-content\/uploads\/usu1135\/2020\/12\/2-300x167.jpg 300w\" sizes=\"auto, (max-width: 405px) 100vw, 405px\" \/><\/a><\/figure>\n\n\n\n<figure class=\"wp-block-image alignleft\"><a href=\"https:\/\/serveiseducatius.xtec.cat\/vallesoriental1\/categoria\/general\/gt\/gt-francais-en-action\/\" target=\"_blank\" rel=\"noopener noreferrer\"><img loading=\"lazy\" decoding=\"async\" width=\"405\" height=\"225\" data-id=\"11943\" src=\"https:\/\/serveiseducatius.xtec.cat\/vallesoriental1\/wp-content\/uploads\/usu1135\/2020\/12\/5.jpg\" alt=\"\" class=\"wp-image-11943\" srcset=\"https:\/\/serveiseducatius.xtec.cat\/vallesoriental1\/wp-content\/uploads\/usu1135\/2020\/12\/5.jpg 405w, https:\/\/serveiseducatius.xtec.cat\/vallesoriental1\/wp-content\/uploads\/usu1135\/2020\/12\/5-300x167.jpg 300w\" sizes=\"auto, (max-width: 405px) 100vw, 405px\" \/><\/a><\/figure>\n\n\n\n<figure class=\"wp-block-image alignleft\"><a href=\"https:\/\/drive.google.com\/drive\/folders\/0BxqRQIP0qm1NOW5LczlSYW04TTQ\" target=\"_blank\" rel=\"noopener noreferrer\"><img loading=\"lazy\" decoding=\"async\" width=\"405\" height=\"225\" data-id=\"11944\" src=\"https:\/\/serveiseducatius.xtec.cat\/vallesoriental1\/wp-content\/uploads\/usu1135\/2020\/12\/4.jpg\" alt=\"\" class=\"wp-image-11944\" srcset=\"https:\/\/serveiseducatius.xtec.cat\/vallesoriental1\/wp-content\/uploads\/usu1135\/2020\/12\/4.jpg 405w, https:\/\/serveiseducatius.xtec.cat\/vallesoriental1\/wp-content\/uploads\/usu1135\/2020\/12\/4-300x167.jpg 300w\" sizes=\"auto, (max-width: 405px) 100vw, 405px\" \/><\/a><\/figure>\n\n\n\n<figure class=\"wp-block-image alignleft\"><a href=\"https:\/\/eduwikilab.wordpress.com\/\" target=\"_blank\" rel=\"noopener noreferrer\"><img loading=\"lazy\" decoding=\"async\" width=\"405\" height=\"225\" data-id=\"11942\" src=\"https:\/\/serveiseducatius.xtec.cat\/vallesoriental1\/wp-content\/uploads\/usu1135\/2020\/12\/6.jpg\" alt=\"\" class=\"wp-image-11942\" srcset=\"https:\/\/serveiseducatius.xtec.cat\/vallesoriental1\/wp-content\/uploads\/usu1135\/2020\/12\/6.jpg 405w, https:\/\/serveiseducatius.xtec.cat\/vallesoriental1\/wp-content\/uploads\/usu1135\/2020\/12\/6-300x167.jpg 300w\" sizes=\"auto, (max-width: 405px) 100vw, 405px\" \/><\/a><\/figure>\n\n\n\n<figure class=\"wp-block-image alignleft\"><a href=\"https:\/\/sites.google.com\/view\/icsvodemd\/inici\" target=\"_blank\" rel=\"noopener noreferrer\"><img loading=\"lazy\" decoding=\"async\" width=\"405\" height=\"225\" data-id=\"11940\" src=\"https:\/\/serveiseducatius.xtec.cat\/vallesoriental1\/wp-content\/uploads\/usu1135\/2020\/12\/7.jpg\" alt=\"\" class=\"wp-image-11940\" srcset=\"https:\/\/serveiseducatius.xtec.cat\/vallesoriental1\/wp-content\/uploads\/usu1135\/2020\/12\/7.jpg 405w, https:\/\/serveiseducatius.xtec.cat\/vallesoriental1\/wp-content\/uploads\/usu1135\/2020\/12\/7-300x167.jpg 300w\" sizes=\"auto, (max-width: 405px) 100vw, 405px\" \/><\/a><\/figure>\n\n\n\n<figure class=\"wp-block-image alignleft\"><a href=\"https:\/\/serveiseducatius.xtec.cat\/vallesoriental1\/categoria\/general\/gt\/gami1\/\" target=\"_blank\" rel=\"noopener noreferrer\"><img loading=\"lazy\" decoding=\"async\" width=\"405\" height=\"225\" data-id=\"11941\" src=\"https:\/\/serveiseducatius.xtec.cat\/vallesoriental1\/wp-content\/uploads\/usu1135\/2020\/12\/8.jpg\" alt=\"\" class=\"wp-image-11941\" srcset=\"https:\/\/serveiseducatius.xtec.cat\/vallesoriental1\/wp-content\/uploads\/usu1135\/2020\/12\/8.jpg 405w, https:\/\/serveiseducatius.xtec.cat\/vallesoriental1\/wp-content\/uploads\/usu1135\/2020\/12\/8-300x167.jpg 300w\" sizes=\"auto, (max-width: 405px) 100vw, 405px\" \/><\/a><\/figure>\n\n\n\n<figure class=\"wp-block-image alignleft\"><a href=\"https:\/\/drive.google.com\/file\/d\/1I-bFii_otEdlasd5GoIU4ewyuqtv2Hck\/view?usp=sharing\" target=\"_blank\" rel=\"noopener noreferrer\"><img loading=\"lazy\" decoding=\"async\" width=\"405\" height=\"225\" data-id=\"11945\" src=\"https:\/\/serveiseducatius.xtec.cat\/vallesoriental1\/wp-content\/uploads\/usu1135\/2020\/12\/3.jpg\" alt=\"\" class=\"wp-image-11945\" srcset=\"https:\/\/serveiseducatius.xtec.cat\/vallesoriental1\/wp-content\/uploads\/usu1135\/2020\/12\/3.jpg 405w, https:\/\/serveiseducatius.xtec.cat\/vallesoriental1\/wp-content\/uploads\/usu1135\/2020\/12\/3-300x167.jpg 300w\" sizes=\"auto, (max-width: 405px) 100vw, 405px\" \/><\/a><\/figure>\n\n\n\n<figure class=\"wp-block-image alignleft\"><a href=\"https:\/\/sites.google.com\/a\/xtec.cat\/gtef\/\" target=\"_blank\" rel=\"noopener noreferrer\"><img loading=\"lazy\" decoding=\"async\" width=\"405\" height=\"225\" data-id=\"11938\" src=\"https:\/\/serveiseducatius.xtec.cat\/vallesoriental1\/wp-content\/uploads\/usu1135\/2020\/12\/10.jpg\" alt=\"\" class=\"wp-image-11938\" srcset=\"https:\/\/serveiseducatius.xtec.cat\/vallesoriental1\/wp-content\/uploads\/usu1135\/2020\/12\/10.jpg 405w, https:\/\/serveiseducatius.xtec.cat\/vallesoriental1\/wp-content\/uploads\/usu1135\/2020\/12\/10-300x167.jpg 300w\" sizes=\"auto, (max-width: 405px) 100vw, 405px\" \/><\/a><\/figure>\n\n\n\n<figure class=\"wp-block-image alignleft\"><img loading=\"lazy\" decoding=\"async\" width=\"405\" height=\"225\" data-id=\"11937\" src=\"https:\/\/serveiseducatius.xtec.cat\/vallesoriental1\/wp-content\/uploads\/usu1135\/2020\/12\/11.jpg\" alt=\"\" class=\"wp-image-11937\" srcset=\"https:\/\/serveiseducatius.xtec.cat\/vallesoriental1\/wp-content\/uploads\/usu1135\/2020\/12\/11.jpg 405w, https:\/\/serveiseducatius.xtec.cat\/vallesoriental1\/wp-content\/uploads\/usu1135\/2020\/12\/11-300x167.jpg 300w\" sizes=\"auto, (max-width: 405px) 100vw, 405px\" \/><\/figure>\n\n\n\n<figure class=\"wp-block-image alignleft\"><a href=\"https:\/\/grup-rema.github.io\/\" target=\"_blank\" rel=\"noopener noreferrer\"><img loading=\"lazy\" decoding=\"async\" width=\"300\" height=\"167\" data-id=\"12124\" src=\"https:\/\/serveiseducatius.xtec.cat\/vallesoriental1\/wp-content\/uploads\/usu1135\/2021\/01\/Botons-grups-de-treball-300x167.jpg\" alt=\"\" class=\"wp-image-12124\" srcset=\"https:\/\/serveiseducatius.xtec.cat\/vallesoriental1\/wp-content\/uploads\/usu1135\/2021\/01\/Botons-grups-de-treball-300x167.jpg 300w, https:\/\/serveiseducatius.xtec.cat\/vallesoriental1\/wp-content\/uploads\/usu1135\/2021\/01\/Botons-grups-de-treball-768x427.jpg 768w, https:\/\/serveiseducatius.xtec.cat\/vallesoriental1\/wp-content\/uploads\/usu1135\/2021\/01\/Botons-grups-de-treball.jpg 810w\" sizes=\"auto, (max-width: 300px) 100vw, 300px\" \/><\/a><\/figure>\n\n\n\n<figure class=\"wp-block-image alignleft size-medium\"><a href=\"https:\/\/blocs.xtec.cat\/tauletesidiversitat\/\" target=\"_blank\" rel=\"noopener noreferrer\"><img loading=\"lazy\" decoding=\"async\" width=\"300\" height=\"167\" data-id=\"11939\" src=\"https:\/\/serveiseducatius.xtec.cat\/vallesoriental1\/wp-content\/uploads\/usu1135\/2020\/12\/9-300x167.jpg\" alt=\"\" class=\"wp-image-11939\" srcset=\"https:\/\/serveiseducatius.xtec.cat\/vallesoriental1\/wp-content\/uploads\/usu1135\/2020\/12\/9-300x167.jpg 300w, https:\/\/serveiseducatius.xtec.cat\/vallesoriental1\/wp-content\/uploads\/usu1135\/2020\/12\/9.jpg 405w\" sizes=\"auto, (max-width: 300px) 100vw, 300px\" \/><\/a><\/figure>\n<\/figure>\n\n\n\n<p class=\"has-text-align-center\"><\/p>\n\n\n\n<p><\/p>\n","protected":false},"excerpt":{"rendered":"<p>\u00c9s una modalitat formativa pensada per a professorat amb experi\u00e8ncia docent, que t\u00e9 com a finalitat la millora de la [&hellip;]<\/p>\n","protected":false},"author":3,"featured_media":0,"parent":0,"menu_order":0,"comment_status":"closed","ping_status":"closed","template":"","meta":{"_bbp_topic_count":0,"_bbp_reply_count":0,"_bbp_total_topic_count":0,"_bbp_total_reply_count":0,"_bbp_voice_count":0,"_bbp_anonymous_reply_count":0,"_bbp_topic_count_hidden":0,"_bbp_reply_count_hidden":0,"_bbp_forum_subforum_count":0,"site-sidebar-layout":"no-sidebar","site-content-layout":"","ast-site-content-layout":"default","site-content-style":"default","site-sidebar-style":"default","ast-global-header-display":"","ast-banner-title-visibility":"","ast-main-header-display":"","ast-hfb-above-header-display":"","ast-hfb-below-header-display":"","ast-hfb-mobile-header-display":"","site-post-title":"","ast-breadcrumbs-content":"","ast-featured-img":"","footer-sml-layout":"","theme-transparent-header-meta":"","adv-header-id-meta":"","stick-header-meta":"","header-above-stick-meta":"","header-main-stick-meta":"","header-below-stick-meta":"","astra-migrate-meta-layouts":"set","ast-page-background-enabled":"default","ast-page-background-meta":{"desktop":{"background-color":"var(--ast-global-color-4)","background-image":"","background-repeat":"repeat","background-position":"center center","background-size":"auto","background-attachment":"scroll","background-type":"","background-media":"","overlay-type":"","overlay-color":"","overlay-opacity":"","overlay-gradient":""},"tablet":{"background-color":"","background-image":"","background-repeat":"repeat","background-position":"center center","background-size":"auto","background-attachment":"scroll","background-type":"","background-media":"","overlay-type":"","overlay-color":"","overlay-opacity":"","overlay-gradient":""},"mobile":{"background-color":"","background-image":"","background-repeat":"repeat","background-position":"center center","background-size":"auto","background-attachment":"scroll","background-type":"","background-media":"","overlay-type":"","overlay-color":"","overlay-opacity":"","overlay-gradient":""}},"ast-content-background-meta":{"desktop":{"background-color":"var(--ast-global-color-5)","background-image":"","background-repeat":"repeat","background-position":"center center","background-size":"auto","background-attachment":"scroll","background-type":"","background-media":"","overlay-type":"","overlay-color":"","overlay-opacity":"","overlay-gradient":""},"tablet":{"background-color":"var(--ast-global-color-5)","background-image":"","background-repeat":"repeat","background-position":"center center","background-size":"auto","background-attachment":"scroll","background-type":"","background-media":"","overlay-type":"","overlay-color":"","overlay-opacity":"","overlay-gradient":""},"mobile":{"background-color":"var(--ast-global-color-5)","background-image":"","background-repeat":"repeat","background-position":"center center","background-size":"auto","background-attachment":"scroll","background-type":"","background-media":"","overlay-type":"","overlay-color":"","overlay-opacity":"","overlay-gradient":""}},"footnotes":""},"class_list":["post-8311","page","type-page","status-publish","hentry"],"post_mailing_queue_ids":[],"_links":{"self":[{"href":"https:\/\/serveiseducatius.xtec.cat\/vallesoriental1\/wp-json\/wp\/v2\/pages\/8311","targetHints":{"allow":["GET"]}}],"collection":[{"href":"https:\/\/serveiseducatius.xtec.cat\/vallesoriental1\/wp-json\/wp\/v2\/pages"}],"about":[{"href":"https:\/\/serveiseducatius.xtec.cat\/vallesoriental1\/wp-json\/wp\/v2\/types\/page"}],"author":[{"embeddable":true,"href":"https:\/\/serveiseducatius.xtec.cat\/vallesoriental1\/wp-json\/wp\/v2\/users\/3"}],"replies":[{"embeddable":true,"href":"https:\/\/serveiseducatius.xtec.cat\/vallesoriental1\/wp-json\/wp\/v2\/comments?post=8311"}],"version-history":[{"count":5,"href":"https:\/\/serveiseducatius.xtec.cat\/vallesoriental1\/wp-json\/wp\/v2\/pages\/8311\/revisions"}],"predecessor-version":[{"id":15720,"href":"https:\/\/serveiseducatius.xtec.cat\/vallesoriental1\/wp-json\/wp\/v2\/pages\/8311\/revisions\/15720"}],"wp:attachment":[{"href":"https:\/\/serveiseducatius.xtec.cat\/vallesoriental1\/wp-json\/wp\/v2\/media?parent=8311"}],"curies":[{"name":"wp","href":"https:\/\/api.w.org\/{rel}","templated":true}]}}