{"id":572,"date":"2015-11-26T21:44:54","date_gmt":"2015-11-26T20:44:54","guid":{"rendered":"http:\/\/serveiseducatius.xtec.cat\/vallesoriental1\/?page_id=572"},"modified":"2021-01-12T16:57:49","modified_gmt":"2021-01-12T15:57:49","slug":"formacio-interna-fic","status":"publish","type":"page","link":"https:\/\/serveiseducatius.xtec.cat\/vallesoriental1\/formacio-interna-fic\/","title":{"rendered":"Formaci\u00f3 interna de centre (FIC)"},"content":{"rendered":"<p><a href=\"http:\/\/serveiseducatius.xtec.cat\/vallesoriental1\/wp-content\/uploads\/usu1135\/2015\/11\/fic1.png\"><img loading=\"lazy\" decoding=\"async\" class=\" wp-image-574 alignleft\" src=\"http:\/\/serveiseducatius.xtec.cat\/vallesoriental1\/wp-content\/uploads\/usu1135\/2015\/11\/fic1.png\" alt=\"fic\" width=\"76\" height=\"72\" \/><\/a><\/p>\n<h6><strong>Qu\u00e8 \u00e9s una FIC?<\/strong><\/h6>\n<p>Modalitat formativa que t\u00e9 lloc dins de cada\u00a0centre educatiu, i s\u2019adre\u00e7a a la majoria del\u00a0claustre o a un col\u00b7lectiu d\u2019un centre.<\/p>\n<p>\u00c9s liderat i dinamitzat per un equip de\u00a0coordinaci\u00f3 format per tres persones del\u00a0centre entre les quals almenys una \u00e9s de\u00a0l\u2019equip directiu. No hi ha un formador extern.<\/p>\n<div class=\"ast-oembed-container \" style=\"height: 100%;\"><iframe loading=\"lazy\" title=\"Formaci\u00f3 interna de centre\" width=\"500\" height=\"375\" src=\"https:\/\/www.youtube.com\/embed\/GPuOkHsICWk?feature=oembed\" frameborder=\"0\" allow=\"accelerometer; autoplay; clipboard-write; encrypted-media; gyroscope; picture-in-picture; web-share\" referrerpolicy=\"strict-origin-when-cross-origin\" allowfullscreen><\/iframe><\/div>\n<h6><strong>Finalitat de la FIC<\/strong><\/h6>\n<ul>\n<li>Generar din\u00e0miques de debat psicopedag\u00f2gic que ajudin a desenvolupar projectes de centre<\/li>\n<li>Promoure la consolidaci\u00f3 de pr\u00e0ctiques educatives que reverteixin en la millora dels aprenentatges de l&#8217;alumnat<\/li>\n<\/ul>\n<h6><strong>Caracter\u00edstiques de la FIC<\/strong><\/h6>\n<ul>\n<li>Requereix el comprom\u00eds del centre de transferir a l&#8217;aula el resultat de la formaci\u00f3 i de recollir en la documentaci\u00f3 del centre els acords fruit de l&#8217;avaluaci\u00f3 d&#8217;aquesta formaci\u00f3<\/li>\n<li>El proc\u00e9s formatiu inclou:\n<ul>\n<li>fase d&#8217;autodiagnosi<\/li>\n<li>fase de planificaci\u00f3<\/li>\n<li>fase de construcci\u00f3 i experimentaci\u00f3<\/li>\n<li>fase d&#8217;avaluaci\u00f3<\/li>\n<\/ul>\n<\/li>\n<li>Els equips docents dels centres disposaran del suport d&#8217;una persona del CRP<\/li>\n<li>Hi ha dos tipus d&#8217;itineraris\n<ul>\n<li>Itinerari guiat, que oferta el Departament d&#8217;Ensenyament<\/li>\n<li>Itinerari propi, amb la supervisi\u00f3 de la unitat responsable<\/li>\n<\/ul>\n<\/li>\n<\/ul>\n<h6><strong>Durada d&#8217;una FIC<\/strong><\/h6>\n<ul>\n<li>Format presencial en ambdues modalitats<\/li>\n<li><em>Itinerari guiat:<\/em> Durada de 45 hores, de les quals 15 corresponen a un treball individual o col\u00b7lectiu, destinat a realitzar les tasques planificades en relaci\u00f3 amb l&#8217;aprofitament i la transfer\u00e8ncia immediata<\/li>\n<li><em>Itinerari propi:<\/em> Durada de 30\u00a0hores, de les quals 10 corresponen a un treball individual o col\u00b7lectiu, destinat a realitzar les tasques planificades en relaci\u00f3 amb l&#8217;aprofitament i la transfer\u00e8ncia immediata<\/li>\n<\/ul>\n<h6><strong>Itineraris guiats FIC<\/strong><\/h6>\n<p><img decoding=\"async\" src=\"http:\/\/xtec.gencat.cat\/web\/.content\/alfresco\/d\/d\/workspace\/SpacesStore\/0083\/c77285d4-faa3-43d9-8f48-d2023048ac98\/guiats.png\" alt=\"\" align=\"right\" border=\"2\" \/>Un itinerari guiat \u00e9s una proposta formativa organitzada perqu\u00e8 un centre educatiu pugui, de forma aut\u00f2noma, seguir un proc\u00e9s de formaci\u00f3 interna de trenta hores, que inclogui:<\/p>\n<ul>\n<li>l\u2019an\u00e0lisi de les pr\u00f2pies pr\u00e0ctiques<\/li>\n<li>el debat pedag\u00f2gic<\/li>\n<li>l\u2019experimentaci\u00f3 a l\u2019aula i<\/li>\n<li>l\u2019avaluaci\u00f3 de la formaci\u00f3 i la consolidaci\u00f3 d\u2019acords<\/li>\n<\/ul>\n<p><strong>Aquests itineraris proposen un cam\u00ed de treball organitzat segons l\u2019estructura seg\u00fcent:<\/strong><\/p>\n<ul>\n<li>una fase inicial d\u2019autodiagnosi<\/li>\n<li>una fase de planificaci\u00f3<\/li>\n<li>una fase de construcci\u00f3 i experimentaci\u00f3 de noves propostes<\/li>\n<li>una fase final d\u2019avaluaci\u00f3<\/li>\n<\/ul>\n<p><strong>Els itineraris guiats incorporen:<\/strong><\/p>\n<ul>\n<li>eines d\u2019autodiagnosi (eines d\u2019an\u00e0lisi de les proves de compet\u00e8ncies b\u00e0siques, elements d\u2019an\u00e0lisi, etc.)<\/li>\n<li>materials de formaci\u00f3 (orientacions, activitats, enlla\u00e7os, idees clau i bibliografia)<\/li>\n<li>instruments d\u2019avaluaci\u00f3 (criteris i indicadors) del proc\u00e9s formatiu i de la transfer\u00e8ncia a l\u2019aula dels continguts de la formaci\u00f3 i de la seva contribuci\u00f3 a la millora dels resultats<\/li>\n<\/ul>\n<p><strong>Cat\u00e0leg d&#8217;itineraris guiats (enlla\u00e7 a xtec):<\/strong><\/p>\n<ul>\n<li><a href=\"http:\/\/xtec.gencat.cat\/ca\/formacio\/formaciogeneralprofessorat\/capacitats_competencies_curriculum\/fic\/itineraris\/guiats\/infants\/\">Enlla\u00e7 a itineraris guiats per llar d&#8217;infants<\/a><\/li>\n<li><a href=\"http:\/\/xtec.gencat.cat\/ca\/formacio\/formaciogeneralprofessorat\/capacitats_competencies_curriculum\/fic\/itineraris\/guiats\/inf_prim\/\">Enlla\u00e7 a itineraris guiats per educaci\u00f3 infantil i prim\u00e0ria<\/a><\/li>\n<li><a href=\"http:\/\/xtec.gencat.cat\/ca\/formacio\/formaciogeneralprofessorat\/capacitats_competencies_curriculum\/fic\/itineraris\/guiats\/secundaria\/\">Enlla\u00e7 a itineraris guiats per educaci\u00f3 secund\u00e0ria<\/a><\/li>\n<\/ul>\n<p><span style=\"color: #0000ff;\"><strong>Si voleu engegar una formaci\u00f3 interna al vostre centre, poseu-vos en contacte amb nosaltres.<\/strong><\/span><\/p>\n","protected":false},"excerpt":{"rendered":"<p>Qu\u00e8 \u00e9s una FIC? Modalitat formativa que t\u00e9 lloc dins de cada\u00a0centre educatiu, i s\u2019adre\u00e7a a la majoria del\u00a0claustre o [&hellip;]<\/p>\n","protected":false},"author":1,"featured_media":0,"parent":0,"menu_order":16,"comment_status":"closed","ping_status":"closed","template":"page-templates\/side-menu.php","meta":{"_bbp_topic_count":0,"_bbp_reply_count":0,"_bbp_total_topic_count":0,"_bbp_total_reply_count":0,"_bbp_voice_count":0,"_bbp_anonymous_reply_count":0,"_bbp_topic_count_hidden":0,"_bbp_reply_count_hidden":0,"_bbp_forum_subforum_count":0,"site-sidebar-layout":"default","site-content-layout":"","ast-site-content-layout":"","site-content-style":"default","site-sidebar-style":"default","ast-global-header-display":"","ast-banner-title-visibility":"","ast-main-header-display":"","ast-hfb-above-header-display":"","ast-hfb-below-header-display":"","ast-hfb-mobile-header-display":"","site-post-title":"","ast-breadcrumbs-content":"","ast-featured-img":"","footer-sml-layout":"","theme-transparent-header-meta":"","adv-header-id-meta":"","stick-header-meta":"","header-above-stick-meta":"","header-main-stick-meta":"","header-below-stick-meta":"","astra-migrate-meta-layouts":"default","ast-page-background-enabled":"default","ast-page-background-meta":{"desktop":{"background-color":"var(--ast-global-color-4)","background-image":"","background-repeat":"repeat","background-position":"center center","background-size":"auto","background-attachment":"scroll","background-type":"","background-media":"","overlay-type":"","overlay-color":"","overlay-opacity":"","overlay-gradient":""},"tablet":{"background-color":"","background-image":"","background-repeat":"repeat","background-position":"center center","background-size":"auto","background-attachment":"scroll","background-type":"","background-media":"","overlay-type":"","overlay-color":"","overlay-opacity":"","overlay-gradient":""},"mobile":{"background-color":"","background-image":"","background-repeat":"repeat","background-position":"center center","background-size":"auto","background-attachment":"scroll","background-type":"","background-media":"","overlay-type":"","overlay-color":"","overlay-opacity":"","overlay-gradient":""}},"ast-content-background-meta":{"desktop":{"background-color":"var(--ast-global-color-5)","background-image":"","background-repeat":"repeat","background-position":"center center","background-size":"auto","background-attachment":"scroll","background-type":"","background-media":"","overlay-type":"","overlay-color":"","overlay-opacity":"","overlay-gradient":""},"tablet":{"background-color":"var(--ast-global-color-5)","background-image":"","background-repeat":"repeat","background-position":"center center","background-size":"auto","background-attachment":"scroll","background-type":"","background-media":"","overlay-type":"","overlay-color":"","overlay-opacity":"","overlay-gradient":""},"mobile":{"background-color":"var(--ast-global-color-5)","background-image":"","background-repeat":"repeat","background-position":"center center","background-size":"auto","background-attachment":"scroll","background-type":"","background-media":"","overlay-type":"","overlay-color":"","overlay-opacity":"","overlay-gradient":""}},"footnotes":""},"class_list":["post-572","page","type-page","status-publish","hentry"],"post_mailing_queue_ids":[],"_links":{"self":[{"href":"https:\/\/serveiseducatius.xtec.cat\/vallesoriental1\/wp-json\/wp\/v2\/pages\/572","targetHints":{"allow":["GET"]}}],"collection":[{"href":"https:\/\/serveiseducatius.xtec.cat\/vallesoriental1\/wp-json\/wp\/v2\/pages"}],"about":[{"href":"https:\/\/serveiseducatius.xtec.cat\/vallesoriental1\/wp-json\/wp\/v2\/types\/page"}],"author":[{"embeddable":true,"href":"https:\/\/serveiseducatius.xtec.cat\/vallesoriental1\/wp-json\/wp\/v2\/users\/1"}],"replies":[{"embeddable":true,"href":"https:\/\/serveiseducatius.xtec.cat\/vallesoriental1\/wp-json\/wp\/v2\/comments?post=572"}],"version-history":[{"count":3,"href":"https:\/\/serveiseducatius.xtec.cat\/vallesoriental1\/wp-json\/wp\/v2\/pages\/572\/revisions"}],"predecessor-version":[{"id":8739,"href":"https:\/\/serveiseducatius.xtec.cat\/vallesoriental1\/wp-json\/wp\/v2\/pages\/572\/revisions\/8739"}],"wp:attachment":[{"href":"https:\/\/serveiseducatius.xtec.cat\/vallesoriental1\/wp-json\/wp\/v2\/media?parent=572"}],"curies":[{"name":"wp","href":"https:\/\/api.w.org\/{rel}","templated":true}]}}