{"id":379,"date":"2015-11-25T14:19:13","date_gmt":"2015-11-25T13:19:13","guid":{"rendered":"http:\/\/serveiseducatius.xtec.cat\/vallesoriental1\/?page_id=379"},"modified":"2019-09-23T11:39:26","modified_gmt":"2019-09-23T09:39:26","slug":"educacio-infantil-i-primaria","status":"publish","type":"page","link":"https:\/\/serveiseducatius.xtec.cat\/vallesoriental1\/centres-educatius\/educacio-infantil-i-primaria\/","title":{"rendered":"Educaci\u00f3 infantil i prim\u00e0ria"},"content":{"rendered":"<h3><span style=\"color: #ff6600;\">Escoles p\u00fabliques<\/span><\/h3>\n<table style=\"height: 926px;\" width=\"650\">\n<tbody>\n<tr>\n<td style=\"width: 200px;\" scope=\"col\" width=\"192\"><a href=\"http:\/\/www.escolacongost.com\/\" target=\"_blank\" rel=\"noopener noreferrer\"><strong>Escola Congost<\/strong><\/a><\/td>\n<td style=\"width: 200px;\" scope=\"col\" width=\"156\">C. Ind\u00fastria 42-44<\/td>\n<td style=\"width: 150px;\" scope=\"col\" width=\"120\">Canovelles<\/td>\n<td style=\"width: 100px;\" scope=\"col\" width=\"120\"><strong>938494744<\/strong><\/td>\n<\/tr>\n<tr>\n<td width=\"192\"><a href=\"http:\/\/agora.xtec.cat\/esc-jverdaguer\/\" target=\"_blank\" rel=\"noopener noreferrer\"><strong>Escola Jacint Verdaguer<\/strong><\/a><\/td>\n<td width=\"156\">Av. Canovelles, 125<\/td>\n<td width=\"120\">Canovelles<\/td>\n<td width=\"120\"><strong>938492049<\/strong><\/td>\n<\/tr>\n<tr>\n<td width=\"192\"><a href=\"http:\/\/www.escolajoanmiro.com\/\" target=\"_blank\" rel=\"noopener noreferrer\"><strong>Escola Joan Mir\u00f3<\/strong><\/a><\/td>\n<td width=\"156\">C. Moll\u00f3, s\/n<\/td>\n<td width=\"120\">Canovelles<\/td>\n<td width=\"120\"><strong>938490362<\/strong><\/td>\n<\/tr>\n<tr>\n<td width=\"192\"><a href=\"https:\/\/agora.xtec.cat\/escolaelsquatrevents\/\" target=\"_blank\" rel=\"noopener noreferrer\"><strong>Escola Quatre Vents<\/strong><\/a><\/td>\n<td width=\"156\">C. Santa Madrona, s\/n<\/td>\n<td width=\"120\">Canovelles<\/td>\n<td width=\"120\"><strong>938406219<\/strong><\/td>\n<\/tr>\n<tr>\n<td width=\"192\"><a href=\"http:\/\/agora.xtec.cat\/escferreriguardiagranollers\/\" target=\"_blank\" rel=\"noopener noreferrer\"><strong>Escola Ferrer i Gu\u00e0rdia<\/strong><\/a><\/td>\n<td width=\"156\">C. Roger de Flor, 123<\/td>\n<td width=\"120\">Granollers<\/td>\n<td width=\"120\"><strong>936934802<\/strong><\/td>\n<\/tr>\n<tr>\n<td width=\"192\"><a href=\"http:\/\/agora.xtec.cat\/escgranollers\/\" target=\"_blank\" rel=\"noopener noreferrer\"><strong>Escola Tur\u00f3 de Can Gili<\/strong><\/a><\/td>\n<td width=\"156\">C. Manel Masjuan, 1<\/td>\n<td width=\"120\">Granollers<\/td>\n<td width=\"120\"><strong>938495351<\/strong><\/td>\n<\/tr>\n<tr>\n<td width=\"192\"><a href=\"http:\/\/agora.xtec.cat\/ceipgranullarius\/\" target=\"_blank\" rel=\"noopener noreferrer\"><strong>Escola Granullarius<\/strong><\/a><\/td>\n<td width=\"156\">C. Maresme, 2-4<\/td>\n<td width=\"120\">Granollers<\/td>\n<td width=\"120\"><strong>938705195<\/strong><\/td>\n<\/tr>\n<tr>\n<td width=\"192\"><a href=\"http:\/\/agora.xtec.cat\/ceipjoansolans\/\" target=\"_blank\" rel=\"noopener noreferrer\"><strong>Escola Joan Solans<\/strong><\/a><\/td>\n<td width=\"156\">C. Mallorca, 20<\/td>\n<td width=\"120\">Granollers<\/td>\n<td width=\"120\"><strong>938704399<\/strong><\/td>\n<\/tr>\n<tr>\n<td width=\"192\"><a href=\"http:\/\/agora.xtec.cat\/ceiplledoner\/\" target=\"_blank\" rel=\"noopener noreferrer\"><strong>Escola Lledoner<\/strong><\/a><\/td>\n<td width=\"156\">C. Rossell\u00f3, 95<\/td>\n<td width=\"120\">Granollers<\/td>\n<td width=\"120\"><strong>938493687<\/strong><\/td>\n<\/tr>\n<tr>\n<td width=\"192\"><a href=\"http:\/\/blocs.xtec.cat\/mestresm\/\" target=\"_blank\" rel=\"noopener noreferrer\"><strong>Escola Mestres Monta\u00f1a<\/strong><\/a><\/td>\n<td width=\"156\">C. Esteve Terrades, 61<\/td>\n<td width=\"120\">Granollers<\/td>\n<td width=\"120\"><strong>938795643<\/strong><\/td>\n<\/tr>\n<tr>\n<td width=\"192\"><a href=\"http:\/\/www.xtec.cat\/esc-salvador-llobet\/nou\/index.html\" target=\"_blank\" rel=\"noopener noreferrer\"><strong>Escola\u00a0 Mpal. Salvador Llobet<\/strong><\/a><\/td>\n<td width=\"156\">C. Roger de Flor, 64<\/td>\n<td width=\"120\">Granollers<\/td>\n<td width=\"120\"><strong>938794001<\/strong><\/td>\n<\/tr>\n<tr>\n<td width=\"192\"><a href=\"http:\/\/www.xtec.cat\/ceippereanton\/entorn.html\" target=\"_blank\" rel=\"noopener noreferrer\"><strong>Escola Pereanton<\/strong><\/a><\/td>\n<td width=\"156\">C. Esp\u00ed i Grau, 3<\/td>\n<td width=\"120\">Granollers<\/td>\n<td width=\"120\"><strong>938794644<\/strong><\/td>\n<\/tr>\n<tr>\n<td width=\"192\"><a href=\"https:\/\/blocs.xtec.cat\/escolaponentgranollers2013\/\" target=\"_blank\" rel=\"noopener noreferrer\"><strong>Escola Ponent<\/strong><\/a><\/td>\n<td width=\"156\">Pg. Rafael Casanova, 71<\/td>\n<td width=\"120\">Granollers<\/td>\n<td width=\"120\"><strong>938400906<\/strong><\/td>\n<\/tr>\n<tr>\n<td width=\"192\"><a href=\"http:\/\/www.espriu.cat\/\" target=\"_blank\" rel=\"noopener noreferrer\"><strong>Escola Salvador Espriu<\/strong><\/a><\/td>\n<td width=\"156\">C. Joan Camps, 6-8<\/td>\n<td width=\"120\">Granollers<\/td>\n<td width=\"120\"><strong>938794459<\/strong><\/td>\n<\/tr>\n<tr>\n<td width=\"192\"><a href=\"http:\/\/agora.xtec.cat\/escbellavista\/\" target=\"_blank\" rel=\"noopener noreferrer\"><strong>Escola \u00a0Bellavista \u2013 Joan Camps<\/strong><\/a><\/td>\n<td width=\"156\">C. Ast\u00faries, s\/n<\/td>\n<td width=\"120\">Les Franqueses V.<\/td>\n<td width=\"120\"><strong>930138087<\/strong><\/td>\n<\/tr>\n<tr>\n<td width=\"192\"><a href=\"http:\/\/www.escolacamins.cat\/\" target=\"_blank\" rel=\"noopener noreferrer\"><strong>Escola Camins<\/strong><\/a><\/td>\n<td width=\"156\">C. Rafael Alberti, 2<\/td>\n<td width=\"120\">Les Franqueses \u00a0V.<\/td>\n<td width=\"120\"><strong>938402215<\/strong><\/td>\n<\/tr>\n<tr>\n<td width=\"192\"><a href=\"http:\/\/agora.xtec.cat\/escolacolors\/\" target=\"_blank\" rel=\"noopener noreferrer\"><strong>Escola Colors<\/strong><\/a><\/td>\n<td width=\"156\">C. Valldoriolf, 22<\/td>\n<td width=\"120\">Les Franqueses V.<\/td>\n<td width=\"120\"><strong>938497222<\/strong><\/td>\n<\/tr>\n<tr>\n<td width=\"192\"><a href=\"http:\/\/agora.xtec.cat\/ceipgueraudeliost\/moodle\/\" target=\"_blank\" rel=\"noopener noreferrer\"><strong>Escola Guerau de Liost<\/strong><\/a><\/td>\n<td width=\"156\">C. de la Riera, 4<\/td>\n<td width=\"120\">Les Franqueses V.<\/td>\n<td width=\"120\"><strong>938463216<\/strong><\/td>\n<\/tr>\n<tr>\n<td width=\"192\"><a href=\"http:\/\/www.xtec.cat\/ceipjoansanpera\/\" target=\"_blank\" rel=\"noopener noreferrer\"><strong>Escola Joan Sanpera i Torras<\/strong><\/a><\/td>\n<td width=\"156\">C. de Joan Maragall, s\/n<\/td>\n<td width=\"120\">Les Franqueses V.<\/td>\n<td width=\"120\"><strong>938495594<\/strong><\/td>\n<\/tr>\n<tr>\n<td width=\"192\"><a href=\"http:\/\/escolalatorreta.blogspot.com.es\/\" target=\"_blank\" rel=\"noopener noreferrer\"><strong>Escola La Torreta<\/strong><\/a><\/td>\n<td width=\"156\">C. Josep Torell\u00f3, 6<\/td>\n<td width=\"120\">La Roca del Vall\u00e8s<\/td>\n<td width=\"120\"><strong>938703438<\/strong><\/td>\n<\/tr>\n<tr>\n<td width=\"192\"><a href=\"http:\/\/www.mogent.cat\/\" target=\"_blank\" rel=\"noopener noreferrer\"><strong>Escola Mogent<\/strong><\/a><\/td>\n<td width=\"156\">Pl. de l&#8217;Esgl\u00e9sia, s\/n<\/td>\n<td width=\"120\">La Roca del Vall\u00e8s<\/td>\n<td width=\"120\"><strong>938799026<\/strong><\/td>\n<\/tr>\n<tr>\n<td width=\"192\"><a href=\"http:\/\/www.pilarmestres.cat\/\" target=\"_blank\" rel=\"noopener noreferrer\"><strong>Escola Pilar Mestres<\/strong><\/a><\/td>\n<td width=\"156\">C. de Goya, 7<\/td>\n<td width=\"120\">La Roca del Vall\u00e8s<\/td>\n<td width=\"120\"><strong>938422752<\/strong><\/td>\n<\/tr>\n<tr>\n<td width=\"192\"><a href=\"http:\/\/blocs.xtec.cat\/santaagnes\/\" target=\"_blank\" rel=\"noopener noreferrer\"><strong>Escola Santa Agn\u00e8s de Malanyanes<\/strong><\/a><\/td>\n<td width=\"156\">C. Pau Casals \/ C. Llevant<\/td>\n<td width=\"120\">Sta. Agn\u00e8s \u00a0de Malanyanes<\/td>\n<td width=\"120\"><strong>938799287<\/strong><\/td>\n<\/tr>\n<\/tbody>\n<\/table>\n<h3><span style=\"color: #ff6600;\">Escoles concertades<\/span><\/h3>\n<table width=\"650\">\n<tbody>\n<tr>\n<td style=\"width: 200px;\" scope=\"col\" width=\"192\"><a href=\"http:\/\/www.cerveto.com\/\" target=\"_blank\" rel=\"noopener noreferrer\"><strong>Escola Cervet\u00f3<\/strong><\/a><\/td>\n<td style=\"width: 200px;\" scope=\"col\" width=\"156\">C. Isabel Villena, 43-45<\/td>\n<td style=\"width: 150px;\" scope=\"col\" width=\"120\">Granollers<\/td>\n<td style=\"width: 100px;\" scope=\"col\" width=\"120\"><strong>938791652<\/strong><\/td>\n<\/tr>\n<tr>\n<td width=\"192\"><a href=\"http:\/\/jardi.org\/es\" target=\"_blank\" rel=\"noopener noreferrer\"><strong>Col\u00b7legi\u00a0Jard\u00ed<\/strong><\/a><\/td>\n<td width=\"156\">C. Torras i Bages, 81<\/td>\n<td width=\"120\">Granollers<\/td>\n<td width=\"120\"><strong>938700338<\/strong><\/td>\n<\/tr>\n<tr>\n<td width=\"192\"><a href=\"http:\/\/educem.net\/web\/webnova\/?dzsvg_startitem_vg2=0\" target=\"_blank\" rel=\"noopener noreferrer\"><strong>Escola Educem<\/strong><\/a><\/td>\n<td width=\"156\">Pl. Maluquer Salvador, 19<\/td>\n<td width=\"120\">Granollers<\/td>\n<td width=\"120\"><strong>938400701<\/strong><\/td>\n<\/tr>\n<tr>\n<td width=\"192\"><a href=\"http:\/\/www.epiagranollers.cat\/\" target=\"_blank\" rel=\"noopener noreferrer\"><strong>Escola Pia de Granollers<\/strong><\/a><\/td>\n<td width=\"156\">Av. Sant Esteve, 14<\/td>\n<td width=\"120\">Granollers<\/td>\n<td width=\"120\"><strong>938793400<\/strong><\/td>\n<\/tr>\n<tr>\n<td width=\"192\"><a href=\"http:\/\/www.lestel.net\/\" target=\"_blank\" rel=\"noopener noreferrer\"><strong>Col\u00b7legi\u00a0L&#8217;Estel<\/strong><\/a><\/td>\n<td width=\"156\">C. Joan Prim, 92-94<\/td>\n<td width=\"120\">Granollers<\/td>\n<td width=\"120\"><strong>938702433<\/strong><\/td>\n<\/tr>\n<tr>\n<td width=\"192\"><a href=\"http:\/\/www.annamogas.org\/es\" target=\"_blank\" rel=\"noopener noreferrer\"><strong>Escola Maria Anna Mogas<\/strong><\/a><\/td>\n<td width=\"156\">C. Corr\u00f3, 325<\/td>\n<td style=\"width: 120px;\" scope=\"col\" width=\"120\">Granollers<\/td>\n<td style=\"width: 120px;\" width=\"120\"><strong>938490244<\/strong><\/td>\n<\/tr>\n<\/tbody>\n<\/table>\n<h3><span style=\"color: #ff6600;\">Escoles d&#8217;educaci\u00f3 especial<\/span><\/h3>\n<table style=\"width: 650px;\">\n<tbody>\n<tr>\n<td style=\"width: 200px;\" scope=\"col\"><a href=\"http:\/\/www.granollers.cat\/montserratmontero\" target=\"_blank\" rel=\"noopener noreferrer\"><strong>CEE Montserrat Montero<\/strong><\/a><\/td>\n<td style=\"width: 200px;\" scope=\"col\">Apartat de correus, 176<\/td>\n<td style=\"width: 150px;\" scope=\"col\">Granollers<\/td>\n<td style=\"width: 120px;\" scope=\"col\"><strong>938604900<\/strong><\/td>\n<\/tr>\n<\/tbody>\n<\/table>\n<p><iframe loading=\"lazy\" src=\"http:\/\/www.instamaps.cat\/geocatweb\/visor.html?businessid=6bcafe0612dbb4474ec2d846732af063&amp;id=32667606&amp;title=Escoles-Prima&amp;3D=false&amp;embed=1\" width=\"640\" height=\"480\" frameborder=\"0\" marginwidth=\"0\" marginheight=\"0\" scrolling=\"no\"><\/iframe><\/p>\n","protected":false},"excerpt":{"rendered":"<p>Escoles p\u00fabliques Escola Congost C. Ind\u00fastria 42-44 Canovelles 938494744 Escola Jacint Verdaguer Av. Canovelles, 125 Canovelles 938492049 Escola Joan Mir\u00f3 [&hellip;]<\/p>\n","protected":false},"author":1,"featured_media":0,"parent":338,"menu_order":0,"comment_status":"closed","ping_status":"closed","template":"","meta":{"_bbp_topic_count":0,"_bbp_reply_count":0,"_bbp_total_topic_count":0,"_bbp_total_reply_count":0,"_bbp_voice_count":0,"_bbp_anonymous_reply_count":0,"_bbp_topic_count_hidden":0,"_bbp_reply_count_hidden":0,"_bbp_forum_subforum_count":0,"site-sidebar-layout":"default","site-content-layout":"","ast-site-content-layout":"","site-content-style":"default","site-sidebar-style":"default","ast-global-header-display":"","ast-banner-title-visibility":"","ast-main-header-display":"","ast-hfb-above-header-display":"","ast-hfb-below-header-display":"","ast-hfb-mobile-header-display":"","site-post-title":"","ast-breadcrumbs-content":"","ast-featured-img":"","footer-sml-layout":"","theme-transparent-header-meta":"","adv-header-id-meta":"","stick-header-meta":"","header-above-stick-meta":"","header-main-stick-meta":"","header-below-stick-meta":"","astra-migrate-meta-layouts":"default","ast-page-background-enabled":"default","ast-page-background-meta":{"desktop":{"background-color":"var(--ast-global-color-4)","background-image":"","background-repeat":"repeat","background-position":"center center","background-size":"auto","background-attachment":"scroll","background-type":"","background-media":"","overlay-type":"","overlay-color":"","overlay-opacity":"","overlay-gradient":""},"tablet":{"background-color":"","background-image":"","background-repeat":"repeat","background-position":"center center","background-size":"auto","background-attachment":"scroll","background-type":"","background-media":"","overlay-type":"","overlay-color":"","overlay-opacity":"","overlay-gradient":""},"mobile":{"background-color":"","background-image":"","background-repeat":"repeat","background-position":"center center","background-size":"auto","background-attachment":"scroll","background-type":"","background-media":"","overlay-type":"","overlay-color":"","overlay-opacity":"","overlay-gradient":""}},"ast-content-background-meta":{"desktop":{"background-color":"var(--ast-global-color-5)","background-image":"","background-repeat":"repeat","background-position":"center center","background-size":"auto","background-attachment":"scroll","background-type":"","background-media":"","overlay-type":"","overlay-color":"","overlay-opacity":"","overlay-gradient":""},"tablet":{"background-color":"var(--ast-global-color-5)","background-image":"","background-repeat":"repeat","background-position":"center center","background-size":"auto","background-attachment":"scroll","background-type":"","background-media":"","overlay-type":"","overlay-color":"","overlay-opacity":"","overlay-gradient":""},"mobile":{"background-color":"var(--ast-global-color-5)","background-image":"","background-repeat":"repeat","background-position":"center center","background-size":"auto","background-attachment":"scroll","background-type":"","background-media":"","overlay-type":"","overlay-color":"","overlay-opacity":"","overlay-gradient":""}},"footnotes":""},"class_list":["post-379","page","type-page","status-publish","hentry"],"post_mailing_queue_ids":[],"_links":{"self":[{"href":"https:\/\/serveiseducatius.xtec.cat\/vallesoriental1\/wp-json\/wp\/v2\/pages\/379","targetHints":{"allow":["GET"]}}],"collection":[{"href":"https:\/\/serveiseducatius.xtec.cat\/vallesoriental1\/wp-json\/wp\/v2\/pages"}],"about":[{"href":"https:\/\/serveiseducatius.xtec.cat\/vallesoriental1\/wp-json\/wp\/v2\/types\/page"}],"author":[{"embeddable":true,"href":"https:\/\/serveiseducatius.xtec.cat\/vallesoriental1\/wp-json\/wp\/v2\/users\/1"}],"replies":[{"embeddable":true,"href":"https:\/\/serveiseducatius.xtec.cat\/vallesoriental1\/wp-json\/wp\/v2\/comments?post=379"}],"version-history":[{"count":4,"href":"https:\/\/serveiseducatius.xtec.cat\/vallesoriental1\/wp-json\/wp\/v2\/pages\/379\/revisions"}],"predecessor-version":[{"id":10862,"href":"https:\/\/serveiseducatius.xtec.cat\/vallesoriental1\/wp-json\/wp\/v2\/pages\/379\/revisions\/10862"}],"up":[{"embeddable":true,"href":"https:\/\/serveiseducatius.xtec.cat\/vallesoriental1\/wp-json\/wp\/v2\/pages\/338"}],"wp:attachment":[{"href":"https:\/\/serveiseducatius.xtec.cat\/vallesoriental1\/wp-json\/wp\/v2\/media?parent=379"}],"curies":[{"name":"wp","href":"https:\/\/api.w.org\/{rel}","templated":true}]}}