{"id":338,"date":"2015-11-24T18:40:49","date_gmt":"2015-11-24T17:40:49","guid":{"rendered":"http:\/\/serveiseducatius.xtec.cat\/vallesoriental1\/?page_id=338"},"modified":"2023-10-30T13:26:09","modified_gmt":"2023-10-30T12:26:09","slug":"centres-educatius","status":"publish","type":"page","link":"https:\/\/serveiseducatius.xtec.cat\/vallesoriental1\/centres-educatius\/","title":{"rendered":"Centres educatius"},"content":{"rendered":"<p style=\"text-align: justify;\">La zona del <strong>Servei Educatiu del Vall\u00e8s Oriental I<\/strong>\u00a0compr\u00e8n els municipis de Canovelles, Granollers, les Franqueses del Vall\u00e8s i la Roca del Vall\u00e8s. Hi\u00a0ha un total de\u00a0<strong>23<\/strong> centres p\u00fablics d\u2019educaci\u00f3 infantil i prim\u00e0ria (escoles), <strong>10<\/strong> centres p\u00fablics d\u2019educaci\u00f3 secund\u00e0ria, batxillerat i formaci\u00f3 professional (instituts), <strong>6<\/strong> centres privats-concertats d\u2019educaci\u00f3 prim\u00e0ria i secund\u00e0ria, <strong>1<\/strong> centre d\u2019educaci\u00f3 especial, <strong>9<\/strong> escoles bressol municipals, <strong>10<\/strong> llars d&#8217;infants privades i <strong>5<\/strong> centres de formaci\u00f3 d&#8217;adults.<\/p>\n<table style=\"width: 100%; border-collapse: collapse; border-style: hidden;\" border=\"0\">\n<tbody>\n<tr>\n<td style=\"width: 50%; border-style: hidden;\"><iframe loading=\"lazy\" src=\"https:\/\/www.google.com\/maps\/d\/u\/0\/embed?mid=1USJudvb0o4ogD8MQRp2H79md1BRqOT0&amp;ehbc=2E312F\" width=\"640\" height=\"480\"><\/iframe><\/td>\n<td style=\"width: 50%; vertical-align: top;\">\n<p style=\"text-align: justify;\">Podeu trobar el llistat d&#8217;aquests centres en els seg\u00fcents enlla\u00e7os:<\/p>\n<ul>\n<li style=\"text-align: justify;\"><a href=\"http:\/\/serveiseducatius.xtec.cat\/vallesoriental1\/comunitat\/centres-educatius\/escoles-bressol\/\">Escoles bressol<\/a><\/li>\n<li style=\"text-align: justify;\"><a href=\"http:\/\/serveiseducatius.xtec.cat\/vallesoriental1\/comunitat\/centres-educatius\/educacio-infantil-i-primaria\/\">Educaci\u00f3 infantil i prim\u00e0ria<\/a><\/li>\n<li style=\"text-align: justify;\"><a href=\"http:\/\/serveiseducatius.xtec.cat\/vallesoriental1\/comunitat\/centres-educatius\/ensenyament-secundari-batxillerat-i-formacio-professional\/\">Ensenyament secundari<\/a><\/li>\n<li><a href=\"https:\/\/serveiseducatius.xtec.cat\/vallesoriental1\/centres-educatius\/formacio-dadults\/\">Formaci\u00f3 d&#8217;adults<\/a><\/li>\n<\/ul>\n<\/td>\n<\/tr>\n<\/tbody>\n<\/table>\n<p>&nbsp;<\/p>\n<p style=\"text-align: center;\">\n<p style=\"text-align: center;\">\n","protected":false},"excerpt":{"rendered":"<p>La zona del Servei Educatiu del Vall\u00e8s Oriental I\u00a0compr\u00e8n els municipis de Canovelles, Granollers, les Franqueses del Vall\u00e8s i la [&hellip;]<\/p>\n","protected":false},"author":1,"featured_media":0,"parent":0,"menu_order":10,"comment_status":"closed","ping_status":"closed","template":"","meta":{"_bbp_topic_count":0,"_bbp_reply_count":0,"_bbp_total_topic_count":0,"_bbp_total_reply_count":0,"_bbp_voice_count":0,"_bbp_anonymous_reply_count":0,"_bbp_topic_count_hidden":0,"_bbp_reply_count_hidden":0,"_bbp_forum_subforum_count":0,"site-sidebar-layout":"default","site-content-layout":"","ast-site-content-layout":"","site-content-style":"default","site-sidebar-style":"default","ast-global-header-display":"","ast-banner-title-visibility":"","ast-main-header-display":"","ast-hfb-above-header-display":"","ast-hfb-below-header-display":"","ast-hfb-mobile-header-display":"","site-post-title":"","ast-breadcrumbs-content":"","ast-featured-img":"","footer-sml-layout":"","theme-transparent-header-meta":"","adv-header-id-meta":"","stick-header-meta":"","header-above-stick-meta":"","header-main-stick-meta":"","header-below-stick-meta":"","astra-migrate-meta-layouts":"default","ast-page-background-enabled":"default","ast-page-background-meta":{"desktop":{"background-color":"var(--ast-global-color-4)","background-image":"","background-repeat":"repeat","background-position":"center center","background-size":"auto","background-attachment":"scroll","background-type":"","background-media":"","overlay-type":"","overlay-color":"","overlay-opacity":"","overlay-gradient":""},"tablet":{"background-color":"","background-image":"","background-repeat":"repeat","background-position":"center center","background-size":"auto","background-attachment":"scroll","background-type":"","background-media":"","overlay-type":"","overlay-color":"","overlay-opacity":"","overlay-gradient":""},"mobile":{"background-color":"","background-image":"","background-repeat":"repeat","background-position":"center center","background-size":"auto","background-attachment":"scroll","background-type":"","background-media":"","overlay-type":"","overlay-color":"","overlay-opacity":"","overlay-gradient":""}},"ast-content-background-meta":{"desktop":{"background-color":"var(--ast-global-color-5)","background-image":"","background-repeat":"repeat","background-position":"center center","background-size":"auto","background-attachment":"scroll","background-type":"","background-media":"","overlay-type":"","overlay-color":"","overlay-opacity":"","overlay-gradient":""},"tablet":{"background-color":"var(--ast-global-color-5)","background-image":"","background-repeat":"repeat","background-position":"center center","background-size":"auto","background-attachment":"scroll","background-type":"","background-media":"","overlay-type":"","overlay-color":"","overlay-opacity":"","overlay-gradient":""},"mobile":{"background-color":"var(--ast-global-color-5)","background-image":"","background-repeat":"repeat","background-position":"center center","background-size":"auto","background-attachment":"scroll","background-type":"","background-media":"","overlay-type":"","overlay-color":"","overlay-opacity":"","overlay-gradient":""}},"footnotes":""},"class_list":["post-338","page","type-page","status-publish","hentry"],"post_mailing_queue_ids":[],"_links":{"self":[{"href":"https:\/\/serveiseducatius.xtec.cat\/vallesoriental1\/wp-json\/wp\/v2\/pages\/338","targetHints":{"allow":["GET"]}}],"collection":[{"href":"https:\/\/serveiseducatius.xtec.cat\/vallesoriental1\/wp-json\/wp\/v2\/pages"}],"about":[{"href":"https:\/\/serveiseducatius.xtec.cat\/vallesoriental1\/wp-json\/wp\/v2\/types\/page"}],"author":[{"embeddable":true,"href":"https:\/\/serveiseducatius.xtec.cat\/vallesoriental1\/wp-json\/wp\/v2\/users\/1"}],"replies":[{"embeddable":true,"href":"https:\/\/serveiseducatius.xtec.cat\/vallesoriental1\/wp-json\/wp\/v2\/comments?post=338"}],"version-history":[{"count":6,"href":"https:\/\/serveiseducatius.xtec.cat\/vallesoriental1\/wp-json\/wp\/v2\/pages\/338\/revisions"}],"predecessor-version":[{"id":13983,"href":"https:\/\/serveiseducatius.xtec.cat\/vallesoriental1\/wp-json\/wp\/v2\/pages\/338\/revisions\/13983"}],"wp:attachment":[{"href":"https:\/\/serveiseducatius.xtec.cat\/vallesoriental1\/wp-json\/wp\/v2\/media?parent=338"}],"curies":[{"name":"wp","href":"https:\/\/api.w.org\/{rel}","templated":true}]}}